{"id":10568,"date":"2016-04-11T19:28:26","date_gmt":"2016-04-11T23:58:26","guid":{"rendered":"https:\/\/tucuatro.com\/aprende\/?page_id=10568"},"modified":"2016-04-11T19:28:26","modified_gmt":"2016-04-11T23:58:26","slug":"subscribed","status":"publish","type":"page","link":"https:\/\/tucuatro.com\/apprendre\/newsletter\/subscribed\/","title":{"rendered":"Subscripci\u00f3n confirmada"},"content":{"rendered":"<p>Nos alegra que est\u00e9s interesado en obtener m\u00e1s informaci\u00f3n acerca de c\u00f3mo tocar el cuatro. Tenemos mucho para mostrarte y lo iremos haciendo poco a poco durante las pr\u00f3ximas semanas.<\/p>\n<p>Te invitamos a registrar una cuenta gratuita en TuCuatro para que puedas ir haciendo cursos y lecciones para aprender a tocar el instrumento, puedes hacerlo llenando el formulario que se encuentra ac\u00e1:<\/p>\n<p><a href=\"https:\/\/tucuatro.com\/es\/register\/\">Registrarse en TuCuatro<\/a><\/p>\n<p>\u00a1Nos mantendremos\u00a0en contacto para seguir aprendiendo del cuatro!<\/p>\n","protected":false},"excerpt":{"rendered":"<p>Nos alegra que est\u00e9s interesado en obtener m\u00e1s informaci\u00f3n acerca de c\u00f3mo tocar el cuatro. Tenemos mucho para mostrarte y lo iremos haciendo poco a poco durante las pr\u00f3ximas semanas. Te invitamos a registrar una cuenta gratuita en TuCuatro para que puedas ir haciendo cursos y lecciones para aprender a tocar el instrumento, puedes hacerlo [&hellip;]<\/p>\n","protected":false},"author":2,"featured_media":0,"parent":10569,"menu_order":0,"comment_status":"closed","ping_status":"closed","template":"","meta":{"content-type":"","footnotes":""},"class_list":["post-10568","page","type-page","status-publish","hentry"],"yoast_head":"<!-- This site is optimized with the Yoast SEO plugin v27.2 - https:\/\/yoast.com\/product\/yoast-seo-wordpress\/ -->\n<title>Subscripci\u00f3n confirmada - TuCuatro - Apprendre<\/title>\n<meta name=\"description\" content=\"Nos alegra que est\u00e9s interesado en obtener m\u00e1s informaci\u00f3n acerca de c\u00f3mo tocar el cuatro. Tenemos mucho para mostrarte y lo iremos haciendo poco a poco\" \/>\n<meta name=\"robots\" content=\"index, follow, max-snippet:-1, max-image-preview:large, max-video-preview:-1\" \/>\n<link rel=\"canonical\" href=\"https:\/\/tucuatro.com\/apprendre\/newsletter\/subscribed\/\" \/>\n<meta property=\"og:locale\" content=\"fr_FR\" \/>\n<meta property=\"og:type\" content=\"article\" \/>\n<meta property=\"og:title\" content=\"Subscripci\u00f3n confirmada - TuCuatro - Apprendre\" \/>\n<meta property=\"og:description\" content=\"Nos alegra que est\u00e9s interesado en obtener m\u00e1s informaci\u00f3n acerca de c\u00f3mo tocar el cuatro. Tenemos mucho para mostrarte y lo iremos haciendo poco a poco\" \/>\n<meta property=\"og:url\" content=\"https:\/\/tucuatro.com\/apprendre\/newsletter\/subscribed\/\" \/>\n<meta property=\"og:site_name\" content=\"TuCuatro - Apprendre\" \/>\n<meta property=\"article:publisher\" content=\"https:\/\/www.facebook.com\/TuCuatroEN\/\" \/>\n<meta property=\"og:image\" content=\"https:\/\/tucuatro.com\/apprendre\/wp-content\/uploads\/sites\/8\/2022\/11\/tucuatro-featured-image.jpg\" \/>\n\t<meta property=\"og:image:width\" content=\"1200\" \/>\n\t<meta property=\"og:image:height\" content=\"628\" \/>\n\t<meta property=\"og:image:type\" content=\"image\/jpeg\" \/>\n<meta name=\"twitter:card\" content=\"summary_large_image\" \/>\n<meta name=\"twitter:site\" content=\"@TuCuatroEN\" \/>\n<script type=\"application\/ld+json\" class=\"yoast-schema-graph\">{\"@context\":\"https:\/\/schema.org\",\"@graph\":[{\"@type\":\"WebPage\",\"@id\":\"https:\/\/tucuatro.com\/apprendre\/newsletter\/subscribed\/\",\"url\":\"https:\/\/tucuatro.com\/apprendre\/newsletter\/subscribed\/\",\"name\":\"Subscripci\u00f3n confirmada - TuCuatro - Apprendre\",\"isPartOf\":{\"@id\":\"https:\/\/tucuatro.com\/apprendre\/#website\"},\"datePublished\":\"2016-04-11T23:58:26+00:00\",\"description\":\"Nos alegra que est\u00e9s interesado en obtener m\u00e1s informaci\u00f3n acerca de c\u00f3mo tocar el cuatro. Tenemos mucho para mostrarte y lo iremos haciendo poco a poco\",\"breadcrumb\":{\"@id\":\"https:\/\/tucuatro.com\/apprendre\/newsletter\/subscribed\/#breadcrumb\"},\"inLanguage\":\"fr-FR\",\"potentialAction\":[{\"@type\":\"ReadAction\",\"target\":[\"https:\/\/tucuatro.com\/apprendre\/newsletter\/subscribed\/\"]}]},{\"@type\":\"BreadcrumbList\",\"@id\":\"https:\/\/tucuatro.com\/apprendre\/newsletter\/subscribed\/#breadcrumb\",\"itemListElement\":[{\"@type\":\"ListItem\",\"position\":1,\"name\":\"Accueil\",\"item\":\"https:\/\/tucuatro.com\/apprendre\/\"},{\"@type\":\"ListItem\",\"position\":2,\"name\":\"Newsletter\",\"item\":\"https:\/\/tucuatro.com\/apprendre\/newsletter\/\"},{\"@type\":\"ListItem\",\"position\":3,\"name\":\"Subscripci\u00f3n confirmada\"}]},{\"@type\":\"WebSite\",\"@id\":\"https:\/\/tucuatro.com\/apprendre\/#website\",\"url\":\"https:\/\/tucuatro.com\/apprendre\/\",\"name\":\"TuCuatro - Apprendre\",\"description\":\"Learn to play the cuatro. A venezuelan instrument similar to Ukulele\",\"publisher\":{\"@id\":\"https:\/\/tucuatro.com\/apprendre\/#organization\"},\"potentialAction\":[{\"@type\":\"SearchAction\",\"target\":{\"@type\":\"EntryPoint\",\"urlTemplate\":\"https:\/\/tucuatro.com\/apprendre\/?s={search_term_string}\"},\"query-input\":{\"@type\":\"PropertyValueSpecification\",\"valueRequired\":true,\"valueName\":\"search_term_string\"}}],\"inLanguage\":\"fr-FR\"},{\"@type\":\"Organization\",\"@id\":\"https:\/\/tucuatro.com\/apprendre\/#organization\",\"name\":\"TuCuatro\",\"url\":\"https:\/\/tucuatro.com\/apprendre\/\",\"logo\":{\"@type\":\"ImageObject\",\"inLanguage\":\"fr-FR\",\"@id\":\"https:\/\/tucuatro.com\/apprendre\/#\/schema\/logo\/image\/\",\"url\":\"https:\/\/tucuatro.com\/apprendre\/wp-content\/uploads\/sites\/8\/2020\/02\/fretboard_icon_black-64px.png\",\"contentUrl\":\"https:\/\/tucuatro.com\/apprendre\/wp-content\/uploads\/sites\/8\/2020\/02\/fretboard_icon_black-64px.png\",\"width\":64,\"height\":107,\"caption\":\"TuCuatro\"},\"image\":{\"@id\":\"https:\/\/tucuatro.com\/apprendre\/#\/schema\/logo\/image\/\"},\"sameAs\":[\"https:\/\/www.facebook.com\/TuCuatroEN\/\",\"https:\/\/x.com\/TuCuatroEN\"]}]}<\/script>\n<!-- \/ Yoast SEO plugin. -->","yoast_head_json":{"title":"Subscripci\u00f3n confirmada - TuCuatro - Apprendre","description":"Nos alegra que est\u00e9s interesado en obtener m\u00e1s informaci\u00f3n acerca de c\u00f3mo tocar el cuatro. Tenemos mucho para mostrarte y lo iremos haciendo poco a poco","robots":{"index":"index","follow":"follow","max-snippet":"max-snippet:-1","max-image-preview":"max-image-preview:large","max-video-preview":"max-video-preview:-1"},"canonical":"https:\/\/tucuatro.com\/apprendre\/newsletter\/subscribed\/","og_locale":"fr_FR","og_type":"article","og_title":"Subscripci\u00f3n confirmada - TuCuatro - Apprendre","og_description":"Nos alegra que est\u00e9s interesado en obtener m\u00e1s informaci\u00f3n acerca de c\u00f3mo tocar el cuatro. Tenemos mucho para mostrarte y lo iremos haciendo poco a poco","og_url":"https:\/\/tucuatro.com\/apprendre\/newsletter\/subscribed\/","og_site_name":"TuCuatro - Apprendre","article_publisher":"https:\/\/www.facebook.com\/TuCuatroEN\/","og_image":[{"width":1200,"height":628,"url":"https:\/\/tucuatro.com\/apprendre\/wp-content\/uploads\/sites\/8\/2022\/11\/tucuatro-featured-image.jpg","type":"image\/jpeg"}],"twitter_card":"summary_large_image","twitter_site":"@TuCuatroEN","schema":{"@context":"https:\/\/schema.org","@graph":[{"@type":"WebPage","@id":"https:\/\/tucuatro.com\/apprendre\/newsletter\/subscribed\/","url":"https:\/\/tucuatro.com\/apprendre\/newsletter\/subscribed\/","name":"Subscripci\u00f3n confirmada - TuCuatro - Apprendre","isPartOf":{"@id":"https:\/\/tucuatro.com\/apprendre\/#website"},"datePublished":"2016-04-11T23:58:26+00:00","description":"Nos alegra que est\u00e9s interesado en obtener m\u00e1s informaci\u00f3n acerca de c\u00f3mo tocar el cuatro. Tenemos mucho para mostrarte y lo iremos haciendo poco a poco","breadcrumb":{"@id":"https:\/\/tucuatro.com\/apprendre\/newsletter\/subscribed\/#breadcrumb"},"inLanguage":"fr-FR","potentialAction":[{"@type":"ReadAction","target":["https:\/\/tucuatro.com\/apprendre\/newsletter\/subscribed\/"]}]},{"@type":"BreadcrumbList","@id":"https:\/\/tucuatro.com\/apprendre\/newsletter\/subscribed\/#breadcrumb","itemListElement":[{"@type":"ListItem","position":1,"name":"Accueil","item":"https:\/\/tucuatro.com\/apprendre\/"},{"@type":"ListItem","position":2,"name":"Newsletter","item":"https:\/\/tucuatro.com\/apprendre\/newsletter\/"},{"@type":"ListItem","position":3,"name":"Subscripci\u00f3n confirmada"}]},{"@type":"WebSite","@id":"https:\/\/tucuatro.com\/apprendre\/#website","url":"https:\/\/tucuatro.com\/apprendre\/","name":"TuCuatro - Apprendre","description":"Learn to play the cuatro. A venezuelan instrument similar to Ukulele","publisher":{"@id":"https:\/\/tucuatro.com\/apprendre\/#organization"},"potentialAction":[{"@type":"SearchAction","target":{"@type":"EntryPoint","urlTemplate":"https:\/\/tucuatro.com\/apprendre\/?s={search_term_string}"},"query-input":{"@type":"PropertyValueSpecification","valueRequired":true,"valueName":"search_term_string"}}],"inLanguage":"fr-FR"},{"@type":"Organization","@id":"https:\/\/tucuatro.com\/apprendre\/#organization","name":"TuCuatro","url":"https:\/\/tucuatro.com\/apprendre\/","logo":{"@type":"ImageObject","inLanguage":"fr-FR","@id":"https:\/\/tucuatro.com\/apprendre\/#\/schema\/logo\/image\/","url":"https:\/\/tucuatro.com\/apprendre\/wp-content\/uploads\/sites\/8\/2020\/02\/fretboard_icon_black-64px.png","contentUrl":"https:\/\/tucuatro.com\/apprendre\/wp-content\/uploads\/sites\/8\/2020\/02\/fretboard_icon_black-64px.png","width":64,"height":107,"caption":"TuCuatro"},"image":{"@id":"https:\/\/tucuatro.com\/apprendre\/#\/schema\/logo\/image\/"},"sameAs":["https:\/\/www.facebook.com\/TuCuatroEN\/","https:\/\/x.com\/TuCuatroEN"]}]}},"_links":{"self":[{"href":"https:\/\/tucuatro.com\/apprendre\/wp-json\/wp\/v2\/pages\/10568","targetHints":{"allow":["GET"]}}],"collection":[{"href":"https:\/\/tucuatro.com\/apprendre\/wp-json\/wp\/v2\/pages"}],"about":[{"href":"https:\/\/tucuatro.com\/apprendre\/wp-json\/wp\/v2\/types\/page"}],"author":[{"embeddable":true,"href":"https:\/\/tucuatro.com\/apprendre\/wp-json\/wp\/v2\/users\/2"}],"replies":[{"embeddable":true,"href":"https:\/\/tucuatro.com\/apprendre\/wp-json\/wp\/v2\/comments?post=10568"}],"version-history":[{"count":0,"href":"https:\/\/tucuatro.com\/apprendre\/wp-json\/wp\/v2\/pages\/10568\/revisions"}],"up":[{"embeddable":true,"href":"https:\/\/tucuatro.com\/apprendre\/wp-json\/wp\/v2\/pages\/10569"}],"wp:attachment":[{"href":"https:\/\/tucuatro.com\/apprendre\/wp-json\/wp\/v2\/media?parent=10568"}],"curies":[{"name":"wp","href":"https:\/\/api.w.org\/{rel}","templated":true}]}}