{"id":24510,"date":"2019-02-12T01:29:05","date_gmt":"2019-02-12T01:29:05","guid":{"rendered":"http:\/\/rishabh.sharkz.in\/?page_id=324"},"modified":"2023-03-22T11:54:41","modified_gmt":"2023-03-22T15:54:41","slug":"progreso","status":"publish","type":"page","link":"https:\/\/tucuatro.com\/aprende\/progreso\/","title":{"rendered":"Mi Progreso dentro de TuCuatro"},"content":{"rendered":"\t\t<div data-elementor-type=\"wp-post\" data-elementor-id=\"24510\" class=\"elementor elementor-24510\" data-elementor-post-type=\"page\">\n\t\t\t\t\t\t<section class=\"elementor-section elementor-top-section elementor-element elementor-element-32cc8b1e elementor-section-boxed elementor-section-height-default elementor-section-height-default\" data-id=\"32cc8b1e\" data-element_type=\"section\" data-e-type=\"section\" data-settings=\"{&quot;background_background&quot;:&quot;classic&quot;}\">\n\t\t\t\t\t\t\t<div class=\"elementor-background-overlay\"><\/div>\n\t\t\t\t\t\t\t<div class=\"elementor-container elementor-column-gap-default\">\n\t\t\t\t\t<div class=\"elementor-column elementor-col-100 elementor-top-column elementor-element elementor-element-207fde47\" data-id=\"207fde47\" data-element_type=\"column\" data-e-type=\"column\">\n\t\t\t<div class=\"elementor-widget-wrap elementor-element-populated\">\n\t\t\t\t\t\t<div class=\"elementor-element elementor-element-6b1a3c2d elementor-widget elementor-widget-spacer\" data-id=\"6b1a3c2d\" data-element_type=\"widget\" data-e-type=\"widget\" data-widget_type=\"spacer.default\">\n\t\t\t\t<div class=\"elementor-widget-container\">\n\t\t\t\t\t\t\t<div class=\"elementor-spacer\">\n\t\t\t<div class=\"elementor-spacer-inner\"><\/div>\n\t\t<\/div>\n\t\t\t\t\t\t<\/div>\n\t\t\t\t<\/div>\n\t\t\t\t<section class=\"elementor-section elementor-inner-section elementor-element elementor-element-b3bb4e6 elementor-section-boxed elementor-section-height-default elementor-section-height-default\" data-id=\"b3bb4e6\" data-element_type=\"section\" data-e-type=\"section\">\n\t\t\t\t\t\t<div class=\"elementor-container elementor-column-gap-default\">\n\t\t\t\t\t<div class=\"elementor-column elementor-col-16 elementor-inner-column elementor-element elementor-element-c0460f6\" data-id=\"c0460f6\" data-element_type=\"column\" data-e-type=\"column\">\n\t\t\t<div class=\"elementor-widget-wrap\">\n\t\t\t\t\t\t\t<\/div>\n\t\t<\/div>\n\t\t\t\t<div class=\"elementor-column elementor-col-66 elementor-inner-column elementor-element elementor-element-d4973b4\" data-id=\"d4973b4\" data-element_type=\"column\" data-e-type=\"column\">\n\t\t\t<div class=\"elementor-widget-wrap elementor-element-populated\">\n\t\t\t\t\t\t<div class=\"elementor-element elementor-element-bf92015 elementor-widget elementor-widget-image-box\" data-id=\"bf92015\" data-element_type=\"widget\" data-e-type=\"widget\" data-widget_type=\"image-box.default\">\n\t\t\t\t<div class=\"elementor-widget-container\">\n\t\t\t\t\t<div class=\"elementor-image-box-wrapper\"><div class=\"elementor-image-box-content\"><h1 class=\"elementor-image-box-title\">Mi Cuenta<\/h1><p class=\"elementor-image-box-description\">Mira el progreso de todos los cursos dentro de TuCuatro y lleva control de cu\u00e1ntos cursos has completado y cu\u00e1ntos certificados has obtenido.<\/p><\/div><\/div>\t\t\t\t<\/div>\n\t\t\t\t<\/div>\n\t\t\t\t\t<\/div>\n\t\t<\/div>\n\t\t\t\t<div class=\"elementor-column elementor-col-16 elementor-inner-column elementor-element elementor-element-57835e7\" data-id=\"57835e7\" data-element_type=\"column\" data-e-type=\"column\">\n\t\t\t<div class=\"elementor-widget-wrap\">\n\t\t\t\t\t\t\t<\/div>\n\t\t<\/div>\n\t\t\t\t\t<\/div>\n\t\t<\/section>\n\t\t\t\t<div class=\"elementor-element elementor-element-6f45de67 elementor-widget elementor-widget-spacer\" data-id=\"6f45de67\" data-element_type=\"widget\" data-e-type=\"widget\" data-widget_type=\"spacer.default\">\n\t\t\t\t<div class=\"elementor-widget-container\">\n\t\t\t\t\t\t\t<div class=\"elementor-spacer\">\n\t\t\t<div class=\"elementor-spacer-inner\"><\/div>\n\t\t<\/div>\n\t\t\t\t\t\t<\/div>\n\t\t\t\t<\/div>\n\t\t\t\t\t<\/div>\n\t\t<\/div>\n\t\t\t\t\t<\/div>\n\t\t<\/section>\n\t\t\t\t<section class=\"elementor-section elementor-top-section elementor-element elementor-element-5938aa6 elementor-section-boxed elementor-section-height-default elementor-section-height-default\" data-id=\"5938aa6\" data-element_type=\"section\" data-e-type=\"section\">\n\t\t\t\t\t\t<div class=\"elementor-container elementor-column-gap-default\">\n\t\t\t\t\t<div class=\"elementor-column elementor-col-100 elementor-top-column elementor-element elementor-element-dc240d4\" data-id=\"dc240d4\" data-element_type=\"column\" data-e-type=\"column\">\n\t\t\t<div class=\"elementor-widget-wrap elementor-element-populated\">\n\t\t\t\t\t\t<div class=\"elementor-element elementor-element-d3fb90a elementor-widget elementor-widget-shortcode\" data-id=\"d3fb90a\" data-element_type=\"widget\" data-e-type=\"widget\" data-widget_type=\"shortcode.default\">\n\t\t\t\t<div class=\"elementor-widget-container\">\n\t\t\t\t\t\t\t<div class=\"elementor-shortcode\"><\/div>\n\t\t\t\t\t\t<\/div>\n\t\t\t\t<\/div>\n\t\t\t\t\t<\/div>\n\t\t<\/div>\n\t\t\t\t\t<\/div>\n\t\t<\/section>\n\t\t\t\t<section class=\"elementor-section elementor-top-section elementor-element elementor-element-e6d3c76 elementor-section-content-middle elementor-section-boxed elementor-section-height-default elementor-section-height-default\" data-id=\"e6d3c76\" data-element_type=\"section\" data-e-type=\"section\" data-settings=\"{&quot;background_background&quot;:&quot;classic&quot;}\">\n\t\t\t\t\t\t<div class=\"elementor-container elementor-column-gap-default\">\n\t\t\t\t\t<div class=\"elementor-column elementor-col-100 elementor-top-column elementor-element elementor-element-681449d5\" data-id=\"681449d5\" data-element_type=\"column\" data-e-type=\"column\">\n\t\t\t<div class=\"elementor-widget-wrap elementor-element-populated\">\n\t\t\t\t\t\t<div class=\"elementor-element elementor-element-1726973e elementor-widget elementor-widget-shortcode\" data-id=\"1726973e\" data-element_type=\"widget\" data-e-type=\"widget\" data-widget_type=\"shortcode.default\">\n\t\t\t\t<div class=\"elementor-widget-container\">\n\t\t\t\t\t\t\t<div class=\"elementor-shortcode\"><\/div>\n\t\t\t\t\t\t<\/div>\n\t\t\t\t<\/div>\n\t\t\t\t\t<\/div>\n\t\t<\/div>\n\t\t\t\t\t<\/div>\n\t\t<\/section>\n\t\t\t\t<section class=\"elementor-section elementor-top-section elementor-element elementor-element-bdc79fa elementor-section-content-middle elementor-section-boxed elementor-section-height-default elementor-section-height-default\" data-id=\"bdc79fa\" data-element_type=\"section\" data-e-type=\"section\" data-settings=\"{&quot;background_background&quot;:&quot;classic&quot;}\">\n\t\t\t\t\t\t<div class=\"elementor-container elementor-column-gap-default\">\n\t\t\t\t\t<div class=\"elementor-column elementor-col-100 elementor-top-column elementor-element elementor-element-7c0091b\" data-id=\"7c0091b\" data-element_type=\"column\" data-e-type=\"column\">\n\t\t\t<div class=\"elementor-widget-wrap elementor-element-populated\">\n\t\t\t\t\t\t<div class=\"elementor-element elementor-element-16883a6 elementor-widget elementor-widget-text-editor\" data-id=\"16883a6\" data-element_type=\"widget\" data-e-type=\"widget\" data-widget_type=\"text-editor.default\">\n\t\t\t\t<div class=\"elementor-widget-container\">\n\t\t\t\t\t\t\t\t\t<p><div class=\"learndash-wrapper\"><a class=\"ld-login ld-login ld-login-text ld-login-button ld-button\" href=\"https:\/\/tucuatro.com\/aprende\/wp-login.php?redirect_to=https%3A%2F%2Ftucuatro.com%2Faprende%2Fprogreso%2F\"><span class=\"ld-icon ld-icon-login ld-icon-left\"><\/span>Iniciar sesi\u00f3n<\/a><\/div><\/p>\t\t\t\t\t\t\t\t<\/div>\n\t\t\t\t<\/div>\n\t\t\t\t<div class=\"elementor-element elementor-element-d7508a2 elementor-widget elementor-widget-spacer\" data-id=\"d7508a2\" data-element_type=\"widget\" data-e-type=\"widget\" data-widget_type=\"spacer.default\">\n\t\t\t\t<div class=\"elementor-widget-container\">\n\t\t\t\t\t\t\t<div class=\"elementor-spacer\">\n\t\t\t<div class=\"elementor-spacer-inner\"><\/div>\n\t\t<\/div>\n\t\t\t\t\t\t<\/div>\n\t\t\t\t<\/div>\n\t\t\t\t\t<\/div>\n\t\t<\/div>\n\t\t\t\t\t<\/div>\n\t\t<\/section>\n\t\t\t\t<section class=\"elementor-section elementor-top-section elementor-element elementor-element-715ce554 elementor-section-boxed elementor-section-height-default elementor-section-height-default\" data-id=\"715ce554\" data-element_type=\"section\" data-e-type=\"section\" data-settings=\"{&quot;background_background&quot;:&quot;classic&quot;}\">\n\t\t\t\t\t\t<div class=\"elementor-container elementor-column-gap-default\">\n\t\t\t\t\t<div class=\"elementor-column elementor-col-100 elementor-top-column elementor-element elementor-element-29407310\" data-id=\"29407310\" data-element_type=\"column\" data-e-type=\"column\">\n\t\t\t<div class=\"elementor-widget-wrap elementor-element-populated\">\n\t\t\t\t\t\t<div class=\"elementor-element elementor-element-4a1ec61f elementor-widget elementor-widget-spacer\" data-id=\"4a1ec61f\" data-element_type=\"widget\" data-e-type=\"widget\" data-widget_type=\"spacer.default\">\n\t\t\t\t<div class=\"elementor-widget-container\">\n\t\t\t\t\t\t\t<div class=\"elementor-spacer\">\n\t\t\t<div class=\"elementor-spacer-inner\"><\/div>\n\t\t<\/div>\n\t\t\t\t\t\t<\/div>\n\t\t\t\t<\/div>\n\t\t\t\t<section class=\"elementor-section elementor-inner-section elementor-element elementor-element-60194de3 elementor-section-boxed elementor-section-height-default elementor-section-height-default\" data-id=\"60194de3\" data-element_type=\"section\" data-e-type=\"section\">\n\t\t\t\t\t\t<div class=\"elementor-container elementor-column-gap-default\">\n\t\t\t\t\t<div class=\"elementor-column elementor-col-16 elementor-inner-column elementor-element elementor-element-2054eecc\" data-id=\"2054eecc\" data-element_type=\"column\" data-e-type=\"column\">\n\t\t\t<div class=\"elementor-widget-wrap\">\n\t\t\t\t\t\t\t<\/div>\n\t\t<\/div>\n\t\t\t\t<div class=\"elementor-column elementor-col-66 elementor-inner-column elementor-element elementor-element-3cb674ae\" data-id=\"3cb674ae\" data-element_type=\"column\" data-e-type=\"column\">\n\t\t\t<div class=\"elementor-widget-wrap elementor-element-populated\">\n\t\t\t\t\t\t<div class=\"elementor-element elementor-element-2b727daf elementor-widget elementor-widget-image-box\" data-id=\"2b727daf\" data-element_type=\"widget\" data-e-type=\"widget\" data-widget_type=\"image-box.default\">\n\t\t\t\t<div class=\"elementor-widget-container\">\n\t\t\t\t\t<div class=\"elementor-image-box-wrapper\"><div class=\"elementor-image-box-content\"><h2 class=\"elementor-image-box-title\">Cursos populares que puedes comenzar ahora mismo<\/h2><p class=\"elementor-image-box-description\">Escoge uno de los cursos de abajo para comenzar a aprender t\u00e9cnicas del instrumento musical de tu preferencia. Cada curso cuenta con lecciones y t\u00f3picos que podr\u00e1s practicar hasta que domines la t\u00e9cnica en cuesti\u00f3n.<\/p><\/div><\/div>\t\t\t\t<\/div>\n\t\t\t\t<\/div>\n\t\t\t\t\t<\/div>\n\t\t<\/div>\n\t\t\t\t<div class=\"elementor-column elementor-col-16 elementor-inner-column elementor-element elementor-element-a9e0ee5\" data-id=\"a9e0ee5\" data-element_type=\"column\" data-e-type=\"column\">\n\t\t\t<div class=\"elementor-widget-wrap\">\n\t\t\t\t\t\t\t<\/div>\n\t\t<\/div>\n\t\t\t\t\t<\/div>\n\t\t<\/section>\n\t\t\t\t<div class=\"elementor-element elementor-element-702ed993 elementor-widget elementor-widget-spacer\" data-id=\"702ed993\" data-element_type=\"widget\" data-e-type=\"widget\" data-widget_type=\"spacer.default\">\n\t\t\t\t<div class=\"elementor-widget-container\">\n\t\t\t\t\t\t\t<div class=\"elementor-spacer\">\n\t\t\t<div class=\"elementor-spacer-inner\"><\/div>\n\t\t<\/div>\n\t\t\t\t\t\t<\/div>\n\t\t\t\t<\/div>\n\t\t\t\t<section class=\"elementor-section elementor-inner-section elementor-element elementor-element-7d142638 elementor-section-boxed elementor-section-height-default elementor-section-height-default\" data-id=\"7d142638\" data-element_type=\"section\" data-e-type=\"section\">\n\t\t\t\t\t\t<div class=\"elementor-container elementor-column-gap-default\">\n\t\t\t\t\t<div class=\"elementor-column elementor-col-100 elementor-inner-column elementor-element elementor-element-6b0efd7e\" data-id=\"6b0efd7e\" data-element_type=\"column\" data-e-type=\"column\">\n\t\t\t<div class=\"elementor-widget-wrap elementor-element-populated\">\n\t\t\t\t\t\t<div class=\"elementor-element elementor-element-27ccdd0e elementor-widget elementor-widget-shortcode\" data-id=\"27ccdd0e\" data-element_type=\"widget\" data-e-type=\"widget\" data-widget_type=\"shortcode.default\">\n\t\t\t\t<div class=\"elementor-widget-container\">\n\t\t\t\t\t\t\t<div class=\"elementor-shortcode\"><\/div>\n\t\t\t\t\t\t<\/div>\n\t\t\t\t<\/div>\n\t\t\t\t\t<\/div>\n\t\t<\/div>\n\t\t\t\t\t<\/div>\n\t\t<\/section>\n\t\t\t\t<div class=\"elementor-element elementor-element-579338d7 elementor-widget elementor-widget-spacer\" data-id=\"579338d7\" data-element_type=\"widget\" data-e-type=\"widget\" data-widget_type=\"spacer.default\">\n\t\t\t\t<div class=\"elementor-widget-container\">\n\t\t\t\t\t\t\t<div class=\"elementor-spacer\">\n\t\t\t<div class=\"elementor-spacer-inner\"><\/div>\n\t\t<\/div>\n\t\t\t\t\t\t<\/div>\n\t\t\t\t<\/div>\n\t\t\t\t\t<\/div>\n\t\t<\/div>\n\t\t\t\t\t<\/div>\n\t\t<\/section>\n\t\t\t\t<\/div>\n\t\t","protected":false},"excerpt":{"rendered":"<p>Mi Cuenta Mira el progreso de todos los cursos dentro de TuCuatro y lleva control de cu\u00e1ntos cursos has completado y cu\u00e1ntos certificados has obtenido. Cursos populares que puedes comenzar ahora mismo Escoge uno de los cursos de abajo para comenzar a aprender t\u00e9cnicas del instrumento musical de tu preferencia. Cada curso cuenta con lecciones [&hellip;]<\/p>\n","protected":false},"author":1,"featured_media":0,"parent":0,"menu_order":0,"comment_status":"closed","ping_status":"closed","template":"elementor_header_footer","meta":{"content-type":"","footnotes":""},"class_list":["post-24510","page","type-page","status-publish","hentry"],"yoast_head":"<!-- This site is optimized with the Yoast SEO plugin v27.2 - https:\/\/yoast.com\/product\/yoast-seo-wordpress\/ -->\n<title>Mi Progreso dentro de TuCuatro - TuCuatro - Aprende<\/title>\n<meta name=\"description\" content=\"Mira el progreso de todos los cursos dentro de TuCuatro y lleva control de cu\u00e1ntos cursos has completado y cu\u00e1ntos certificados has obtenido.\" \/>\n<meta name=\"robots\" content=\"index, follow, max-snippet:-1, max-image-preview:large, max-video-preview:-1\" \/>\n<link rel=\"canonical\" href=\"https:\/\/tucuatro.com\/aprende\/progreso\/\" \/>\n<meta property=\"og:locale\" content=\"es_ES\" \/>\n<meta property=\"og:type\" content=\"article\" \/>\n<meta property=\"og:title\" content=\"Mi Progreso dentro de TuCuatro - TuCuatro - Aprende\" \/>\n<meta property=\"og:description\" content=\"Mira el progreso de todos los cursos dentro de TuCuatro y lleva control de cu\u00e1ntos cursos has completado y cu\u00e1ntos certificados has obtenido.\" \/>\n<meta property=\"og:url\" content=\"https:\/\/tucuatro.com\/aprende\/progreso\/\" \/>\n<meta property=\"og:site_name\" content=\"TuCuatro - Aprende\" \/>\n<meta property=\"article:publisher\" content=\"https:\/\/facebook.com\/tucuatrodigital\" \/>\n<meta property=\"article:modified_time\" content=\"2023-03-22T15:54:41+00:00\" \/>\n<meta property=\"og:image\" content=\"https:\/\/tucuatro.com\/aprende\/wp-content\/uploads\/sites\/4\/2020\/02\/tucuatro-featured-image.jpg\" \/>\n\t<meta property=\"og:image:width\" content=\"1200\" \/>\n\t<meta property=\"og:image:height\" content=\"628\" \/>\n\t<meta property=\"og:image:type\" content=\"image\/jpeg\" \/>\n<meta name=\"twitter:card\" content=\"summary_large_image\" \/>\n<meta name=\"twitter:site\" content=\"@tucuatro\" \/>\n<meta name=\"twitter:label1\" content=\"Tiempo de lectura\" \/>\n\t<meta name=\"twitter:data1\" content=\"3 minutos\" \/>\n<script type=\"application\/ld+json\" class=\"yoast-schema-graph\">{\"@context\":\"https:\/\/schema.org\",\"@graph\":[{\"@type\":\"WebPage\",\"@id\":\"https:\/\/tucuatro.com\/aprende\/progreso\/\",\"url\":\"https:\/\/tucuatro.com\/aprende\/progreso\/\",\"name\":\"Mi Progreso dentro de TuCuatro - TuCuatro - Aprende\",\"isPartOf\":{\"@id\":\"https:\/\/tucuatro.com\/aprende\/#website\"},\"datePublished\":\"2019-02-12T01:29:05+00:00\",\"dateModified\":\"2023-03-22T15:54:41+00:00\",\"description\":\"Mira el progreso de todos los cursos dentro de TuCuatro y lleva control de cu\u00e1ntos cursos has completado y cu\u00e1ntos certificados has obtenido.\",\"breadcrumb\":{\"@id\":\"https:\/\/tucuatro.com\/aprende\/progreso\/#breadcrumb\"},\"inLanguage\":\"es\",\"potentialAction\":[{\"@type\":\"ReadAction\",\"target\":[\"https:\/\/tucuatro.com\/aprende\/progreso\/\"]}]},{\"@type\":\"BreadcrumbList\",\"@id\":\"https:\/\/tucuatro.com\/aprende\/progreso\/#breadcrumb\",\"itemListElement\":[{\"@type\":\"ListItem\",\"position\":1,\"name\":\"Portada\",\"item\":\"https:\/\/tucuatro.com\/aprende\/\"},{\"@type\":\"ListItem\",\"position\":2,\"name\":\"Mi Progreso dentro de TuCuatro\"}]},{\"@type\":\"WebSite\",\"@id\":\"https:\/\/tucuatro.com\/aprende\/#website\",\"url\":\"https:\/\/tucuatro.com\/aprende\/\",\"name\":\"TuCuatro - Aprende\",\"description\":\"Aprende a tocar el Cuatro, la Bandola y otros instrumentos folkl\u00f3ricos\",\"publisher\":{\"@id\":\"https:\/\/tucuatro.com\/aprende\/#organization\"},\"potentialAction\":[{\"@type\":\"SearchAction\",\"target\":{\"@type\":\"EntryPoint\",\"urlTemplate\":\"https:\/\/tucuatro.com\/aprende\/?s={search_term_string}\"},\"query-input\":{\"@type\":\"PropertyValueSpecification\",\"valueRequired\":true,\"valueName\":\"search_term_string\"}}],\"inLanguage\":\"es\"},{\"@type\":\"Organization\",\"@id\":\"https:\/\/tucuatro.com\/aprende\/#organization\",\"name\":\"TuCuatro\",\"url\":\"https:\/\/tucuatro.com\/aprende\/\",\"logo\":{\"@type\":\"ImageObject\",\"inLanguage\":\"es\",\"@id\":\"https:\/\/tucuatro.com\/aprende\/#\/schema\/logo\/image\/\",\"url\":\"https:\/\/tucuatro.com\/aprende\/wp-content\/uploads\/sites\/4\/2020\/02\/fretboard_icon_black-64px.png\",\"contentUrl\":\"https:\/\/tucuatro.com\/aprende\/wp-content\/uploads\/sites\/4\/2020\/02\/fretboard_icon_black-64px.png\",\"width\":64,\"height\":107,\"caption\":\"TuCuatro\"},\"image\":{\"@id\":\"https:\/\/tucuatro.com\/aprende\/#\/schema\/logo\/image\/\"},\"sameAs\":[\"https:\/\/facebook.com\/tucuatrodigital\",\"https:\/\/x.com\/tucuatro\"]}]}<\/script>\n<!-- \/ Yoast SEO plugin. -->","yoast_head_json":{"title":"Mi Progreso dentro de TuCuatro - TuCuatro - Aprende","description":"Mira el progreso de todos los cursos dentro de TuCuatro y lleva control de cu\u00e1ntos cursos has completado y cu\u00e1ntos certificados has obtenido.","robots":{"index":"index","follow":"follow","max-snippet":"max-snippet:-1","max-image-preview":"max-image-preview:large","max-video-preview":"max-video-preview:-1"},"canonical":"https:\/\/tucuatro.com\/aprende\/progreso\/","og_locale":"es_ES","og_type":"article","og_title":"Mi Progreso dentro de TuCuatro - TuCuatro - Aprende","og_description":"Mira el progreso de todos los cursos dentro de TuCuatro y lleva control de cu\u00e1ntos cursos has completado y cu\u00e1ntos certificados has obtenido.","og_url":"https:\/\/tucuatro.com\/aprende\/progreso\/","og_site_name":"TuCuatro - Aprende","article_publisher":"https:\/\/facebook.com\/tucuatrodigital","article_modified_time":"2023-03-22T15:54:41+00:00","og_image":[{"width":1200,"height":628,"url":"https:\/\/tucuatro.com\/aprende\/wp-content\/uploads\/sites\/4\/2020\/02\/tucuatro-featured-image.jpg","type":"image\/jpeg"}],"twitter_card":"summary_large_image","twitter_site":"@tucuatro","twitter_misc":{"Tiempo de lectura":"3 minutos"},"schema":{"@context":"https:\/\/schema.org","@graph":[{"@type":"WebPage","@id":"https:\/\/tucuatro.com\/aprende\/progreso\/","url":"https:\/\/tucuatro.com\/aprende\/progreso\/","name":"Mi Progreso dentro de TuCuatro - TuCuatro - Aprende","isPartOf":{"@id":"https:\/\/tucuatro.com\/aprende\/#website"},"datePublished":"2019-02-12T01:29:05+00:00","dateModified":"2023-03-22T15:54:41+00:00","description":"Mira el progreso de todos los cursos dentro de TuCuatro y lleva control de cu\u00e1ntos cursos has completado y cu\u00e1ntos certificados has obtenido.","breadcrumb":{"@id":"https:\/\/tucuatro.com\/aprende\/progreso\/#breadcrumb"},"inLanguage":"es","potentialAction":[{"@type":"ReadAction","target":["https:\/\/tucuatro.com\/aprende\/progreso\/"]}]},{"@type":"BreadcrumbList","@id":"https:\/\/tucuatro.com\/aprende\/progreso\/#breadcrumb","itemListElement":[{"@type":"ListItem","position":1,"name":"Portada","item":"https:\/\/tucuatro.com\/aprende\/"},{"@type":"ListItem","position":2,"name":"Mi Progreso dentro de TuCuatro"}]},{"@type":"WebSite","@id":"https:\/\/tucuatro.com\/aprende\/#website","url":"https:\/\/tucuatro.com\/aprende\/","name":"TuCuatro - Aprende","description":"Aprende a tocar el Cuatro, la Bandola y otros instrumentos folkl\u00f3ricos","publisher":{"@id":"https:\/\/tucuatro.com\/aprende\/#organization"},"potentialAction":[{"@type":"SearchAction","target":{"@type":"EntryPoint","urlTemplate":"https:\/\/tucuatro.com\/aprende\/?s={search_term_string}"},"query-input":{"@type":"PropertyValueSpecification","valueRequired":true,"valueName":"search_term_string"}}],"inLanguage":"es"},{"@type":"Organization","@id":"https:\/\/tucuatro.com\/aprende\/#organization","name":"TuCuatro","url":"https:\/\/tucuatro.com\/aprende\/","logo":{"@type":"ImageObject","inLanguage":"es","@id":"https:\/\/tucuatro.com\/aprende\/#\/schema\/logo\/image\/","url":"https:\/\/tucuatro.com\/aprende\/wp-content\/uploads\/sites\/4\/2020\/02\/fretboard_icon_black-64px.png","contentUrl":"https:\/\/tucuatro.com\/aprende\/wp-content\/uploads\/sites\/4\/2020\/02\/fretboard_icon_black-64px.png","width":64,"height":107,"caption":"TuCuatro"},"image":{"@id":"https:\/\/tucuatro.com\/aprende\/#\/schema\/logo\/image\/"},"sameAs":["https:\/\/facebook.com\/tucuatrodigital","https:\/\/x.com\/tucuatro"]}]}},"_links":{"self":[{"href":"https:\/\/tucuatro.com\/aprende\/wp-json\/wp\/v2\/pages\/24510","targetHints":{"allow":["GET"]}}],"collection":[{"href":"https:\/\/tucuatro.com\/aprende\/wp-json\/wp\/v2\/pages"}],"about":[{"href":"https:\/\/tucuatro.com\/aprende\/wp-json\/wp\/v2\/types\/page"}],"author":[{"embeddable":true,"href":"https:\/\/tucuatro.com\/aprende\/wp-json\/wp\/v2\/users\/1"}],"replies":[{"embeddable":true,"href":"https:\/\/tucuatro.com\/aprende\/wp-json\/wp\/v2\/comments?post=24510"}],"version-history":[{"count":0,"href":"https:\/\/tucuatro.com\/aprende\/wp-json\/wp\/v2\/pages\/24510\/revisions"}],"wp:attachment":[{"href":"https:\/\/tucuatro.com\/aprende\/wp-json\/wp\/v2\/media?parent=24510"}],"curies":[{"name":"wp","href":"https:\/\/api.w.org\/{rel}","templated":true}]}}