{"id":107,"date":"2008-07-24T14:19:22","date_gmt":"2008-07-24T18:49:22","guid":{"rendered":"https:\/\/tucuatro.com\/camburpinton\/?page_id=107"},"modified":"2020-08-29T08:15:33","modified_gmt":"2020-08-29T12:15:33","slug":"aprende-a-tocar","status":"publish","type":"page","link":"https:\/\/tucuatro.com\/camburpinton\/aprende-a-tocar\/","title":{"rendered":"Aprende a Tocar el Cuatro"},"content":{"rendered":"\n<p>\u00bfQuieres aprender a tocar el Cuatro Venezolano? Aprende con los datos recomendados por el equipo de <strong>CamburPinton<\/strong>, la red social de TuCuatro.<\/p>\n\n\n\n<h2 class=\"wp-block-heading\"><strong>Clases a Distancia<\/strong><\/h2>\n\n\n\n<p>Si estas buscando aprender a distancia, hemos recopilado para t\u00ed una serie de videos en Internet que iremos actualizando, para que puedas aprender desde la comodidad de tu casa. &nbsp;Tambi\u00e9n puedes visitar a nuestra p\u00e1gina <a href=\"\/\" target=\"_blank\" rel=\"noreferrer noopener\" aria-label=\" (se abre en una nueva pesta\u00f1a)\">TuCuatro<\/a> que tienen cientos de <a href=\"\/aprende\/\" target=\"_blank\" rel=\"noreferrer noopener\" aria-label=\" (se abre en una nueva pesta\u00f1a)\">lecciones y videos en l\u00ednea para aprender a tocar el cuatro venezolano<\/a>.<\/p>\n\n\n\n<h2 class=\"wp-block-heading\"><strong>Aprende Ritmos<\/strong><\/h2>\n\n\n\n<figure class=\"wp-block-table\"><table><tbody><tr><td>&nbsp; <a href=\"https:\/\/www.youtube.com\/watch?v=C3xKIYlEGTU\">https:\/\/www.youtube.com\/watch?v=C3xKIYlEGTU<\/a> <\/td><td>&nbsp; <a href=\"https:\/\/www.youtube.com\/watch?v=OxQ3cRGBmO0\">https:\/\/www.youtube.com\/watch?v=OxQ3cRGBmO0<\/a> <\/td><\/tr><tr><td>Galeron Oriental &#8211; <a href=\"http:\/\/www.youtube.com\/user\/son2latinmusic\"><strong>son2latinmusic<\/strong><\/a><\/td><td>Pajarillo &#8211; <a href=\"http:\/\/www.youtube.com\/user\/son2latinmusic\"><strong>son2latinmusic<\/strong><\/a><\/td><\/tr><tr><td>&nbsp;<\/td><td>&nbsp;<\/td><\/tr><tr><td>Vals &#8211; <a href=\"http:\/\/www.youtube.com\/user\/son2latinmusic\"><strong>son2latinmusic<\/strong><\/a><\/td><td>Polo Margarite\u00f1o &#8211; <a href=\"http:\/\/www.youtube.com\/user\/son2latinmusic\"><strong>son2latinmusic<\/strong><\/a><\/td><\/tr><\/tbody><\/table><\/figure>\n\n\n\n<h2 class=\"wp-block-heading\"><strong>Aprende Repiques y otros Tips<\/strong><\/h2>\n\n\n\n<figure class=\"wp-block-table\"><table><tbody><tr><td> &nbsp;  <a href=\"https:\/\/www.youtube.com\/watch?v=db7SHs758Hs\">https:\/\/www.youtube.com\/watch?v=db7SHs758Hs<\/a> <\/td><td> &nbsp; &nbsp;  <a href=\"https:\/\/www.youtube.com\/watch?v=b1i8BIolMfI\">https:\/\/www.youtube.com\/watch?v=b1i8BIolMfI<\/a> <\/td><\/tr><tr><td>Frenados y Joropo &#8211; <a href=\"http:\/\/www.youtube.com\/user\/CuatroCriollo\">Pedro Borrero<\/a><\/td><td>Repiques de Merengue<\/td><\/tr><tr><td>&nbsp; <a href=\"https:\/\/www.youtube.com\/watch?v=QK1hbW7Et3I&amp;index=1177&amp;list=FL6wcM4v5ILm6ECUMVm930BA\">https:\/\/www.youtube.com\/watch?v=QK1hbW7Et3I&amp;index=1177]<\/a> <\/td><td>&nbsp; <a href=\"https:\/\/www.youtube.com\/watch?v=v7xZBUap1EQ\">https:\/\/www.youtube.com\/watch?v=v7xZBUap1EQ<\/a> <\/td><\/tr><tr><td>Uso del Metronomo &#8211; <a href=\"http:\/\/www.youtube.com\/user\/adrianifero\">Adrian Toro<\/a><\/td><td>Joropo &#8211; <a href=\"http:\/\/www.youtube.com\/user\/adrianifero\">Adrian Toro<\/a><\/td><\/tr><tr><td> &nbsp;  <a href=\"https:\/\/www.youtube.com\/watch?v=6PybxWBkh_4\">https:\/\/www.youtube.com\/watch?v=6PybxWBkh_4<\/a> <\/td><td> &nbsp; &nbsp;  <a href=\"https:\/\/www.youtube.com\/watch?v=zoUbHbhZaBc\">https:\/\/www.youtube.com\/watch?v=zoUbHbhZaBc<\/a> <\/td><\/tr><tr><td>Polo Margarite\u00f1o &#8211; <a href=\"http:\/\/www.youtube.com\/user\/adrianifero\">Adrian Toro<\/a><\/td><td>Practica la r\u00edtmica &#8211; <a href=\"http:\/\/www.youtube.com\/user\/adrianifero\">Adrian Toro<\/a> <\/td><\/tr><\/tbody><\/table><\/figure>\n\n\n\n<h2 class=\"wp-block-heading\">Aprende a tocar Canciones de Cuatro:<\/h2>\n\n\n\n<p>Mira esta p\u00e1gina donde hemos puesto disponible <a href=\"https:\/\/tucuatro.com\/camburpinton\/acordes\/\">cientos de canciones de Cuatro<\/a> con acordes para aprender a tocar.<\/p>\n\n\n\n<h2 class=\"wp-block-heading\"><strong>Aprende Canciones Solistas:<\/strong><\/h2>\n\n\n\n<figure class=\"wp-block-table\"><table><tbody><tr><td>&nbsp; <a href=\"https:\/\/www.youtube.com\/watch?v=s7Dp8Fypo24\">https:\/\/www.youtube.com\/watch?v=s7Dp8Fypo24<\/a> <\/td><td>&nbsp; <a href=\"https:\/\/www.youtube.com\/watch?v=1PrhWKy6Dcw\">https:\/\/www.youtube.com\/watch?v=1PrhWKy6Dcw<\/a> <\/td><\/tr><tr><td>Compadre Pancho &#8211; <a href=\"http:\/\/www.youtube.com\/user\/adrianifero\">Adrian Toro<\/a><\/td><td>Nuestras Dos Almas &#8211; <a href=\"http:\/\/www.youtube.com\/user\/adrianifero\">Adrian Toro<\/a><\/td><\/tr><tr><td>&nbsp;<\/td><td>&nbsp;<\/td><\/tr><tr><td>&nbsp;<\/td><td>&nbsp;<\/td><\/tr><\/tbody><\/table><\/figure>\n\n\n\n<h2 class=\"wp-block-heading\"><strong>Aprende lo b\u00e1sico<\/strong><\/h2>\n\n\n\n<figure class=\"wp-block-table\"><table><tbody><tr><td>&nbsp;<\/td><td>&nbsp;<\/td><\/tr><tr><td>Acordes Mayores &#8211; <a href=\"http:\/\/www.youtube.com\/user\/Nestor6520\">Nestor6520<\/a><\/td><td>Acordes Menores &#8211; <a href=\"http:\/\/www.youtube.com\/user\/Nestor6520\">Nestor6520<\/a><\/td><\/tr><tr><td>&nbsp;<\/td><td>&nbsp;<\/td><\/tr><tr><td>Kanta-t-lo Cuatro &#8211; <a href=\"http:\/\/www.youtube.com\/user\/Nestor6520\">Nestor6520<\/a><\/td><td>Ritmo de Vals Basico &#8211; <a href=\"http:\/\/www.youtube.com\/user\/edgarleon\">Edgar Leon<\/a><\/td><\/tr><\/tbody><\/table><\/figure>\n\n\n\n<p><a href=\"\/aprende\/\" target=\"_blank\" rel=\"noreferrer noopener\" aria-label=\" (se abre en una nueva pesta\u00f1a)\"><strong>Sigue aprendiendo a tocar Cuatro Venezolano en TuCuatro&nbsp;aqu\u00ed<\/strong><\/a><\/p>\n\n\n\n<h2 class=\"wp-block-heading\">Clases particulares<\/h2>\n\n\n\n<p>Si quieres recibir clases particulares, aqu\u00ed encontr\u00e1s un listado de las personas que conocemos que dan clases a lo largo del pa\u00eds. Simplemente comun\u00edcate con quienes se encuentren en tu misma ciudad y recibe la informaci\u00f3n de primera mano:<\/p>\n\n\n\n<h3 class=\"wp-block-heading\"><strong>Caracas<\/strong>:<\/h3>\n\n\n\n<p>Mercado de Chacao<br>Isaac Coronado \/ Anibal Anton \/ Ronald Escobar<br>0412-7224734<\/p>\n\n\n\n<p>Eloy Miranda.<br>Centro de Arte La Estancia. Altamira. (preguntar por clases de cuatro en el lugar los viernes y s\u00e1bados)<br>0800-7436272<\/p>\n\n\n\n<p>Miguel E. Orozco R.<br>B\u00e1sico, Intermedio y Avanzado<br>04265172849<\/p>\n\n\n\n<p><\/p>\n\n\n\n<h3 class=\"wp-block-heading\">Ocumare del Tuy:<\/h3>\n\n\n\n<p>Julio Jim\u00e9nez<br>B\u00e1sico e intermedio<br>04143982162<br>jujiroza@hotmail.com<\/p>\n\n\n\n<p><strong><a href=\"\/aprende\/\" target=\"_blank\" rel=\"noreferrer noopener\" aria-label=\" (se abre en una nueva pesta\u00f1a)\">Aprende a tocar Cuatro Venezolano desde tu casa en Internet<\/a><\/strong><\/p>\n\n\n\n<h3 class=\"wp-block-heading\"><strong>Valencia<\/strong>:<\/h3>\n\n\n\n<p>Academia Teresa Carre\u00f1o<br>Urb. El Vi\u00f1edo, Av. San F\u00e9lix, C.C. La Grieta, Primer Nivel, Local 1N09,\u00a0Valencia, Edo. Carabobo, Venezuela<br>Tlf: (0241) 8259841<br>academiateresacarreno@gmail.com<br>http:\/\/www.teresacarreno.com.ve\/<\/p>\n\n\n\n<p>Luis Natera<br>Cuatro b\u00e1sico\/intermedio\/avanzado (solista).<br>Armon\u00eda (aplicada al cuatro), arreglo y composici\u00f3n.<br>0412-867.22.18<br>luisnatera@hotmail.com<\/p>\n\n\n\n<h3 class=\"wp-block-heading\"><strong>Barquisimeto<\/strong>:<\/h3>\n\n\n\n<p>Cuatros y mas cuatros<br>Tlf: (0251) 2314285<\/p>\n\n\n\n<p>Academia de musica Don Gaspar<br>Tlf: (0414) 3560272<\/p>\n\n\n\n<h3 class=\"wp-block-heading\"><strong>Maracay<\/strong>:<\/h3>\n\n\n\n<p>Jos\u00e9 Cheo Pereira<br>B\u00e1sico e Intermedio<br>0416-245.22.01<\/p>\n\n\n\n<p>David Martinez<br>Curso de cuatro b\u00e1sico intermedio<br>0414-4885386<br>0412-7770657<\/p>\n\n\n\n<h3 class=\"wp-block-heading\"><strong>Punto Fijo<\/strong>:<\/h3>\n\n\n\n<p>Jose Hernandez Brett<br>Cuatro y Guitarra,Basico e intermedio.<br>Percusion afrovenezolana.<br>Bajo Electrico,Basico e Intermedio.<br>0424.692.80.35<br>erbuche@hotmail.com<\/p>\n\n\n\n<h3 class=\"wp-block-heading\"><strong>Barinas<\/strong>:<\/h3>\n\n\n\n<p>Fichard Pinto<br>URB.CIUDAD VARYNA.<br>0414-5784548<br>0416-1392261.<\/p>\n\n\n\n<h3 class=\"wp-block-heading\"><strong>Bolivar<\/strong>:<\/h3>\n\n\n\n<p>Javier Bencomo<br>Cdad Guayana.<br>Cuatro Basico Intermedio y Avanzado (Solista)<br>04268956824<br>02869619621<br>javier6034@hotmail.com<\/p>\n\n\n\n<h2 class=\"wp-block-heading\">Aprende a tocar el cuatro en internet<\/h2>\n\n\n\n<p>Una excelente alternativa para aprender a tocar el cuatro desde la comodidad de la casa es hacerlo con los cursos en l\u00ednea gratuitos de TuCuatro. Los profesores de TuCuatro han trabajado duro para crear el manual en l\u00ednea de cuatro m\u00e1s grande que jam\u00e1s haya existido.<\/p>\n\n\n\n<p>Las lecciones en l\u00ednea de TuCuatro son f\u00e1ciles de seguir y, lo mejor de todo, son todas gratuitas. Comienza visitando este link:<\/p>\n\n\n\n<p><a rel=\"noreferrer noopener\" aria-label=\" (se abre en una nueva pesta\u00f1a)\" href=\"\/aprende\/\" target=\"_blank\"><strong>Aprende a tocar Cuatro Venezolano Online<\/strong><\/a><\/p>\n","protected":false},"excerpt":{"rendered":"<p>\u00bfQuieres aprender a tocar como cuatrista solista? He aqu\u00ed los datos recomendados por cambur-pinton.com.ve <\/p>\n<h2 style=\"text-align: center\"><strong>Clases a Distancia<\/strong><\/h2>\n<p style=\"text-align: justify\">Si estas buscando aprender a distancia, hemos recopilado para t\u00ed una serie de videos en Internet que iremos actualizando, para que puedas aprender desde la comodidad de tu casa.<\/p>\n<p style=\"text-align: center\">\n","protected":false},"author":23,"featured_media":0,"parent":0,"menu_order":0,"comment_status":"open","ping_status":"open","template":"","meta":{"content-type":"","footnotes":""},"class_list":["post-107","page","type-page","status-publish","hentry"],"yoast_head":"<!-- This site is optimized with the Yoast SEO plugin v27.2 - https:\/\/yoast.com\/product\/yoast-seo-wordpress\/ -->\n<title>Aprende a Tocar el Cuatro - CamburPinton<\/title>\n<meta name=\"description\" content=\"Aprende a tocar el Cuatro Venezolano con videos y lecciones en internet, entra ahora y aprende d\u00f3nde y c\u00f3mo puedes comenzar a aprender el cuatro.\" \/>\n<meta name=\"robots\" content=\"index, follow, max-snippet:-1, max-image-preview:large, max-video-preview:-1\" \/>\n<link rel=\"canonical\" href=\"https:\/\/tucuatro.com\/camburpinton\/aprende-a-tocar\/\" \/>\n<meta property=\"og:locale\" content=\"es_ES\" \/>\n<meta property=\"og:type\" content=\"article\" \/>\n<meta property=\"og:title\" content=\"Aprende a Tocar el Cuatro - CamburPinton\" \/>\n<meta property=\"og:description\" content=\"Aprende a tocar el Cuatro Venezolano con videos y lecciones en internet, entra ahora y aprende d\u00f3nde y c\u00f3mo puedes comenzar a aprender el cuatro.\" \/>\n<meta property=\"og:url\" content=\"https:\/\/tucuatro.com\/camburpinton\/aprende-a-tocar\/\" \/>\n<meta property=\"og:site_name\" content=\"CamburPinton\" \/>\n<meta property=\"article:modified_time\" content=\"2020-08-29T12:15:33+00:00\" \/>\n<meta name=\"twitter:card\" content=\"summary_large_image\" \/>\n<meta name=\"twitter:label1\" content=\"Tiempo de lectura\" \/>\n\t<meta name=\"twitter:data1\" content=\"3 minutos\" \/>\n<script type=\"application\/ld+json\" class=\"yoast-schema-graph\">{\"@context\":\"https:\/\/schema.org\",\"@graph\":[{\"@type\":\"WebPage\",\"@id\":\"https:\/\/tucuatro.com\/camburpinton\/aprende-a-tocar\/\",\"url\":\"https:\/\/tucuatro.com\/camburpinton\/aprende-a-tocar\/\",\"name\":\"Aprende a Tocar el Cuatro - CamburPinton\",\"isPartOf\":{\"@id\":\"https:\/\/tucuatro.com\/camburpinton\/#website\"},\"datePublished\":\"2008-07-24T18:49:22+00:00\",\"dateModified\":\"2020-08-29T12:15:33+00:00\",\"description\":\"Aprende a tocar el Cuatro Venezolano con videos y lecciones en internet, entra ahora y aprende d\u00f3nde y c\u00f3mo puedes comenzar a aprender el cuatro.\",\"breadcrumb\":{\"@id\":\"https:\/\/tucuatro.com\/camburpinton\/aprende-a-tocar\/#breadcrumb\"},\"inLanguage\":\"es\",\"potentialAction\":[{\"@type\":\"ReadAction\",\"target\":[\"https:\/\/tucuatro.com\/camburpinton\/aprende-a-tocar\/\"]}]},{\"@type\":\"BreadcrumbList\",\"@id\":\"https:\/\/tucuatro.com\/camburpinton\/aprende-a-tocar\/#breadcrumb\",\"itemListElement\":[{\"@type\":\"ListItem\",\"position\":1,\"name\":\"Portada\",\"item\":\"https:\/\/tucuatro.com\/camburpinton\/\"},{\"@type\":\"ListItem\",\"position\":2,\"name\":\"Aprende a Tocar el Cuatro\"}]},{\"@type\":\"WebSite\",\"@id\":\"https:\/\/tucuatro.com\/camburpinton\/#website\",\"url\":\"https:\/\/tucuatro.com\/camburpinton\/\",\"name\":\"CamburPinton\",\"description\":\"El blog del Cuatro Venezolano, por TuCuatro\",\"publisher\":{\"@id\":\"https:\/\/tucuatro.com\/camburpinton\/#organization\"},\"potentialAction\":[{\"@type\":\"SearchAction\",\"target\":{\"@type\":\"EntryPoint\",\"urlTemplate\":\"https:\/\/tucuatro.com\/camburpinton\/?s={search_term_string}\"},\"query-input\":{\"@type\":\"PropertyValueSpecification\",\"valueRequired\":true,\"valueName\":\"search_term_string\"}}],\"inLanguage\":\"es\"},{\"@type\":\"Organization\",\"@id\":\"https:\/\/tucuatro.com\/camburpinton\/#organization\",\"name\":\"CamburPinton\",\"url\":\"https:\/\/tucuatro.com\/camburpinton\/\",\"logo\":{\"@type\":\"ImageObject\",\"inLanguage\":\"es\",\"@id\":\"https:\/\/tucuatro.com\/camburpinton\/#\/schema\/logo\/image\/\",\"url\":\"https:\/\/tucuatro.com\/camburpinton\/wp-content\/uploads\/sites\/5\/2020\/02\/fretboard_icon_black-64px.png\",\"contentUrl\":\"https:\/\/tucuatro.com\/camburpinton\/wp-content\/uploads\/sites\/5\/2020\/02\/fretboard_icon_black-64px.png\",\"width\":64,\"height\":107,\"caption\":\"CamburPinton\"},\"image\":{\"@id\":\"https:\/\/tucuatro.com\/camburpinton\/#\/schema\/logo\/image\/\"}}]}<\/script>\n<!-- \/ Yoast SEO plugin. -->","yoast_head_json":{"title":"Aprende a Tocar el Cuatro - CamburPinton","description":"Aprende a tocar el Cuatro Venezolano con videos y lecciones en internet, entra ahora y aprende d\u00f3nde y c\u00f3mo puedes comenzar a aprender el cuatro.","robots":{"index":"index","follow":"follow","max-snippet":"max-snippet:-1","max-image-preview":"max-image-preview:large","max-video-preview":"max-video-preview:-1"},"canonical":"https:\/\/tucuatro.com\/camburpinton\/aprende-a-tocar\/","og_locale":"es_ES","og_type":"article","og_title":"Aprende a Tocar el Cuatro - CamburPinton","og_description":"Aprende a tocar el Cuatro Venezolano con videos y lecciones en internet, entra ahora y aprende d\u00f3nde y c\u00f3mo puedes comenzar a aprender el cuatro.","og_url":"https:\/\/tucuatro.com\/camburpinton\/aprende-a-tocar\/","og_site_name":"CamburPinton","article_modified_time":"2020-08-29T12:15:33+00:00","twitter_card":"summary_large_image","twitter_misc":{"Tiempo de lectura":"3 minutos"},"schema":{"@context":"https:\/\/schema.org","@graph":[{"@type":"WebPage","@id":"https:\/\/tucuatro.com\/camburpinton\/aprende-a-tocar\/","url":"https:\/\/tucuatro.com\/camburpinton\/aprende-a-tocar\/","name":"Aprende a Tocar el Cuatro - CamburPinton","isPartOf":{"@id":"https:\/\/tucuatro.com\/camburpinton\/#website"},"datePublished":"2008-07-24T18:49:22+00:00","dateModified":"2020-08-29T12:15:33+00:00","description":"Aprende a tocar el Cuatro Venezolano con videos y lecciones en internet, entra ahora y aprende d\u00f3nde y c\u00f3mo puedes comenzar a aprender el cuatro.","breadcrumb":{"@id":"https:\/\/tucuatro.com\/camburpinton\/aprende-a-tocar\/#breadcrumb"},"inLanguage":"es","potentialAction":[{"@type":"ReadAction","target":["https:\/\/tucuatro.com\/camburpinton\/aprende-a-tocar\/"]}]},{"@type":"BreadcrumbList","@id":"https:\/\/tucuatro.com\/camburpinton\/aprende-a-tocar\/#breadcrumb","itemListElement":[{"@type":"ListItem","position":1,"name":"Portada","item":"https:\/\/tucuatro.com\/camburpinton\/"},{"@type":"ListItem","position":2,"name":"Aprende a Tocar el Cuatro"}]},{"@type":"WebSite","@id":"https:\/\/tucuatro.com\/camburpinton\/#website","url":"https:\/\/tucuatro.com\/camburpinton\/","name":"CamburPinton","description":"El blog del Cuatro Venezolano, por TuCuatro","publisher":{"@id":"https:\/\/tucuatro.com\/camburpinton\/#organization"},"potentialAction":[{"@type":"SearchAction","target":{"@type":"EntryPoint","urlTemplate":"https:\/\/tucuatro.com\/camburpinton\/?s={search_term_string}"},"query-input":{"@type":"PropertyValueSpecification","valueRequired":true,"valueName":"search_term_string"}}],"inLanguage":"es"},{"@type":"Organization","@id":"https:\/\/tucuatro.com\/camburpinton\/#organization","name":"CamburPinton","url":"https:\/\/tucuatro.com\/camburpinton\/","logo":{"@type":"ImageObject","inLanguage":"es","@id":"https:\/\/tucuatro.com\/camburpinton\/#\/schema\/logo\/image\/","url":"https:\/\/tucuatro.com\/camburpinton\/wp-content\/uploads\/sites\/5\/2020\/02\/fretboard_icon_black-64px.png","contentUrl":"https:\/\/tucuatro.com\/camburpinton\/wp-content\/uploads\/sites\/5\/2020\/02\/fretboard_icon_black-64px.png","width":64,"height":107,"caption":"CamburPinton"},"image":{"@id":"https:\/\/tucuatro.com\/camburpinton\/#\/schema\/logo\/image\/"}}]}},"_links":{"self":[{"href":"https:\/\/tucuatro.com\/camburpinton\/wp-json\/wp\/v2\/pages\/107","targetHints":{"allow":["GET"]}}],"collection":[{"href":"https:\/\/tucuatro.com\/camburpinton\/wp-json\/wp\/v2\/pages"}],"about":[{"href":"https:\/\/tucuatro.com\/camburpinton\/wp-json\/wp\/v2\/types\/page"}],"author":[{"embeddable":true,"href":"https:\/\/tucuatro.com\/camburpinton\/wp-json\/wp\/v2\/users\/23"}],"replies":[{"embeddable":true,"href":"https:\/\/tucuatro.com\/camburpinton\/wp-json\/wp\/v2\/comments?post=107"}],"version-history":[{"count":0,"href":"https:\/\/tucuatro.com\/camburpinton\/wp-json\/wp\/v2\/pages\/107\/revisions"}],"wp:attachment":[{"href":"https:\/\/tucuatro.com\/camburpinton\/wp-json\/wp\/v2\/media?parent=107"}],"curies":[{"name":"wp","href":"https:\/\/api.w.org\/{rel}","templated":true}]}}