{"id":12632,"date":"2020-08-05T11:55:39","date_gmt":"2020-08-05T15:55:39","guid":{"rendered":"https:\/\/tucuatro.com\/camburpinton\/?page_id=12632"},"modified":"2021-08-07T12:17:27","modified_gmt":"2021-08-07T16:17:27","slug":"miguel-castillo","status":"publish","type":"page","link":"https:\/\/tucuatro.com\/camburpinton\/luthieres-camburpinton\/miguel-castillo\/","title":{"rendered":"Miguel Castillo"},"content":{"rendered":"\n<p>Miguel Castillo es un constructor de cuatro en Alberta, Canada.<\/p>\n\n\n\n<p>\u00abVivo en Calgary y construyo cuatros desde hace 10 a\u00f1os. Este no es mi trabajo principal pero le dedico gran parte de mi tiempo libre. No solamente construy\u00f3 cuatro sino tambi\u00e9n construyo bandolas y guitarras.\u00bb &#8211; Miguel Castillo <\/p>\n\n\n\n<figure class=\"wp-block-gallery columns-4 is-cropped wp-block-gallery-1 is-layout-flex wp-block-gallery-is-layout-flex\"><ul class=\"blocks-gallery-grid\"><li class=\"blocks-gallery-item\"><figure><img fetchpriority=\"high\" decoding=\"async\" width=\"225\" height=\"300\" src=\"https:\/\/tucuatro.com\/wp-content\/uploads\/sites\/5\/2020\/08\/miguel-castillo-cuatro-04-1-225x300.jpg\" alt=\"\" data-id=\"12634\" data-full-url=\"https:\/\/tucuatro.com\/wp-content\/uploads\/sites\/5\/2020\/08\/miguel-castillo-cuatro-04-1.jpg\" data-link=\"https:\/\/tucuatro.com\/camburpinton\/?attachment_id=12634\" class=\"wp-image-12634\" srcset=\"https:\/\/tucuatro.com\/camburpinton\/wp-content\/uploads\/sites\/5\/2020\/08\/miguel-castillo-cuatro-04-1-225x300.jpg 225w, https:\/\/tucuatro.com\/camburpinton\/wp-content\/uploads\/sites\/5\/2020\/08\/miguel-castillo-cuatro-04-1-768x1024.jpg 768w, https:\/\/tucuatro.com\/camburpinton\/wp-content\/uploads\/sites\/5\/2020\/08\/miguel-castillo-cuatro-04-1-1152x1536.jpg 1152w, https:\/\/tucuatro.com\/camburpinton\/wp-content\/uploads\/sites\/5\/2020\/08\/miguel-castillo-cuatro-04-1.jpg 1512w\" sizes=\"(max-width: 225px) 100vw, 225px\" \/><\/figure><\/li><li class=\"blocks-gallery-item\"><figure><img decoding=\"async\" width=\"225\" height=\"300\" src=\"https:\/\/tucuatro.com\/wp-content\/uploads\/sites\/5\/2020\/08\/miguel-castillo-cuatro-03-225x300.jpg\" alt=\"\" data-id=\"12635\" data-full-url=\"https:\/\/tucuatro.com\/wp-content\/uploads\/sites\/5\/2020\/08\/miguel-castillo-cuatro-03.jpg\" data-link=\"https:\/\/tucuatro.com\/camburpinton\/?attachment_id=12635\" class=\"wp-image-12635\" srcset=\"https:\/\/tucuatro.com\/camburpinton\/wp-content\/uploads\/sites\/5\/2020\/08\/miguel-castillo-cuatro-03-225x300.jpg 225w, https:\/\/tucuatro.com\/camburpinton\/wp-content\/uploads\/sites\/5\/2020\/08\/miguel-castillo-cuatro-03-768x1024.jpg 768w, https:\/\/tucuatro.com\/camburpinton\/wp-content\/uploads\/sites\/5\/2020\/08\/miguel-castillo-cuatro-03-1152x1536.jpg 1152w, https:\/\/tucuatro.com\/camburpinton\/wp-content\/uploads\/sites\/5\/2020\/08\/miguel-castillo-cuatro-03.jpg 1512w\" sizes=\"(max-width: 225px) 100vw, 225px\" \/><\/figure><\/li><li class=\"blocks-gallery-item\"><figure><img decoding=\"async\" width=\"225\" height=\"300\" src=\"https:\/\/tucuatro.com\/wp-content\/uploads\/sites\/5\/2020\/08\/miguel-castillo-cuatro-02-225x300.jpg\" alt=\"\" data-id=\"12636\" data-full-url=\"https:\/\/tucuatro.com\/wp-content\/uploads\/sites\/5\/2020\/08\/miguel-castillo-cuatro-02.jpg\" data-link=\"https:\/\/tucuatro.com\/camburpinton\/?attachment_id=12636\" class=\"wp-image-12636\" srcset=\"https:\/\/tucuatro.com\/camburpinton\/wp-content\/uploads\/sites\/5\/2020\/08\/miguel-castillo-cuatro-02-225x300.jpg 225w, https:\/\/tucuatro.com\/camburpinton\/wp-content\/uploads\/sites\/5\/2020\/08\/miguel-castillo-cuatro-02-768x1024.jpg 768w, https:\/\/tucuatro.com\/camburpinton\/wp-content\/uploads\/sites\/5\/2020\/08\/miguel-castillo-cuatro-02-1152x1536.jpg 1152w, https:\/\/tucuatro.com\/camburpinton\/wp-content\/uploads\/sites\/5\/2020\/08\/miguel-castillo-cuatro-02.jpg 1512w\" sizes=\"(max-width: 225px) 100vw, 225px\" \/><\/figure><\/li><li class=\"blocks-gallery-item\"><figure><img loading=\"lazy\" decoding=\"async\" width=\"225\" height=\"300\" src=\"https:\/\/tucuatro.com\/wp-content\/uploads\/sites\/5\/2020\/08\/miguel-castillo-cuatro-01-225x300.jpg\" alt=\"\" data-id=\"12637\" data-full-url=\"https:\/\/tucuatro.com\/wp-content\/uploads\/sites\/5\/2020\/08\/miguel-castillo-cuatro-01.jpg\" data-link=\"https:\/\/tucuatro.com\/camburpinton\/?attachment_id=12637\" class=\"wp-image-12637\" srcset=\"https:\/\/tucuatro.com\/camburpinton\/wp-content\/uploads\/sites\/5\/2020\/08\/miguel-castillo-cuatro-01-225x300.jpg 225w, https:\/\/tucuatro.com\/camburpinton\/wp-content\/uploads\/sites\/5\/2020\/08\/miguel-castillo-cuatro-01-768x1024.jpg 768w, https:\/\/tucuatro.com\/camburpinton\/wp-content\/uploads\/sites\/5\/2020\/08\/miguel-castillo-cuatro-01-1152x1536.jpg 1152w, https:\/\/tucuatro.com\/camburpinton\/wp-content\/uploads\/sites\/5\/2020\/08\/miguel-castillo-cuatro-01.jpg 1512w\" sizes=\"(max-width: 225px) 100vw, 225px\" \/><\/figure><\/li><\/ul><\/figure>\n\n\n\n<h2 class=\"wp-block-heading\">Contactar a Miguel Castillo, Fabricante de Instrumentos<\/h2>\n\n\n\n<p>Si deseas mandar a fabricar un instrumento con Miguel Castillo, puedes hacerlo llenando los siguientes datos en el formulario para poder ponerte en contacto y poder ver el presupuesto estimado para tu nuevo instrumento:<\/p>\n\n\n\n\n\t\t\t\t\t\t<script>\n\t\t\t\t\t\t\twindow.hsFormsOnReady = window.hsFormsOnReady || [];\n\t\t\t\t\t\t\twindow.hsFormsOnReady.push(()=>{\n\t\t\t\t\t\t\t\thbspt.forms.create({\n\t\t\t\t\t\t\t\t\tportalId: 1680233,\n\t\t\t\t\t\t\t\t\tformId: \"63db2acf-5d4c-4ddd-b611-9be8ff9f6d66\",\n\t\t\t\t\t\t\t\t\ttarget: \"#hbspt-form-1777030348000-7577072501\",\n\t\t\t\t\t\t\t\t\tregion: \"\",\n\t\t\t\t\t\t\t\t\t\n\t\t\t\t\t\t\t})});\n\t\t\t\t\t\t<\/script>\n\t\t\t\t\t\t<div class=\"hbspt-form\" id=\"hbspt-form-1777030348000-7577072501\"><\/div>\n","protected":false},"excerpt":{"rendered":"<p>Miguel Castillo es un constructor de cuatro en Alberta, Canada. \u00abVivo en Calgary y construyo cuatros desde hace 10 a\u00f1os. Este no es mi trabajo principal pero le dedico gran parte de mi tiempo libre. No solamente construy\u00f3 cuatro sino tambi\u00e9n construyo bandolas y guitarras.\u00bb &#8211; Miguel Castillo Contactar a Miguel Castillo, Fabricante de Instrumentos [&hellip;]<\/p>\n","protected":false},"author":1,"featured_media":0,"parent":3493,"menu_order":0,"comment_status":"closed","ping_status":"closed","template":"","meta":{"content-type":"","footnotes":""},"class_list":["post-12632","page","type-page","status-publish","hentry"],"yoast_head":"<!-- This site is optimized with the Yoast SEO plugin v27.2 - https:\/\/yoast.com\/product\/yoast-seo-wordpress\/ -->\n<title>Miguel Castillo, Calgary Canada - Luthier de Instrumentos Musicales<\/title>\n<meta name=\"description\" content=\"Miguel Castillo construye instrumentos desde Calgary, Canada y los ofrece a sus clientes. Revisa la galeria de instrumentos en..\" \/>\n<meta name=\"robots\" content=\"index, follow, max-snippet:-1, max-image-preview:large, max-video-preview:-1\" \/>\n<link rel=\"canonical\" href=\"https:\/\/tucuatro.com\/camburpinton\/luthieres-camburpinton\/miguel-castillo\/\" \/>\n<meta property=\"og:locale\" content=\"es_ES\" \/>\n<meta property=\"og:type\" content=\"article\" \/>\n<meta property=\"og:title\" content=\"Miguel Castillo, Calgary Canada - Luthier de Instrumentos Musicales\" \/>\n<meta property=\"og:description\" content=\"Miguel Castillo construye instrumentos desde Calgary, Canada y los ofrece a sus clientes. Revisa la galeria de instrumentos en..\" \/>\n<meta property=\"og:url\" content=\"https:\/\/tucuatro.com\/camburpinton\/luthieres-camburpinton\/miguel-castillo\/\" \/>\n<meta property=\"og:site_name\" content=\"CamburPinton\" \/>\n<meta property=\"article:modified_time\" content=\"2021-08-07T16:17:27+00:00\" \/>\n<meta property=\"og:image\" content=\"https:\/\/tucuatro.com\/wp-content\/uploads\/sites\/5\/2020\/08\/miguel-castillo-cuatro-04-1-225x300.jpg\" \/>\n<meta name=\"twitter:card\" content=\"summary_large_image\" \/>\n<meta name=\"twitter:label1\" content=\"Tiempo de lectura\" \/>\n\t<meta name=\"twitter:data1\" content=\"2 minutos\" \/>\n<script type=\"application\/ld+json\" class=\"yoast-schema-graph\">{\"@context\":\"https:\/\/schema.org\",\"@graph\":[{\"@type\":\"WebPage\",\"@id\":\"https:\/\/tucuatro.com\/camburpinton\/luthieres-camburpinton\/miguel-castillo\/\",\"url\":\"https:\/\/tucuatro.com\/camburpinton\/luthieres-camburpinton\/miguel-castillo\/\",\"name\":\"Miguel Castillo, Calgary Canada - Luthier de Instrumentos Musicales\",\"isPartOf\":{\"@id\":\"https:\/\/tucuatro.com\/camburpinton\/#website\"},\"primaryImageOfPage\":{\"@id\":\"https:\/\/tucuatro.com\/camburpinton\/luthieres-camburpinton\/miguel-castillo\/#primaryimage\"},\"image\":{\"@id\":\"https:\/\/tucuatro.com\/camburpinton\/luthieres-camburpinton\/miguel-castillo\/#primaryimage\"},\"thumbnailUrl\":\"https:\/\/tucuatro.com\/wp-content\/uploads\/sites\/5\/2020\/08\/miguel-castillo-cuatro-04-1-225x300.jpg\",\"datePublished\":\"2020-08-05T15:55:39+00:00\",\"dateModified\":\"2021-08-07T16:17:27+00:00\",\"description\":\"Miguel Castillo construye instrumentos desde Calgary, Canada y los ofrece a sus clientes. Revisa la galeria de instrumentos en..\",\"breadcrumb\":{\"@id\":\"https:\/\/tucuatro.com\/camburpinton\/luthieres-camburpinton\/miguel-castillo\/#breadcrumb\"},\"inLanguage\":\"es\",\"potentialAction\":[{\"@type\":\"ReadAction\",\"target\":[\"https:\/\/tucuatro.com\/camburpinton\/luthieres-camburpinton\/miguel-castillo\/\"]}]},{\"@type\":\"ImageObject\",\"inLanguage\":\"es\",\"@id\":\"https:\/\/tucuatro.com\/camburpinton\/luthieres-camburpinton\/miguel-castillo\/#primaryimage\",\"url\":\"https:\/\/tucuatro.com\/wp-content\/uploads\/sites\/5\/2020\/08\/miguel-castillo-cuatro-04-1-225x300.jpg\",\"contentUrl\":\"https:\/\/tucuatro.com\/wp-content\/uploads\/sites\/5\/2020\/08\/miguel-castillo-cuatro-04-1-225x300.jpg\"},{\"@type\":\"BreadcrumbList\",\"@id\":\"https:\/\/tucuatro.com\/camburpinton\/luthieres-camburpinton\/miguel-castillo\/#breadcrumb\",\"itemListElement\":[{\"@type\":\"ListItem\",\"position\":1,\"name\":\"Portada\",\"item\":\"https:\/\/tucuatro.com\/camburpinton\/\"},{\"@type\":\"ListItem\",\"position\":2,\"name\":\"Luthieres de Cuatro en Venezuela, Colombia y el mundo\",\"item\":\"https:\/\/tucuatro.com\/camburpinton\/luthieres-camburpinton\/\"},{\"@type\":\"ListItem\",\"position\":3,\"name\":\"Miguel Castillo\"}]},{\"@type\":\"WebSite\",\"@id\":\"https:\/\/tucuatro.com\/camburpinton\/#website\",\"url\":\"https:\/\/tucuatro.com\/camburpinton\/\",\"name\":\"CamburPinton\",\"description\":\"El blog del Cuatro Venezolano, por TuCuatro\",\"publisher\":{\"@id\":\"https:\/\/tucuatro.com\/camburpinton\/#organization\"},\"potentialAction\":[{\"@type\":\"SearchAction\",\"target\":{\"@type\":\"EntryPoint\",\"urlTemplate\":\"https:\/\/tucuatro.com\/camburpinton\/?s={search_term_string}\"},\"query-input\":{\"@type\":\"PropertyValueSpecification\",\"valueRequired\":true,\"valueName\":\"search_term_string\"}}],\"inLanguage\":\"es\"},{\"@type\":\"Organization\",\"@id\":\"https:\/\/tucuatro.com\/camburpinton\/#organization\",\"name\":\"CamburPinton\",\"url\":\"https:\/\/tucuatro.com\/camburpinton\/\",\"logo\":{\"@type\":\"ImageObject\",\"inLanguage\":\"es\",\"@id\":\"https:\/\/tucuatro.com\/camburpinton\/#\/schema\/logo\/image\/\",\"url\":\"https:\/\/tucuatro.com\/camburpinton\/wp-content\/uploads\/sites\/5\/2020\/02\/fretboard_icon_black-64px.png\",\"contentUrl\":\"https:\/\/tucuatro.com\/camburpinton\/wp-content\/uploads\/sites\/5\/2020\/02\/fretboard_icon_black-64px.png\",\"width\":64,\"height\":107,\"caption\":\"CamburPinton\"},\"image\":{\"@id\":\"https:\/\/tucuatro.com\/camburpinton\/#\/schema\/logo\/image\/\"}}]}<\/script>\n<!-- \/ Yoast SEO plugin. -->","yoast_head_json":{"title":"Miguel Castillo, Calgary Canada - Luthier de Instrumentos Musicales","description":"Miguel Castillo construye instrumentos desde Calgary, Canada y los ofrece a sus clientes. Revisa la galeria de instrumentos en..","robots":{"index":"index","follow":"follow","max-snippet":"max-snippet:-1","max-image-preview":"max-image-preview:large","max-video-preview":"max-video-preview:-1"},"canonical":"https:\/\/tucuatro.com\/camburpinton\/luthieres-camburpinton\/miguel-castillo\/","og_locale":"es_ES","og_type":"article","og_title":"Miguel Castillo, Calgary Canada - Luthier de Instrumentos Musicales","og_description":"Miguel Castillo construye instrumentos desde Calgary, Canada y los ofrece a sus clientes. Revisa la galeria de instrumentos en..","og_url":"https:\/\/tucuatro.com\/camburpinton\/luthieres-camburpinton\/miguel-castillo\/","og_site_name":"CamburPinton","article_modified_time":"2021-08-07T16:17:27+00:00","og_image":[{"url":"https:\/\/tucuatro.com\/wp-content\/uploads\/sites\/5\/2020\/08\/miguel-castillo-cuatro-04-1-225x300.jpg","type":"","width":"","height":""}],"twitter_card":"summary_large_image","twitter_misc":{"Tiempo de lectura":"2 minutos"},"schema":{"@context":"https:\/\/schema.org","@graph":[{"@type":"WebPage","@id":"https:\/\/tucuatro.com\/camburpinton\/luthieres-camburpinton\/miguel-castillo\/","url":"https:\/\/tucuatro.com\/camburpinton\/luthieres-camburpinton\/miguel-castillo\/","name":"Miguel Castillo, Calgary Canada - Luthier de Instrumentos Musicales","isPartOf":{"@id":"https:\/\/tucuatro.com\/camburpinton\/#website"},"primaryImageOfPage":{"@id":"https:\/\/tucuatro.com\/camburpinton\/luthieres-camburpinton\/miguel-castillo\/#primaryimage"},"image":{"@id":"https:\/\/tucuatro.com\/camburpinton\/luthieres-camburpinton\/miguel-castillo\/#primaryimage"},"thumbnailUrl":"https:\/\/tucuatro.com\/wp-content\/uploads\/sites\/5\/2020\/08\/miguel-castillo-cuatro-04-1-225x300.jpg","datePublished":"2020-08-05T15:55:39+00:00","dateModified":"2021-08-07T16:17:27+00:00","description":"Miguel Castillo construye instrumentos desde Calgary, Canada y los ofrece a sus clientes. Revisa la galeria de instrumentos en..","breadcrumb":{"@id":"https:\/\/tucuatro.com\/camburpinton\/luthieres-camburpinton\/miguel-castillo\/#breadcrumb"},"inLanguage":"es","potentialAction":[{"@type":"ReadAction","target":["https:\/\/tucuatro.com\/camburpinton\/luthieres-camburpinton\/miguel-castillo\/"]}]},{"@type":"ImageObject","inLanguage":"es","@id":"https:\/\/tucuatro.com\/camburpinton\/luthieres-camburpinton\/miguel-castillo\/#primaryimage","url":"https:\/\/tucuatro.com\/wp-content\/uploads\/sites\/5\/2020\/08\/miguel-castillo-cuatro-04-1-225x300.jpg","contentUrl":"https:\/\/tucuatro.com\/wp-content\/uploads\/sites\/5\/2020\/08\/miguel-castillo-cuatro-04-1-225x300.jpg"},{"@type":"BreadcrumbList","@id":"https:\/\/tucuatro.com\/camburpinton\/luthieres-camburpinton\/miguel-castillo\/#breadcrumb","itemListElement":[{"@type":"ListItem","position":1,"name":"Portada","item":"https:\/\/tucuatro.com\/camburpinton\/"},{"@type":"ListItem","position":2,"name":"Luthieres de Cuatro en Venezuela, Colombia y el mundo","item":"https:\/\/tucuatro.com\/camburpinton\/luthieres-camburpinton\/"},{"@type":"ListItem","position":3,"name":"Miguel Castillo"}]},{"@type":"WebSite","@id":"https:\/\/tucuatro.com\/camburpinton\/#website","url":"https:\/\/tucuatro.com\/camburpinton\/","name":"CamburPinton","description":"El blog del Cuatro Venezolano, por TuCuatro","publisher":{"@id":"https:\/\/tucuatro.com\/camburpinton\/#organization"},"potentialAction":[{"@type":"SearchAction","target":{"@type":"EntryPoint","urlTemplate":"https:\/\/tucuatro.com\/camburpinton\/?s={search_term_string}"},"query-input":{"@type":"PropertyValueSpecification","valueRequired":true,"valueName":"search_term_string"}}],"inLanguage":"es"},{"@type":"Organization","@id":"https:\/\/tucuatro.com\/camburpinton\/#organization","name":"CamburPinton","url":"https:\/\/tucuatro.com\/camburpinton\/","logo":{"@type":"ImageObject","inLanguage":"es","@id":"https:\/\/tucuatro.com\/camburpinton\/#\/schema\/logo\/image\/","url":"https:\/\/tucuatro.com\/camburpinton\/wp-content\/uploads\/sites\/5\/2020\/02\/fretboard_icon_black-64px.png","contentUrl":"https:\/\/tucuatro.com\/camburpinton\/wp-content\/uploads\/sites\/5\/2020\/02\/fretboard_icon_black-64px.png","width":64,"height":107,"caption":"CamburPinton"},"image":{"@id":"https:\/\/tucuatro.com\/camburpinton\/#\/schema\/logo\/image\/"}}]}},"_links":{"self":[{"href":"https:\/\/tucuatro.com\/camburpinton\/wp-json\/wp\/v2\/pages\/12632","targetHints":{"allow":["GET"]}}],"collection":[{"href":"https:\/\/tucuatro.com\/camburpinton\/wp-json\/wp\/v2\/pages"}],"about":[{"href":"https:\/\/tucuatro.com\/camburpinton\/wp-json\/wp\/v2\/types\/page"}],"author":[{"embeddable":true,"href":"https:\/\/tucuatro.com\/camburpinton\/wp-json\/wp\/v2\/users\/1"}],"replies":[{"embeddable":true,"href":"https:\/\/tucuatro.com\/camburpinton\/wp-json\/wp\/v2\/comments?post=12632"}],"version-history":[{"count":0,"href":"https:\/\/tucuatro.com\/camburpinton\/wp-json\/wp\/v2\/pages\/12632\/revisions"}],"up":[{"embeddable":true,"href":"https:\/\/tucuatro.com\/camburpinton\/wp-json\/wp\/v2\/pages\/3493"}],"wp:attachment":[{"href":"https:\/\/tucuatro.com\/camburpinton\/wp-json\/wp\/v2\/media?parent=12632"}],"curies":[{"name":"wp","href":"https:\/\/api.w.org\/{rel}","templated":true}]}}