{"id":1609,"date":"2020-07-04T13:15:10","date_gmt":"2020-07-04T17:15:10","guid":{"rendered":"https:\/\/tucuatro.com\/camburpinton\/?page_id=1609"},"modified":"2020-08-16T21:20:24","modified_gmt":"2020-08-17T01:20:24","slug":"musica-venezolana","status":"publish","type":"page","link":"https:\/\/tucuatro.com\/camburpinton\/musica-venezolana\/","title":{"rendered":"La m\u00fasica venezolana y el camburpinton"},"content":{"rendered":"\n<p>Para los venezolanos, la m\u00fasica venezolana representa nuestra identidad al nivel m\u00e1s profundo que se pueda imaginar. Nuestra mezcla durante la historia de venezuela es tan interesante que, a pesar de que hay diversos ritmos que provienen de nuestra asendencia negra, ind\u00edgena, espa\u00f1ola y de los cientos de miles de immigrantes que han pisado Venezuela, podemos todos encontrarnos en un punto com\u00fan y disfrutar de algo que nos une m\u00e1s all\u00e1 de las fronteras: <strong>La m\u00fasica venezolana<\/strong>.<\/p>\n\n\n\n<p>Lo que se entiende por m\u00fasica venezolana, es un g\u00e9nero espec\u00edfico de la m\u00fasica sur americana llamado el Joropo. En Venezuela lo hemos hecho tan profundamente cercano a nuestra cultura que, a pesar que este g\u00e9nero se toca en otros pa\u00edses como Colombia, insistimos en llamarlo \u00abm\u00fasica venezolana\u00bb a viva voz, sin dudar por un instante que esta m\u00fasica nos pertenece tanto como nos pertenece nuestro cuerpo entero.<\/p>\n\n\n\n<figure class=\"wp-block-embed-youtube wp-block-embed is-type-video is-provider-youtube wp-embed-aspect-4-3 wp-has-aspect-ratio\"><div class=\"wp-block-embed__wrapper\">\n<iframe title=\"Musica Llanera Venezuela\" width=\"800\" height=\"600\" src=\"https:\/\/www.youtube.com\/embed\/5nh1jsklX3k?feature=oembed\" frameborder=\"0\" allow=\"accelerometer; autoplay; encrypted-media; gyroscope; picture-in-picture\" allowfullscreen><\/iframe>\n<\/div><\/figure>\n\n\n\n<p>Sin embargo, el joropo no es el \u00fanico g\u00e9nero que el venezolano siente como suyo a todo coraz\u00f3n. Tambi\u00e9n hay otro g\u00e9nero musical del cual nos apropiamos cada temporada decembrina y lo cantamos a toda voz durante los \u00faltimos meses del a\u00f1o: <strong>La Gaita Zuliana<\/strong>.<\/p>\n\n\n\n<h2 class=\"wp-block-heading\">La m\u00fasica Venezolana se expande<\/h2>\n\n\n\n<p>La Gaita, un g\u00e9nero musical de Maracaibo, Estado Zulia, Venezuela, se vuelve la m\u00fasica de todo un pa\u00eds de Octubre a Diciembre, cuando las familias comienzan a reunirse para prepararse para las festividades de fin de a\u00f1o y en las casas se colocan los discos de gaitas de Maracaibo 15, Pillopo,  Gran Coquivacoa, Guaco, Cardenales del \u00e9xito y las muchas otras agrupaciones que han grabado discos de gaita durante la historia del g\u00e9nero musical.<\/p>\n\n\n\n<p>El Tambor de la costa, un g\u00e9nero que viene de la mezcla con la cultura africana, hace bailar a m\u00e1s de un venezolano o venezolana en cualquier fiesta. <\/p>\n\n\n\n<p>El Calipso, desde el otro lado del pa\u00eds, tambi\u00e9n nos mueve el coraz\u00f3n en cierta manera, porque sabemos que es una m\u00fasica de nuestra tierra, a pesar de que no es tan escuchada como los otros g\u00e9neros.<\/p>\n\n\n\n<h2 class=\"wp-block-heading\">El Cuatro y la m\u00fasica venezolana<\/h2>\n\n\n\n<p>La mayor\u00eda de estos g\u00e9neros que consideramos venezolanos llevan algo que consideramos a\u00fan m\u00e1s venezolano por encima de todo: El sonido del camburpinton del Cuatro. Este instrumento levanta todas las pasiones para un venezolano, sea que lo sepa tocar o sea que <a href=\"\/aprende\/cursos\">no tenga idea de c\u00f3mo se toca<\/a>. El Cuatro es considerado como el instrumento nacional de Venezuela y es tanto lo que se siente como propio que m\u00e1s de un venezolano se arriesga a negar que el cuatro se pueda tocar y pertenezca a otras tierras como la colombiana, o como Trinidad y Tobago, donde no s\u00f3lo se ejecuta para la m\u00fasica tradicional de cada uno de esos pa\u00edses sino que se considera como un instrumento t\u00edpico del pa\u00eds en cuesti\u00f3n.<\/p>\n\n\n\n<p>El Cuatro, instrumento al que arriesgadamente le decimos \u00abEl Cuatro Venezolano\u00bb, es sin duda la representaci\u00f3n m\u00e1s importante de esa cultura que se ha creado en este singular pa\u00eds y en cada uno de los corazones del venezolano y en lo que conocemos, por la mezcla de g\u00e9neros que se tocan con este instrumento, como m\u00fasica venezolana. <\/p>\n\n\n\n<p>\u00bfTienes tu Cuatro y no sabes como usarlo? <a href=\"https:\/\/tucuatro.com\/camburpinton\/como-afinar-un-cuatro\/\">Aprende primero a afinar el cuatro aqu\u00ed<\/a><\/p>\n\n\n\n<h2 class=\"wp-block-heading\">Hasta donde llega la m\u00fasica venezolana<\/h2>\n\n\n\n<p>No importa donde se encuentre el venezolano, sea en Norte Am\u00e9rica, Europa o hasta en China, siempre le acompa\u00f1ar\u00e1 ese sentimiento de arraigo por la m\u00fasica venezolana. Un joropo tocado en horas de la madrugada siempre hace derramar l\u00e1grimas a qui\u00e9n lo escucha desde un rinc\u00f3n lejano del planeta, o una gaita de esas tradicionales hace levantar el tel\u00e9fono a m\u00e1s de uno a las doce de la noche de un fin de a\u00f1o para tratar de contactar a los familiares que se encuentran lejos.<\/p>\n\n\n\n<p><a href=\"https:\/\/tucuatro.com\/camburpinton\/todo-lo-que-debes-saber-sobre-la-musica-venezolana\/\">Para el venezolano<\/a>, lo m\u00e1s importante es que, a pesar de que estos g\u00e9neros musicales, y otros como el Calipso, el Tambor, el Vals, entre otros, podr\u00edamos considerarlos \u00abprestados\u00bb de otras culturas, o de or\u00edgen diferente al venezolano, lo importante es que los llevamos muy dentro en el coraz\u00f3n y los apropiamos a un punto donde es indiscutible que todos ellos representan lo que somos como pa\u00eds: una mezcla rica de culturas, tradiciones, immigraci\u00f3n de m\u00faltiples generaciones, recetas culinarias y formas de ser tan variadas como lo es nuestro gusto por la m\u00fasica. Todo ello representa lo que el venezolano lleva en lo profundo de su ser, y con ello lleva tambi\u00e9n, donde sea que est\u00e9, lo que lo hace recordar su escencia en todo momento: La m\u00fasica venezolana.<\/p>\n\n\n\n<p>Sigue leyendo m\u00e1s:<\/p>\n\n\n<ul class=\"wp-block-latest-posts__list wp-block-latest-posts\"><\/ul>","protected":false},"excerpt":{"rendered":"<p>Falta s\u00f3lo un paso para que comiences a recibir nuestra valiosa informaci\u00f3n acerca del cuatro venezolano directamente en tu e-mail. <\/p>\n<p>Ingresa ahora, abre nuestro correo de confirmaci\u00f3n y dale click al link que te hemos suministrado, as\u00ed confirmaremos que realmente eres tu qui\u00e9n introduce la direcci\u00f3n de e-mail correspondiente<\/p>\n","protected":false},"author":23,"featured_media":10900,"parent":0,"menu_order":0,"comment_status":"open","ping_status":"closed","template":"","meta":{"content-type":"","footnotes":""},"class_list":["post-1609","page","type-page","status-publish","has-post-thumbnail","hentry"],"yoast_head":"<!-- This site is optimized with the Yoast SEO plugin v27.2 - https:\/\/yoast.com\/product\/yoast-seo-wordpress\/ -->\n<title>La m\u00fasica venezolana y el camburpinton - CamburPinton<\/title>\n<meta name=\"description\" content=\"Aprende todo acerca de la m\u00fasica venezolana y el sonido m\u00e1s importante que la identifica, el camburpinton del cuatro venezolano.\" \/>\n<meta name=\"robots\" content=\"index, follow, max-snippet:-1, max-image-preview:large, max-video-preview:-1\" \/>\n<link rel=\"canonical\" href=\"https:\/\/tucuatro.com\/camburpinton\/musica-venezolana\/\" \/>\n<meta property=\"og:locale\" content=\"es_ES\" \/>\n<meta property=\"og:type\" content=\"article\" \/>\n<meta property=\"og:title\" content=\"La m\u00fasica venezolana y el camburpinton - CamburPinton\" \/>\n<meta property=\"og:description\" content=\"Aprende todo acerca de la m\u00fasica venezolana y el sonido m\u00e1s importante que la identifica, el camburpinton del cuatro venezolano.\" \/>\n<meta property=\"og:url\" content=\"https:\/\/tucuatro.com\/camburpinton\/musica-venezolana\/\" \/>\n<meta property=\"og:site_name\" content=\"CamburPinton\" \/>\n<meta property=\"article:modified_time\" content=\"2020-08-17T01:20:24+00:00\" \/>\n<meta property=\"og:image\" content=\"https:\/\/tucuatro.com\/camburpinton\/wp-content\/uploads\/sites\/5\/2020\/02\/musica-venezolana-bandera-venezuela.jpg\" \/>\n\t<meta property=\"og:image:width\" content=\"1200\" \/>\n\t<meta property=\"og:image:height\" content=\"628\" \/>\n\t<meta property=\"og:image:type\" content=\"image\/jpeg\" \/>\n<meta name=\"twitter:card\" content=\"summary_large_image\" \/>\n<meta name=\"twitter:label1\" content=\"Tiempo de lectura\" \/>\n\t<meta name=\"twitter:data1\" content=\"4 minutos\" \/>\n<script type=\"application\/ld+json\" class=\"yoast-schema-graph\">{\"@context\":\"https:\/\/schema.org\",\"@graph\":[{\"@type\":\"WebPage\",\"@id\":\"https:\/\/tucuatro.com\/camburpinton\/musica-venezolana\/\",\"url\":\"https:\/\/tucuatro.com\/camburpinton\/musica-venezolana\/\",\"name\":\"La m\u00fasica venezolana y el camburpinton - CamburPinton\",\"isPartOf\":{\"@id\":\"https:\/\/tucuatro.com\/camburpinton\/#website\"},\"primaryImageOfPage\":{\"@id\":\"https:\/\/tucuatro.com\/camburpinton\/musica-venezolana\/#primaryimage\"},\"image\":{\"@id\":\"https:\/\/tucuatro.com\/camburpinton\/musica-venezolana\/#primaryimage\"},\"thumbnailUrl\":\"https:\/\/tucuatro.com\/camburpinton\/wp-content\/uploads\/sites\/5\/2020\/02\/musica-venezolana-bandera-venezuela.jpg\",\"datePublished\":\"2020-07-04T17:15:10+00:00\",\"dateModified\":\"2020-08-17T01:20:24+00:00\",\"description\":\"Aprende todo acerca de la m\u00fasica venezolana y el sonido m\u00e1s importante que la identifica, el camburpinton del cuatro venezolano.\",\"breadcrumb\":{\"@id\":\"https:\/\/tucuatro.com\/camburpinton\/musica-venezolana\/#breadcrumb\"},\"inLanguage\":\"es\",\"potentialAction\":[{\"@type\":\"ReadAction\",\"target\":[\"https:\/\/tucuatro.com\/camburpinton\/musica-venezolana\/\"]}]},{\"@type\":\"ImageObject\",\"inLanguage\":\"es\",\"@id\":\"https:\/\/tucuatro.com\/camburpinton\/musica-venezolana\/#primaryimage\",\"url\":\"https:\/\/tucuatro.com\/camburpinton\/wp-content\/uploads\/sites\/5\/2020\/02\/musica-venezolana-bandera-venezuela.jpg\",\"contentUrl\":\"https:\/\/tucuatro.com\/camburpinton\/wp-content\/uploads\/sites\/5\/2020\/02\/musica-venezolana-bandera-venezuela.jpg\",\"width\":1200,\"height\":628},{\"@type\":\"BreadcrumbList\",\"@id\":\"https:\/\/tucuatro.com\/camburpinton\/musica-venezolana\/#breadcrumb\",\"itemListElement\":[{\"@type\":\"ListItem\",\"position\":1,\"name\":\"Portada\",\"item\":\"https:\/\/tucuatro.com\/camburpinton\/\"},{\"@type\":\"ListItem\",\"position\":2,\"name\":\"La m\u00fasica venezolana y el camburpinton\"}]},{\"@type\":\"WebSite\",\"@id\":\"https:\/\/tucuatro.com\/camburpinton\/#website\",\"url\":\"https:\/\/tucuatro.com\/camburpinton\/\",\"name\":\"CamburPinton\",\"description\":\"El blog del Cuatro Venezolano, por TuCuatro\",\"publisher\":{\"@id\":\"https:\/\/tucuatro.com\/camburpinton\/#organization\"},\"potentialAction\":[{\"@type\":\"SearchAction\",\"target\":{\"@type\":\"EntryPoint\",\"urlTemplate\":\"https:\/\/tucuatro.com\/camburpinton\/?s={search_term_string}\"},\"query-input\":{\"@type\":\"PropertyValueSpecification\",\"valueRequired\":true,\"valueName\":\"search_term_string\"}}],\"inLanguage\":\"es\"},{\"@type\":\"Organization\",\"@id\":\"https:\/\/tucuatro.com\/camburpinton\/#organization\",\"name\":\"CamburPinton\",\"url\":\"https:\/\/tucuatro.com\/camburpinton\/\",\"logo\":{\"@type\":\"ImageObject\",\"inLanguage\":\"es\",\"@id\":\"https:\/\/tucuatro.com\/camburpinton\/#\/schema\/logo\/image\/\",\"url\":\"https:\/\/tucuatro.com\/camburpinton\/wp-content\/uploads\/sites\/5\/2020\/02\/fretboard_icon_black-64px.png\",\"contentUrl\":\"https:\/\/tucuatro.com\/camburpinton\/wp-content\/uploads\/sites\/5\/2020\/02\/fretboard_icon_black-64px.png\",\"width\":64,\"height\":107,\"caption\":\"CamburPinton\"},\"image\":{\"@id\":\"https:\/\/tucuatro.com\/camburpinton\/#\/schema\/logo\/image\/\"}}]}<\/script>\n<!-- \/ Yoast SEO plugin. -->","yoast_head_json":{"title":"La m\u00fasica venezolana y el camburpinton - CamburPinton","description":"Aprende todo acerca de la m\u00fasica venezolana y el sonido m\u00e1s importante que la identifica, el camburpinton del cuatro venezolano.","robots":{"index":"index","follow":"follow","max-snippet":"max-snippet:-1","max-image-preview":"max-image-preview:large","max-video-preview":"max-video-preview:-1"},"canonical":"https:\/\/tucuatro.com\/camburpinton\/musica-venezolana\/","og_locale":"es_ES","og_type":"article","og_title":"La m\u00fasica venezolana y el camburpinton - CamburPinton","og_description":"Aprende todo acerca de la m\u00fasica venezolana y el sonido m\u00e1s importante que la identifica, el camburpinton del cuatro venezolano.","og_url":"https:\/\/tucuatro.com\/camburpinton\/musica-venezolana\/","og_site_name":"CamburPinton","article_modified_time":"2020-08-17T01:20:24+00:00","og_image":[{"width":1200,"height":628,"url":"https:\/\/tucuatro.com\/camburpinton\/wp-content\/uploads\/sites\/5\/2020\/02\/musica-venezolana-bandera-venezuela.jpg","type":"image\/jpeg"}],"twitter_card":"summary_large_image","twitter_misc":{"Tiempo de lectura":"4 minutos"},"schema":{"@context":"https:\/\/schema.org","@graph":[{"@type":"WebPage","@id":"https:\/\/tucuatro.com\/camburpinton\/musica-venezolana\/","url":"https:\/\/tucuatro.com\/camburpinton\/musica-venezolana\/","name":"La m\u00fasica venezolana y el camburpinton - CamburPinton","isPartOf":{"@id":"https:\/\/tucuatro.com\/camburpinton\/#website"},"primaryImageOfPage":{"@id":"https:\/\/tucuatro.com\/camburpinton\/musica-venezolana\/#primaryimage"},"image":{"@id":"https:\/\/tucuatro.com\/camburpinton\/musica-venezolana\/#primaryimage"},"thumbnailUrl":"https:\/\/tucuatro.com\/camburpinton\/wp-content\/uploads\/sites\/5\/2020\/02\/musica-venezolana-bandera-venezuela.jpg","datePublished":"2020-07-04T17:15:10+00:00","dateModified":"2020-08-17T01:20:24+00:00","description":"Aprende todo acerca de la m\u00fasica venezolana y el sonido m\u00e1s importante que la identifica, el camburpinton del cuatro venezolano.","breadcrumb":{"@id":"https:\/\/tucuatro.com\/camburpinton\/musica-venezolana\/#breadcrumb"},"inLanguage":"es","potentialAction":[{"@type":"ReadAction","target":["https:\/\/tucuatro.com\/camburpinton\/musica-venezolana\/"]}]},{"@type":"ImageObject","inLanguage":"es","@id":"https:\/\/tucuatro.com\/camburpinton\/musica-venezolana\/#primaryimage","url":"https:\/\/tucuatro.com\/camburpinton\/wp-content\/uploads\/sites\/5\/2020\/02\/musica-venezolana-bandera-venezuela.jpg","contentUrl":"https:\/\/tucuatro.com\/camburpinton\/wp-content\/uploads\/sites\/5\/2020\/02\/musica-venezolana-bandera-venezuela.jpg","width":1200,"height":628},{"@type":"BreadcrumbList","@id":"https:\/\/tucuatro.com\/camburpinton\/musica-venezolana\/#breadcrumb","itemListElement":[{"@type":"ListItem","position":1,"name":"Portada","item":"https:\/\/tucuatro.com\/camburpinton\/"},{"@type":"ListItem","position":2,"name":"La m\u00fasica venezolana y el camburpinton"}]},{"@type":"WebSite","@id":"https:\/\/tucuatro.com\/camburpinton\/#website","url":"https:\/\/tucuatro.com\/camburpinton\/","name":"CamburPinton","description":"El blog del Cuatro Venezolano, por TuCuatro","publisher":{"@id":"https:\/\/tucuatro.com\/camburpinton\/#organization"},"potentialAction":[{"@type":"SearchAction","target":{"@type":"EntryPoint","urlTemplate":"https:\/\/tucuatro.com\/camburpinton\/?s={search_term_string}"},"query-input":{"@type":"PropertyValueSpecification","valueRequired":true,"valueName":"search_term_string"}}],"inLanguage":"es"},{"@type":"Organization","@id":"https:\/\/tucuatro.com\/camburpinton\/#organization","name":"CamburPinton","url":"https:\/\/tucuatro.com\/camburpinton\/","logo":{"@type":"ImageObject","inLanguage":"es","@id":"https:\/\/tucuatro.com\/camburpinton\/#\/schema\/logo\/image\/","url":"https:\/\/tucuatro.com\/camburpinton\/wp-content\/uploads\/sites\/5\/2020\/02\/fretboard_icon_black-64px.png","contentUrl":"https:\/\/tucuatro.com\/camburpinton\/wp-content\/uploads\/sites\/5\/2020\/02\/fretboard_icon_black-64px.png","width":64,"height":107,"caption":"CamburPinton"},"image":{"@id":"https:\/\/tucuatro.com\/camburpinton\/#\/schema\/logo\/image\/"}}]}},"_links":{"self":[{"href":"https:\/\/tucuatro.com\/camburpinton\/wp-json\/wp\/v2\/pages\/1609","targetHints":{"allow":["GET"]}}],"collection":[{"href":"https:\/\/tucuatro.com\/camburpinton\/wp-json\/wp\/v2\/pages"}],"about":[{"href":"https:\/\/tucuatro.com\/camburpinton\/wp-json\/wp\/v2\/types\/page"}],"author":[{"embeddable":true,"href":"https:\/\/tucuatro.com\/camburpinton\/wp-json\/wp\/v2\/users\/23"}],"replies":[{"embeddable":true,"href":"https:\/\/tucuatro.com\/camburpinton\/wp-json\/wp\/v2\/comments?post=1609"}],"version-history":[{"count":0,"href":"https:\/\/tucuatro.com\/camburpinton\/wp-json\/wp\/v2\/pages\/1609\/revisions"}],"wp:featuredmedia":[{"embeddable":true,"href":"https:\/\/tucuatro.com\/camburpinton\/wp-json\/wp\/v2\/media\/10900"}],"wp:attachment":[{"href":"https:\/\/tucuatro.com\/camburpinton\/wp-json\/wp\/v2\/media?parent=1609"}],"curies":[{"name":"wp","href":"https:\/\/api.w.org\/{rel}","templated":true}]}}