{"id":2690,"date":"2011-10-07T15:52:53","date_gmt":"2011-10-07T20:22:53","guid":{"rendered":"https:\/\/tucuatro.com\/camburpinton\/?page_id=2690"},"modified":"2020-02-21T21:30:55","modified_gmt":"2020-02-22T01:30:55","slug":"videos-de-cuatristas","status":"publish","type":"page","link":"https:\/\/tucuatro.com\/camburpinton\/videos-de-cuatristas\/","title":{"rendered":"Videos de Cuatristas Instrumentales"},"content":{"rendered":"\n<h2 class=\"wp-block-heading\">Cuatristas Instrumentales<\/h2>\n\n\n\n<p>Del\u00e9itate&nbsp;con&nbsp;nuestra selecci\u00f3n de videos de cuatristas instrumentales. Cada cierto tiempo que encontramos un par de videos buenos los incluimos en esta lista.<\/p>\n\n\n\n<figure class=\"wp-block-embed-youtube wp-block-embed is-type-video is-provider-youtube wp-embed-aspect-16-9 wp-has-aspect-ratio\"><div class=\"wp-block-embed__wrapper\">\n<iframe title=\"Cuatristas Instrumentales\" width=\"800\" height=\"450\" src=\"https:\/\/www.youtube.com\/embed\/videoseries?list=PLINCMtt5XYJ1qXggJDadYLZbTeqqkiYqc\" frameborder=\"0\" allow=\"accelerometer; autoplay; encrypted-media; gyroscope; picture-in-picture\" allowfullscreen><\/iframe>\n<\/div><\/figure>\n\n\n\n<p>Ideal para colocar en casa o en el trabajo y disfrutar del trabajo musical de estos grandes cuatristas. Los videos de los cuatristas son tomados de youtube, son una muestar de lo que se puede hacer en el cuatro venezolano.<\/p>\n\n\n\n<p>Si encuentras en internet alg\u00fan video de cuatrista que te guste, no dudes en comunicarnos el link y con gusto lo pondremos en esta lista para que m\u00e1s personas puedan escuchar tu recomendaci\u00f3n musical.<\/p>\n","protected":false},"excerpt":{"rendered":"<h2>Cuatristas Instrumentales<\/h2>\n<p>Oye ac\u00e1 nuestra selecci\u00f3n de videos de cuatristas instrumentales. Cada cierto tiempo que encontramos un par de videos buenos los incluimos en esta lista. <\/p>\n<p>[myyoutubeplaylist zQbKwAl3tO0, TYp7pr4Brwg, siaubIAiZQc, yklV7lD0VUs, OXQ6mfw2T9Q, IZ_ow6gl63s, n-irOJJf2IQ, nU4u3tyQaMY, Ksj-7H7z0-E, Gixk-U30pyo] <\/p>\n<p>Ideal para colocar en casa o en el trabajo y disfrutar del trabajo musical de estos<\/p>\n","protected":false},"author":30,"featured_media":0,"parent":0,"menu_order":0,"comment_status":"open","ping_status":"open","template":"","meta":{"content-type":"","footnotes":""},"class_list":["post-2690","page","type-page","status-publish","hentry"],"yoast_head":"<!-- This site is optimized with the Yoast SEO plugin v27.2 - https:\/\/yoast.com\/product\/yoast-seo-wordpress\/ -->\n<title>Mira los videos m\u00e1s impresionantes del Cuatro Venezolano<\/title>\n<meta name=\"description\" content=\"Una compilaci\u00f3n de videos de cuatristas instrumentales demostrando lo que se puede hacer con el Cuatro Venezolano, instrumento nacional de Venezuela.\" \/>\n<meta name=\"robots\" content=\"index, follow, max-snippet:-1, max-image-preview:large, max-video-preview:-1\" \/>\n<link rel=\"canonical\" href=\"https:\/\/tucuatro.com\/camburpinton\/videos-de-cuatristas\/\" \/>\n<meta property=\"og:locale\" content=\"es_ES\" \/>\n<meta property=\"og:type\" content=\"article\" \/>\n<meta property=\"og:title\" content=\"Mira los videos m\u00e1s impresionantes del Cuatro Venezolano\" \/>\n<meta property=\"og:description\" content=\"Una compilaci\u00f3n de videos de cuatristas instrumentales demostrando lo que se puede hacer con el Cuatro Venezolano, instrumento nacional de Venezuela.\" \/>\n<meta property=\"og:url\" content=\"https:\/\/tucuatro.com\/camburpinton\/videos-de-cuatristas\/\" \/>\n<meta property=\"og:site_name\" content=\"CamburPinton\" \/>\n<meta property=\"article:modified_time\" content=\"2020-02-22T01:30:55+00:00\" \/>\n<meta name=\"twitter:card\" content=\"summary_large_image\" \/>\n<meta name=\"twitter:label1\" content=\"Tiempo de lectura\" \/>\n\t<meta name=\"twitter:data1\" content=\"1 minuto\" \/>\n<script type=\"application\/ld+json\" class=\"yoast-schema-graph\">{\"@context\":\"https:\/\/schema.org\",\"@graph\":[{\"@type\":\"WebPage\",\"@id\":\"https:\/\/tucuatro.com\/camburpinton\/videos-de-cuatristas\/\",\"url\":\"https:\/\/tucuatro.com\/camburpinton\/videos-de-cuatristas\/\",\"name\":\"Mira los videos m\u00e1s impresionantes del Cuatro Venezolano\",\"isPartOf\":{\"@id\":\"https:\/\/tucuatro.com\/camburpinton\/#website\"},\"datePublished\":\"2011-10-07T20:22:53+00:00\",\"dateModified\":\"2020-02-22T01:30:55+00:00\",\"description\":\"Una compilaci\u00f3n de videos de cuatristas instrumentales demostrando lo que se puede hacer con el Cuatro Venezolano, instrumento nacional de Venezuela.\",\"breadcrumb\":{\"@id\":\"https:\/\/tucuatro.com\/camburpinton\/videos-de-cuatristas\/#breadcrumb\"},\"inLanguage\":\"es\",\"potentialAction\":[{\"@type\":\"ReadAction\",\"target\":[\"https:\/\/tucuatro.com\/camburpinton\/videos-de-cuatristas\/\"]}]},{\"@type\":\"BreadcrumbList\",\"@id\":\"https:\/\/tucuatro.com\/camburpinton\/videos-de-cuatristas\/#breadcrumb\",\"itemListElement\":[{\"@type\":\"ListItem\",\"position\":1,\"name\":\"Portada\",\"item\":\"https:\/\/tucuatro.com\/camburpinton\/\"},{\"@type\":\"ListItem\",\"position\":2,\"name\":\"Videos de Cuatristas Instrumentales\"}]},{\"@type\":\"WebSite\",\"@id\":\"https:\/\/tucuatro.com\/camburpinton\/#website\",\"url\":\"https:\/\/tucuatro.com\/camburpinton\/\",\"name\":\"CamburPinton\",\"description\":\"El blog del Cuatro Venezolano, por TuCuatro\",\"publisher\":{\"@id\":\"https:\/\/tucuatro.com\/camburpinton\/#organization\"},\"potentialAction\":[{\"@type\":\"SearchAction\",\"target\":{\"@type\":\"EntryPoint\",\"urlTemplate\":\"https:\/\/tucuatro.com\/camburpinton\/?s={search_term_string}\"},\"query-input\":{\"@type\":\"PropertyValueSpecification\",\"valueRequired\":true,\"valueName\":\"search_term_string\"}}],\"inLanguage\":\"es\"},{\"@type\":\"Organization\",\"@id\":\"https:\/\/tucuatro.com\/camburpinton\/#organization\",\"name\":\"CamburPinton\",\"url\":\"https:\/\/tucuatro.com\/camburpinton\/\",\"logo\":{\"@type\":\"ImageObject\",\"inLanguage\":\"es\",\"@id\":\"https:\/\/tucuatro.com\/camburpinton\/#\/schema\/logo\/image\/\",\"url\":\"https:\/\/tucuatro.com\/camburpinton\/wp-content\/uploads\/sites\/5\/2020\/02\/fretboard_icon_black-64px.png\",\"contentUrl\":\"https:\/\/tucuatro.com\/camburpinton\/wp-content\/uploads\/sites\/5\/2020\/02\/fretboard_icon_black-64px.png\",\"width\":64,\"height\":107,\"caption\":\"CamburPinton\"},\"image\":{\"@id\":\"https:\/\/tucuatro.com\/camburpinton\/#\/schema\/logo\/image\/\"}}]}<\/script>\n<!-- \/ Yoast SEO plugin. -->","yoast_head_json":{"title":"Mira los videos m\u00e1s impresionantes del Cuatro Venezolano","description":"Una compilaci\u00f3n de videos de cuatristas instrumentales demostrando lo que se puede hacer con el Cuatro Venezolano, instrumento nacional de Venezuela.","robots":{"index":"index","follow":"follow","max-snippet":"max-snippet:-1","max-image-preview":"max-image-preview:large","max-video-preview":"max-video-preview:-1"},"canonical":"https:\/\/tucuatro.com\/camburpinton\/videos-de-cuatristas\/","og_locale":"es_ES","og_type":"article","og_title":"Mira los videos m\u00e1s impresionantes del Cuatro Venezolano","og_description":"Una compilaci\u00f3n de videos de cuatristas instrumentales demostrando lo que se puede hacer con el Cuatro Venezolano, instrumento nacional de Venezuela.","og_url":"https:\/\/tucuatro.com\/camburpinton\/videos-de-cuatristas\/","og_site_name":"CamburPinton","article_modified_time":"2020-02-22T01:30:55+00:00","twitter_card":"summary_large_image","twitter_misc":{"Tiempo de lectura":"1 minuto"},"schema":{"@context":"https:\/\/schema.org","@graph":[{"@type":"WebPage","@id":"https:\/\/tucuatro.com\/camburpinton\/videos-de-cuatristas\/","url":"https:\/\/tucuatro.com\/camburpinton\/videos-de-cuatristas\/","name":"Mira los videos m\u00e1s impresionantes del Cuatro Venezolano","isPartOf":{"@id":"https:\/\/tucuatro.com\/camburpinton\/#website"},"datePublished":"2011-10-07T20:22:53+00:00","dateModified":"2020-02-22T01:30:55+00:00","description":"Una compilaci\u00f3n de videos de cuatristas instrumentales demostrando lo que se puede hacer con el Cuatro Venezolano, instrumento nacional de Venezuela.","breadcrumb":{"@id":"https:\/\/tucuatro.com\/camburpinton\/videos-de-cuatristas\/#breadcrumb"},"inLanguage":"es","potentialAction":[{"@type":"ReadAction","target":["https:\/\/tucuatro.com\/camburpinton\/videos-de-cuatristas\/"]}]},{"@type":"BreadcrumbList","@id":"https:\/\/tucuatro.com\/camburpinton\/videos-de-cuatristas\/#breadcrumb","itemListElement":[{"@type":"ListItem","position":1,"name":"Portada","item":"https:\/\/tucuatro.com\/camburpinton\/"},{"@type":"ListItem","position":2,"name":"Videos de Cuatristas Instrumentales"}]},{"@type":"WebSite","@id":"https:\/\/tucuatro.com\/camburpinton\/#website","url":"https:\/\/tucuatro.com\/camburpinton\/","name":"CamburPinton","description":"El blog del Cuatro Venezolano, por TuCuatro","publisher":{"@id":"https:\/\/tucuatro.com\/camburpinton\/#organization"},"potentialAction":[{"@type":"SearchAction","target":{"@type":"EntryPoint","urlTemplate":"https:\/\/tucuatro.com\/camburpinton\/?s={search_term_string}"},"query-input":{"@type":"PropertyValueSpecification","valueRequired":true,"valueName":"search_term_string"}}],"inLanguage":"es"},{"@type":"Organization","@id":"https:\/\/tucuatro.com\/camburpinton\/#organization","name":"CamburPinton","url":"https:\/\/tucuatro.com\/camburpinton\/","logo":{"@type":"ImageObject","inLanguage":"es","@id":"https:\/\/tucuatro.com\/camburpinton\/#\/schema\/logo\/image\/","url":"https:\/\/tucuatro.com\/camburpinton\/wp-content\/uploads\/sites\/5\/2020\/02\/fretboard_icon_black-64px.png","contentUrl":"https:\/\/tucuatro.com\/camburpinton\/wp-content\/uploads\/sites\/5\/2020\/02\/fretboard_icon_black-64px.png","width":64,"height":107,"caption":"CamburPinton"},"image":{"@id":"https:\/\/tucuatro.com\/camburpinton\/#\/schema\/logo\/image\/"}}]}},"_links":{"self":[{"href":"https:\/\/tucuatro.com\/camburpinton\/wp-json\/wp\/v2\/pages\/2690","targetHints":{"allow":["GET"]}}],"collection":[{"href":"https:\/\/tucuatro.com\/camburpinton\/wp-json\/wp\/v2\/pages"}],"about":[{"href":"https:\/\/tucuatro.com\/camburpinton\/wp-json\/wp\/v2\/types\/page"}],"author":[{"embeddable":true,"href":"https:\/\/tucuatro.com\/camburpinton\/wp-json\/wp\/v2\/users\/30"}],"replies":[{"embeddable":true,"href":"https:\/\/tucuatro.com\/camburpinton\/wp-json\/wp\/v2\/comments?post=2690"}],"version-history":[{"count":0,"href":"https:\/\/tucuatro.com\/camburpinton\/wp-json\/wp\/v2\/pages\/2690\/revisions"}],"wp:attachment":[{"href":"https:\/\/tucuatro.com\/camburpinton\/wp-json\/wp\/v2\/media?parent=2690"}],"curies":[{"name":"wp","href":"https:\/\/api.w.org\/{rel}","templated":true}]}}