{"id":4307,"date":"2011-11-23T01:59:01","date_gmt":"2011-11-23T06:29:01","guid":{"rendered":"https:\/\/tucuatro.com\/camburpinton\/?page_id=4307"},"modified":"2011-11-23T01:59:01","modified_gmt":"2011-11-23T06:29:01","slug":"unete-a-nuestra-causa","status":"publish","type":"page","link":"https:\/\/tucuatro.com\/camburpinton\/unete-a-nuestra-causa\/","title":{"rendered":"\u00danete"},"content":{"rendered":"<p style=\"text-align: justify\">El cuatro venezolano es un instrumento de grandes dimensiones.<\/p>\n<p style=\"text-align: justify\">El efecto que ha causado este instrumento en nuestro pa\u00eds es notablemente poderoso. \u00a0No s\u00f3lo es la m\u00fasica que ayuda a los ni\u00f1os a desarrollarse integralmente y mejorar sus capacidades, sino el instrumento que hace que cada venezolano desarrolle un apego a lo nuestro, un sentido de pertenencia muy profundo que lo mantendr\u00e1 unido a sus ra\u00edces por el resto de sus d\u00edas.<\/p>\n<p style=\"text-align: justify\">Lamentablemente no todos los ni\u00f1os pueden aprenderlo en una escuela primaria, al igual que no todos los j\u00f3venes lo aprenden en su desarrollo profesional. \u00a0No todas las escuelas se pueden dar el lujo de impartir clases de m\u00fasica y menos si no poseen los instrumentos necesarios para ello.<\/p>\n<h2 style=\"text-align: justify\">\u00bfQuieres contribuir a llevar m\u00e1s cuatros a las escuelas?<\/h2>\n<p>Estamos recibiendo donaciones para nuestra pr\u00f3xima meta. \u00a0Contribuye con CamburPinton y s\u00e9 parte del esfuerzo para colocar en manos de ni\u00f1os venezolanos un nuevo cuatro:<\/p>\n<p style=\"text-align: justify\">\u00danete a nuestra causa y comienza a contribuir para levantar a un pa\u00eds entero por medio de la m\u00fasica. Estamos enfocados s\u00f3lo y solamente en impulsar al cuatro a nivel nacional e internacional, en llevar este instrumento a manos de todos y cada uno de los ni\u00f1os, jovenes, adultos y ancianos que est\u00e9n deseosos de aprender y<strong> contigo lo podemos lograr<\/strong>.<\/p>\n<p style=\"text-align: justify\">Entreguemos juntos un cuatro a un ni\u00f1o en cualquier rinc\u00f3n del pa\u00eds. Ense\u00f1emos a un extranjero a tocar nuestro instrumento, desarrollemos y expandamos m\u00e9todos en la mayor cantidad de idiomas posibles, apoyemos a los cuatristas que llenos de valor afrontan la vida viviendo de la m\u00fasica.<\/p>\n<p style=\"text-align: justify\">Unamos esfuerzos para llevar al cuatro a sus dos \u00faltimos destinos: \u00a0Hacerlo sonar para los oidos m\u00e1s lejanos en las fronteras de este planeta y sembrarlo de manera definitiva en lo m\u00e1s interno de nuestras ra\u00edces como Venezolanos.<\/p>\n<p style=\"text-align: justify\">Registra tu nombre y direcci\u00f3n de e-mail y nos estaremos comunicando contigo para que nos cuentes tu historia y veamos c\u00f3mo podr\u00edas ayudar.<\/p>\n<table style=\"padding: 0 2px\">\n<tbody style=\"padding: 5px\">\n<tr>\n<td style=\"text-align: center\" colspan=\"2\">\n<h2>\u00a1Es hora de que el cuatro venezolano se haga grande!<\/h2>\n<\/td>\n<\/tr>\n<tr>\n<td>\n<table class=\"alertorange\">\n<tbody>\n<tr>\n<td><span class=\"wprsfl wprsfl-name\">Nombre:<\/span><\/td>\n<td><span class=\"wprsftf wpr-subform-textfield-name\"><br \/>\n<\/span><\/td>\n<\/tr>\n<tr>\n<td><span class=\"wprsfl wprsfl-email\">E-Mail:<\/span><\/td>\n<td><span class=\"wprsftf wpsftf-email\"><br \/>\n <\/span><\/td>\n<\/tr>\n<tr>\n<td colspan=\"2\" align=\"center\"><\/td>\n<\/tr>\n<tr>\n<td colspan=\"2\" align=\"center\"><\/td>\n<\/tr>\n<\/tbody>\n<\/table>\n<\/td>\n<td style=\"padding: 0 15px\">\n<h3 style=\"text-align: center\"><\/h3>\n<p style=\"text-align: justify\">Te estaremos enviando toda la informaci\u00f3n a tu e-mail para que puedas ser parte de la historia de tu pa\u00eds.<\/p>\n<p style=\"text-align: justify\">Con tu ayuda podremos cultivar el cuatro en cada rinc\u00f3n de Venezuela y llevarlo a manos de quienes, en un futuro, nos deleitar\u00e1n con su talento.<\/p>\n<\/td>\n<\/tr>\n<\/tbody>\n<\/table>\n<p style=\"text-align: right\"><img decoding=\"async\" class=\"alignnone size-full wp-image-2163\" title=\"firmaadrian\" src=\"https:\/\/tucuatro.com\/wp-content\/uploads\/sites\/3\/2011\/07\/firmaadrian2.png\" alt=\"\" width=\"100\" height=\"98\" \/><\/p>\n<p style=\"text-align: right\">Adri\u00e1n Toro<br \/>\nDirector<\/p>\n","protected":false},"excerpt":{"rendered":"<p>El cuatro venezolano es un instrumento de grandes dimensiones. El efecto que ha causado este instrumento en nuestro pa\u00eds es notablemente poderoso. \u00a0No s\u00f3lo es la m\u00fasica que ayuda a los ni\u00f1os a desarrollarse integralmente y mejorar sus capacidades, sino el instrumento que hace que cada venezolano desarrolle un apego a lo nuestro, un sentido [&hellip;]<\/p>\n","protected":false},"author":30,"featured_media":0,"parent":0,"menu_order":0,"comment_status":"open","ping_status":"open","template":"","meta":{"content-type":"","footnotes":""},"class_list":["post-4307","page","type-page","status-publish","hentry"],"yoast_head":"<!-- This site is optimized with the Yoast SEO plugin v27.2 - https:\/\/yoast.com\/product\/yoast-seo-wordpress\/ -->\n<title>El Cuatro Venezolano puede llegar lejos \u00a1con tu ayuda!<\/title>\n<meta name=\"description\" content=\"El cuatro venezolano es un instrumento de grandes dimensiones. El efecto que ha causado este instrumento en nuestro pa\u00eds es notablemente poderoso. \u00a0No\" \/>\n<meta name=\"robots\" content=\"index, follow, max-snippet:-1, max-image-preview:large, max-video-preview:-1\" \/>\n<link rel=\"canonical\" href=\"https:\/\/tucuatro.com\/camburpinton\/unete-a-nuestra-causa\/\" \/>\n<meta property=\"og:locale\" content=\"es_ES\" \/>\n<meta property=\"og:type\" content=\"article\" \/>\n<meta property=\"og:title\" content=\"El Cuatro Venezolano puede llegar lejos \u00a1con tu ayuda!\" \/>\n<meta property=\"og:description\" content=\"El cuatro venezolano es un instrumento de grandes dimensiones. El efecto que ha causado este instrumento en nuestro pa\u00eds es notablemente poderoso. \u00a0No\" \/>\n<meta property=\"og:url\" content=\"https:\/\/tucuatro.com\/camburpinton\/unete-a-nuestra-causa\/\" \/>\n<meta property=\"og:site_name\" content=\"CamburPinton\" \/>\n<meta property=\"og:image\" content=\"https:\/\/tucuatro.com\/wp-content\/uploads\/sites\/3\/2011\/07\/firmaadrian2.png\" \/>\n<meta name=\"twitter:card\" content=\"summary_large_image\" \/>\n<meta name=\"twitter:label1\" content=\"Tiempo de lectura\" \/>\n\t<meta name=\"twitter:data1\" content=\"2 minutos\" \/>\n<script type=\"application\/ld+json\" class=\"yoast-schema-graph\">{\"@context\":\"https:\/\/schema.org\",\"@graph\":[{\"@type\":\"WebPage\",\"@id\":\"https:\/\/tucuatro.com\/camburpinton\/unete-a-nuestra-causa\/\",\"url\":\"https:\/\/tucuatro.com\/camburpinton\/unete-a-nuestra-causa\/\",\"name\":\"El Cuatro Venezolano puede llegar lejos \u00a1con tu ayuda!\",\"isPartOf\":{\"@id\":\"https:\/\/tucuatro.com\/camburpinton\/#website\"},\"primaryImageOfPage\":{\"@id\":\"https:\/\/tucuatro.com\/camburpinton\/unete-a-nuestra-causa\/#primaryimage\"},\"image\":{\"@id\":\"https:\/\/tucuatro.com\/camburpinton\/unete-a-nuestra-causa\/#primaryimage\"},\"thumbnailUrl\":\"https:\/\/tucuatro.com\/wp-content\/uploads\/sites\/3\/2011\/07\/firmaadrian2.png\",\"datePublished\":\"2011-11-23T06:29:01+00:00\",\"description\":\"El cuatro venezolano es un instrumento de grandes dimensiones. El efecto que ha causado este instrumento en nuestro pa\u00eds es notablemente poderoso. \u00a0No\",\"breadcrumb\":{\"@id\":\"https:\/\/tucuatro.com\/camburpinton\/unete-a-nuestra-causa\/#breadcrumb\"},\"inLanguage\":\"es\",\"potentialAction\":[{\"@type\":\"ReadAction\",\"target\":[\"https:\/\/tucuatro.com\/camburpinton\/unete-a-nuestra-causa\/\"]}]},{\"@type\":\"ImageObject\",\"inLanguage\":\"es\",\"@id\":\"https:\/\/tucuatro.com\/camburpinton\/unete-a-nuestra-causa\/#primaryimage\",\"url\":\"https:\/\/tucuatro.com\/wp-content\/uploads\/sites\/3\/2011\/07\/firmaadrian2.png\",\"contentUrl\":\"https:\/\/tucuatro.com\/wp-content\/uploads\/sites\/3\/2011\/07\/firmaadrian2.png\"},{\"@type\":\"BreadcrumbList\",\"@id\":\"https:\/\/tucuatro.com\/camburpinton\/unete-a-nuestra-causa\/#breadcrumb\",\"itemListElement\":[{\"@type\":\"ListItem\",\"position\":1,\"name\":\"Portada\",\"item\":\"https:\/\/tucuatro.com\/camburpinton\/\"},{\"@type\":\"ListItem\",\"position\":2,\"name\":\"\u00danete\"}]},{\"@type\":\"WebSite\",\"@id\":\"https:\/\/tucuatro.com\/camburpinton\/#website\",\"url\":\"https:\/\/tucuatro.com\/camburpinton\/\",\"name\":\"CamburPinton\",\"description\":\"El blog del Cuatro Venezolano, por TuCuatro\",\"publisher\":{\"@id\":\"https:\/\/tucuatro.com\/camburpinton\/#organization\"},\"potentialAction\":[{\"@type\":\"SearchAction\",\"target\":{\"@type\":\"EntryPoint\",\"urlTemplate\":\"https:\/\/tucuatro.com\/camburpinton\/?s={search_term_string}\"},\"query-input\":{\"@type\":\"PropertyValueSpecification\",\"valueRequired\":true,\"valueName\":\"search_term_string\"}}],\"inLanguage\":\"es\"},{\"@type\":\"Organization\",\"@id\":\"https:\/\/tucuatro.com\/camburpinton\/#organization\",\"name\":\"CamburPinton\",\"url\":\"https:\/\/tucuatro.com\/camburpinton\/\",\"logo\":{\"@type\":\"ImageObject\",\"inLanguage\":\"es\",\"@id\":\"https:\/\/tucuatro.com\/camburpinton\/#\/schema\/logo\/image\/\",\"url\":\"https:\/\/tucuatro.com\/camburpinton\/wp-content\/uploads\/sites\/5\/2020\/02\/fretboard_icon_black-64px.png\",\"contentUrl\":\"https:\/\/tucuatro.com\/camburpinton\/wp-content\/uploads\/sites\/5\/2020\/02\/fretboard_icon_black-64px.png\",\"width\":64,\"height\":107,\"caption\":\"CamburPinton\"},\"image\":{\"@id\":\"https:\/\/tucuatro.com\/camburpinton\/#\/schema\/logo\/image\/\"}}]}<\/script>\n<!-- \/ Yoast SEO plugin. -->","yoast_head_json":{"title":"El Cuatro Venezolano puede llegar lejos \u00a1con tu ayuda!","description":"El cuatro venezolano es un instrumento de grandes dimensiones. El efecto que ha causado este instrumento en nuestro pa\u00eds es notablemente poderoso. \u00a0No","robots":{"index":"index","follow":"follow","max-snippet":"max-snippet:-1","max-image-preview":"max-image-preview:large","max-video-preview":"max-video-preview:-1"},"canonical":"https:\/\/tucuatro.com\/camburpinton\/unete-a-nuestra-causa\/","og_locale":"es_ES","og_type":"article","og_title":"El Cuatro Venezolano puede llegar lejos \u00a1con tu ayuda!","og_description":"El cuatro venezolano es un instrumento de grandes dimensiones. El efecto que ha causado este instrumento en nuestro pa\u00eds es notablemente poderoso. \u00a0No","og_url":"https:\/\/tucuatro.com\/camburpinton\/unete-a-nuestra-causa\/","og_site_name":"CamburPinton","og_image":[{"url":"https:\/\/tucuatro.com\/wp-content\/uploads\/sites\/3\/2011\/07\/firmaadrian2.png","type":"","width":"","height":""}],"twitter_card":"summary_large_image","twitter_misc":{"Tiempo de lectura":"2 minutos"},"schema":{"@context":"https:\/\/schema.org","@graph":[{"@type":"WebPage","@id":"https:\/\/tucuatro.com\/camburpinton\/unete-a-nuestra-causa\/","url":"https:\/\/tucuatro.com\/camburpinton\/unete-a-nuestra-causa\/","name":"El Cuatro Venezolano puede llegar lejos \u00a1con tu ayuda!","isPartOf":{"@id":"https:\/\/tucuatro.com\/camburpinton\/#website"},"primaryImageOfPage":{"@id":"https:\/\/tucuatro.com\/camburpinton\/unete-a-nuestra-causa\/#primaryimage"},"image":{"@id":"https:\/\/tucuatro.com\/camburpinton\/unete-a-nuestra-causa\/#primaryimage"},"thumbnailUrl":"https:\/\/tucuatro.com\/wp-content\/uploads\/sites\/3\/2011\/07\/firmaadrian2.png","datePublished":"2011-11-23T06:29:01+00:00","description":"El cuatro venezolano es un instrumento de grandes dimensiones. El efecto que ha causado este instrumento en nuestro pa\u00eds es notablemente poderoso. \u00a0No","breadcrumb":{"@id":"https:\/\/tucuatro.com\/camburpinton\/unete-a-nuestra-causa\/#breadcrumb"},"inLanguage":"es","potentialAction":[{"@type":"ReadAction","target":["https:\/\/tucuatro.com\/camburpinton\/unete-a-nuestra-causa\/"]}]},{"@type":"ImageObject","inLanguage":"es","@id":"https:\/\/tucuatro.com\/camburpinton\/unete-a-nuestra-causa\/#primaryimage","url":"https:\/\/tucuatro.com\/wp-content\/uploads\/sites\/3\/2011\/07\/firmaadrian2.png","contentUrl":"https:\/\/tucuatro.com\/wp-content\/uploads\/sites\/3\/2011\/07\/firmaadrian2.png"},{"@type":"BreadcrumbList","@id":"https:\/\/tucuatro.com\/camburpinton\/unete-a-nuestra-causa\/#breadcrumb","itemListElement":[{"@type":"ListItem","position":1,"name":"Portada","item":"https:\/\/tucuatro.com\/camburpinton\/"},{"@type":"ListItem","position":2,"name":"\u00danete"}]},{"@type":"WebSite","@id":"https:\/\/tucuatro.com\/camburpinton\/#website","url":"https:\/\/tucuatro.com\/camburpinton\/","name":"CamburPinton","description":"El blog del Cuatro Venezolano, por TuCuatro","publisher":{"@id":"https:\/\/tucuatro.com\/camburpinton\/#organization"},"potentialAction":[{"@type":"SearchAction","target":{"@type":"EntryPoint","urlTemplate":"https:\/\/tucuatro.com\/camburpinton\/?s={search_term_string}"},"query-input":{"@type":"PropertyValueSpecification","valueRequired":true,"valueName":"search_term_string"}}],"inLanguage":"es"},{"@type":"Organization","@id":"https:\/\/tucuatro.com\/camburpinton\/#organization","name":"CamburPinton","url":"https:\/\/tucuatro.com\/camburpinton\/","logo":{"@type":"ImageObject","inLanguage":"es","@id":"https:\/\/tucuatro.com\/camburpinton\/#\/schema\/logo\/image\/","url":"https:\/\/tucuatro.com\/camburpinton\/wp-content\/uploads\/sites\/5\/2020\/02\/fretboard_icon_black-64px.png","contentUrl":"https:\/\/tucuatro.com\/camburpinton\/wp-content\/uploads\/sites\/5\/2020\/02\/fretboard_icon_black-64px.png","width":64,"height":107,"caption":"CamburPinton"},"image":{"@id":"https:\/\/tucuatro.com\/camburpinton\/#\/schema\/logo\/image\/"}}]}},"_links":{"self":[{"href":"https:\/\/tucuatro.com\/camburpinton\/wp-json\/wp\/v2\/pages\/4307","targetHints":{"allow":["GET"]}}],"collection":[{"href":"https:\/\/tucuatro.com\/camburpinton\/wp-json\/wp\/v2\/pages"}],"about":[{"href":"https:\/\/tucuatro.com\/camburpinton\/wp-json\/wp\/v2\/types\/page"}],"author":[{"embeddable":true,"href":"https:\/\/tucuatro.com\/camburpinton\/wp-json\/wp\/v2\/users\/30"}],"replies":[{"embeddable":true,"href":"https:\/\/tucuatro.com\/camburpinton\/wp-json\/wp\/v2\/comments?post=4307"}],"version-history":[{"count":0,"href":"https:\/\/tucuatro.com\/camburpinton\/wp-json\/wp\/v2\/pages\/4307\/revisions"}],"wp:attachment":[{"href":"https:\/\/tucuatro.com\/camburpinton\/wp-json\/wp\/v2\/media?parent=4307"}],"curies":[{"name":"wp","href":"https:\/\/api.w.org\/{rel}","templated":true}]}}