{"id":783,"date":"2019-12-22T11:35:00","date_gmt":"2019-12-22T15:35:00","guid":{"rendered":"https:\/\/tucuatro.com\/camburpinton\/?page_id=783"},"modified":"2021-01-01T16:32:12","modified_gmt":"2021-01-01T20:32:12","slug":"escribenos","status":"publish","type":"page","link":"https:\/\/tucuatro.com\/camburpinton\/escribenos\/","title":{"rendered":"Escr\u00edbenos a Camburpinton"},"content":{"rendered":"\n<p>Camburpinton.org es una organizaci\u00f3n sin fines de lucro que&nbsp; tiene como prop\u00f3sito general el impulsar la difusi\u00f3n del cuatro a nivel nacional e internacional.<\/p>\n\n\n\n<p>Hemos establecido una amplia red de contactos entre cuatristas, luthieres, profesores, aficionados y medios, que nos permite darle mayor promoci\u00f3n, por medio de impartir clases, cursos, eventos, al instrumento con mayor auge en la Venezuela de nuestros tiempos:&nbsp;<strong>El Cuatro<\/strong>. <\/p>\n\n\n\n<p>Desde el a\u00f1o 2015, camburpinton pasa a formar parte de la red de cuatro de TuCuatro, un sitio web dedicado <a href=\"https:\/\/tucuatro.com\/camburpinton\/3-ventajas-de-aprender-a-tocar-cuatro-venezolano-gratis-en-linea\/\">a la ense\u00f1anza y difusi\u00f3n del Cuatro<\/a> a nivel mundial. Lee la <a href=\"https:\/\/tucuatro.com\/camburpinton\/camburpinton-pasa-a-ser-parte-de-la-red-de-cuatro-de-tucuatro\/\">nota de prensa publicada en camburpinton<\/a> ac\u00e1.<\/p>\n\n\n\n<p>Muchos jovenes estan comenzando a desarrollar destrezas tecnicas en este instrumento y, gracias a la tecnolog\u00eda con que contamos hoy en d\u00eda, podremos, desde esta ventana, compartir y mostrar al mundo la riqueza de un instrumento propio que siempre nos ha enorgullecido.<\/p>\n\n\n\n<h2 class=\"wp-block-heading\">Camburpinton recibe el apoyo de<\/h2>\n\n\n\n<h3 class=\"wp-block-heading\">Adri\u00e1n Toro<\/h3>\n\n\n\n<div class=\"wp-block-image\"><figure class=\"alignleft size-large is-resized\"><img decoding=\"async\" src=\"https:\/\/tucuatro.com\/wp-content\/uploads\/sites\/3\/2018\/04\/adrian-toro-1024x1024.jpg\" alt=\"\" class=\"wp-image-9499\" width=\"150\"\/><\/figure><\/div>\n\n\n\n<figure class=\"wp-block-table\"><table><tbody><tr><td><\/td><td>Fundador del Blog CamburPinton. &nbsp;Adri\u00e1n Toro es un Cuatrista Caraque\u00f1o de reconocida trayectoria, en especial por su esfuerzo en incursionar con el cuatro en el mundo digital.Es colaborador desde el 2008 junto con Edgar Leon en el blog dedicado a los acordes del cuatro venezolano <a href=\"http:\/\/micuatro.com\" target=\"_blank\" rel=\"noreferrer noopener\">micuatro.com<\/a>. Adicionalmente es fundador y colaborador, junto con el cuatrista Luis Natera, de la \u00fanica p\u00e1gina web de ense\u00f1anza del cuatro venezolano <a href=\"https:\/\/tucuatro.com\" target=\"_blank\" rel=\"noreferrer noopener\">tucuatro.com<\/a>Adri\u00e1n Toro escribe en CamburPinton art\u00edculos acerca de la cotidianidad del cuatro venezolano, su evoluci\u00f3n como instrumento solista y su incursi\u00f3n en el mundo a trav\u00e9s de los venezolanos que viajan o viven en el extranjero y llevan consigo el cuatro en sus presentaciones y conciertos.\n&nbsp;\nContin\u00faa ahora leyendo los <a href=\"https:\/\/tucuatro.com\/camburpinton\/author\/adrianifero\/\" target=\"_blank\" rel=\"noreferrer noopener\">art\u00edculos de Adrian Toro en CamburPinton<\/a>\n<\/td><\/tr><\/tbody><\/table><\/figure>\n\n\n\n<h3 class=\"wp-block-heading\">Alfredo Salgado<\/h3>\n\n\n\n<div class=\"wp-block-image\"><figure class=\"alignright size-large\"><img decoding=\"async\" src=\"https:\/\/tucuatro.com\/wp-content\/uploads\/sites\/3\/2010\/12\/273393_1096124667_1801758803_n.jpg\" alt=\"Alfredo Salgado\" class=\"wp-image-5451\"\/><\/figure><\/div>\n\n\n\n<figure class=\"wp-block-table\"><table><tbody><tr><td><\/td><td>Alfredo Salgado es cuatrista por hobbie y colaborador en CamburPinton. &nbsp;M\u00fasico, cuatrista y amante de las artes.Alfredo Salgado es un apasionado de todo aquello que es distinto, original y emocionante. &nbsp;\u00abMe gusta cualquier cosa sana que se salga de lo convencional, que est\u00e9 cargada de originalidad y con mucho coraz\u00f3n. Hoy aprend\u00ed una frase que tomo para m\u00ed: milito entre el caviar y la mazamorra.\u00bbAlfredo Salgado escribe art\u00edculos de reflexi\u00f3n acerca del cuatro venezolano y art\u00edculos interesantes acerca de la historia del instrumento.\n&nbsp;\nContin\u00faa ahora leyendo los <a href=\"https:\/\/tucuatro.com\/camburpinton\/author\/alf.salgado\/\" target=\"_blank\" rel=\"noreferrer noopener\">art\u00edculos de Alfredo Salgado en CamburPinton<\/a>\n<\/td><\/tr><\/tbody><\/table><\/figure>\n\n\n\n<h3 class=\"wp-block-heading\">Edgar Leon<\/h3>\n\n\n\n<div class=\"wp-block-image\"><figure class=\"alignleft size-large is-resized\"><img decoding=\"async\" src=\"https:\/\/tucuatro.com\/wp-content\/uploads\/sites\/3\/2010\/12\/default.jpg\" alt=\"\" class=\"wp-image-5448\" width=\"150\"\/><\/figure><\/div>\n\n\n\n<figure class=\"wp-block-table\"><table><tbody><tr><td><\/td><td>Edgar Leon es Colaborador en CamburPinton.Edgar es altamente conocido en el mundo del cuatro venezolano por ser el creador de la p\u00e1gina web de cuatro m\u00e1s conocida en internet MiCuatro.Com.\u00bbY escondido entre las palmas tambi\u00e9n nos cantaba el viento con su canci\u00f3n de desvelo\u00bb\n&nbsp;\nEdgar mantiene los blogs y se ocupa de llevar a cabo las tareas de programaci\u00f3n para que todo funcione correctamente.\n<\/td><\/tr><\/tbody><\/table><\/figure>\n\n\n\n<h3 class=\"wp-block-heading\">Luis Natera<\/h3>\n\n\n\n<div class=\"wp-block-image\"><figure class=\"alignright size-large is-resized\"><img decoding=\"async\" src=\"https:\/\/tucuatro.com\/wp-content\/uploads\/sites\/3\/2015\/11\/luis-natera-01-1024x683.jpg\" alt=\"\" class=\"wp-image-9288\" width=\"150\"\/><\/figure><\/div>\n\n\n\n<figure class=\"wp-block-table\"><table><tbody><tr><td><\/td><td>Luis Natera es profesor de cuatro venezolano y colaborador en CamburPinton.Reconocido Cuatrista de Valencia, Edo. Carabobo. Profesor de Cuatro Avanzado, posee su propia producci\u00f3n discogr\u00e1fica llamada \u00abCuatro Voces al Viento\u00bb.\u00bbAbogo por el bien, el amor y la justicia, que eso viene del Padre, lo dem\u00e1s es invento del hombre.\u00bb\n&nbsp;\nLuis Natera tambi\u00e9n colabora con tucuatro.com como profesor residente, explicando y ense\u00f1ando t\u00e9cnicas de cuatro b\u00e1sico e intermedio a traves de videos y lecciones grabadas en alta calidad.\n<\/td><\/tr><\/tbody><\/table><\/figure>\n\n\n\n<p>\n&nbsp;\n&nbsp;\nCamburPinton est\u00e1 localizado en la siguiente direccion:\n&nbsp;\n\n<\/p>\n\n\n\n<h2 class=\"wp-block-heading\"><strong>FUNDACI\u00d3N CAMBURPINTON<\/strong><\/h2>\n\n\n\n<p>Final AV. R\u00f3mulo Gallegos, Edif. Pascal, Torre A, Piso 5, Oficina 54-A,<br>Los Palos Grandes, Caracas, Venezuela\nTlf:&nbsp;0212-4355560\nTlf: 0412-7224734\n<\/p>\n\n\n\n<figure><\/figure>\n\n\n\n<p><br><a href=\"https:\/\/www.google.ca\/maps?sll=45.558184992350775,-73.7303025&amp;sspn=0.44049251968932446,1.0587767948191442&amp;t=m&amp;q=Pascal,+Avenida+R%C3%B3mulo+Gallegos,+Caracas,+Miranda,+Venezuela&amp;dg=opt&amp;ie=UTF8&amp;hq=Pascal,&amp;hnear=Avenida+R%C3%B3mulo+Gallegos,+Santa+Eduvigis,+Caracas,+El+Hatillo,+Miranda,+Venezuela&amp;z=14&amp;iwloc=A&amp;cid=12492734332469448471&amp;ll=10.498053,-66.841606&amp;source=embed\">View Larger Map<\/a><\/p>\n\n\n\n<figure class=\"wp-block-image is-resized\"><img decoding=\"async\" src=\"https:\/\/tucuatro.com\/wp-content\/uploads\/sites\/3\/2007\/03\/facebook-150x150.png\" alt=\"\" width=\"64\"\/><\/figure>\n\n\n\n<p>Facebook:&nbsp;<a href=\"www.facebook.com\/CamburPinton\" target=\"_blank\" rel=\"noreferrer noopener\">CamburPinton<\/a><\/p>\n\n\n\n<figure class=\"wp-block-image is-resized\"><a href=\"https:\/\/tucuatro.com\/wp-content\/uploads\/sites\/3\/2007\/03\/Logo-twitter.png\"><img decoding=\"async\" src=\"https:\/\/tucuatro.com\/wp-content\/uploads\/sites\/3\/2007\/03\/Logo-twitter-150x150.png\" alt=\"\" width=\"64\"\/><\/a><\/figure>\n\n\n\n<p>Twitter: @<a href=\"http:\/\/www.twitter.com\/camburpintonve\">camburpintonve<\/a><\/p>\n\n\n\n<p>CamburPinton es un trabajo hecho por voluntarios del medio de la m\u00fasica. &nbsp;Si deseas colocar tus rese\u00f1as, noticias, links, archivos, videos o musica relacionados con el tema comun\u00edcate a&nbsp;<a href=\"mailto:camburpinton@tucuatro.com\">camburpinton@tucuatro.com<\/a>. &nbsp;Ademas,&nbsp;Si deseas enviarnos tus sugerencias, comentarios o informaci\u00f3n, puedes usar alguna de las siguientes v\u00edas:<\/p>\n\n\n\n<p>Promociones, publicidad, etc:<br><a href=\"mailto:ventas@tucuatro.com\"> ventas_camburpinton@tucuatro.com<\/a><\/p>\n\n\n\n<p>Eventos, conciertos:<br><a href=\"mailto:cultura_camburpinton@tucuatro.com\"> <\/a><a href=\"mailto:camburpinton@tucuatro.com\">cultura_camburpinton@tucuatro.com<\/a><\/p>\n\n\n\n<p>Para cualquier otra informaci\u00f3n:<br><a href=\"mailto:fundacioncamburpinton@gmail.com\"> fundacioncamburpinton@gmail.com<\/a><\/p>\n","protected":false},"excerpt":{"rendered":"<div style=\"text-align: justify\">\u00a0Camburpinton.org es una Organizaci\u00f3n sin fines de lucro que\u00a0 tiene como prop\u00f3sito general el impulsar la difusi\u00f3n del cuatro a nivel nacional e internacional.<\/div>\n<div style=\"text-align: justify\">Hemos establecido una amplia red de contactos entre cuatristas, luthieres, profesores, aficionados y medios, que nos permite darle mayor promoci\u00f3n, por medio de impoartir clases, cursos, eventos<\/div>\n","protected":false},"author":23,"featured_media":13937,"parent":0,"menu_order":3,"comment_status":"open","ping_status":"open","template":"","meta":{"content-type":"","footnotes":""},"class_list":["post-783","page","type-page","status-publish","has-post-thumbnail","hentry"],"yoast_head":"<!-- This site is optimized with the Yoast SEO plugin v27.2 - https:\/\/yoast.com\/product\/yoast-seo-wordpress\/ -->\n<title>Escr\u00edbenos a Camburpinton - CamburPinton<\/title>\n<meta name=\"description\" content=\"Contacta al equipo detras de Camburpinton, el blog de TuCuatro y env\u00edanos tus solicitudes o ideas para continuar la labor de disfundir al cuatro.\" \/>\n<meta name=\"robots\" content=\"index, follow, max-snippet:-1, max-image-preview:large, max-video-preview:-1\" \/>\n<link rel=\"canonical\" href=\"https:\/\/tucuatro.com\/camburpinton\/escribenos\/\" \/>\n<meta property=\"og:locale\" content=\"es_ES\" \/>\n<meta property=\"og:type\" content=\"article\" \/>\n<meta property=\"og:title\" content=\"Escr\u00edbenos a Camburpinton - CamburPinton\" \/>\n<meta property=\"og:description\" content=\"Contacta al equipo detras de Camburpinton, el blog de TuCuatro y env\u00edanos tus solicitudes o ideas para continuar la labor de disfundir al cuatro.\" \/>\n<meta property=\"og:url\" content=\"https:\/\/tucuatro.com\/camburpinton\/escribenos\/\" \/>\n<meta property=\"og:site_name\" content=\"CamburPinton\" \/>\n<meta property=\"article:modified_time\" content=\"2021-01-01T20:32:12+00:00\" \/>\n<meta property=\"og:image\" content=\"https:\/\/tucuatro.com\/camburpinton\/wp-content\/uploads\/sites\/5\/2021\/01\/Camburpinton-Cuatro-black-and-white.png\" \/>\n\t<meta property=\"og:image:width\" content=\"2048\" \/>\n\t<meta property=\"og:image:height\" content=\"1151\" \/>\n\t<meta property=\"og:image:type\" content=\"image\/png\" \/>\n<meta name=\"twitter:card\" content=\"summary_large_image\" \/>\n<meta name=\"twitter:label1\" content=\"Tiempo de lectura\" \/>\n\t<meta name=\"twitter:data1\" content=\"3 minutos\" \/>\n<script type=\"application\/ld+json\" class=\"yoast-schema-graph\">{\"@context\":\"https:\/\/schema.org\",\"@graph\":[{\"@type\":\"WebPage\",\"@id\":\"https:\/\/tucuatro.com\/camburpinton\/escribenos\/\",\"url\":\"https:\/\/tucuatro.com\/camburpinton\/escribenos\/\",\"name\":\"Escr\u00edbenos a Camburpinton - CamburPinton\",\"isPartOf\":{\"@id\":\"https:\/\/tucuatro.com\/camburpinton\/#website\"},\"primaryImageOfPage\":{\"@id\":\"https:\/\/tucuatro.com\/camburpinton\/escribenos\/#primaryimage\"},\"image\":{\"@id\":\"https:\/\/tucuatro.com\/camburpinton\/escribenos\/#primaryimage\"},\"thumbnailUrl\":\"https:\/\/tucuatro.com\/camburpinton\/wp-content\/uploads\/sites\/5\/2021\/01\/Camburpinton-Cuatro-black-and-white.png\",\"datePublished\":\"2019-12-22T15:35:00+00:00\",\"dateModified\":\"2021-01-01T20:32:12+00:00\",\"description\":\"Contacta al equipo detras de Camburpinton, el blog de TuCuatro y env\u00edanos tus solicitudes o ideas para continuar la labor de disfundir al cuatro.\",\"breadcrumb\":{\"@id\":\"https:\/\/tucuatro.com\/camburpinton\/escribenos\/#breadcrumb\"},\"inLanguage\":\"es\",\"potentialAction\":[{\"@type\":\"ReadAction\",\"target\":[\"https:\/\/tucuatro.com\/camburpinton\/escribenos\/\"]}]},{\"@type\":\"ImageObject\",\"inLanguage\":\"es\",\"@id\":\"https:\/\/tucuatro.com\/camburpinton\/escribenos\/#primaryimage\",\"url\":\"https:\/\/tucuatro.com\/camburpinton\/wp-content\/uploads\/sites\/5\/2021\/01\/Camburpinton-Cuatro-black-and-white.png\",\"contentUrl\":\"https:\/\/tucuatro.com\/camburpinton\/wp-content\/uploads\/sites\/5\/2021\/01\/Camburpinton-Cuatro-black-and-white.png\",\"width\":2048,\"height\":1151,\"caption\":\"Camburpinton Cuatro black and white\"},{\"@type\":\"BreadcrumbList\",\"@id\":\"https:\/\/tucuatro.com\/camburpinton\/escribenos\/#breadcrumb\",\"itemListElement\":[{\"@type\":\"ListItem\",\"position\":1,\"name\":\"Portada\",\"item\":\"https:\/\/tucuatro.com\/camburpinton\/\"},{\"@type\":\"ListItem\",\"position\":2,\"name\":\"Escr\u00edbenos a Camburpinton\"}]},{\"@type\":\"WebSite\",\"@id\":\"https:\/\/tucuatro.com\/camburpinton\/#website\",\"url\":\"https:\/\/tucuatro.com\/camburpinton\/\",\"name\":\"CamburPinton\",\"description\":\"El blog del Cuatro Venezolano, por TuCuatro\",\"publisher\":{\"@id\":\"https:\/\/tucuatro.com\/camburpinton\/#organization\"},\"potentialAction\":[{\"@type\":\"SearchAction\",\"target\":{\"@type\":\"EntryPoint\",\"urlTemplate\":\"https:\/\/tucuatro.com\/camburpinton\/?s={search_term_string}\"},\"query-input\":{\"@type\":\"PropertyValueSpecification\",\"valueRequired\":true,\"valueName\":\"search_term_string\"}}],\"inLanguage\":\"es\"},{\"@type\":\"Organization\",\"@id\":\"https:\/\/tucuatro.com\/camburpinton\/#organization\",\"name\":\"CamburPinton\",\"url\":\"https:\/\/tucuatro.com\/camburpinton\/\",\"logo\":{\"@type\":\"ImageObject\",\"inLanguage\":\"es\",\"@id\":\"https:\/\/tucuatro.com\/camburpinton\/#\/schema\/logo\/image\/\",\"url\":\"https:\/\/tucuatro.com\/camburpinton\/wp-content\/uploads\/sites\/5\/2020\/02\/fretboard_icon_black-64px.png\",\"contentUrl\":\"https:\/\/tucuatro.com\/camburpinton\/wp-content\/uploads\/sites\/5\/2020\/02\/fretboard_icon_black-64px.png\",\"width\":64,\"height\":107,\"caption\":\"CamburPinton\"},\"image\":{\"@id\":\"https:\/\/tucuatro.com\/camburpinton\/#\/schema\/logo\/image\/\"}}]}<\/script>\n<!-- \/ Yoast SEO plugin. -->","yoast_head_json":{"title":"Escr\u00edbenos a Camburpinton - CamburPinton","description":"Contacta al equipo detras de Camburpinton, el blog de TuCuatro y env\u00edanos tus solicitudes o ideas para continuar la labor de disfundir al cuatro.","robots":{"index":"index","follow":"follow","max-snippet":"max-snippet:-1","max-image-preview":"max-image-preview:large","max-video-preview":"max-video-preview:-1"},"canonical":"https:\/\/tucuatro.com\/camburpinton\/escribenos\/","og_locale":"es_ES","og_type":"article","og_title":"Escr\u00edbenos a Camburpinton - CamburPinton","og_description":"Contacta al equipo detras de Camburpinton, el blog de TuCuatro y env\u00edanos tus solicitudes o ideas para continuar la labor de disfundir al cuatro.","og_url":"https:\/\/tucuatro.com\/camburpinton\/escribenos\/","og_site_name":"CamburPinton","article_modified_time":"2021-01-01T20:32:12+00:00","og_image":[{"width":2048,"height":1151,"url":"https:\/\/tucuatro.com\/camburpinton\/wp-content\/uploads\/sites\/5\/2021\/01\/Camburpinton-Cuatro-black-and-white.png","type":"image\/png"}],"twitter_card":"summary_large_image","twitter_misc":{"Tiempo de lectura":"3 minutos"},"schema":{"@context":"https:\/\/schema.org","@graph":[{"@type":"WebPage","@id":"https:\/\/tucuatro.com\/camburpinton\/escribenos\/","url":"https:\/\/tucuatro.com\/camburpinton\/escribenos\/","name":"Escr\u00edbenos a Camburpinton - CamburPinton","isPartOf":{"@id":"https:\/\/tucuatro.com\/camburpinton\/#website"},"primaryImageOfPage":{"@id":"https:\/\/tucuatro.com\/camburpinton\/escribenos\/#primaryimage"},"image":{"@id":"https:\/\/tucuatro.com\/camburpinton\/escribenos\/#primaryimage"},"thumbnailUrl":"https:\/\/tucuatro.com\/camburpinton\/wp-content\/uploads\/sites\/5\/2021\/01\/Camburpinton-Cuatro-black-and-white.png","datePublished":"2019-12-22T15:35:00+00:00","dateModified":"2021-01-01T20:32:12+00:00","description":"Contacta al equipo detras de Camburpinton, el blog de TuCuatro y env\u00edanos tus solicitudes o ideas para continuar la labor de disfundir al cuatro.","breadcrumb":{"@id":"https:\/\/tucuatro.com\/camburpinton\/escribenos\/#breadcrumb"},"inLanguage":"es","potentialAction":[{"@type":"ReadAction","target":["https:\/\/tucuatro.com\/camburpinton\/escribenos\/"]}]},{"@type":"ImageObject","inLanguage":"es","@id":"https:\/\/tucuatro.com\/camburpinton\/escribenos\/#primaryimage","url":"https:\/\/tucuatro.com\/camburpinton\/wp-content\/uploads\/sites\/5\/2021\/01\/Camburpinton-Cuatro-black-and-white.png","contentUrl":"https:\/\/tucuatro.com\/camburpinton\/wp-content\/uploads\/sites\/5\/2021\/01\/Camburpinton-Cuatro-black-and-white.png","width":2048,"height":1151,"caption":"Camburpinton Cuatro black and white"},{"@type":"BreadcrumbList","@id":"https:\/\/tucuatro.com\/camburpinton\/escribenos\/#breadcrumb","itemListElement":[{"@type":"ListItem","position":1,"name":"Portada","item":"https:\/\/tucuatro.com\/camburpinton\/"},{"@type":"ListItem","position":2,"name":"Escr\u00edbenos a Camburpinton"}]},{"@type":"WebSite","@id":"https:\/\/tucuatro.com\/camburpinton\/#website","url":"https:\/\/tucuatro.com\/camburpinton\/","name":"CamburPinton","description":"El blog del Cuatro Venezolano, por TuCuatro","publisher":{"@id":"https:\/\/tucuatro.com\/camburpinton\/#organization"},"potentialAction":[{"@type":"SearchAction","target":{"@type":"EntryPoint","urlTemplate":"https:\/\/tucuatro.com\/camburpinton\/?s={search_term_string}"},"query-input":{"@type":"PropertyValueSpecification","valueRequired":true,"valueName":"search_term_string"}}],"inLanguage":"es"},{"@type":"Organization","@id":"https:\/\/tucuatro.com\/camburpinton\/#organization","name":"CamburPinton","url":"https:\/\/tucuatro.com\/camburpinton\/","logo":{"@type":"ImageObject","inLanguage":"es","@id":"https:\/\/tucuatro.com\/camburpinton\/#\/schema\/logo\/image\/","url":"https:\/\/tucuatro.com\/camburpinton\/wp-content\/uploads\/sites\/5\/2020\/02\/fretboard_icon_black-64px.png","contentUrl":"https:\/\/tucuatro.com\/camburpinton\/wp-content\/uploads\/sites\/5\/2020\/02\/fretboard_icon_black-64px.png","width":64,"height":107,"caption":"CamburPinton"},"image":{"@id":"https:\/\/tucuatro.com\/camburpinton\/#\/schema\/logo\/image\/"}}]}},"_links":{"self":[{"href":"https:\/\/tucuatro.com\/camburpinton\/wp-json\/wp\/v2\/pages\/783","targetHints":{"allow":["GET"]}}],"collection":[{"href":"https:\/\/tucuatro.com\/camburpinton\/wp-json\/wp\/v2\/pages"}],"about":[{"href":"https:\/\/tucuatro.com\/camburpinton\/wp-json\/wp\/v2\/types\/page"}],"author":[{"embeddable":true,"href":"https:\/\/tucuatro.com\/camburpinton\/wp-json\/wp\/v2\/users\/23"}],"replies":[{"embeddable":true,"href":"https:\/\/tucuatro.com\/camburpinton\/wp-json\/wp\/v2\/comments?post=783"}],"version-history":[{"count":0,"href":"https:\/\/tucuatro.com\/camburpinton\/wp-json\/wp\/v2\/pages\/783\/revisions"}],"wp:featuredmedia":[{"embeddable":true,"href":"https:\/\/tucuatro.com\/camburpinton\/wp-json\/wp\/v2\/media\/13937"}],"wp:attachment":[{"href":"https:\/\/tucuatro.com\/camburpinton\/wp-json\/wp\/v2\/media?parent=783"}],"curies":[{"name":"wp","href":"https:\/\/api.w.org\/{rel}","templated":true}]}}