{"id":1236,"date":"2015-02-23T06:04:01","date_gmt":"2015-02-23T10:34:01","guid":{"rendered":"https:\/\/tucuatro.com\/es\/?page_id=1236"},"modified":"2015-02-23T06:04:01","modified_gmt":"2015-02-23T10:34:01","slug":"cuatros-caoba-cedro","status":"publish","type":"page","link":"https:\/\/tucuatro.com\/es\/cuatros-caoba-cedro\/","title":{"rendered":"Cuatro de Caoba de Pedro Borrero &#8211; Compra tu Cuatro"},"content":{"rendered":"<h3>Cuatro de Caoba de Pedro Borrero<\/h3>\n<p><figure id=\"attachment_2042\" aria-describedby=\"caption-attachment-2042\" style=\"width: 160px\" class=\"wp-caption alignleft\"><img decoding=\"async\" class=\"wp-image-2042 size-thumbnail\" src=\"\/\/tucuatro.com\/es\/wp-content\/uploads\/sites\/11\/2015\/02\/Cuatro-Pedro-Borrero-08-160x160.jpg\" alt=\"Cuatro-Pedro-Borrero-08\" width=\"160\" height=\"160\"><figcaption id=\"caption-attachment-2042\" class=\"wp-caption-text\">Cuatro de Caoba y Manual. Cr\u00e9ditos: Pedro Borrero. Licencia: TuCuatro.com<\/figcaption><\/figure><br \/>\n&nbsp;<br \/>\nEl Cuatro de caoba es el cuatro favorito de los aficionados y estudiantes de Cuatro. &nbsp;La caoba es una de las maderas m\u00e1s importantes en la fabricaci\u00f3n de un cuatro y su sonido es c\u00e1lido y colorido.<br \/>\nEl Cuatro Venezolano de Caoba&nbsp;tiene&nbsp;tiene 17 trastes y es ideal para&nbsp;personas que desean un sonido de calidad en el Cuatro.<br \/>\nEl diapas\u00f3n permite tocar con facilidad incluso las canciones m\u00e1s avanzadas..<br \/>\nEste Cuatro es un&nbsp;<strong>aut\u00e9ntico cuatro venezolano<\/strong>&nbsp;fabricado en Barquisimeto, Venezuela.<br \/>\nAprox. Tama\u00f1o:<br \/>\n78 cm de longitud, anchura 25cm.<br \/>\nEspecificaciones:<\/p>\n<ul>\n<li>Cuatro de 17&nbsp;trastes<\/li>\n<li>Hecho de Caoba<\/li>\n<li>Golpeador de Cedro<\/li>\n<li>Incluye Manual \u00abSistema Numerado de Pedro Borrero\u00bb<\/li>\n<li>4 CDs de Estudio<\/li>\n<li>Incluye estuche negro<\/li>\n<li>Despachos Globales*<\/li>\n<\/ul>\n<p>&nbsp;<\/p>\n<div style=\"width: 780px;clear: both;background: #F9F9F9;padding: 8px;margin: 0 auto;border: 1px solid #ccc;height: 162px\">\n<img decoding=\"async\" class=\"alignright size-thumbnail wp-image-2041\" src=\"\/\/tucuatro.com\/es\/wp-content\/uploads\/sites\/11\/2015\/02\/Profesor-Pedro-Borrero-160x160.png\" alt=\"Profesor-Pedro-Borrero\" width=\"160\" height=\"160\"><\/p>\n<h3>Certificado por el profesor Pedro Borrero<\/h3>\n<p>Este cuatro est\u00e1 certificado por el reconocido cuatrista y profesor de&nbsp;cuatro <strong>Pedro Borrero.<\/strong><br \/>\nEl profesor Borrero no s\u00f3lo prueba personalmente cada cuatro sino que se encarga de su despacho hasta la direcci\u00f3n de destino en cualquier pa\u00eds&nbsp;del mundo.\n<\/div>\n<p>&nbsp;<br \/>\n&nbsp;<\/p>\n<div class=\"payment-box\">\n<p style=\"text-align: center\"><strong>\u00a1Compra tu Cuatro de Caoba!<\/strong><\/p>\n<p style=\"text-align: center\"><span style=\"font-size: 10px\">* Env\u00edo incluido a cualquier pa\u00eds.<\/span><\/p>\n<p style=\"text-align: center;font-size: 16px\">Mira las opciones:<\/p>\n<p style=\"text-align: center;font-size: 16px\"><a href=\"https:\/\/store.tucuatro.com\/\">https:\/\/store.tucuatro.com<\/a><\/p>\n<p>&nbsp;\n<\/p><\/div>\n","protected":false},"excerpt":{"rendered":"<p>Cuatro de Caoba de Pedro Borrero &nbsp; El Cuatro de caoba es el cuatro favorito de los aficionados y estudiantes de Cuatro. &nbsp;La caoba es una de las maderas m\u00e1s importantes en la fabricaci\u00f3n de un cuatro y su sonido es c\u00e1lido y colorido. El Cuatro Venezolano de Caoba&nbsp;tiene&nbsp;tiene 17 trastes y es ideal para&nbsp;personas [&hellip;]<\/p>\n","protected":false},"author":4,"featured_media":0,"parent":0,"menu_order":0,"comment_status":"open","ping_status":"open","template":"","meta":{"content-type":"","footnotes":""},"class_list":["post-1236","page","type-page","status-publish","hentry"],"yoast_head":"<!-- This site is optimized with the Yoast SEO plugin v27.2 - https:\/\/yoast.com\/product\/yoast-seo-wordpress\/ -->\n<title>Cuatro de Caoba de Pedro Borrero - Compra tu Cuatro - TuCuatro - El Cuatro Venezolano<\/title>\n<meta name=\"description\" content=\"Cuatro de Caoba de Pedro Borrero &nbsp; El Cuatro de caoba es el cuatro favorito de los aficionados y estudiantes de Cuatro. &nbsp;La caoba es una de las\" \/>\n<meta name=\"robots\" content=\"index, follow, max-snippet:-1, max-image-preview:large, max-video-preview:-1\" \/>\n<link rel=\"canonical\" href=\"https:\/\/tucuatro.com\/es\/cuatros-caoba-cedro\/\" \/>\n<meta property=\"og:locale\" content=\"es_ES\" \/>\n<meta property=\"og:type\" content=\"article\" \/>\n<meta property=\"og:title\" content=\"Cuatro de Caoba de Pedro Borrero - Compra tu Cuatro - TuCuatro - El Cuatro Venezolano\" \/>\n<meta property=\"og:description\" content=\"Cuatro de Caoba de Pedro Borrero &nbsp; El Cuatro de caoba es el cuatro favorito de los aficionados y estudiantes de Cuatro. &nbsp;La caoba es una de las\" \/>\n<meta property=\"og:url\" content=\"https:\/\/tucuatro.com\/es\/cuatros-caoba-cedro\/\" \/>\n<meta property=\"og:site_name\" content=\"TuCuatro - El Cuatro Venezolano\" \/>\n<meta property=\"article:publisher\" content=\"https:\/\/facebook.com\/tucuatrodigital\" \/>\n<meta property=\"og:image\" content=\"https:\/\/tucuatro.com\/es\/wp-content\/uploads\/sites\/3\/2020\/02\/tucuatro-featured-image.jpg\" \/>\n\t<meta property=\"og:image:width\" content=\"1200\" \/>\n\t<meta property=\"og:image:height\" content=\"628\" \/>\n\t<meta property=\"og:image:type\" content=\"image\/jpeg\" \/>\n<meta name=\"twitter:card\" content=\"summary_large_image\" \/>\n<meta name=\"twitter:site\" content=\"@tucuatro\" \/>\n<meta name=\"twitter:label1\" content=\"Tiempo de lectura\" \/>\n\t<meta name=\"twitter:data1\" content=\"1 minuto\" \/>\n<script type=\"application\/ld+json\" class=\"yoast-schema-graph\">{\"@context\":\"https:\/\/schema.org\",\"@graph\":[{\"@type\":\"WebPage\",\"@id\":\"https:\/\/tucuatro.com\/es\/cuatros-caoba-cedro\/\",\"url\":\"https:\/\/tucuatro.com\/es\/cuatros-caoba-cedro\/\",\"name\":\"Cuatro de Caoba de Pedro Borrero - Compra tu Cuatro - TuCuatro - El Cuatro Venezolano\",\"isPartOf\":{\"@id\":\"https:\/\/tucuatro.com\/es\/#website\"},\"datePublished\":\"2015-02-23T10:34:01+00:00\",\"description\":\"Cuatro de Caoba de Pedro Borrero &nbsp; El Cuatro de caoba es el cuatro favorito de los aficionados y estudiantes de Cuatro. &nbsp;La caoba es una de las\",\"breadcrumb\":{\"@id\":\"https:\/\/tucuatro.com\/es\/cuatros-caoba-cedro\/#breadcrumb\"},\"inLanguage\":\"es\",\"potentialAction\":[{\"@type\":\"ReadAction\",\"target\":[\"https:\/\/tucuatro.com\/es\/cuatros-caoba-cedro\/\"]}]},{\"@type\":\"BreadcrumbList\",\"@id\":\"https:\/\/tucuatro.com\/es\/cuatros-caoba-cedro\/#breadcrumb\",\"itemListElement\":[{\"@type\":\"ListItem\",\"position\":1,\"name\":\"Portada\",\"item\":\"https:\/\/tucuatro.com\/es\/\"},{\"@type\":\"ListItem\",\"position\":2,\"name\":\"Cuatro de Caoba de Pedro Borrero &#8211; Compra tu Cuatro\"}]},{\"@type\":\"WebSite\",\"@id\":\"https:\/\/tucuatro.com\/es\/#website\",\"url\":\"https:\/\/tucuatro.com\/es\/\",\"name\":\"TuCuatro\",\"description\":\"TuCuatro\",\"publisher\":{\"@id\":\"https:\/\/tucuatro.com\/es\/#organization\"},\"potentialAction\":[{\"@type\":\"SearchAction\",\"target\":{\"@type\":\"EntryPoint\",\"urlTemplate\":\"https:\/\/tucuatro.com\/es\/?s={search_term_string}\"},\"query-input\":{\"@type\":\"PropertyValueSpecification\",\"valueRequired\":true,\"valueName\":\"search_term_string\"}}],\"inLanguage\":\"es\"},{\"@type\":\"Organization\",\"@id\":\"https:\/\/tucuatro.com\/es\/#organization\",\"name\":\"TuCuatro\",\"url\":\"https:\/\/tucuatro.com\/es\/\",\"logo\":{\"@type\":\"ImageObject\",\"inLanguage\":\"es\",\"@id\":\"https:\/\/tucuatro.com\/es\/#\/schema\/logo\/image\/\",\"url\":\"https:\/\/tucuatro.com\/es\/wp-content\/uploads\/sites\/3\/2020\/02\/fretboard_icon_black-64px.png\",\"contentUrl\":\"https:\/\/tucuatro.com\/es\/wp-content\/uploads\/sites\/3\/2020\/02\/fretboard_icon_black-64px.png\",\"width\":64,\"height\":107,\"caption\":\"TuCuatro\"},\"image\":{\"@id\":\"https:\/\/tucuatro.com\/es\/#\/schema\/logo\/image\/\"},\"sameAs\":[\"https:\/\/facebook.com\/tucuatrodigital\",\"https:\/\/x.com\/tucuatro\"]}]}<\/script>\n<!-- \/ Yoast SEO plugin. -->","yoast_head_json":{"title":"Cuatro de Caoba de Pedro Borrero - Compra tu Cuatro - TuCuatro - El Cuatro Venezolano","description":"Cuatro de Caoba de Pedro Borrero &nbsp; El Cuatro de caoba es el cuatro favorito de los aficionados y estudiantes de Cuatro. &nbsp;La caoba es una de las","robots":{"index":"index","follow":"follow","max-snippet":"max-snippet:-1","max-image-preview":"max-image-preview:large","max-video-preview":"max-video-preview:-1"},"canonical":"https:\/\/tucuatro.com\/es\/cuatros-caoba-cedro\/","og_locale":"es_ES","og_type":"article","og_title":"Cuatro de Caoba de Pedro Borrero - Compra tu Cuatro - TuCuatro - El Cuatro Venezolano","og_description":"Cuatro de Caoba de Pedro Borrero &nbsp; El Cuatro de caoba es el cuatro favorito de los aficionados y estudiantes de Cuatro. &nbsp;La caoba es una de las","og_url":"https:\/\/tucuatro.com\/es\/cuatros-caoba-cedro\/","og_site_name":"TuCuatro - El Cuatro Venezolano","article_publisher":"https:\/\/facebook.com\/tucuatrodigital","og_image":[{"width":1200,"height":628,"url":"https:\/\/tucuatro.com\/es\/wp-content\/uploads\/sites\/3\/2020\/02\/tucuatro-featured-image.jpg","type":"image\/jpeg"}],"twitter_card":"summary_large_image","twitter_site":"@tucuatro","twitter_misc":{"Tiempo de lectura":"1 minuto"},"schema":{"@context":"https:\/\/schema.org","@graph":[{"@type":"WebPage","@id":"https:\/\/tucuatro.com\/es\/cuatros-caoba-cedro\/","url":"https:\/\/tucuatro.com\/es\/cuatros-caoba-cedro\/","name":"Cuatro de Caoba de Pedro Borrero - Compra tu Cuatro - TuCuatro - El Cuatro Venezolano","isPartOf":{"@id":"https:\/\/tucuatro.com\/es\/#website"},"datePublished":"2015-02-23T10:34:01+00:00","description":"Cuatro de Caoba de Pedro Borrero &nbsp; El Cuatro de caoba es el cuatro favorito de los aficionados y estudiantes de Cuatro. &nbsp;La caoba es una de las","breadcrumb":{"@id":"https:\/\/tucuatro.com\/es\/cuatros-caoba-cedro\/#breadcrumb"},"inLanguage":"es","potentialAction":[{"@type":"ReadAction","target":["https:\/\/tucuatro.com\/es\/cuatros-caoba-cedro\/"]}]},{"@type":"BreadcrumbList","@id":"https:\/\/tucuatro.com\/es\/cuatros-caoba-cedro\/#breadcrumb","itemListElement":[{"@type":"ListItem","position":1,"name":"Portada","item":"https:\/\/tucuatro.com\/es\/"},{"@type":"ListItem","position":2,"name":"Cuatro de Caoba de Pedro Borrero &#8211; Compra tu Cuatro"}]},{"@type":"WebSite","@id":"https:\/\/tucuatro.com\/es\/#website","url":"https:\/\/tucuatro.com\/es\/","name":"TuCuatro","description":"TuCuatro","publisher":{"@id":"https:\/\/tucuatro.com\/es\/#organization"},"potentialAction":[{"@type":"SearchAction","target":{"@type":"EntryPoint","urlTemplate":"https:\/\/tucuatro.com\/es\/?s={search_term_string}"},"query-input":{"@type":"PropertyValueSpecification","valueRequired":true,"valueName":"search_term_string"}}],"inLanguage":"es"},{"@type":"Organization","@id":"https:\/\/tucuatro.com\/es\/#organization","name":"TuCuatro","url":"https:\/\/tucuatro.com\/es\/","logo":{"@type":"ImageObject","inLanguage":"es","@id":"https:\/\/tucuatro.com\/es\/#\/schema\/logo\/image\/","url":"https:\/\/tucuatro.com\/es\/wp-content\/uploads\/sites\/3\/2020\/02\/fretboard_icon_black-64px.png","contentUrl":"https:\/\/tucuatro.com\/es\/wp-content\/uploads\/sites\/3\/2020\/02\/fretboard_icon_black-64px.png","width":64,"height":107,"caption":"TuCuatro"},"image":{"@id":"https:\/\/tucuatro.com\/es\/#\/schema\/logo\/image\/"},"sameAs":["https:\/\/facebook.com\/tucuatrodigital","https:\/\/x.com\/tucuatro"]}]}},"_links":{"self":[{"href":"https:\/\/tucuatro.com\/es\/wp-json\/wp\/v2\/pages\/1236","targetHints":{"allow":["GET"]}}],"collection":[{"href":"https:\/\/tucuatro.com\/es\/wp-json\/wp\/v2\/pages"}],"about":[{"href":"https:\/\/tucuatro.com\/es\/wp-json\/wp\/v2\/types\/page"}],"author":[{"embeddable":true,"href":"https:\/\/tucuatro.com\/es\/wp-json\/wp\/v2\/users\/4"}],"replies":[{"embeddable":true,"href":"https:\/\/tucuatro.com\/es\/wp-json\/wp\/v2\/comments?post=1236"}],"version-history":[{"count":0,"href":"https:\/\/tucuatro.com\/es\/wp-json\/wp\/v2\/pages\/1236\/revisions"}],"wp:attachment":[{"href":"https:\/\/tucuatro.com\/es\/wp-json\/wp\/v2\/media?parent=1236"}],"curies":[{"name":"wp","href":"https:\/\/api.w.org\/{rel}","templated":true}]}}