{"id":15536,"date":"2017-09-18T10:26:47","date_gmt":"2017-09-18T14:26:47","guid":{"rendered":"https:\/\/tucuatro.com\/es\/?page_id=15536"},"modified":"2020-09-22T18:43:34","modified_gmt":"2020-09-22T22:43:34","slug":"escalas","status":"publish","type":"page","link":"https:\/\/tucuatro.com\/es\/escalas\/","title":{"rendered":"Escalas mayores y menores para instrumentos musicales"},"content":{"rendered":"\n<p>Aprende a tocar las escalas musicales en tu instrumento. Escoge el instrumento a continuaci\u00f3n y ver\u00e1s aparecer todas las escalas mayores y menores:<\/p>\n\n\n\n<div class=\"wp-block-columns is-layout-flex wp-container-core-columns-is-layout-28f84493 wp-block-columns-is-layout-flex\">\n<div class=\"wp-block-column is-layout-flow wp-block-column-is-layout-flow\">\n<figure class=\"wp-block-image size-large\"><a href=\"\/es\/escalas\/cuatro\/\"><img decoding=\"async\" src=\"https:\/\/tucuatro.com\/wp-content\/uploads\/sites\/11\/2018\/06\/cuatro.png\" alt=\"\" class=\"wp-image-17667\"\/><\/a><figcaption><a href=\"\/es\/escalas\/cuatro\/\">Cuatro<\/a><\/figcaption><\/figure>\n<\/div>\n\n\n\n<div class=\"wp-block-column is-layout-flow wp-block-column-is-layout-flow\">\n<figure class=\"wp-block-image size-large\"><a href=\"\/es\/escalas\/ukulele\/\"><img decoding=\"async\" src=\"https:\/\/tucuatro.com\/wp-content\/uploads\/sites\/11\/2018\/06\/ukulele.png\" alt=\"\"\/><\/a><figcaption><a href=\"https:\/\/tucuatro.com\/aprende\/cursos\/cuatro\">Ukulele<\/a><\/figcaption><\/figure>\n<\/div>\n<\/div>\n\n\n\n<p>Accediendo al instrumento que quieres, puedes ver todas las escalas en tonalidades mayores y menores  en la trastera del instrumento, como una referencia para cuando est\u00e1s ejecutando solos o improvisando melod\u00edas. <\/p>\n\n\n\n<p>\u00bfPor qu\u00e9 es importante aprender las escalas musicales?<\/p>\n\n\n\n<p>Aprender escalas musicales en tu instrumento musical te ayuda a comprender mejor todos los trastes del m\u00e1stil del instrumento. Entender\u00e1s de donde se originan los acordes que tocas cuando est\u00e1s interpretando una canci\u00f3n, y c\u00f3mo hacer sustituciones de acordes as\u00ed como variaciones en tu interpretaci\u00f3n.<\/p>\n\n\n\n<p>Adem\u00e1s, al saber ejecutar la escala musical, podr\u00e1s hacer solos y punteros en las canciones o cuando est\u00e1s tocando con tus amigos o con tu grupo musical. Esto te da la seguridad de poder tocar improvisando y sin miedo a equivocarte o producir una nota que no tiene nada que ver con la tonalidad de la canci\u00f3n o la progresi\u00f3n que los otros m\u00fasicos est\u00e1n tocando mientras tu haces un solo.<\/p>\n\n\n\n<p>Mira este video como ejemplo de una escala musical bien hecha para el cuatro, <a href=\"https:\/\/youtu.be\/meRuZj46wm4?t=35\" target=\"_blank\" rel=\"noreferrer noopener\">una estrofa de una canci\u00f3n<\/a> compuesta por el m\u00fasico y cuatrista Edward Ramirez.<\/p>\n\n\n\n<p>Entonces no esperes m\u00e1s y comienza a memorizarte las escalas musicales para cada una de las notas en modos mayores y menores. Aqu\u00ed te las dejamos todas para el cuatro y tambi\u00e9n para el Ukulele:<\/p>\n\n\n\n<p><a href=\"\/es\/escalas\/cuatro\/\">Escalas para Cuatro<\/a><\/p>\n\n\n\n<p>En esta p\u00e1gina podr\u00e1s aprender los modos para todas las tonalidades naturales y c\u00f3mo se colocan los dedos en la trastera del Cuatro.<\/p>\n\n\n\n<p><a href=\"\/es\/escalas\/ukulele\/\">Escalas para Ukulele<\/a><\/p>\n\n\n\n<p>Igualmente, si te gusta tocar el Ukulele, en esta p\u00e1gina podr\u00e1s ver todoso los modos de tonos naturales y c\u00f3mo posicionar tus dedos en los trastes del Ukulele para tocar las escalas.<\/p>\n","protected":false},"excerpt":{"rendered":"<p>Aprende a tocar las escalas musicales en tu instrumento. Escoge el instrumento a continuaci\u00f3n y ver\u00e1s aparecer todas las escalas mayores y menores: Accediendo al instrumento que quieres, puedes ver todas las escalas en tonalidades mayores y menores en la trastera del instrumento, como una referencia para cuando est\u00e1s ejecutando solos o improvisando melod\u00edas. \u00bfPor [&hellip;]<\/p>\n","protected":false},"author":1,"featured_media":0,"parent":0,"menu_order":0,"comment_status":"closed","ping_status":"closed","template":"","meta":{"content-type":"","footnotes":""},"class_list":["post-15536","page","type-page","status-publish","hentry"],"yoast_head":"<!-- This site is optimized with the Yoast SEO plugin v27.2 - https:\/\/yoast.com\/product\/yoast-seo-wordpress\/ -->\n<title>Escalas mayores y menores para instrumentos musicales - TuCuatro - El Cuatro Venezolano<\/title>\n<meta name=\"description\" content=\"Aprende a tocar las escalas musicales en tu instrumento. Escoge el instrumento a continuaci\u00f3n y ver\u00e1s aparecer todas las escalas mayor...\" \/>\n<meta name=\"robots\" content=\"index, follow, max-snippet:-1, max-image-preview:large, max-video-preview:-1\" \/>\n<link rel=\"canonical\" href=\"https:\/\/tucuatro.com\/es\/escalas\/\" \/>\n<meta property=\"og:locale\" content=\"es_ES\" \/>\n<meta property=\"og:type\" content=\"article\" \/>\n<meta property=\"og:title\" content=\"Escalas mayores y menores para instrumentos musicales - TuCuatro - El Cuatro Venezolano\" \/>\n<meta property=\"og:description\" content=\"Aprende a tocar las escalas musicales en tu instrumento. Escoge el instrumento a continuaci\u00f3n y ver\u00e1s aparecer todas las escalas mayor...\" \/>\n<meta property=\"og:url\" content=\"https:\/\/tucuatro.com\/es\/escalas\/\" \/>\n<meta property=\"og:site_name\" content=\"TuCuatro - El Cuatro Venezolano\" \/>\n<meta property=\"article:publisher\" content=\"https:\/\/facebook.com\/tucuatrodigital\" \/>\n<meta property=\"article:modified_time\" content=\"2020-09-22T22:43:34+00:00\" \/>\n<meta property=\"og:image\" content=\"https:\/\/tucuatro.com\/wp-content\/uploads\/sites\/11\/2018\/06\/cuatro.png\" \/>\n<meta name=\"twitter:card\" content=\"summary_large_image\" \/>\n<meta name=\"twitter:site\" content=\"@tucuatro\" \/>\n<meta name=\"twitter:label1\" content=\"Tiempo de lectura\" \/>\n\t<meta name=\"twitter:data1\" content=\"2 minutos\" \/>\n<script type=\"application\/ld+json\" class=\"yoast-schema-graph\">{\"@context\":\"https:\/\/schema.org\",\"@graph\":[{\"@type\":\"WebPage\",\"@id\":\"https:\/\/tucuatro.com\/es\/escalas\/\",\"url\":\"https:\/\/tucuatro.com\/es\/escalas\/\",\"name\":\"Escalas mayores y menores para instrumentos musicales - TuCuatro - El Cuatro Venezolano\",\"isPartOf\":{\"@id\":\"https:\/\/tucuatro.com\/es\/#website\"},\"primaryImageOfPage\":{\"@id\":\"https:\/\/tucuatro.com\/es\/escalas\/#primaryimage\"},\"image\":{\"@id\":\"https:\/\/tucuatro.com\/es\/escalas\/#primaryimage\"},\"thumbnailUrl\":\"https:\/\/tucuatro.com\/wp-content\/uploads\/sites\/11\/2018\/06\/cuatro.png\",\"datePublished\":\"2017-09-18T14:26:47+00:00\",\"dateModified\":\"2020-09-22T22:43:34+00:00\",\"description\":\"Aprende a tocar las escalas musicales en tu instrumento. Escoge el instrumento a continuaci\u00f3n y ver\u00e1s aparecer todas las escalas mayor...\",\"breadcrumb\":{\"@id\":\"https:\/\/tucuatro.com\/es\/escalas\/#breadcrumb\"},\"inLanguage\":\"es\",\"potentialAction\":[{\"@type\":\"ReadAction\",\"target\":[\"https:\/\/tucuatro.com\/es\/escalas\/\"]}]},{\"@type\":\"ImageObject\",\"inLanguage\":\"es\",\"@id\":\"https:\/\/tucuatro.com\/es\/escalas\/#primaryimage\",\"url\":\"https:\/\/tucuatro.com\/wp-content\/uploads\/sites\/11\/2018\/06\/cuatro.png\",\"contentUrl\":\"https:\/\/tucuatro.com\/wp-content\/uploads\/sites\/11\/2018\/06\/cuatro.png\"},{\"@type\":\"BreadcrumbList\",\"@id\":\"https:\/\/tucuatro.com\/es\/escalas\/#breadcrumb\",\"itemListElement\":[{\"@type\":\"ListItem\",\"position\":1,\"name\":\"Portada\",\"item\":\"https:\/\/tucuatro.com\/es\/\"},{\"@type\":\"ListItem\",\"position\":2,\"name\":\"Escalas mayores y menores para instrumentos musicales\"}]},{\"@type\":\"WebSite\",\"@id\":\"https:\/\/tucuatro.com\/es\/#website\",\"url\":\"https:\/\/tucuatro.com\/es\/\",\"name\":\"TuCuatro\",\"description\":\"TuCuatro\",\"publisher\":{\"@id\":\"https:\/\/tucuatro.com\/es\/#organization\"},\"potentialAction\":[{\"@type\":\"SearchAction\",\"target\":{\"@type\":\"EntryPoint\",\"urlTemplate\":\"https:\/\/tucuatro.com\/es\/?s={search_term_string}\"},\"query-input\":{\"@type\":\"PropertyValueSpecification\",\"valueRequired\":true,\"valueName\":\"search_term_string\"}}],\"inLanguage\":\"es\"},{\"@type\":\"Organization\",\"@id\":\"https:\/\/tucuatro.com\/es\/#organization\",\"name\":\"TuCuatro\",\"url\":\"https:\/\/tucuatro.com\/es\/\",\"logo\":{\"@type\":\"ImageObject\",\"inLanguage\":\"es\",\"@id\":\"https:\/\/tucuatro.com\/es\/#\/schema\/logo\/image\/\",\"url\":\"https:\/\/tucuatro.com\/es\/wp-content\/uploads\/sites\/3\/2020\/02\/fretboard_icon_black-64px.png\",\"contentUrl\":\"https:\/\/tucuatro.com\/es\/wp-content\/uploads\/sites\/3\/2020\/02\/fretboard_icon_black-64px.png\",\"width\":64,\"height\":107,\"caption\":\"TuCuatro\"},\"image\":{\"@id\":\"https:\/\/tucuatro.com\/es\/#\/schema\/logo\/image\/\"},\"sameAs\":[\"https:\/\/facebook.com\/tucuatrodigital\",\"https:\/\/x.com\/tucuatro\"]}]}<\/script>\n<!-- \/ Yoast SEO plugin. -->","yoast_head_json":{"title":"Escalas mayores y menores para instrumentos musicales - TuCuatro - El Cuatro Venezolano","description":"Aprende a tocar las escalas musicales en tu instrumento. Escoge el instrumento a continuaci\u00f3n y ver\u00e1s aparecer todas las escalas mayor...","robots":{"index":"index","follow":"follow","max-snippet":"max-snippet:-1","max-image-preview":"max-image-preview:large","max-video-preview":"max-video-preview:-1"},"canonical":"https:\/\/tucuatro.com\/es\/escalas\/","og_locale":"es_ES","og_type":"article","og_title":"Escalas mayores y menores para instrumentos musicales - TuCuatro - El Cuatro Venezolano","og_description":"Aprende a tocar las escalas musicales en tu instrumento. Escoge el instrumento a continuaci\u00f3n y ver\u00e1s aparecer todas las escalas mayor...","og_url":"https:\/\/tucuatro.com\/es\/escalas\/","og_site_name":"TuCuatro - El Cuatro Venezolano","article_publisher":"https:\/\/facebook.com\/tucuatrodigital","article_modified_time":"2020-09-22T22:43:34+00:00","og_image":[{"url":"https:\/\/tucuatro.com\/wp-content\/uploads\/sites\/11\/2018\/06\/cuatro.png","type":"","width":"","height":""}],"twitter_card":"summary_large_image","twitter_site":"@tucuatro","twitter_misc":{"Tiempo de lectura":"2 minutos"},"schema":{"@context":"https:\/\/schema.org","@graph":[{"@type":"WebPage","@id":"https:\/\/tucuatro.com\/es\/escalas\/","url":"https:\/\/tucuatro.com\/es\/escalas\/","name":"Escalas mayores y menores para instrumentos musicales - TuCuatro - El Cuatro Venezolano","isPartOf":{"@id":"https:\/\/tucuatro.com\/es\/#website"},"primaryImageOfPage":{"@id":"https:\/\/tucuatro.com\/es\/escalas\/#primaryimage"},"image":{"@id":"https:\/\/tucuatro.com\/es\/escalas\/#primaryimage"},"thumbnailUrl":"https:\/\/tucuatro.com\/wp-content\/uploads\/sites\/11\/2018\/06\/cuatro.png","datePublished":"2017-09-18T14:26:47+00:00","dateModified":"2020-09-22T22:43:34+00:00","description":"Aprende a tocar las escalas musicales en tu instrumento. Escoge el instrumento a continuaci\u00f3n y ver\u00e1s aparecer todas las escalas mayor...","breadcrumb":{"@id":"https:\/\/tucuatro.com\/es\/escalas\/#breadcrumb"},"inLanguage":"es","potentialAction":[{"@type":"ReadAction","target":["https:\/\/tucuatro.com\/es\/escalas\/"]}]},{"@type":"ImageObject","inLanguage":"es","@id":"https:\/\/tucuatro.com\/es\/escalas\/#primaryimage","url":"https:\/\/tucuatro.com\/wp-content\/uploads\/sites\/11\/2018\/06\/cuatro.png","contentUrl":"https:\/\/tucuatro.com\/wp-content\/uploads\/sites\/11\/2018\/06\/cuatro.png"},{"@type":"BreadcrumbList","@id":"https:\/\/tucuatro.com\/es\/escalas\/#breadcrumb","itemListElement":[{"@type":"ListItem","position":1,"name":"Portada","item":"https:\/\/tucuatro.com\/es\/"},{"@type":"ListItem","position":2,"name":"Escalas mayores y menores para instrumentos musicales"}]},{"@type":"WebSite","@id":"https:\/\/tucuatro.com\/es\/#website","url":"https:\/\/tucuatro.com\/es\/","name":"TuCuatro","description":"TuCuatro","publisher":{"@id":"https:\/\/tucuatro.com\/es\/#organization"},"potentialAction":[{"@type":"SearchAction","target":{"@type":"EntryPoint","urlTemplate":"https:\/\/tucuatro.com\/es\/?s={search_term_string}"},"query-input":{"@type":"PropertyValueSpecification","valueRequired":true,"valueName":"search_term_string"}}],"inLanguage":"es"},{"@type":"Organization","@id":"https:\/\/tucuatro.com\/es\/#organization","name":"TuCuatro","url":"https:\/\/tucuatro.com\/es\/","logo":{"@type":"ImageObject","inLanguage":"es","@id":"https:\/\/tucuatro.com\/es\/#\/schema\/logo\/image\/","url":"https:\/\/tucuatro.com\/es\/wp-content\/uploads\/sites\/3\/2020\/02\/fretboard_icon_black-64px.png","contentUrl":"https:\/\/tucuatro.com\/es\/wp-content\/uploads\/sites\/3\/2020\/02\/fretboard_icon_black-64px.png","width":64,"height":107,"caption":"TuCuatro"},"image":{"@id":"https:\/\/tucuatro.com\/es\/#\/schema\/logo\/image\/"},"sameAs":["https:\/\/facebook.com\/tucuatrodigital","https:\/\/x.com\/tucuatro"]}]}},"_links":{"self":[{"href":"https:\/\/tucuatro.com\/es\/wp-json\/wp\/v2\/pages\/15536","targetHints":{"allow":["GET"]}}],"collection":[{"href":"https:\/\/tucuatro.com\/es\/wp-json\/wp\/v2\/pages"}],"about":[{"href":"https:\/\/tucuatro.com\/es\/wp-json\/wp\/v2\/types\/page"}],"author":[{"embeddable":true,"href":"https:\/\/tucuatro.com\/es\/wp-json\/wp\/v2\/users\/1"}],"replies":[{"embeddable":true,"href":"https:\/\/tucuatro.com\/es\/wp-json\/wp\/v2\/comments?post=15536"}],"version-history":[{"count":0,"href":"https:\/\/tucuatro.com\/es\/wp-json\/wp\/v2\/pages\/15536\/revisions"}],"wp:attachment":[{"href":"https:\/\/tucuatro.com\/es\/wp-json\/wp\/v2\/media?parent=15536"}],"curies":[{"name":"wp","href":"https:\/\/api.w.org\/{rel}","templated":true}]}}