{"id":15537,"date":"2017-09-18T10:28:25","date_gmt":"2017-09-18T14:28:25","guid":{"rendered":"https:\/\/tucuatro.com\/es\/?page_id=15537"},"modified":"2020-05-15T21:14:10","modified_gmt":"2020-05-16T01:14:10","slug":"cuatro","status":"publish","type":"page","link":"https:\/\/tucuatro.com\/es\/escalas\/cuatro\/","title":{"rendered":"Escalas musicales para Cuatro"},"content":{"rendered":"\n<p>Las escalas musicales son muy \u00fatiles para poder aprender c\u00f3mo est\u00e1n conformados los acordes en el Cuatro. Igualmente las podr\u00e1s utilizar para poder tocar solos y melod\u00edas en tus canciones favoritas. <\/p>\n\n\n\n<p>Aprende las escalas mayores y menores ahora y tendr\u00e1s un conocimiento que te permitir\u00e1 mejorar tu t\u00e9cnica como instrumentista. Podr\u00e1s saber cuales notas conforman un acorde en el m\u00e1stil del instrumento y podr\u00e1s pisar las notas con seguridad de que sonar\u00e1n bien mientras te mantengas dentro de la escala.<\/p>\n\n\n\n<p>\u00bfConoces el secreto de los m\u00fasicos profesionales para hacer solos magn\u00edficos? Pues \u00a1Se saben la escala de memoria! Si no pisas ning\u00fan acorde fuera de la escala, los solos te van a sonar bien afinados, as\u00ed que \u00a1manos a la obra y a aprender!<\/p>\n\n\n\n<hr class=\"wp-block-separator is-style-wide\"\/>\n\n\n\n<h2 class=\"has-text-color has-text-align-center wp-block-heading\" style=\"color:#fea02f\">Escalas Mayores de Cuatro<\/h2>\n\n\n\n<p>Todas las escalas mayores para el Cuatro en notas naturales se muestran a continuaci\u00f3n. Estan ordenadas por notas musicales comenzando desde la escala del La Mayor, o como tambi\u00e9n se conoce, la escala A, o A Major.<\/p>\n\n\n\n<p>En cada una de las escalas puedes ver los puntos donde deben colocarse los dedos, y se remarca en un color diferente la tonalidad de la escala, en el primer caso, la nota La:<\/p>\n\n\n\n<hr class=\"wp-block-separator\"\/>\n\n\n\n<h3 class=\"wp-block-heading\">La Mayor<\/h3>\n\n\n<h3 class=\"error\">El plugin no est\u00e1 instalado<\/h3>\n\n\n\n<h3 class=\"wp-block-heading\">Si Mayor<\/h3>\n\n\n<h3 class=\"error\">El plugin no est\u00e1 instalado<\/h3>\n\n\n\n<h3 class=\"wp-block-heading\">Do Mayor<\/h3>\n\n\n<h3 class=\"error\">El plugin no est\u00e1 instalado<\/h3>\n\n\n\n<h3 class=\"wp-block-heading\">Re Mayor<\/h3>\n\n\n<h3 class=\"error\">El plugin no est\u00e1 instalado<\/h3>\n\n\n\n<h3 class=\"wp-block-heading\">Mi Mayor<\/h3>\n\n\n<h3 class=\"error\">El plugin no est\u00e1 instalado<\/h3>\n\n\n\n<h3 class=\"wp-block-heading\">Fa Mayor<\/h3>\n\n\n<h3 class=\"error\">El plugin no est\u00e1 instalado<\/h3>\n\n\n\n<h3 class=\"wp-block-heading\">Sol Mayor<\/h3>\n\n\n<h3 class=\"error\">El plugin no est\u00e1 instalado<\/h3>\n\n\n\n<hr class=\"wp-block-separator is-style-wide\"\/>\n\n\n\n<h2 class=\"has-text-color has-text-align-center wp-block-heading\" style=\"color:#c11b47\">Escalas menores de Cuatro<\/h2>\n\n\n\n<p>Todas las escalas menores para el Cuatro se muestran a continuaci\u00f3n. Al igual que con las escalas mayores, ahora puedes ver los puntos donde se debe digitar cada nota para formar cada escala. Comenzamos por la escala La menor, que tambi\u00e9n se conoce como Am o A minor. <\/p>\n\n\n\n<p>Revisa con detalle las posiciones y trata de hacer las notas desde las m\u00e1s graves hasta las m\u00e1s agudas al practicar con cada una de las escalas en las diferentes tonalidades.<\/p>\n\n\n\n<hr class=\"wp-block-separator\"\/>\n\n\n\n<h3 class=\"wp-block-heading\">La menor<\/h3>\n\n\n<h3 class=\"error\">El plugin no est\u00e1 instalado<\/h3>\n\n\n\n<h3 class=\"wp-block-heading\">Si menor<\/h3>\n\n\n<h3 class=\"error\">El plugin no est\u00e1 instalado<\/h3>\n\n\n\n<h3 class=\"wp-block-heading\">Do menor<\/h3>\n\n\n<h3 class=\"error\">El plugin no est\u00e1 instalado<\/h3>\n\n\n\n<h3 class=\"wp-block-heading\">Re menor<\/h3>\n\n\n<h3 class=\"error\">El plugin no est\u00e1 instalado<\/h3>\n\n\n\n<h3 class=\"wp-block-heading\">Mi menor<\/h3>\n\n\n<h3 class=\"error\">El plugin no est\u00e1 instalado<\/h3>\n\n\n\n<h3 class=\"wp-block-heading\">Fa menor<\/h3>\n\n\n<h3 class=\"error\">El plugin no est\u00e1 instalado<\/h3>\n\n\n\n<h3 class=\"wp-block-heading\">Sol menor<\/h3>\n\n\n<h3 class=\"error\">El plugin no est\u00e1 instalado<\/h3>\n\n\n\n<h2 class=\"wp-block-heading\">Practicando las escalas de Cuatro<\/h2>\n\n\n\n<p>Las escalas de cuatro sirven para hacer punteos y solos con el cuatro. Debes practicarlas hasta saberlas de memoria.<\/p>\n\n\n\n<p>No hemos puesto las escalas de las notas sostenidas o bemoles, ya que es s\u00f3lo cuesti\u00f3n de transponer un traste para arriba o para abajo para obtener esas otras escalas. Por ejemplo si quieres hacer la escala de A# o La Sostenido, s\u00f3lo debes agarrar la escala de La y transponerla hacia arriba una posici\u00f3n (mover todos los dedos un traste hacia arriba).<\/p>\n\n\n\n<p>Lee esta nota sobre <a href=\"https:\/\/tucuatro.com\/camburpinton\/como-hacer-solos-de-cuatro\/\">c\u00f3mo hacer solos de cuatro<\/a> en nuestro blog para que aprendas m\u00e1s sobre la utilidad de estas escalas.<\/p>\n","protected":false},"excerpt":{"rendered":"<p>Aprende a tocar todas las escalas mayores y menores para el Cuatro<\/p>\n","protected":false},"author":1,"featured_media":0,"parent":15536,"menu_order":0,"comment_status":"open","ping_status":"closed","template":"","meta":{"content-type":"","footnotes":""},"class_list":["post-15537","page","type-page","status-publish","hentry"],"yoast_head":"<!-- This site is optimized with the Yoast SEO plugin v27.2 - https:\/\/yoast.com\/product\/yoast-seo-wordpress\/ -->\n<title>Escalas musicales para Cuatro - TuCuatro - El Cuatro Venezolano<\/title>\n<meta name=\"description\" content=\"Aprende las escalas en el Cuatro, para tonalidades mayores y menores. La escala del do mayor y las otras disponibles con im\u00e1genes ac\u00e1 en TuCuatro.\" \/>\n<meta name=\"robots\" content=\"index, follow, max-snippet:-1, max-image-preview:large, max-video-preview:-1\" \/>\n<link rel=\"canonical\" href=\"https:\/\/tucuatro.com\/es\/escalas\/cuatro\/\" \/>\n<meta property=\"og:locale\" content=\"es_ES\" \/>\n<meta property=\"og:type\" content=\"article\" \/>\n<meta property=\"og:title\" content=\"Escalas musicales para Cuatro - TuCuatro - El Cuatro Venezolano\" \/>\n<meta property=\"og:description\" content=\"Aprende las escalas en el Cuatro, para tonalidades mayores y menores. La escala del do mayor y las otras disponibles con im\u00e1genes ac\u00e1 en TuCuatro.\" \/>\n<meta property=\"og:url\" content=\"https:\/\/tucuatro.com\/es\/escalas\/cuatro\/\" \/>\n<meta property=\"og:site_name\" content=\"TuCuatro - El Cuatro Venezolano\" \/>\n<meta property=\"article:publisher\" content=\"https:\/\/facebook.com\/tucuatrodigital\" \/>\n<meta property=\"article:modified_time\" content=\"2020-05-16T01:14:10+00:00\" \/>\n<meta property=\"og:image\" content=\"https:\/\/tucuatro.com\/es\/wp-content\/uploads\/sites\/3\/2020\/02\/tucuatro-featured-image.jpg\" \/>\n\t<meta property=\"og:image:width\" content=\"1200\" \/>\n\t<meta property=\"og:image:height\" content=\"628\" \/>\n\t<meta property=\"og:image:type\" content=\"image\/jpeg\" \/>\n<meta name=\"twitter:card\" content=\"summary_large_image\" \/>\n<meta name=\"twitter:site\" content=\"@tucuatro\" \/>\n<meta name=\"twitter:label1\" content=\"Tiempo de lectura\" \/>\n\t<meta name=\"twitter:data1\" content=\"3 minutos\" \/>\n<script type=\"application\/ld+json\" class=\"yoast-schema-graph\">{\"@context\":\"https:\/\/schema.org\",\"@graph\":[{\"@type\":\"WebPage\",\"@id\":\"https:\/\/tucuatro.com\/es\/escalas\/cuatro\/\",\"url\":\"https:\/\/tucuatro.com\/es\/escalas\/cuatro\/\",\"name\":\"Escalas musicales para Cuatro - TuCuatro - El Cuatro Venezolano\",\"isPartOf\":{\"@id\":\"https:\/\/tucuatro.com\/es\/#website\"},\"datePublished\":\"2017-09-18T14:28:25+00:00\",\"dateModified\":\"2020-05-16T01:14:10+00:00\",\"description\":\"Aprende las escalas en el Cuatro, para tonalidades mayores y menores. La escala del do mayor y las otras disponibles con im\u00e1genes ac\u00e1 en TuCuatro.\",\"breadcrumb\":{\"@id\":\"https:\/\/tucuatro.com\/es\/escalas\/cuatro\/#breadcrumb\"},\"inLanguage\":\"es\",\"potentialAction\":[{\"@type\":\"ReadAction\",\"target\":[\"https:\/\/tucuatro.com\/es\/escalas\/cuatro\/\"]}]},{\"@type\":\"BreadcrumbList\",\"@id\":\"https:\/\/tucuatro.com\/es\/escalas\/cuatro\/#breadcrumb\",\"itemListElement\":[{\"@type\":\"ListItem\",\"position\":1,\"name\":\"Portada\",\"item\":\"https:\/\/tucuatro.com\/es\/\"},{\"@type\":\"ListItem\",\"position\":2,\"name\":\"Escalas mayores y menores para instrumentos musicales\",\"item\":\"https:\/\/tucuatro.com\/es\/escalas\/\"},{\"@type\":\"ListItem\",\"position\":3,\"name\":\"Escalas musicales para Cuatro\"}]},{\"@type\":\"WebSite\",\"@id\":\"https:\/\/tucuatro.com\/es\/#website\",\"url\":\"https:\/\/tucuatro.com\/es\/\",\"name\":\"TuCuatro\",\"description\":\"TuCuatro\",\"publisher\":{\"@id\":\"https:\/\/tucuatro.com\/es\/#organization\"},\"potentialAction\":[{\"@type\":\"SearchAction\",\"target\":{\"@type\":\"EntryPoint\",\"urlTemplate\":\"https:\/\/tucuatro.com\/es\/?s={search_term_string}\"},\"query-input\":{\"@type\":\"PropertyValueSpecification\",\"valueRequired\":true,\"valueName\":\"search_term_string\"}}],\"inLanguage\":\"es\"},{\"@type\":\"Organization\",\"@id\":\"https:\/\/tucuatro.com\/es\/#organization\",\"name\":\"TuCuatro\",\"url\":\"https:\/\/tucuatro.com\/es\/\",\"logo\":{\"@type\":\"ImageObject\",\"inLanguage\":\"es\",\"@id\":\"https:\/\/tucuatro.com\/es\/#\/schema\/logo\/image\/\",\"url\":\"https:\/\/tucuatro.com\/es\/wp-content\/uploads\/sites\/3\/2020\/02\/fretboard_icon_black-64px.png\",\"contentUrl\":\"https:\/\/tucuatro.com\/es\/wp-content\/uploads\/sites\/3\/2020\/02\/fretboard_icon_black-64px.png\",\"width\":64,\"height\":107,\"caption\":\"TuCuatro\"},\"image\":{\"@id\":\"https:\/\/tucuatro.com\/es\/#\/schema\/logo\/image\/\"},\"sameAs\":[\"https:\/\/facebook.com\/tucuatrodigital\",\"https:\/\/x.com\/tucuatro\"]}]}<\/script>\n<!-- \/ Yoast SEO plugin. -->","yoast_head_json":{"title":"Escalas musicales para Cuatro - TuCuatro - El Cuatro Venezolano","description":"Aprende las escalas en el Cuatro, para tonalidades mayores y menores. La escala del do mayor y las otras disponibles con im\u00e1genes ac\u00e1 en TuCuatro.","robots":{"index":"index","follow":"follow","max-snippet":"max-snippet:-1","max-image-preview":"max-image-preview:large","max-video-preview":"max-video-preview:-1"},"canonical":"https:\/\/tucuatro.com\/es\/escalas\/cuatro\/","og_locale":"es_ES","og_type":"article","og_title":"Escalas musicales para Cuatro - TuCuatro - El Cuatro Venezolano","og_description":"Aprende las escalas en el Cuatro, para tonalidades mayores y menores. La escala del do mayor y las otras disponibles con im\u00e1genes ac\u00e1 en TuCuatro.","og_url":"https:\/\/tucuatro.com\/es\/escalas\/cuatro\/","og_site_name":"TuCuatro - El Cuatro Venezolano","article_publisher":"https:\/\/facebook.com\/tucuatrodigital","article_modified_time":"2020-05-16T01:14:10+00:00","og_image":[{"width":1200,"height":628,"url":"https:\/\/tucuatro.com\/es\/wp-content\/uploads\/sites\/3\/2020\/02\/tucuatro-featured-image.jpg","type":"image\/jpeg"}],"twitter_card":"summary_large_image","twitter_site":"@tucuatro","twitter_misc":{"Tiempo de lectura":"3 minutos"},"schema":{"@context":"https:\/\/schema.org","@graph":[{"@type":"WebPage","@id":"https:\/\/tucuatro.com\/es\/escalas\/cuatro\/","url":"https:\/\/tucuatro.com\/es\/escalas\/cuatro\/","name":"Escalas musicales para Cuatro - TuCuatro - El Cuatro Venezolano","isPartOf":{"@id":"https:\/\/tucuatro.com\/es\/#website"},"datePublished":"2017-09-18T14:28:25+00:00","dateModified":"2020-05-16T01:14:10+00:00","description":"Aprende las escalas en el Cuatro, para tonalidades mayores y menores. La escala del do mayor y las otras disponibles con im\u00e1genes ac\u00e1 en TuCuatro.","breadcrumb":{"@id":"https:\/\/tucuatro.com\/es\/escalas\/cuatro\/#breadcrumb"},"inLanguage":"es","potentialAction":[{"@type":"ReadAction","target":["https:\/\/tucuatro.com\/es\/escalas\/cuatro\/"]}]},{"@type":"BreadcrumbList","@id":"https:\/\/tucuatro.com\/es\/escalas\/cuatro\/#breadcrumb","itemListElement":[{"@type":"ListItem","position":1,"name":"Portada","item":"https:\/\/tucuatro.com\/es\/"},{"@type":"ListItem","position":2,"name":"Escalas mayores y menores para instrumentos musicales","item":"https:\/\/tucuatro.com\/es\/escalas\/"},{"@type":"ListItem","position":3,"name":"Escalas musicales para Cuatro"}]},{"@type":"WebSite","@id":"https:\/\/tucuatro.com\/es\/#website","url":"https:\/\/tucuatro.com\/es\/","name":"TuCuatro","description":"TuCuatro","publisher":{"@id":"https:\/\/tucuatro.com\/es\/#organization"},"potentialAction":[{"@type":"SearchAction","target":{"@type":"EntryPoint","urlTemplate":"https:\/\/tucuatro.com\/es\/?s={search_term_string}"},"query-input":{"@type":"PropertyValueSpecification","valueRequired":true,"valueName":"search_term_string"}}],"inLanguage":"es"},{"@type":"Organization","@id":"https:\/\/tucuatro.com\/es\/#organization","name":"TuCuatro","url":"https:\/\/tucuatro.com\/es\/","logo":{"@type":"ImageObject","inLanguage":"es","@id":"https:\/\/tucuatro.com\/es\/#\/schema\/logo\/image\/","url":"https:\/\/tucuatro.com\/es\/wp-content\/uploads\/sites\/3\/2020\/02\/fretboard_icon_black-64px.png","contentUrl":"https:\/\/tucuatro.com\/es\/wp-content\/uploads\/sites\/3\/2020\/02\/fretboard_icon_black-64px.png","width":64,"height":107,"caption":"TuCuatro"},"image":{"@id":"https:\/\/tucuatro.com\/es\/#\/schema\/logo\/image\/"},"sameAs":["https:\/\/facebook.com\/tucuatrodigital","https:\/\/x.com\/tucuatro"]}]}},"_links":{"self":[{"href":"https:\/\/tucuatro.com\/es\/wp-json\/wp\/v2\/pages\/15537","targetHints":{"allow":["GET"]}}],"collection":[{"href":"https:\/\/tucuatro.com\/es\/wp-json\/wp\/v2\/pages"}],"about":[{"href":"https:\/\/tucuatro.com\/es\/wp-json\/wp\/v2\/types\/page"}],"author":[{"embeddable":true,"href":"https:\/\/tucuatro.com\/es\/wp-json\/wp\/v2\/users\/1"}],"replies":[{"embeddable":true,"href":"https:\/\/tucuatro.com\/es\/wp-json\/wp\/v2\/comments?post=15537"}],"version-history":[{"count":0,"href":"https:\/\/tucuatro.com\/es\/wp-json\/wp\/v2\/pages\/15537\/revisions"}],"up":[{"embeddable":true,"href":"https:\/\/tucuatro.com\/es\/wp-json\/wp\/v2\/pages\/15536"}],"wp:attachment":[{"href":"https:\/\/tucuatro.com\/es\/wp-json\/wp\/v2\/media?parent=15537"}],"curies":[{"name":"wp","href":"https:\/\/api.w.org\/{rel}","templated":true}]}}