{"id":16392,"date":"2018-01-08T15:00:33","date_gmt":"2018-01-08T19:00:33","guid":{"rendered":"https:\/\/tucuatro.com\/es\/?page_id=16392"},"modified":"2018-01-08T15:00:33","modified_gmt":"2018-01-08T19:00:33","slug":"eloy-miranda","status":"publish","type":"page","link":"https:\/\/tucuatro.com\/es\/musicos\/eloy-miranda\/","title":{"rendered":"Eloy Miranda"},"content":{"rendered":"<p><img fetchpriority=\"high\" decoding=\"async\" class=\"alignleft size-thumbnail wp-image-309\" src=\"\/\/tucuatro.com\/wp-content\/uploads\/sites\/3\/eloy-miranda-cuatrista-300x200.jpg\" alt=\"eloy-miranda-cuatrista\" width=\"300\" height=\"200\"><\/p>\n<p>Eloy Miranda es uno de los cuatristas venezolanos m\u00e1s reconocidos de la actualidad.  Su participaci\u00f3n en los talleres de Cuatro de PDVSA lo hizo ser conocido como el profesor de cuatro con mayor relevancia en Caracas.  Eloy Miranda comenz\u00f3 su carrera en el a\u00f1o 1997 y desde entonces ha estado impulsando la m\u00fasica con el cuatro venezolano dentro y fuera de Venezuela.<\/p>\n<p>Eloy Miranda ha impartido talleres y clases magistrales en la ciudad de Caracas y ha participado en numerosos eventos y conciertos dentro de la ciudad.  Adicionalmente Eloy ha formado una agrupaci\u00f3n musical llamada Eloy Miranda Trio que ha tenido la oportunidad de participar en las distintas salas y teatros de la ciudad, incluyendo presentaciones en el Teresa Carre\u00f1o.<\/p>\n<p>Entre las producciones con las que cuenta el cuatrista Eloy Miranda se encuentran:<\/p>\n<ul>\n<li>Ensamble 6 venezuela<\/li>\n<li>Trio 4B<\/li>\n<li>Uriel<\/li>\n<\/ul>\n<p>https:\/\/www.youtube.com\/watch?v=4ikZjU7vPVs<\/p>\n<h2>Quiero comunicarme con el Cuatrista Eloy Miranda<\/h2>\n<p>Eloy Miranda reside en Caracas y se encuentra disponible para eventos y contrataciones.<\/p>\n<p>[contact-form to=&#8217;tucuatrodigital@gmail.com&#8217; subject=&#8217;Marcel Montcourt: Contacto&#8217;][contact-field label=&#8217;Nombre&#8217; type=&#8217;name&#8217; required=&#8217;1&#8217;\/][contact-field label=&#8217;Correo electr\u00f3nico&#8217; type=&#8217;email&#8217; required=&#8217;1&#8217;\/][contact-field label=&#8217;Comentario&#8217; type=&#8217;textarea&#8217; required=&#8217;1&#8217;\/][\/contact-form]<\/p>\n\n\n<p>Eloy Miranda<\/p>\n","protected":false},"excerpt":{"rendered":"<p>Eloy Miranda es uno de los cuatristas venezolanos m\u00e1s reconocidos de la actualidad. Su participaci\u00f3n en los talleres de Cuatro de PDVSA lo hizo ser conocido como el profesor de cuatro con mayor relevancia en Caracas. Eloy Miranda comenz\u00f3 su carrera en el a\u00f1o 1997 y desde entonces ha estado impulsando la m\u00fasica con el [&hellip;]<\/p>\n","protected":false},"author":1,"featured_media":16393,"parent":16372,"menu_order":0,"comment_status":"closed","ping_status":"closed","template":"","meta":{"content-type":"","footnotes":""},"class_list":["post-16392","page","type-page","status-publish","has-post-thumbnail","hentry"],"yoast_head":"<!-- This site is optimized with the Yoast SEO plugin v27.2 - https:\/\/yoast.com\/product\/yoast-seo-wordpress\/ -->\n<title>Eloy Miranda - TuCuatro - El Cuatro Venezolano<\/title>\n<meta name=\"description\" content=\"Eloy Miranda es uno de los cuatristas venezolanos m\u00e1s reconocidos de la actualidad. Su participaci\u00f3n en los talleres de Cuatro de PDVSA lo hizo ser\" \/>\n<meta name=\"robots\" content=\"index, follow, max-snippet:-1, max-image-preview:large, max-video-preview:-1\" \/>\n<link rel=\"canonical\" href=\"https:\/\/tucuatro.com\/es\/musicos\/eloy-miranda\/\" \/>\n<meta property=\"og:locale\" content=\"es_ES\" \/>\n<meta property=\"og:type\" content=\"article\" \/>\n<meta property=\"og:title\" content=\"Eloy Miranda - TuCuatro - El Cuatro Venezolano\" \/>\n<meta property=\"og:description\" content=\"Eloy Miranda es uno de los cuatristas venezolanos m\u00e1s reconocidos de la actualidad. Su participaci\u00f3n en los talleres de Cuatro de PDVSA lo hizo ser\" \/>\n<meta property=\"og:url\" content=\"https:\/\/tucuatro.com\/es\/musicos\/eloy-miranda\/\" \/>\n<meta property=\"og:site_name\" content=\"TuCuatro - El Cuatro Venezolano\" \/>\n<meta property=\"article:publisher\" content=\"https:\/\/facebook.com\/tucuatrodigital\" \/>\n<meta property=\"og:image\" content=\"https:\/\/tucuatro.com\/es\/wp-content\/uploads\/sites\/3\/2020\/02\/tucuatro-featured-image.jpg\" \/>\n\t<meta property=\"og:image:width\" content=\"1200\" \/>\n\t<meta property=\"og:image:height\" content=\"628\" \/>\n\t<meta property=\"og:image:type\" content=\"image\/jpeg\" \/>\n<meta name=\"twitter:card\" content=\"summary_large_image\" \/>\n<meta name=\"twitter:site\" content=\"@tucuatro\" \/>\n<meta name=\"twitter:label1\" content=\"Tiempo de lectura\" \/>\n\t<meta name=\"twitter:data1\" content=\"1 minuto\" \/>\n<script type=\"application\/ld+json\" class=\"yoast-schema-graph\">{\"@context\":\"https:\/\/schema.org\",\"@graph\":[{\"@type\":\"WebPage\",\"@id\":\"https:\/\/tucuatro.com\/es\/musicos\/eloy-miranda\/\",\"url\":\"https:\/\/tucuatro.com\/es\/musicos\/eloy-miranda\/\",\"name\":\"Eloy Miranda - TuCuatro - El Cuatro Venezolano\",\"isPartOf\":{\"@id\":\"https:\/\/tucuatro.com\/es\/#website\"},\"primaryImageOfPage\":{\"@id\":\"https:\/\/tucuatro.com\/es\/musicos\/eloy-miranda\/#primaryimage\"},\"image\":{\"@id\":\"https:\/\/tucuatro.com\/es\/musicos\/eloy-miranda\/#primaryimage\"},\"thumbnailUrl\":\"\",\"datePublished\":\"2018-01-08T19:00:33+00:00\",\"description\":\"Eloy Miranda es uno de los cuatristas venezolanos m\u00e1s reconocidos de la actualidad. Su participaci\u00f3n en los talleres de Cuatro de PDVSA lo hizo ser\",\"breadcrumb\":{\"@id\":\"https:\/\/tucuatro.com\/es\/musicos\/eloy-miranda\/#breadcrumb\"},\"inLanguage\":\"es\",\"potentialAction\":[{\"@type\":\"ReadAction\",\"target\":[\"https:\/\/tucuatro.com\/es\/musicos\/eloy-miranda\/\"]}]},{\"@type\":\"ImageObject\",\"inLanguage\":\"es\",\"@id\":\"https:\/\/tucuatro.com\/es\/musicos\/eloy-miranda\/#primaryimage\",\"url\":\"\",\"contentUrl\":\"\"},{\"@type\":\"BreadcrumbList\",\"@id\":\"https:\/\/tucuatro.com\/es\/musicos\/eloy-miranda\/#breadcrumb\",\"itemListElement\":[{\"@type\":\"ListItem\",\"position\":1,\"name\":\"Portada\",\"item\":\"https:\/\/tucuatro.com\/es\/\"},{\"@type\":\"ListItem\",\"position\":2,\"name\":\"M\u00fasicos y Cuatristas\",\"item\":\"https:\/\/tucuatro.com\/es\/musicos\/\"},{\"@type\":\"ListItem\",\"position\":3,\"name\":\"Eloy Miranda\"}]},{\"@type\":\"WebSite\",\"@id\":\"https:\/\/tucuatro.com\/es\/#website\",\"url\":\"https:\/\/tucuatro.com\/es\/\",\"name\":\"TuCuatro\",\"description\":\"TuCuatro\",\"publisher\":{\"@id\":\"https:\/\/tucuatro.com\/es\/#organization\"},\"potentialAction\":[{\"@type\":\"SearchAction\",\"target\":{\"@type\":\"EntryPoint\",\"urlTemplate\":\"https:\/\/tucuatro.com\/es\/?s={search_term_string}\"},\"query-input\":{\"@type\":\"PropertyValueSpecification\",\"valueRequired\":true,\"valueName\":\"search_term_string\"}}],\"inLanguage\":\"es\"},{\"@type\":\"Organization\",\"@id\":\"https:\/\/tucuatro.com\/es\/#organization\",\"name\":\"TuCuatro\",\"url\":\"https:\/\/tucuatro.com\/es\/\",\"logo\":{\"@type\":\"ImageObject\",\"inLanguage\":\"es\",\"@id\":\"https:\/\/tucuatro.com\/es\/#\/schema\/logo\/image\/\",\"url\":\"https:\/\/tucuatro.com\/es\/wp-content\/uploads\/sites\/3\/2020\/02\/fretboard_icon_black-64px.png\",\"contentUrl\":\"https:\/\/tucuatro.com\/es\/wp-content\/uploads\/sites\/3\/2020\/02\/fretboard_icon_black-64px.png\",\"width\":64,\"height\":107,\"caption\":\"TuCuatro\"},\"image\":{\"@id\":\"https:\/\/tucuatro.com\/es\/#\/schema\/logo\/image\/\"},\"sameAs\":[\"https:\/\/facebook.com\/tucuatrodigital\",\"https:\/\/x.com\/tucuatro\"]}]}<\/script>\n<!-- \/ Yoast SEO plugin. -->","yoast_head_json":{"title":"Eloy Miranda - TuCuatro - El Cuatro Venezolano","description":"Eloy Miranda es uno de los cuatristas venezolanos m\u00e1s reconocidos de la actualidad. Su participaci\u00f3n en los talleres de Cuatro de PDVSA lo hizo ser","robots":{"index":"index","follow":"follow","max-snippet":"max-snippet:-1","max-image-preview":"max-image-preview:large","max-video-preview":"max-video-preview:-1"},"canonical":"https:\/\/tucuatro.com\/es\/musicos\/eloy-miranda\/","og_locale":"es_ES","og_type":"article","og_title":"Eloy Miranda - TuCuatro - El Cuatro Venezolano","og_description":"Eloy Miranda es uno de los cuatristas venezolanos m\u00e1s reconocidos de la actualidad. Su participaci\u00f3n en los talleres de Cuatro de PDVSA lo hizo ser","og_url":"https:\/\/tucuatro.com\/es\/musicos\/eloy-miranda\/","og_site_name":"TuCuatro - El Cuatro Venezolano","article_publisher":"https:\/\/facebook.com\/tucuatrodigital","og_image":[{"width":1200,"height":628,"url":"https:\/\/tucuatro.com\/es\/wp-content\/uploads\/sites\/3\/2020\/02\/tucuatro-featured-image.jpg","type":"image\/jpeg"}],"twitter_card":"summary_large_image","twitter_site":"@tucuatro","twitter_misc":{"Tiempo de lectura":"1 minuto"},"schema":{"@context":"https:\/\/schema.org","@graph":[{"@type":"WebPage","@id":"https:\/\/tucuatro.com\/es\/musicos\/eloy-miranda\/","url":"https:\/\/tucuatro.com\/es\/musicos\/eloy-miranda\/","name":"Eloy Miranda - TuCuatro - El Cuatro Venezolano","isPartOf":{"@id":"https:\/\/tucuatro.com\/es\/#website"},"primaryImageOfPage":{"@id":"https:\/\/tucuatro.com\/es\/musicos\/eloy-miranda\/#primaryimage"},"image":{"@id":"https:\/\/tucuatro.com\/es\/musicos\/eloy-miranda\/#primaryimage"},"thumbnailUrl":"","datePublished":"2018-01-08T19:00:33+00:00","description":"Eloy Miranda es uno de los cuatristas venezolanos m\u00e1s reconocidos de la actualidad. Su participaci\u00f3n en los talleres de Cuatro de PDVSA lo hizo ser","breadcrumb":{"@id":"https:\/\/tucuatro.com\/es\/musicos\/eloy-miranda\/#breadcrumb"},"inLanguage":"es","potentialAction":[{"@type":"ReadAction","target":["https:\/\/tucuatro.com\/es\/musicos\/eloy-miranda\/"]}]},{"@type":"ImageObject","inLanguage":"es","@id":"https:\/\/tucuatro.com\/es\/musicos\/eloy-miranda\/#primaryimage","url":"","contentUrl":""},{"@type":"BreadcrumbList","@id":"https:\/\/tucuatro.com\/es\/musicos\/eloy-miranda\/#breadcrumb","itemListElement":[{"@type":"ListItem","position":1,"name":"Portada","item":"https:\/\/tucuatro.com\/es\/"},{"@type":"ListItem","position":2,"name":"M\u00fasicos y Cuatristas","item":"https:\/\/tucuatro.com\/es\/musicos\/"},{"@type":"ListItem","position":3,"name":"Eloy Miranda"}]},{"@type":"WebSite","@id":"https:\/\/tucuatro.com\/es\/#website","url":"https:\/\/tucuatro.com\/es\/","name":"TuCuatro","description":"TuCuatro","publisher":{"@id":"https:\/\/tucuatro.com\/es\/#organization"},"potentialAction":[{"@type":"SearchAction","target":{"@type":"EntryPoint","urlTemplate":"https:\/\/tucuatro.com\/es\/?s={search_term_string}"},"query-input":{"@type":"PropertyValueSpecification","valueRequired":true,"valueName":"search_term_string"}}],"inLanguage":"es"},{"@type":"Organization","@id":"https:\/\/tucuatro.com\/es\/#organization","name":"TuCuatro","url":"https:\/\/tucuatro.com\/es\/","logo":{"@type":"ImageObject","inLanguage":"es","@id":"https:\/\/tucuatro.com\/es\/#\/schema\/logo\/image\/","url":"https:\/\/tucuatro.com\/es\/wp-content\/uploads\/sites\/3\/2020\/02\/fretboard_icon_black-64px.png","contentUrl":"https:\/\/tucuatro.com\/es\/wp-content\/uploads\/sites\/3\/2020\/02\/fretboard_icon_black-64px.png","width":64,"height":107,"caption":"TuCuatro"},"image":{"@id":"https:\/\/tucuatro.com\/es\/#\/schema\/logo\/image\/"},"sameAs":["https:\/\/facebook.com\/tucuatrodigital","https:\/\/x.com\/tucuatro"]}]}},"_links":{"self":[{"href":"https:\/\/tucuatro.com\/es\/wp-json\/wp\/v2\/pages\/16392","targetHints":{"allow":["GET"]}}],"collection":[{"href":"https:\/\/tucuatro.com\/es\/wp-json\/wp\/v2\/pages"}],"about":[{"href":"https:\/\/tucuatro.com\/es\/wp-json\/wp\/v2\/types\/page"}],"author":[{"embeddable":true,"href":"https:\/\/tucuatro.com\/es\/wp-json\/wp\/v2\/users\/1"}],"replies":[{"embeddable":true,"href":"https:\/\/tucuatro.com\/es\/wp-json\/wp\/v2\/comments?post=16392"}],"version-history":[{"count":0,"href":"https:\/\/tucuatro.com\/es\/wp-json\/wp\/v2\/pages\/16392\/revisions"}],"up":[{"embeddable":true,"href":"https:\/\/tucuatro.com\/es\/wp-json\/wp\/v2\/pages\/16372"}],"wp:featuredmedia":[{"embeddable":true,"href":"https:\/\/tucuatro.com\/es\/wp-json\/"}],"wp:attachment":[{"href":"https:\/\/tucuatro.com\/es\/wp-json\/wp\/v2\/media?parent=16392"}],"curies":[{"name":"wp","href":"https:\/\/api.w.org\/{rel}","templated":true}]}}