{"id":16395,"date":"2018-01-08T15:01:33","date_gmt":"2018-01-08T19:01:33","guid":{"rendered":"https:\/\/tucuatro.com\/es\/?page_id=16395"},"modified":"2018-01-08T15:01:33","modified_gmt":"2018-01-08T19:01:33","slug":"juan-pablo-garcia","status":"publish","type":"page","link":"https:\/\/tucuatro.com\/es\/musicos\/juan-pablo-garcia\/","title":{"rendered":"Juan Pablo Garc\u00eda"},"content":{"rendered":"<p>Juan Pablo es conocido como \u00abEl Don Juaan\u00bb. &nbsp;Su trabajo con la m\u00fasica y el cuatro venezolano comienza desde muy peque\u00f1o, con los grupos de gaitas colegiales y grupos bailables. &nbsp; Juan estudi\u00f3 m\u00fasica&nbsp;desde nivel universitario y toca el cuatro desde los 11 a\u00f1os.<\/p>\n<p><img decoding=\"async\" class=\"aligncenter size-large wp-image-3299\" src=\"\/\/tucuatro.com\/wp-content\/uploads\/sites\/3\/2015\/12\/el-don-juan-graba-570x682.jpg\" alt=\"el-don-juan-graba\" width=\"100%\"><\/p>\n<p>Juan se ha dedicado a la producci\u00f3n musical, canto y cuatro. &nbsp;Desde fechas recientes ha inspirado a grandes y chicos con sus covers en Youtube de canciones pop, cantados y tocados en el cuatro por \u00e9l mismo.<\/p>\n<p><iframe title=\"Love Yourself Justin Bieber Cover Spanish Version (A puro Cuatro)\" width=\"800\" height=\"450\" src=\"https:\/\/www.youtube.com\/embed\/jxAgSYZh2W0?feature=oembed\" frameborder=\"0\" allow=\"accelerometer; autoplay; encrypted-media; gyroscope; picture-in-picture\" allowfullscreen><\/iframe><\/p>\n<p>&nbsp;<\/p>\n<p><iframe title=\"Cover Game Of Thrones Gaita Zuliana\" width=\"800\" height=\"450\" src=\"https:\/\/www.youtube.com\/embed\/bMdTq8ebRrI?feature=oembed\" frameborder=\"0\" allow=\"accelerometer; autoplay; encrypted-media; gyroscope; picture-in-picture\" allowfullscreen><\/iframe><\/p>\n<p>&nbsp;<\/p>\n<p>\u00bfCual es tu canci\u00f3n&nbsp;preferida interpretada con el cuatro?<\/p>\n<p>El Diablo Suelto, me parece incre\u00edble este vals, interpretado como cuatro solista es un reto para cualquier cuatrista.<\/p>\n<p>\u00bfQue&nbsp;te&nbsp;inspiro hacer covers en Youtube?<\/p>\n<p>Pues comenc\u00e9 un d\u00eda a subir videos cortos en Instagram, al ver que ten\u00edan tan buena receptividad decid\u00ed crear el canal de Youtube y hacer videos un poco m\u00e1s trabajados. &nbsp;Hasta ahora esto se convirti\u00f3 en un compromiso. La gente me pregunta cu\u00e1ndo voy a subir un video o me recomienda canciones que ellos quieren verme interpretar.<\/p>\n<p><iframe title=\"Cover The Walking Dead Cuatro Venezolano\" width=\"800\" height=\"450\" src=\"https:\/\/www.youtube.com\/embed\/6a9KRc4qL-4?feature=oembed\" frameborder=\"0\" allow=\"accelerometer; autoplay; encrypted-media; gyroscope; picture-in-picture\" allowfullscreen><\/iframe><\/p>\n<p>\u00bfCuanto tiempo tomas en hacer un video?<\/p>\n<p>Dependiendo de la canci\u00f3n y cu\u00e1nto tiempo dure el video, tengo dos formas de hacer covers: &nbsp;Una es relacionada a series de TV, Pel\u00edculas, etc. &nbsp;Este tipo de videos, como su duraci\u00f3n es relativamente corta, tarda de 2 a 3 d\u00edas. &nbsp;La otra forma son los covers de canciones completas, con ellos tardo alrededor de 4 d\u00edas.<\/p>\n<p>\u00bfTienes algunos tips para las personas que desean grabar&nbsp;sus propios videos tocando el cuatro?<\/p>\n<p>Procurar grabar con buena calidad, tratar de siempre darle un toque diferente a lo que vayas a hacer, ya que es ah\u00ed donde est\u00e1 el chiste del asunto, para que las personas se enganchen a lo que haces. &nbsp;Ser variado en el contenido para siempre tener de todo un poco que mostrar.<\/p>\n<p>Lo m\u00e1s importante, que te guste lo que est\u00e9s haciendo y disfrutes cada cover que hagas.<\/p>\n<p><iframe title=\"Sorry Justin Bieber Cover Spanish Version (A Puro Cuatro)\" width=\"800\" height=\"450\" src=\"https:\/\/www.youtube.com\/embed\/4maVaUuVwaE?feature=oembed\" frameborder=\"0\" allow=\"accelerometer; autoplay; encrypted-media; gyroscope; picture-in-picture\" allowfullscreen><\/iframe><\/p>\n<p>&nbsp;<\/p>\n<p><iframe title=\"Cover Intro Star Wars Gaita Zuliana\" width=\"800\" height=\"450\" src=\"https:\/\/www.youtube.com\/embed\/fhhyuaUd5uc?feature=oembed\" frameborder=\"0\" allow=\"accelerometer; autoplay; encrypted-media; gyroscope; picture-in-picture\" allowfullscreen><\/iframe><\/p>\n<p>&nbsp;<\/p>\n<p><img decoding=\"async\" class=\"aligncenter size-large wp-image-3297\" src=\"\/\/tucuatro.com\/wp-content\/uploads\/sites\/3\/2015\/12\/el-don-juan-redes.jpg\" alt=\"el-don-juan-redes\" width=\"100%\"><\/p>\n<p>Visita las redes&nbsp;sociales de <strong>El Don Juaan<\/strong><\/p>\n<p><a href=\"https:\/\/www.instagram.com\/eldonjuaan\/\" target=\"_blank\" rel=\"noopener noreferrer\">https:\/\/www.instagram.com\/eldonjuaan\/<\/a><\/p>\n<p><a href=\"https:\/\/www.youtube.com\/c\/ElDonJuaanOficial\" target=\"_blank\" rel=\"noopener noreferrer\">https:\/\/www.youtube.com\/c\/ElDonJuaanOficial<\/a><\/p>\n<p><a href=\"https:\/\/www.instagram.com\/eldonjuaan\/\" target=\"_blank\" rel=\"noopener noreferrer\">https:\/\/www.instagram.com\/eldonjuaan\/<\/a><\/p>\n<p>&nbsp;<\/p>\n\n\n<p>Juan Pablo Garc\u00eda<\/p>\n","protected":false},"excerpt":{"rendered":"<p>Juan Pablo es conocido como \u00abEl Don Juaan\u00bb. &nbsp;Su trabajo con la m\u00fasica y el cuatro venezolano comienza desde muy peque\u00f1o, con los grupos de gaitas colegiales y grupos bailables. &nbsp; Juan estudi\u00f3 m\u00fasica&nbsp;desde nivel universitario y toca el cuatro desde los 11 a\u00f1os. Juan se ha dedicado a la producci\u00f3n musical, canto y cuatro. [&hellip;]<\/p>\n","protected":false},"author":1,"featured_media":16396,"parent":16372,"menu_order":0,"comment_status":"closed","ping_status":"closed","template":"","meta":{"content-type":"","footnotes":""},"class_list":["post-16395","page","type-page","status-publish","has-post-thumbnail","hentry"],"yoast_head":"<!-- This site is optimized with the Yoast SEO plugin v27.2 - https:\/\/yoast.com\/product\/yoast-seo-wordpress\/ -->\n<title>Juan Pablo Garc\u00eda - TuCuatro - El Cuatro Venezolano<\/title>\n<meta name=\"description\" content=\"Juan Pablo es conocido como &quot;El Don Juaan&quot;. &nbsp;Su trabajo con la m\u00fasica y el cuatro venezolano comienza desde muy peque\u00f1o, con los grupos de gaitas\" \/>\n<meta name=\"robots\" content=\"index, follow, max-snippet:-1, max-image-preview:large, max-video-preview:-1\" \/>\n<link rel=\"canonical\" href=\"https:\/\/tucuatro.com\/es\/musicos\/juan-pablo-garcia\/\" \/>\n<meta property=\"og:locale\" content=\"es_ES\" \/>\n<meta property=\"og:type\" content=\"article\" \/>\n<meta property=\"og:title\" content=\"Juan Pablo Garc\u00eda - TuCuatro - El Cuatro Venezolano\" \/>\n<meta property=\"og:description\" content=\"Juan Pablo es conocido como &quot;El Don Juaan&quot;. &nbsp;Su trabajo con la m\u00fasica y el cuatro venezolano comienza desde muy peque\u00f1o, con los grupos de gaitas\" \/>\n<meta property=\"og:url\" content=\"https:\/\/tucuatro.com\/es\/musicos\/juan-pablo-garcia\/\" \/>\n<meta property=\"og:site_name\" content=\"TuCuatro - El Cuatro Venezolano\" \/>\n<meta property=\"article:publisher\" content=\"https:\/\/facebook.com\/tucuatrodigital\" \/>\n<meta property=\"og:image\" content=\"https:\/\/tucuatro.com\/es\/wp-content\/uploads\/sites\/3\/2020\/02\/tucuatro-featured-image.jpg\" \/>\n\t<meta property=\"og:image:width\" content=\"1200\" \/>\n\t<meta property=\"og:image:height\" content=\"628\" \/>\n\t<meta property=\"og:image:type\" content=\"image\/jpeg\" \/>\n<meta name=\"twitter:card\" content=\"summary_large_image\" \/>\n<meta name=\"twitter:site\" content=\"@tucuatro\" \/>\n<meta name=\"twitter:label1\" content=\"Tiempo de lectura\" \/>\n\t<meta name=\"twitter:data1\" content=\"2 minutos\" \/>\n<script type=\"application\/ld+json\" class=\"yoast-schema-graph\">{\"@context\":\"https:\/\/schema.org\",\"@graph\":[{\"@type\":\"WebPage\",\"@id\":\"https:\/\/tucuatro.com\/es\/musicos\/juan-pablo-garcia\/\",\"url\":\"https:\/\/tucuatro.com\/es\/musicos\/juan-pablo-garcia\/\",\"name\":\"Juan Pablo Garc\u00eda - TuCuatro - El Cuatro Venezolano\",\"isPartOf\":{\"@id\":\"https:\/\/tucuatro.com\/es\/#website\"},\"primaryImageOfPage\":{\"@id\":\"https:\/\/tucuatro.com\/es\/musicos\/juan-pablo-garcia\/#primaryimage\"},\"image\":{\"@id\":\"https:\/\/tucuatro.com\/es\/musicos\/juan-pablo-garcia\/#primaryimage\"},\"thumbnailUrl\":\"\",\"datePublished\":\"2018-01-08T19:01:33+00:00\",\"description\":\"Juan Pablo es conocido como \\\"El Don Juaan\\\". &nbsp;Su trabajo con la m\u00fasica y el cuatro venezolano comienza desde muy peque\u00f1o, con los grupos de gaitas\",\"breadcrumb\":{\"@id\":\"https:\/\/tucuatro.com\/es\/musicos\/juan-pablo-garcia\/#breadcrumb\"},\"inLanguage\":\"es\",\"potentialAction\":[{\"@type\":\"ReadAction\",\"target\":[\"https:\/\/tucuatro.com\/es\/musicos\/juan-pablo-garcia\/\"]}]},{\"@type\":\"ImageObject\",\"inLanguage\":\"es\",\"@id\":\"https:\/\/tucuatro.com\/es\/musicos\/juan-pablo-garcia\/#primaryimage\",\"url\":\"\",\"contentUrl\":\"\"},{\"@type\":\"BreadcrumbList\",\"@id\":\"https:\/\/tucuatro.com\/es\/musicos\/juan-pablo-garcia\/#breadcrumb\",\"itemListElement\":[{\"@type\":\"ListItem\",\"position\":1,\"name\":\"Portada\",\"item\":\"https:\/\/tucuatro.com\/es\/\"},{\"@type\":\"ListItem\",\"position\":2,\"name\":\"M\u00fasicos y Cuatristas\",\"item\":\"https:\/\/tucuatro.com\/es\/musicos\/\"},{\"@type\":\"ListItem\",\"position\":3,\"name\":\"Juan Pablo Garc\u00eda\"}]},{\"@type\":\"WebSite\",\"@id\":\"https:\/\/tucuatro.com\/es\/#website\",\"url\":\"https:\/\/tucuatro.com\/es\/\",\"name\":\"TuCuatro\",\"description\":\"TuCuatro\",\"publisher\":{\"@id\":\"https:\/\/tucuatro.com\/es\/#organization\"},\"potentialAction\":[{\"@type\":\"SearchAction\",\"target\":{\"@type\":\"EntryPoint\",\"urlTemplate\":\"https:\/\/tucuatro.com\/es\/?s={search_term_string}\"},\"query-input\":{\"@type\":\"PropertyValueSpecification\",\"valueRequired\":true,\"valueName\":\"search_term_string\"}}],\"inLanguage\":\"es\"},{\"@type\":\"Organization\",\"@id\":\"https:\/\/tucuatro.com\/es\/#organization\",\"name\":\"TuCuatro\",\"url\":\"https:\/\/tucuatro.com\/es\/\",\"logo\":{\"@type\":\"ImageObject\",\"inLanguage\":\"es\",\"@id\":\"https:\/\/tucuatro.com\/es\/#\/schema\/logo\/image\/\",\"url\":\"https:\/\/tucuatro.com\/es\/wp-content\/uploads\/sites\/3\/2020\/02\/fretboard_icon_black-64px.png\",\"contentUrl\":\"https:\/\/tucuatro.com\/es\/wp-content\/uploads\/sites\/3\/2020\/02\/fretboard_icon_black-64px.png\",\"width\":64,\"height\":107,\"caption\":\"TuCuatro\"},\"image\":{\"@id\":\"https:\/\/tucuatro.com\/es\/#\/schema\/logo\/image\/\"},\"sameAs\":[\"https:\/\/facebook.com\/tucuatrodigital\",\"https:\/\/x.com\/tucuatro\"]}]}<\/script>\n<!-- \/ Yoast SEO plugin. -->","yoast_head_json":{"title":"Juan Pablo Garc\u00eda - TuCuatro - El Cuatro Venezolano","description":"Juan Pablo es conocido como \"El Don Juaan\". &nbsp;Su trabajo con la m\u00fasica y el cuatro venezolano comienza desde muy peque\u00f1o, con los grupos de gaitas","robots":{"index":"index","follow":"follow","max-snippet":"max-snippet:-1","max-image-preview":"max-image-preview:large","max-video-preview":"max-video-preview:-1"},"canonical":"https:\/\/tucuatro.com\/es\/musicos\/juan-pablo-garcia\/","og_locale":"es_ES","og_type":"article","og_title":"Juan Pablo Garc\u00eda - TuCuatro - El Cuatro Venezolano","og_description":"Juan Pablo es conocido como \"El Don Juaan\". &nbsp;Su trabajo con la m\u00fasica y el cuatro venezolano comienza desde muy peque\u00f1o, con los grupos de gaitas","og_url":"https:\/\/tucuatro.com\/es\/musicos\/juan-pablo-garcia\/","og_site_name":"TuCuatro - El Cuatro Venezolano","article_publisher":"https:\/\/facebook.com\/tucuatrodigital","og_image":[{"width":1200,"height":628,"url":"https:\/\/tucuatro.com\/es\/wp-content\/uploads\/sites\/3\/2020\/02\/tucuatro-featured-image.jpg","type":"image\/jpeg"}],"twitter_card":"summary_large_image","twitter_site":"@tucuatro","twitter_misc":{"Tiempo de lectura":"2 minutos"},"schema":{"@context":"https:\/\/schema.org","@graph":[{"@type":"WebPage","@id":"https:\/\/tucuatro.com\/es\/musicos\/juan-pablo-garcia\/","url":"https:\/\/tucuatro.com\/es\/musicos\/juan-pablo-garcia\/","name":"Juan Pablo Garc\u00eda - TuCuatro - El Cuatro Venezolano","isPartOf":{"@id":"https:\/\/tucuatro.com\/es\/#website"},"primaryImageOfPage":{"@id":"https:\/\/tucuatro.com\/es\/musicos\/juan-pablo-garcia\/#primaryimage"},"image":{"@id":"https:\/\/tucuatro.com\/es\/musicos\/juan-pablo-garcia\/#primaryimage"},"thumbnailUrl":"","datePublished":"2018-01-08T19:01:33+00:00","description":"Juan Pablo es conocido como \"El Don Juaan\". &nbsp;Su trabajo con la m\u00fasica y el cuatro venezolano comienza desde muy peque\u00f1o, con los grupos de gaitas","breadcrumb":{"@id":"https:\/\/tucuatro.com\/es\/musicos\/juan-pablo-garcia\/#breadcrumb"},"inLanguage":"es","potentialAction":[{"@type":"ReadAction","target":["https:\/\/tucuatro.com\/es\/musicos\/juan-pablo-garcia\/"]}]},{"@type":"ImageObject","inLanguage":"es","@id":"https:\/\/tucuatro.com\/es\/musicos\/juan-pablo-garcia\/#primaryimage","url":"","contentUrl":""},{"@type":"BreadcrumbList","@id":"https:\/\/tucuatro.com\/es\/musicos\/juan-pablo-garcia\/#breadcrumb","itemListElement":[{"@type":"ListItem","position":1,"name":"Portada","item":"https:\/\/tucuatro.com\/es\/"},{"@type":"ListItem","position":2,"name":"M\u00fasicos y Cuatristas","item":"https:\/\/tucuatro.com\/es\/musicos\/"},{"@type":"ListItem","position":3,"name":"Juan Pablo Garc\u00eda"}]},{"@type":"WebSite","@id":"https:\/\/tucuatro.com\/es\/#website","url":"https:\/\/tucuatro.com\/es\/","name":"TuCuatro","description":"TuCuatro","publisher":{"@id":"https:\/\/tucuatro.com\/es\/#organization"},"potentialAction":[{"@type":"SearchAction","target":{"@type":"EntryPoint","urlTemplate":"https:\/\/tucuatro.com\/es\/?s={search_term_string}"},"query-input":{"@type":"PropertyValueSpecification","valueRequired":true,"valueName":"search_term_string"}}],"inLanguage":"es"},{"@type":"Organization","@id":"https:\/\/tucuatro.com\/es\/#organization","name":"TuCuatro","url":"https:\/\/tucuatro.com\/es\/","logo":{"@type":"ImageObject","inLanguage":"es","@id":"https:\/\/tucuatro.com\/es\/#\/schema\/logo\/image\/","url":"https:\/\/tucuatro.com\/es\/wp-content\/uploads\/sites\/3\/2020\/02\/fretboard_icon_black-64px.png","contentUrl":"https:\/\/tucuatro.com\/es\/wp-content\/uploads\/sites\/3\/2020\/02\/fretboard_icon_black-64px.png","width":64,"height":107,"caption":"TuCuatro"},"image":{"@id":"https:\/\/tucuatro.com\/es\/#\/schema\/logo\/image\/"},"sameAs":["https:\/\/facebook.com\/tucuatrodigital","https:\/\/x.com\/tucuatro"]}]}},"_links":{"self":[{"href":"https:\/\/tucuatro.com\/es\/wp-json\/wp\/v2\/pages\/16395","targetHints":{"allow":["GET"]}}],"collection":[{"href":"https:\/\/tucuatro.com\/es\/wp-json\/wp\/v2\/pages"}],"about":[{"href":"https:\/\/tucuatro.com\/es\/wp-json\/wp\/v2\/types\/page"}],"author":[{"embeddable":true,"href":"https:\/\/tucuatro.com\/es\/wp-json\/wp\/v2\/users\/1"}],"replies":[{"embeddable":true,"href":"https:\/\/tucuatro.com\/es\/wp-json\/wp\/v2\/comments?post=16395"}],"version-history":[{"count":0,"href":"https:\/\/tucuatro.com\/es\/wp-json\/wp\/v2\/pages\/16395\/revisions"}],"up":[{"embeddable":true,"href":"https:\/\/tucuatro.com\/es\/wp-json\/wp\/v2\/pages\/16372"}],"wp:featuredmedia":[{"embeddable":true,"href":"https:\/\/tucuatro.com\/es\/wp-json\/"}],"wp:attachment":[{"href":"https:\/\/tucuatro.com\/es\/wp-json\/wp\/v2\/media?parent=16395"}],"curies":[{"name":"wp","href":"https:\/\/api.w.org\/{rel}","templated":true}]}}