{"id":16423,"date":"2018-01-08T15:12:51","date_gmt":"2018-01-08T19:12:51","guid":{"rendered":"https:\/\/tucuatro.com\/es\/?page_id=16423"},"modified":"2022-11-23T13:01:54","modified_gmt":"2022-11-23T18:01:54","slug":"yasuji-dgucci","status":"publish","type":"page","link":"https:\/\/tucuatro.com\/es\/luthier\/yasuji-dgucci\/","title":{"rendered":"Luthier Yasuji D&#8217;Gucci"},"content":{"rendered":"\n<figure class=\"wp-block-image aligncenter size-large\"><img decoding=\"async\" src=\"https:\/\/tucuatro.com\/wp-content\/uploads\/sites\/11\/2015\/08\/Yasuji-Bandolas-940x900.jpg\" alt=\"\" class=\"wp-image-3202\"\/><\/figure>\n\n\n\n<p>Luthier Yasuji D&#8217;Gucci: \u00abPara m\u00ed es gran honor poder presentarles mis obras bajo \u00abLa Serie de las Maderas Preciosas\u00bb. Caoba, palosanto, arce, nogal.. cada madera muestra su propio color caracter\u00edstico natural y al convertirse en instrumentos mujsicales suenan con distintos timbres.\u00bb<\/p>\n\n\n\n<figure class=\"wp-block-gallery has-nested-images columns-default is-cropped wp-block-gallery-1 is-layout-flex wp-block-gallery-is-layout-flex\">\n<figure class=\"wp-block-image size-large\"><img decoding=\"async\" data-id=\"10909\" src=\"https:\/\/tucuatro.com\/wp-content\/uploads\/sites\/11\/2016\/05\/Bandola-Llanera-Celeste-01-940x529-3-940x529.jpg\" alt=\"\" class=\"wp-image-10909\"\/><\/figure>\n\n\n\n<figure class=\"wp-block-image size-large\"><img decoding=\"async\" data-id=\"10904\" src=\"https:\/\/tucuatro.com\/wp-content\/uploads\/sites\/11\/2016\/05\/Bandola-Llanera-Celeste-06-940x529.jpg\" alt=\"\" class=\"wp-image-10904\"\/><figcaption class=\"wp-element-caption\">Bandola Llanera Celeste &#8211; Luthier Yasuji D&#8217;Gucci<\/figcaption><\/figure>\n\n\n\n<figure class=\"wp-block-image size-large\"><img decoding=\"async\" data-id=\"10903\" src=\"https:\/\/tucuatro.com\/wp-content\/uploads\/sites\/11\/2016\/05\/Bandola-Llanera-Celeste-03-940x529.jpg\" alt=\"\" class=\"wp-image-10903\"\/><figcaption class=\"wp-element-caption\">Bandola Llanera Celeste &#8211; Luthier Yasuji D&#8217;Gucci<\/figcaption><\/figure>\n\n\n\n<figure class=\"wp-block-image size-large\"><img decoding=\"async\" data-id=\"1773\" src=\"https:\/\/tucuatro.com\/wp-content\/uploads\/sites\/11\/2015\/02\/DSC02585-1-940x529-940x529.jpg\" alt=\"Cuatro Celeste - Yasuji D'Gucci\" class=\"wp-image-1773\"\/><figcaption class=\"wp-element-caption\">Cuatro de la selecci\u00f3n Japonesa \u00abMaderas Preciosas\u00bb por el luthier Yasuji D&#8217;Gucci<\/figcaption><\/figure>\n<\/figure>\n\n\n\n<p>Cuando hab\u00eda hecho unos 30 cuatros, ven\u00edan surgiendo bastante alumnos que quer\u00edan comprarse estos cuatros. Luego me ocurri\u00f3 la idea de ofrecerles algo que mereciera venderse e intent\u00e9 dise\u00f1ar cuatro modelos de maneras diferentes y llegu\u00e9 a completar esta \u00abSerie de las Maderas Preciosas\u00bb.<\/p>\n\n\n\n<h2 class=\"wp-block-heading\">Videos de Cuatros realizados por Yasuji D&#8217;Gucci<\/h2>\n\n\n\n<div class=\"wp-block-columns is-layout-flex wp-container-core-columns-is-layout-28f84493 wp-block-columns-is-layout-flex\">\n<div class=\"wp-block-column is-layout-flow wp-block-column-is-layout-flow\">\n<figure class=\"wp-block-embed is-type-video is-provider-youtube wp-block-embed-youtube wp-embed-aspect-16-9 wp-has-aspect-ratio\"><div class=\"wp-block-embed__wrapper\">\n<iframe title=\"Proyecto del Cuatro Celeste &quot;NUEVO ARCE&quot; por Yasuji D&#039;Gucci\" width=\"800\" height=\"450\" src=\"https:\/\/www.youtube.com\/embed\/9s6-ug0167c?feature=oembed\" frameborder=\"0\" allow=\"accelerometer; autoplay; encrypted-media; gyroscope; picture-in-picture\" allowfullscreen><\/iframe>\n<\/div><\/figure>\n\n\n\n<figure class=\"wp-block-embed is-type-video is-provider-youtube wp-block-embed-youtube wp-embed-aspect-16-9 wp-has-aspect-ratio\"><div class=\"wp-block-embed__wrapper\">\n<iframe title=\"Bandola Celeste en proceso por Yasuji D&#039;Gucci\" width=\"800\" height=\"450\" src=\"https:\/\/www.youtube.com\/embed\/BPVO8NMFVuc?feature=oembed\" frameborder=\"0\" allow=\"accelerometer; autoplay; encrypted-media; gyroscope; picture-in-picture\" allowfullscreen><\/iframe>\n<\/div><\/figure>\n<\/div>\n\n\n\n<div class=\"wp-block-column is-layout-flow wp-block-column-is-layout-flow\">\n<figure class=\"wp-block-embed is-type-video is-provider-youtube wp-block-embed-youtube wp-embed-aspect-16-9 wp-has-aspect-ratio\"><div class=\"wp-block-embed__wrapper\">\n<iframe title=\"Luthier Yasuji Deguchi\" width=\"800\" height=\"450\" src=\"https:\/\/www.youtube.com\/embed\/ynS_TvJShyQ?feature=oembed\" frameborder=\"0\" allow=\"accelerometer; autoplay; encrypted-media; gyroscope; picture-in-picture\" allowfullscreen><\/iframe>\n<\/div><\/figure>\n\n\n\n<figure class=\"wp-block-embed is-type-video is-provider-youtube wp-block-embed-youtube wp-embed-aspect-16-9 wp-has-aspect-ratio\"><div class=\"wp-block-embed__wrapper\">\n<iframe title=\"Cuatro de Concierto - Cuatro Celeste por Yasuji D&#039;Gucci\" width=\"800\" height=\"450\" src=\"https:\/\/www.youtube.com\/embed\/fy05CN03mk0?feature=oembed\" frameborder=\"0\" allow=\"accelerometer; autoplay; encrypted-media; gyroscope; picture-in-picture\" allowfullscreen><\/iframe>\n<\/div><\/figure>\n<\/div>\n<\/div>\n\n\n\n<figure class=\"wp-block-embed is-type-video is-provider-youtube wp-block-embed-youtube wp-embed-aspect-16-9 wp-has-aspect-ratio\"><div class=\"wp-block-embed__wrapper\">\n<iframe title=\"Xavier Perri prueba mis obras &quot;Cuatros Celestes&quot;!!!\" width=\"800\" height=\"450\" src=\"https:\/\/www.youtube.com\/embed\/7VjoXXkso1A?feature=oembed\" frameborder=\"0\" allow=\"accelerometer; autoplay; encrypted-media; gyroscope; picture-in-picture\" allowfullscreen><\/iframe>\n<\/div><\/figure>\n\n\n\n<blockquote class=\"wp-block-quote is-layout-flow wp-block-quote-is-layout-flow\">\n<p><a href=\"https:\/\/www.facebook.com\/yasuji.deguchi\/videos\/10208516361809244\/\">Xavier Perri prueba mis obras \u00abCuatros Celestes\u00bb!!!<\/a> <\/p>\n\n\n\n<p>El gran maestro Xavier Perri, quien est\u00e1 en Jap\u00f3n ahorita con la Sinf\u00f3nica Juvenil Teresa Care\u00f1o, prob\u00f3 mis \u00abCuatros Celestes\u00bb, de hecho todos los modelos de distintas maderas. En este video est\u00e1 probando un cuatro de Caoba y luego otro de Palosanto. Cuando Xavier los rasguea, suenan incre\u00edble. Este maestro sonar\u00eda cualquier cuatro de manera maravillosa!!!.<\/p>\n\n\n\n<p>En mi pa\u00eds Jap\u00f3n es muy dif\u00edcil conseguirse los cuatros venezolanos y la importaci\u00f3n directa de los instrumentos musicales desde Venezuela podr\u00eda traer consigo considerable dificultad en el punto de costes y riesgos. Entonces, yo, siendo profesor del cuatro, me decid\u00ed resueltamente fabricar instrumentos de alquiler para mis alumnos por mi propia cuenta, utilizando maderas contrachapadas.<\/p>\n<cite>Yasuji D&#8217;Gucci<\/cite><\/blockquote>\n\n\n\n<h2 class=\"wp-block-heading\">\u00bfInteresado en contactar al Luthier?<\/h2>\n\n\n\n<p>Descarga el cat\u00e1logo digital (<a href=\"https:\/\/tucuatro.com\/wp-content\/uploads\/sites\/1\/2022\/11\/CuatroCeleste_2015_SP.pdf\" target=\"_blank\" rel=\"noreferrer noopener\">Cuatro Celeste &#8211; Archivo PDF<\/a>) para que veas sus 4 modelos y, una vez que elijas el que deseas, contacta al Luthier para preguntar por disponibilidad y costos de env\u00edo desde Jap\u00f3n hasta tu pa\u00eds.<\/p>\n\n\n\n\t\t\t\t\t\t<script>\n\t\t\t\t\t\t\twindow.hsFormsOnReady = window.hsFormsOnReady || [];\n\t\t\t\t\t\t\twindow.hsFormsOnReady.push(()=>{\n\t\t\t\t\t\t\t\thbspt.forms.create({\n\t\t\t\t\t\t\t\t\tportalId: 1680233,\n\t\t\t\t\t\t\t\t\tformId: \"63db2acf-5d4c-4ddd-b611-9be8ff9f6d66\",\n\t\t\t\t\t\t\t\t\ttarget: \"#hbspt-form-1778500123000-6172063874\",\n\t\t\t\t\t\t\t\t\tregion: \"\",\n\t\t\t\t\t\t\t\t\t\n\t\t\t\t\t\t\t})});\n\t\t\t\t\t\t<\/script>\n\t\t\t\t\t\t<div class=\"hbspt-form\" id=\"hbspt-form-1778500123000-6172063874\"><\/div>\n\n\n","protected":false},"excerpt":{"rendered":"<p>Luthier Yasuji D&#8217;Gucci: \u00abPara m\u00ed es gran honor poder presentarles mis obras bajo \u00abLa Serie de las Maderas Preciosas\u00bb. Caoba, palosanto, arce, nogal.. cada madera muestra su propio color caracter\u00edstico natural y al convertirse en instrumentos mujsicales suenan con distintos timbres.\u00bb Cuando hab\u00eda hecho unos 30 cuatros, ven\u00edan surgiendo bastante alumnos que quer\u00edan comprarse estos [&hellip;]<\/p>\n","protected":false},"author":1,"featured_media":0,"parent":16408,"menu_order":0,"comment_status":"closed","ping_status":"closed","template":"","meta":{"content-type":"","footnotes":""},"class_list":["post-16423","page","type-page","status-publish","hentry"],"yoast_head":"<!-- This site is optimized with the Yoast SEO plugin v27.2 - https:\/\/yoast.com\/product\/yoast-seo-wordpress\/ -->\n<title>Luthier Yasuji D&#039;Gucci - TuCuatro - El Cuatro Venezolano<\/title>\n<meta name=\"description\" content=\"Mira los instrumentos y obras de arte del maestro Japones Yasuji D&#039;Gucci en TuCuatro. Cuatro, Bandola Llanera y otros instrumentos folkl\u00f3ricos.\" \/>\n<meta name=\"robots\" content=\"index, follow, max-snippet:-1, max-image-preview:large, max-video-preview:-1\" \/>\n<link rel=\"canonical\" href=\"https:\/\/tucuatro.com\/es\/luthier\/yasuji-dgucci\/\" \/>\n<meta property=\"og:locale\" content=\"es_ES\" \/>\n<meta property=\"og:type\" content=\"article\" \/>\n<meta property=\"og:title\" content=\"Luthier Yasuji D&#039;Gucci - TuCuatro - El Cuatro Venezolano\" \/>\n<meta property=\"og:description\" content=\"Mira los instrumentos y obras de arte del maestro Japones Yasuji D&#039;Gucci en TuCuatro. Cuatro, Bandola Llanera y otros instrumentos folkl\u00f3ricos.\" \/>\n<meta property=\"og:url\" content=\"https:\/\/tucuatro.com\/es\/luthier\/yasuji-dgucci\/\" \/>\n<meta property=\"og:site_name\" content=\"TuCuatro - El Cuatro Venezolano\" \/>\n<meta property=\"article:publisher\" content=\"https:\/\/facebook.com\/tucuatrodigital\" \/>\n<meta property=\"article:modified_time\" content=\"2022-11-23T18:01:54+00:00\" \/>\n<meta property=\"og:image\" content=\"https:\/\/tucuatro.com\/wp-content\/uploads\/sites\/11\/2015\/08\/Yasuji-Bandolas-940x900.jpg\" \/>\n<meta name=\"twitter:card\" content=\"summary_large_image\" \/>\n<meta name=\"twitter:site\" content=\"@tucuatro\" \/>\n<meta name=\"twitter:label1\" content=\"Tiempo de lectura\" \/>\n\t<meta name=\"twitter:data1\" content=\"3 minutos\" \/>\n<script type=\"application\/ld+json\" class=\"yoast-schema-graph\">{\"@context\":\"https:\/\/schema.org\",\"@graph\":[{\"@type\":\"WebPage\",\"@id\":\"https:\/\/tucuatro.com\/es\/luthier\/yasuji-dgucci\/\",\"url\":\"https:\/\/tucuatro.com\/es\/luthier\/yasuji-dgucci\/\",\"name\":\"Luthier Yasuji D'Gucci - TuCuatro - El Cuatro Venezolano\",\"isPartOf\":{\"@id\":\"https:\/\/tucuatro.com\/es\/#website\"},\"primaryImageOfPage\":{\"@id\":\"https:\/\/tucuatro.com\/es\/luthier\/yasuji-dgucci\/#primaryimage\"},\"image\":{\"@id\":\"https:\/\/tucuatro.com\/es\/luthier\/yasuji-dgucci\/#primaryimage\"},\"thumbnailUrl\":\"https:\/\/tucuatro.com\/wp-content\/uploads\/sites\/11\/2015\/08\/Yasuji-Bandolas-940x900.jpg\",\"datePublished\":\"2018-01-08T19:12:51+00:00\",\"dateModified\":\"2022-11-23T18:01:54+00:00\",\"description\":\"Mira los instrumentos y obras de arte del maestro Japones Yasuji D'Gucci en TuCuatro. Cuatro, Bandola Llanera y otros instrumentos folkl\u00f3ricos.\",\"breadcrumb\":{\"@id\":\"https:\/\/tucuatro.com\/es\/luthier\/yasuji-dgucci\/#breadcrumb\"},\"inLanguage\":\"es\",\"potentialAction\":[{\"@type\":\"ReadAction\",\"target\":[\"https:\/\/tucuatro.com\/es\/luthier\/yasuji-dgucci\/\"]}]},{\"@type\":\"ImageObject\",\"inLanguage\":\"es\",\"@id\":\"https:\/\/tucuatro.com\/es\/luthier\/yasuji-dgucci\/#primaryimage\",\"url\":\"https:\/\/tucuatro.com\/wp-content\/uploads\/sites\/11\/2015\/08\/Yasuji-Bandolas-940x900.jpg\",\"contentUrl\":\"https:\/\/tucuatro.com\/wp-content\/uploads\/sites\/11\/2015\/08\/Yasuji-Bandolas-940x900.jpg\"},{\"@type\":\"BreadcrumbList\",\"@id\":\"https:\/\/tucuatro.com\/es\/luthier\/yasuji-dgucci\/#breadcrumb\",\"itemListElement\":[{\"@type\":\"ListItem\",\"position\":1,\"name\":\"Portada\",\"item\":\"https:\/\/tucuatro.com\/es\/\"},{\"@type\":\"ListItem\",\"position\":2,\"name\":\"Contactar Luthier de instrumentos &#8211; Cuatro, Guitarra o Bandola\",\"item\":\"https:\/\/tucuatro.com\/es\/luthier\/\"},{\"@type\":\"ListItem\",\"position\":3,\"name\":\"Luthier Yasuji D&#8217;Gucci\"}]},{\"@type\":\"WebSite\",\"@id\":\"https:\/\/tucuatro.com\/es\/#website\",\"url\":\"https:\/\/tucuatro.com\/es\/\",\"name\":\"TuCuatro\",\"description\":\"TuCuatro\",\"publisher\":{\"@id\":\"https:\/\/tucuatro.com\/es\/#organization\"},\"potentialAction\":[{\"@type\":\"SearchAction\",\"target\":{\"@type\":\"EntryPoint\",\"urlTemplate\":\"https:\/\/tucuatro.com\/es\/?s={search_term_string}\"},\"query-input\":{\"@type\":\"PropertyValueSpecification\",\"valueRequired\":true,\"valueName\":\"search_term_string\"}}],\"inLanguage\":\"es\"},{\"@type\":\"Organization\",\"@id\":\"https:\/\/tucuatro.com\/es\/#organization\",\"name\":\"TuCuatro\",\"url\":\"https:\/\/tucuatro.com\/es\/\",\"logo\":{\"@type\":\"ImageObject\",\"inLanguage\":\"es\",\"@id\":\"https:\/\/tucuatro.com\/es\/#\/schema\/logo\/image\/\",\"url\":\"https:\/\/tucuatro.com\/es\/wp-content\/uploads\/sites\/3\/2020\/02\/fretboard_icon_black-64px.png\",\"contentUrl\":\"https:\/\/tucuatro.com\/es\/wp-content\/uploads\/sites\/3\/2020\/02\/fretboard_icon_black-64px.png\",\"width\":64,\"height\":107,\"caption\":\"TuCuatro\"},\"image\":{\"@id\":\"https:\/\/tucuatro.com\/es\/#\/schema\/logo\/image\/\"},\"sameAs\":[\"https:\/\/facebook.com\/tucuatrodigital\",\"https:\/\/x.com\/tucuatro\"]}]}<\/script>\n<!-- \/ Yoast SEO plugin. -->","yoast_head_json":{"title":"Luthier Yasuji D'Gucci - TuCuatro - El Cuatro Venezolano","description":"Mira los instrumentos y obras de arte del maestro Japones Yasuji D'Gucci en TuCuatro. Cuatro, Bandola Llanera y otros instrumentos folkl\u00f3ricos.","robots":{"index":"index","follow":"follow","max-snippet":"max-snippet:-1","max-image-preview":"max-image-preview:large","max-video-preview":"max-video-preview:-1"},"canonical":"https:\/\/tucuatro.com\/es\/luthier\/yasuji-dgucci\/","og_locale":"es_ES","og_type":"article","og_title":"Luthier Yasuji D'Gucci - TuCuatro - El Cuatro Venezolano","og_description":"Mira los instrumentos y obras de arte del maestro Japones Yasuji D'Gucci en TuCuatro. Cuatro, Bandola Llanera y otros instrumentos folkl\u00f3ricos.","og_url":"https:\/\/tucuatro.com\/es\/luthier\/yasuji-dgucci\/","og_site_name":"TuCuatro - El Cuatro Venezolano","article_publisher":"https:\/\/facebook.com\/tucuatrodigital","article_modified_time":"2022-11-23T18:01:54+00:00","og_image":[{"url":"https:\/\/tucuatro.com\/wp-content\/uploads\/sites\/11\/2015\/08\/Yasuji-Bandolas-940x900.jpg","type":"","width":"","height":""}],"twitter_card":"summary_large_image","twitter_site":"@tucuatro","twitter_misc":{"Tiempo de lectura":"3 minutos"},"schema":{"@context":"https:\/\/schema.org","@graph":[{"@type":"WebPage","@id":"https:\/\/tucuatro.com\/es\/luthier\/yasuji-dgucci\/","url":"https:\/\/tucuatro.com\/es\/luthier\/yasuji-dgucci\/","name":"Luthier Yasuji D'Gucci - TuCuatro - El Cuatro Venezolano","isPartOf":{"@id":"https:\/\/tucuatro.com\/es\/#website"},"primaryImageOfPage":{"@id":"https:\/\/tucuatro.com\/es\/luthier\/yasuji-dgucci\/#primaryimage"},"image":{"@id":"https:\/\/tucuatro.com\/es\/luthier\/yasuji-dgucci\/#primaryimage"},"thumbnailUrl":"https:\/\/tucuatro.com\/wp-content\/uploads\/sites\/11\/2015\/08\/Yasuji-Bandolas-940x900.jpg","datePublished":"2018-01-08T19:12:51+00:00","dateModified":"2022-11-23T18:01:54+00:00","description":"Mira los instrumentos y obras de arte del maestro Japones Yasuji D'Gucci en TuCuatro. Cuatro, Bandola Llanera y otros instrumentos folkl\u00f3ricos.","breadcrumb":{"@id":"https:\/\/tucuatro.com\/es\/luthier\/yasuji-dgucci\/#breadcrumb"},"inLanguage":"es","potentialAction":[{"@type":"ReadAction","target":["https:\/\/tucuatro.com\/es\/luthier\/yasuji-dgucci\/"]}]},{"@type":"ImageObject","inLanguage":"es","@id":"https:\/\/tucuatro.com\/es\/luthier\/yasuji-dgucci\/#primaryimage","url":"https:\/\/tucuatro.com\/wp-content\/uploads\/sites\/11\/2015\/08\/Yasuji-Bandolas-940x900.jpg","contentUrl":"https:\/\/tucuatro.com\/wp-content\/uploads\/sites\/11\/2015\/08\/Yasuji-Bandolas-940x900.jpg"},{"@type":"BreadcrumbList","@id":"https:\/\/tucuatro.com\/es\/luthier\/yasuji-dgucci\/#breadcrumb","itemListElement":[{"@type":"ListItem","position":1,"name":"Portada","item":"https:\/\/tucuatro.com\/es\/"},{"@type":"ListItem","position":2,"name":"Contactar Luthier de instrumentos &#8211; Cuatro, Guitarra o Bandola","item":"https:\/\/tucuatro.com\/es\/luthier\/"},{"@type":"ListItem","position":3,"name":"Luthier Yasuji D&#8217;Gucci"}]},{"@type":"WebSite","@id":"https:\/\/tucuatro.com\/es\/#website","url":"https:\/\/tucuatro.com\/es\/","name":"TuCuatro","description":"TuCuatro","publisher":{"@id":"https:\/\/tucuatro.com\/es\/#organization"},"potentialAction":[{"@type":"SearchAction","target":{"@type":"EntryPoint","urlTemplate":"https:\/\/tucuatro.com\/es\/?s={search_term_string}"},"query-input":{"@type":"PropertyValueSpecification","valueRequired":true,"valueName":"search_term_string"}}],"inLanguage":"es"},{"@type":"Organization","@id":"https:\/\/tucuatro.com\/es\/#organization","name":"TuCuatro","url":"https:\/\/tucuatro.com\/es\/","logo":{"@type":"ImageObject","inLanguage":"es","@id":"https:\/\/tucuatro.com\/es\/#\/schema\/logo\/image\/","url":"https:\/\/tucuatro.com\/es\/wp-content\/uploads\/sites\/3\/2020\/02\/fretboard_icon_black-64px.png","contentUrl":"https:\/\/tucuatro.com\/es\/wp-content\/uploads\/sites\/3\/2020\/02\/fretboard_icon_black-64px.png","width":64,"height":107,"caption":"TuCuatro"},"image":{"@id":"https:\/\/tucuatro.com\/es\/#\/schema\/logo\/image\/"},"sameAs":["https:\/\/facebook.com\/tucuatrodigital","https:\/\/x.com\/tucuatro"]}]}},"_links":{"self":[{"href":"https:\/\/tucuatro.com\/es\/wp-json\/wp\/v2\/pages\/16423","targetHints":{"allow":["GET"]}}],"collection":[{"href":"https:\/\/tucuatro.com\/es\/wp-json\/wp\/v2\/pages"}],"about":[{"href":"https:\/\/tucuatro.com\/es\/wp-json\/wp\/v2\/types\/page"}],"author":[{"embeddable":true,"href":"https:\/\/tucuatro.com\/es\/wp-json\/wp\/v2\/users\/1"}],"replies":[{"embeddable":true,"href":"https:\/\/tucuatro.com\/es\/wp-json\/wp\/v2\/comments?post=16423"}],"version-history":[{"count":0,"href":"https:\/\/tucuatro.com\/es\/wp-json\/wp\/v2\/pages\/16423\/revisions"}],"up":[{"embeddable":true,"href":"https:\/\/tucuatro.com\/es\/wp-json\/wp\/v2\/pages\/16408"}],"wp:attachment":[{"href":"https:\/\/tucuatro.com\/es\/wp-json\/wp\/v2\/media?parent=16423"}],"curies":[{"name":"wp","href":"https:\/\/api.w.org\/{rel}","templated":true}]}}