{"id":16437,"date":"2018-01-08T15:16:24","date_gmt":"2018-01-08T19:16:24","guid":{"rendered":"https:\/\/tucuatro.com\/es\/?page_id=16437"},"modified":"2022-11-29T22:19:09","modified_gmt":"2022-11-30T03:19:09","slug":"roberto-bonaccorso","status":"publish","type":"page","link":"https:\/\/tucuatro.com\/es\/luthier\/roberto-bonaccorso\/","title":{"rendered":"Roberto Bonaccorso, Luthier de Cuatro e instrumentos musicales"},"content":{"rendered":"\n<figure class=\"wp-block-image aligncenter size-large is-resized\"><img fetchpriority=\"high\" decoding=\"async\" src=\"https:\/\/tucuatro.com\/wp-content\/uploads\/sites\/11\/2018\/03\/Roberto-Bonaccorso.jpg\" alt=\"\" class=\"wp-image-17001\" width=\"570\" height=\"504\"\/><figcaption class=\"wp-element-caption\">Luthier Roberto Bonaccorso<\/figcaption><\/figure>\n\n\n\n<p>Roberto Bonaccorso es un luthier de Seattle, Washington que ha decidido crear cuatros el\u00e9ctricos innovadores de diferentes figuras. Sus obras van desde un cuatro el\u00e9ctrico de caja cuadrada hasta un cuatro el\u00e9ctrico de 6 cuerdas (4 grupos, dos dobles y dos sencillas) que produce sonidos similares al tres cubano.<\/p>\n\n\n\n<figure class=\"wp-block-gallery has-nested-images columns-default is-cropped wp-block-gallery-1 is-layout-flex wp-block-gallery-is-layout-flex\">\n<figure class=\"wp-block-image size-large\"><img decoding=\"async\" data-id=\"18494\" src=\"https:\/\/tucuatro.com\/wp-content\/uploads\/sites\/11\/2018\/08\/roberto-bonaccorso-cuatro-06-940x528.jpg\" alt=\"\" class=\"wp-image-18494\"\/><\/figure>\n\n\n\n<figure class=\"wp-block-image size-large\"><img decoding=\"async\" data-id=\"18493\" src=\"https:\/\/tucuatro.com\/wp-content\/uploads\/sites\/11\/2018\/08\/roberto-bonaccorso-cuatro-05-940x528.jpg\" alt=\"\" class=\"wp-image-18493\"\/><\/figure>\n\n\n\n<figure class=\"wp-block-image size-large\"><img decoding=\"async\" data-id=\"18492\" src=\"https:\/\/tucuatro.com\/wp-content\/uploads\/sites\/11\/2018\/08\/roberto-bonaccorso-cuatro-04-940x528.jpg\" alt=\"\" class=\"wp-image-18492\"\/><\/figure>\n\n\n\n<figure class=\"wp-block-image size-large\"><img decoding=\"async\" data-id=\"18491\" src=\"https:\/\/tucuatro.com\/wp-content\/uploads\/sites\/11\/2018\/08\/roberto-bonaccorso-cuatro-03-940x528.jpg\" alt=\"\" class=\"wp-image-18491\"\/><\/figure>\n\n\n\n<figure class=\"wp-block-image size-large\"><img decoding=\"async\" data-id=\"18490\" src=\"https:\/\/tucuatro.com\/wp-content\/uploads\/sites\/11\/2018\/08\/roberto-bonaccorso-cuatro-02-940x528.jpg\" alt=\"\" class=\"wp-image-18490\"\/><\/figure>\n\n\n\n<figure class=\"wp-block-image size-large\"><img decoding=\"async\" data-id=\"18489\" src=\"https:\/\/tucuatro.com\/wp-content\/uploads\/sites\/11\/2018\/08\/roberto-bonaccorso-cuatro-01-940x528.jpg\" alt=\"\" class=\"wp-image-18489\"\/><\/figure>\n<\/figure>\n\n\n\n<blockquote class=\"wp-block-quote is-layout-flow wp-block-quote-is-layout-flow\">\n<p>Mis aventuras con la madera comenzaron por necesidad. Despu\u00e9s de 10 a\u00f1os de servicio, mis cuatricos cumaneses y carore\u00f1os ya casi no daban m\u00e1s, y conseguir repuestos a 4,000 millas de distancia no resultaba viable. A golpes y fallas, investigando por Internet y por libros, aprend\u00ed por mi cuenta a limar cejillas, pegar tapas rotas, cambiar diapasones, y otras reparaciones de emergencia y de mejora. Constru\u00ed mi primer cuatro el\u00e9ctrico en el 2010 como experimento. C\u00f3mo afin\u00f3 y no se parti\u00f3 en dos meses, decid\u00ed hacer otras versiones para mi uso personal y para tocar en vivo con varios grupos en locales y festivales de Seattle.<\/p>\n\n\n\n<p>Un amigo venezolano me vi\u00f3 tocar en uno de esos conciertos, y me pidi\u00f3 que le fabricara uno. Desde ese d\u00eda mi hobby se convirti\u00f3 en el vicio semi-profesional de fabricar instrumentos por encargo. . Cada instrumento me revela diferentes formas de dise\u00f1ar, construir, y mejorar mis macundales. Pero en todos sigo la filosof\u00eda de reducir el instrumento a sus elementos b\u00e1sicos, usar las mejores maderas disponibles, y dejar que ellas dicten la forma y car\u00e1cter de cada instrumento. Tambi\u00e9n creo en construir instrumentos c\u00f3modos y \u00fatiles, sin demasiados adornos ni periquitos.<\/p>\n<\/blockquote>\n\n\n\n<p>Roberto Bonaccorso fabrica sus cuatros en su taller en Seattle y los despacha a cualquier parte de Am\u00e9rica o Europa. Puedes ver los modelos que tiene disponibles en la tienda de TuCuatro o contactarle para solicitar un modelo personalizado.<\/p>\n\n\n\n<p>Los cuatros el\u00e9ctricos del luthier Bonaccorso son usados por artistas de renombre internacional. Uno de los casos m\u00e1s particulares es el del m\u00fasico de rock Abraham Sarache, qui\u00e9n usa este instrumento en <a href=\"https:\/\/tucuatro.com\/musicians\/abraham-sarache\/\" target=\"_blank\" rel=\"noreferrer noopener\">canciones de rock progresivo con el cuatro<\/a>.<\/p>\n\n\n\n<div class=\"wp-block-button aligncenter\"><a class=\"wp-block-button__link wp-element-button\" href=\"https:\/\/store.tucuatro.com\/collections\/roberto-bonaccorso\">Ver Cuatros Disponibles<\/a><\/div>\n\n\n\n<h2 class=\"wp-block-heading\">Videos del luthier Roberto Bonaccorso<\/h2>\n\n\n\n<figure class=\"wp-block-embed is-type-video is-provider-youtube wp-block-embed-youtube wp-embed-aspect-16-9 wp-has-aspect-ratio\"><div class=\"wp-block-embed__wrapper\">\n<iframe title=\"BonaCuatro Tresero - Abraham Sarache Signature 2016\" width=\"800\" height=\"450\" src=\"https:\/\/www.youtube.com\/embed\/nLoB5mdM8ys?feature=oembed\" frameborder=\"0\" allow=\"accelerometer; autoplay; clipboard-write; encrypted-media; gyroscope; picture-in-picture\" allowfullscreen><\/iframe>\n<\/div><\/figure>\n\n\n\n<figure class=\"wp-block-embed is-type-video is-provider-youtube wp-block-embed-youtube wp-embed-aspect-16-9 wp-has-aspect-ratio\"><div class=\"wp-block-embed__wrapper\">\n<iframe title=\"El lado art\u00edstico del Cuatro - El Cuatro Tresero de Roberto Bonaccorso\" width=\"800\" height=\"450\" src=\"https:\/\/www.youtube.com\/embed\/ag-kAQWo_yk?feature=oembed\" frameborder=\"0\" allow=\"accelerometer; autoplay; encrypted-media; gyroscope; picture-in-picture\" allowfullscreen><\/iframe>\n<\/div><\/figure>\n\n\n\n<figure class=\"wp-block-embed is-type-video is-provider-youtube wp-block-embed-youtube wp-embed-aspect-16-9 wp-has-aspect-ratio\"><div class=\"wp-block-embed__wrapper\">\nhttps:\/\/youtu.be\/MBNjf8b2udg\n<\/div><\/figure>\n\n\n\n<figure class=\"wp-block-embed is-type-video is-provider-youtube wp-block-embed-youtube wp-embed-aspect-16-9 wp-has-aspect-ratio\"><div class=\"wp-block-embed__wrapper\">\n<iframe title=\"Roberto Bonacorso fabrica un Cuatro para Holanda\" width=\"800\" height=\"450\" src=\"https:\/\/www.youtube.com\/embed\/9yyrR92AbH0?feature=oembed\" frameborder=\"0\" allow=\"accelerometer; autoplay; encrypted-media; gyroscope; picture-in-picture\" allowfullscreen><\/iframe>\n<\/div><\/figure>\n\n\n\n<h2 class=\"wp-block-heading\">\u00bfInteresado en contactar al Luthier?<\/h2>\n\n\n\n<p>Contacta al Luthier ahora mismo si quieres comprar uno de sus cuatro para preguntar por disponibilidad y costos de env\u00edo a tu pa\u00eds.<\/p>\n\n\n\n<figure class=\"wp-block-image aligncenter size-large is-resized\"><img decoding=\"async\" src=\"https:\/\/tucuatro.com\/es\/wp-content\/uploads\/sites\/11\/2019\/12\/Logo-Roberto-Bonaccorso-400x227-1.png\" alt=\"\" class=\"wp-image-21506\" width=\"169\" height=\"96\"\/><\/figure>\n\n\n\n<p>*La negociaci\u00f3n del cuatro se realiza directamente con el Luthier.<\/p>\n\n\n\n<div class=\"wp-block-leadin-hubspot-form-block\">\n\t\t\t\t\t\t<script>\n\t\t\t\t\t\t\twindow.hsFormsOnReady = window.hsFormsOnReady || [];\n\t\t\t\t\t\t\twindow.hsFormsOnReady.push(()=>{\n\t\t\t\t\t\t\t\thbspt.forms.create({\n\t\t\t\t\t\t\t\t\tportalId: 1680233,\n\t\t\t\t\t\t\t\t\tformId: \"63db2acf-5d4c-4ddd-b611-9be8ff9f6d66\",\n\t\t\t\t\t\t\t\t\ttarget: \"#hbspt-form-1777882727000-4156922385\",\n\t\t\t\t\t\t\t\t\tregion: \"\",\n\t\t\t\t\t\t\t\t\t\n\t\t\t\t\t\t\t})});\n\t\t\t\t\t\t<\/script>\n\t\t\t\t\t\t<div class=\"hbspt-form\" id=\"hbspt-form-1777882727000-4156922385\"><\/div><\/div>\n","protected":false},"excerpt":{"rendered":"<p>Roberto Bonaccorso es un luthier de Seattle, Washington que ha decidido crear cuatros el\u00e9ctricos innovadores de diferentes figuras. Sus obras van desde un cuatro el\u00e9ctrico de caja cuadrada hasta un cuatro el\u00e9ctrico de 6 cuerdas (4 grupos, dos dobles y dos sencillas) que produce sonidos similares al tres cubano. Mis aventuras con la madera comenzaron [&hellip;]<\/p>\n","protected":false},"author":1,"featured_media":0,"parent":16408,"menu_order":0,"comment_status":"closed","ping_status":"closed","template":"","meta":{"content-type":"","footnotes":""},"class_list":["post-16437","page","type-page","status-publish","hentry"],"yoast_head":"<!-- This site is optimized with the Yoast SEO plugin v27.2 - https:\/\/yoast.com\/product\/yoast-seo-wordpress\/ -->\n<title>Roberto Bonaccorso, Luthier de Cuatro y Ukulele en TuCuatro<\/title>\n<meta name=\"description\" content=\"Roberto Bonaccorso es un luthier de Seattle, Washington que ha decidido crear cuatros el\u00e9ctricos innovadores de diferentes figuras. Perfil en TuCuatro.\" \/>\n<meta name=\"robots\" content=\"index, follow, max-snippet:-1, max-image-preview:large, max-video-preview:-1\" \/>\n<link rel=\"canonical\" href=\"https:\/\/tucuatro.com\/es\/luthier\/roberto-bonaccorso\/\" \/>\n<meta property=\"og:locale\" content=\"es_ES\" \/>\n<meta property=\"og:type\" content=\"article\" \/>\n<meta property=\"og:title\" content=\"Roberto Bonaccorso, Luthier de Cuatro y Ukulele en TuCuatro\" \/>\n<meta property=\"og:description\" content=\"Roberto Bonaccorso es un luthier de Seattle, Washington que ha decidido crear cuatros el\u00e9ctricos innovadores de diferentes figuras. Perfil en TuCuatro.\" \/>\n<meta property=\"og:url\" content=\"https:\/\/tucuatro.com\/es\/luthier\/roberto-bonaccorso\/\" \/>\n<meta property=\"og:site_name\" content=\"TuCuatro - El Cuatro Venezolano\" \/>\n<meta property=\"article:publisher\" content=\"https:\/\/facebook.com\/tucuatrodigital\" \/>\n<meta property=\"article:modified_time\" content=\"2022-11-30T03:19:09+00:00\" \/>\n<meta property=\"og:image\" content=\"https:\/\/tucuatro.com\/wp-content\/uploads\/sites\/11\/2018\/03\/Roberto-Bonaccorso.jpg\" \/>\n<meta name=\"twitter:card\" content=\"summary_large_image\" \/>\n<meta name=\"twitter:site\" content=\"@tucuatro\" \/>\n<meta name=\"twitter:label1\" content=\"Tiempo de lectura\" \/>\n\t<meta name=\"twitter:data1\" content=\"4 minutos\" \/>\n<script type=\"application\/ld+json\" class=\"yoast-schema-graph\">{\"@context\":\"https:\/\/schema.org\",\"@graph\":[{\"@type\":\"WebPage\",\"@id\":\"https:\/\/tucuatro.com\/es\/luthier\/roberto-bonaccorso\/\",\"url\":\"https:\/\/tucuatro.com\/es\/luthier\/roberto-bonaccorso\/\",\"name\":\"Roberto Bonaccorso, Luthier de Cuatro y Ukulele en TuCuatro\",\"isPartOf\":{\"@id\":\"https:\/\/tucuatro.com\/es\/#website\"},\"primaryImageOfPage\":{\"@id\":\"https:\/\/tucuatro.com\/es\/luthier\/roberto-bonaccorso\/#primaryimage\"},\"image\":{\"@id\":\"https:\/\/tucuatro.com\/es\/luthier\/roberto-bonaccorso\/#primaryimage\"},\"thumbnailUrl\":\"https:\/\/tucuatro.com\/wp-content\/uploads\/sites\/11\/2018\/03\/Roberto-Bonaccorso.jpg\",\"datePublished\":\"2018-01-08T19:16:24+00:00\",\"dateModified\":\"2022-11-30T03:19:09+00:00\",\"description\":\"Roberto Bonaccorso es un luthier de Seattle, Washington que ha decidido crear cuatros el\u00e9ctricos innovadores de diferentes figuras. Perfil en TuCuatro.\",\"breadcrumb\":{\"@id\":\"https:\/\/tucuatro.com\/es\/luthier\/roberto-bonaccorso\/#breadcrumb\"},\"inLanguage\":\"es\",\"potentialAction\":[{\"@type\":\"ReadAction\",\"target\":[\"https:\/\/tucuatro.com\/es\/luthier\/roberto-bonaccorso\/\"]}]},{\"@type\":\"ImageObject\",\"inLanguage\":\"es\",\"@id\":\"https:\/\/tucuatro.com\/es\/luthier\/roberto-bonaccorso\/#primaryimage\",\"url\":\"https:\/\/tucuatro.com\/wp-content\/uploads\/sites\/11\/2018\/03\/Roberto-Bonaccorso.jpg\",\"contentUrl\":\"https:\/\/tucuatro.com\/wp-content\/uploads\/sites\/11\/2018\/03\/Roberto-Bonaccorso.jpg\"},{\"@type\":\"BreadcrumbList\",\"@id\":\"https:\/\/tucuatro.com\/es\/luthier\/roberto-bonaccorso\/#breadcrumb\",\"itemListElement\":[{\"@type\":\"ListItem\",\"position\":1,\"name\":\"Portada\",\"item\":\"https:\/\/tucuatro.com\/es\/\"},{\"@type\":\"ListItem\",\"position\":2,\"name\":\"Contactar Luthier de instrumentos &#8211; Cuatro, Guitarra o Bandola\",\"item\":\"https:\/\/tucuatro.com\/es\/luthier\/\"},{\"@type\":\"ListItem\",\"position\":3,\"name\":\"Roberto Bonaccorso, Luthier de Cuatro e instrumentos musicales\"}]},{\"@type\":\"WebSite\",\"@id\":\"https:\/\/tucuatro.com\/es\/#website\",\"url\":\"https:\/\/tucuatro.com\/es\/\",\"name\":\"TuCuatro\",\"description\":\"TuCuatro\",\"publisher\":{\"@id\":\"https:\/\/tucuatro.com\/es\/#organization\"},\"potentialAction\":[{\"@type\":\"SearchAction\",\"target\":{\"@type\":\"EntryPoint\",\"urlTemplate\":\"https:\/\/tucuatro.com\/es\/?s={search_term_string}\"},\"query-input\":{\"@type\":\"PropertyValueSpecification\",\"valueRequired\":true,\"valueName\":\"search_term_string\"}}],\"inLanguage\":\"es\"},{\"@type\":\"Organization\",\"@id\":\"https:\/\/tucuatro.com\/es\/#organization\",\"name\":\"TuCuatro\",\"url\":\"https:\/\/tucuatro.com\/es\/\",\"logo\":{\"@type\":\"ImageObject\",\"inLanguage\":\"es\",\"@id\":\"https:\/\/tucuatro.com\/es\/#\/schema\/logo\/image\/\",\"url\":\"https:\/\/tucuatro.com\/es\/wp-content\/uploads\/sites\/3\/2020\/02\/fretboard_icon_black-64px.png\",\"contentUrl\":\"https:\/\/tucuatro.com\/es\/wp-content\/uploads\/sites\/3\/2020\/02\/fretboard_icon_black-64px.png\",\"width\":64,\"height\":107,\"caption\":\"TuCuatro\"},\"image\":{\"@id\":\"https:\/\/tucuatro.com\/es\/#\/schema\/logo\/image\/\"},\"sameAs\":[\"https:\/\/facebook.com\/tucuatrodigital\",\"https:\/\/x.com\/tucuatro\"]}]}<\/script>\n<!-- \/ Yoast SEO plugin. -->","yoast_head_json":{"title":"Roberto Bonaccorso, Luthier de Cuatro y Ukulele en TuCuatro","description":"Roberto Bonaccorso es un luthier de Seattle, Washington que ha decidido crear cuatros el\u00e9ctricos innovadores de diferentes figuras. Perfil en TuCuatro.","robots":{"index":"index","follow":"follow","max-snippet":"max-snippet:-1","max-image-preview":"max-image-preview:large","max-video-preview":"max-video-preview:-1"},"canonical":"https:\/\/tucuatro.com\/es\/luthier\/roberto-bonaccorso\/","og_locale":"es_ES","og_type":"article","og_title":"Roberto Bonaccorso, Luthier de Cuatro y Ukulele en TuCuatro","og_description":"Roberto Bonaccorso es un luthier de Seattle, Washington que ha decidido crear cuatros el\u00e9ctricos innovadores de diferentes figuras. Perfil en TuCuatro.","og_url":"https:\/\/tucuatro.com\/es\/luthier\/roberto-bonaccorso\/","og_site_name":"TuCuatro - El Cuatro Venezolano","article_publisher":"https:\/\/facebook.com\/tucuatrodigital","article_modified_time":"2022-11-30T03:19:09+00:00","og_image":[{"url":"https:\/\/tucuatro.com\/wp-content\/uploads\/sites\/11\/2018\/03\/Roberto-Bonaccorso.jpg","type":"","width":"","height":""}],"twitter_card":"summary_large_image","twitter_site":"@tucuatro","twitter_misc":{"Tiempo de lectura":"4 minutos"},"schema":{"@context":"https:\/\/schema.org","@graph":[{"@type":"WebPage","@id":"https:\/\/tucuatro.com\/es\/luthier\/roberto-bonaccorso\/","url":"https:\/\/tucuatro.com\/es\/luthier\/roberto-bonaccorso\/","name":"Roberto Bonaccorso, Luthier de Cuatro y Ukulele en TuCuatro","isPartOf":{"@id":"https:\/\/tucuatro.com\/es\/#website"},"primaryImageOfPage":{"@id":"https:\/\/tucuatro.com\/es\/luthier\/roberto-bonaccorso\/#primaryimage"},"image":{"@id":"https:\/\/tucuatro.com\/es\/luthier\/roberto-bonaccorso\/#primaryimage"},"thumbnailUrl":"https:\/\/tucuatro.com\/wp-content\/uploads\/sites\/11\/2018\/03\/Roberto-Bonaccorso.jpg","datePublished":"2018-01-08T19:16:24+00:00","dateModified":"2022-11-30T03:19:09+00:00","description":"Roberto Bonaccorso es un luthier de Seattle, Washington que ha decidido crear cuatros el\u00e9ctricos innovadores de diferentes figuras. Perfil en TuCuatro.","breadcrumb":{"@id":"https:\/\/tucuatro.com\/es\/luthier\/roberto-bonaccorso\/#breadcrumb"},"inLanguage":"es","potentialAction":[{"@type":"ReadAction","target":["https:\/\/tucuatro.com\/es\/luthier\/roberto-bonaccorso\/"]}]},{"@type":"ImageObject","inLanguage":"es","@id":"https:\/\/tucuatro.com\/es\/luthier\/roberto-bonaccorso\/#primaryimage","url":"https:\/\/tucuatro.com\/wp-content\/uploads\/sites\/11\/2018\/03\/Roberto-Bonaccorso.jpg","contentUrl":"https:\/\/tucuatro.com\/wp-content\/uploads\/sites\/11\/2018\/03\/Roberto-Bonaccorso.jpg"},{"@type":"BreadcrumbList","@id":"https:\/\/tucuatro.com\/es\/luthier\/roberto-bonaccorso\/#breadcrumb","itemListElement":[{"@type":"ListItem","position":1,"name":"Portada","item":"https:\/\/tucuatro.com\/es\/"},{"@type":"ListItem","position":2,"name":"Contactar Luthier de instrumentos &#8211; Cuatro, Guitarra o Bandola","item":"https:\/\/tucuatro.com\/es\/luthier\/"},{"@type":"ListItem","position":3,"name":"Roberto Bonaccorso, Luthier de Cuatro e instrumentos musicales"}]},{"@type":"WebSite","@id":"https:\/\/tucuatro.com\/es\/#website","url":"https:\/\/tucuatro.com\/es\/","name":"TuCuatro","description":"TuCuatro","publisher":{"@id":"https:\/\/tucuatro.com\/es\/#organization"},"potentialAction":[{"@type":"SearchAction","target":{"@type":"EntryPoint","urlTemplate":"https:\/\/tucuatro.com\/es\/?s={search_term_string}"},"query-input":{"@type":"PropertyValueSpecification","valueRequired":true,"valueName":"search_term_string"}}],"inLanguage":"es"},{"@type":"Organization","@id":"https:\/\/tucuatro.com\/es\/#organization","name":"TuCuatro","url":"https:\/\/tucuatro.com\/es\/","logo":{"@type":"ImageObject","inLanguage":"es","@id":"https:\/\/tucuatro.com\/es\/#\/schema\/logo\/image\/","url":"https:\/\/tucuatro.com\/es\/wp-content\/uploads\/sites\/3\/2020\/02\/fretboard_icon_black-64px.png","contentUrl":"https:\/\/tucuatro.com\/es\/wp-content\/uploads\/sites\/3\/2020\/02\/fretboard_icon_black-64px.png","width":64,"height":107,"caption":"TuCuatro"},"image":{"@id":"https:\/\/tucuatro.com\/es\/#\/schema\/logo\/image\/"},"sameAs":["https:\/\/facebook.com\/tucuatrodigital","https:\/\/x.com\/tucuatro"]}]}},"_links":{"self":[{"href":"https:\/\/tucuatro.com\/es\/wp-json\/wp\/v2\/pages\/16437","targetHints":{"allow":["GET"]}}],"collection":[{"href":"https:\/\/tucuatro.com\/es\/wp-json\/wp\/v2\/pages"}],"about":[{"href":"https:\/\/tucuatro.com\/es\/wp-json\/wp\/v2\/types\/page"}],"author":[{"embeddable":true,"href":"https:\/\/tucuatro.com\/es\/wp-json\/wp\/v2\/users\/1"}],"replies":[{"embeddable":true,"href":"https:\/\/tucuatro.com\/es\/wp-json\/wp\/v2\/comments?post=16437"}],"version-history":[{"count":0,"href":"https:\/\/tucuatro.com\/es\/wp-json\/wp\/v2\/pages\/16437\/revisions"}],"up":[{"embeddable":true,"href":"https:\/\/tucuatro.com\/es\/wp-json\/wp\/v2\/pages\/16408"}],"wp:attachment":[{"href":"https:\/\/tucuatro.com\/es\/wp-json\/wp\/v2\/media?parent=16437"}],"curies":[{"name":"wp","href":"https:\/\/api.w.org\/{rel}","templated":true}]}}