{"id":21341,"date":"2019-12-15T20:59:04","date_gmt":"2019-12-16T00:59:04","guid":{"rendered":"https:\/\/tucuatro.com\/es\/?page_id=21341"},"modified":"2022-11-30T21:16:02","modified_gmt":"2022-12-01T02:16:02","slug":"aprender-cuatro-instrumento","status":"publish","type":"page","link":"https:\/\/tucuatro.com\/es\/aprender-cuatro-instrumento\/","title":{"rendered":"El cuatro, gu\u00eda para aprender a tocar el instrumento"},"content":{"rendered":"\n<p>El cuatro, instrumento conocido en las latitudes bajas del continente americano, es un instrumento ciertamente dif\u00edcil de aprender. La parte dif\u00edcil no es el aprendizaje del instrumento como tal, si no el conseguir suficiente material e informaci\u00f3n para aprender a tocarlo de la manera correcta. <\/p>\n\n\n\n<p>aprender a tocar un instrumento como el cuatro requiere de cierto conocimiento musical, habilidad, y conocimiento de la cultura de los llanos compartidos entre Venezuela y Colombia. Es por eso que hemos realizado esta gu\u00eda para darte una visi\u00f3n completa de c\u00f3mo aprender a tocar el instrumento llamado cuatro. <\/p>\n\n\n\n<h2 class=\"wp-block-heading\">C\u00f3mo influye la edad para aprender a tocar el cuatro <\/h2>\n\n\n\n<p>Normalmente los ni\u00f1os aprenden a tocar el cuatro en la escuela, a partir de los seis a\u00f1os. Esta es la situaci\u00f3n ideal, donde desde peque\u00f1os tienen los conocimientos b\u00e1sicos para aprender a tocar y luego los van desarrollando durante la infancia, hasta que llegan a ser j\u00f3venes.<\/p>\n\n\n\n<p>Normalmente los ni\u00f1os aprenden a tocar el cuatro en la escuela, a partir de los seis a\u00f1os. Esta es la situaci\u00f3n ideal, donde desde peque\u00f1os tienen los conocimientos b\u00e1sicos para aprender a tocar y luego los van desarrollando durante la infancia, hasta que llegan a ser j\u00f3venes. <\/p>\n\n\n\n<p>Comenzar desde la infancia es la mejor situaci\u00f3n, ya que incluso si no se puede seguir practicando por muchos a\u00f1os uno todav\u00eda recuerda lo que aprendi\u00f3 a\u00f1os atr\u00e1s.<\/p>\n\n\n\n<h2 class=\"wp-block-heading\">Qu\u00e9 tipo de cuatro es mejor para aprender <\/h2>\n\n\n\n<p>Hay muchos tipos de cuatro, desde los que son fabricados masivamente hasta los que sean realizados construidos por un luthier profesional. <\/p>\n\n\n\n<p>Para personas que est\u00e1n solamente aprendiendo, y cuatro de f\u00e1brica que fue manufacturado en forma masiva podr\u00eda ser buena opci\u00f3n. Usualmente son econ\u00f3micos, se consiguen f\u00e1cilmente, aunque su calidad no sea la mejor.<\/p>\n\n\n\n<p>Es muy importante que antes de comprar un cuatro de f\u00e1brica, para principiantes, puedas verificar que afine y suene bien. No importa realmente si el cuatro no tiene el mejor Look pero que afine bien en los primeros 5 trastes es muy importante. <\/p>\n\n\n\n<h2 class=\"wp-block-heading\">El primer paso para aprender es la afinaci\u00f3n <\/h2>\n\n\n\n<p>Cuando un ni\u00f1o est\u00e1 aprendiendo a tocar normalmente su profesor le afinar el cuatro antes de comenzar la clase. Por lo tanto el ni\u00f1o no debe aprender la afinaci\u00f3n de primero. \u00c9ste es un caso excepcional ya que todas las dem\u00e1s personas tienen que aprender a afinar antes de tocar.<\/p>\n\n\n\n<p>Desafortunadamente no todos comenzamos a tocar desde los 6 a\u00f1os de edad, por lo que lo m\u00e1s seguro es que te tocar\u00e1 aprender la afinaci\u00f3n del cuarto. Intentarlo con tu instrumento, y verificar con alguien que tenga experiencia si la afinaci\u00f3n que has hecho es la correcta.<\/p>\n\n\n\n<h2 class=\"wp-block-heading\">Que hacer si un cuatro no afina bien <\/h2>\n\n\n\n<p> Si est\u00e1s aprendiendo por tu propia cuenta y no tienes a nadie que pueda confirmar tu afinaci\u00f3n con gusto podemos ayudarte. Entra a la lecci\u00f3n de afinar el cuatro, int\u00e9ntalo hasta que pienses que lo has logrado, y luego puedes mandarnos un video o un audio de tu afinaci\u00f3n. Un profesor de TuCuatro lo revisara y te confirmara.<\/p>\n\n\n\n<h2 class=\"wp-block-heading\">Auto aprendizaje versus aprendizaje guiado <\/h2>\n\n\n\n<p>Hay b\u00e1sicamente dos d\u00edas a escoger cuando se aprende a tocar el cuatro. La primera es el aprendizaje guiado, con un profesor cursos f\u00edsicos o por Skype, y siguiendo los lineamientos del profesor. La segunda forma es el autoaprendizaje, donde el estudiante busca la informaci\u00f3n que necesita para aprender, realizar las pr\u00e1cticas por s\u00ed solo, y decide sobre todos los aspectos del aprendizaje.<\/p>\n\n\n\n<p>Hoy d\u00eda el auto aprendizaje es muy popular, ya que la tecnolog\u00eda permite que tengamos a disposici\u00f3n cientos de recursos en l\u00ednea para aprender. Por ejemplo los recursos que hemos puestos disponibles en nuestro sitio web de TuCuatro para ayudar a la difusi\u00f3n del instrumento.<\/p>\n\n\n\n<h3 class=\"wp-block-heading\">Donde se pueden ver cursos de cuatro <\/h3>\n\n\n\n<p>Muchos de los m\u00fasicos que tocan el cuatro est\u00e1n disponibles para dar clases, algunos de ellos forman academias o dan cursos a varios estudiantes a la vez. Si en tu comunidad hay un m\u00fasico que toca el cuatro lo m\u00e1s f\u00e1cil es contactarlo para preguntar si da clases o si conoce alg\u00fan instituto que quede cercano a tu ubicaci\u00f3n. <\/p>\n\n\n\n<h3 class=\"wp-block-heading\">Como conseguir clases con un profesor <\/h3>\n\n\n\n<p>Si no conoces a ning\u00fan m\u00fasico en tu ciudad, podr\u00eda ser dif\u00edcil obtener los datos de contacto para encontrar un profesor. Sin embargo hemos puesto una lista de profesores en el mundo entero a disposici\u00f3n de nuestros visitantes. Busca primero en la lista de m\u00fasicos y ve si hay alguien cercano a tu localidad, escr\u00edbele un correo, y espera la respuesta a ver si \u00e9l te puede ayudar. <\/p>\n\n\n\n<h3 class=\"wp-block-heading\">La v\u00eda autodidacta<\/h3>\n\n\n\n<p> Si no hay nadie disponible en tu localidad, o si prefieres aprender por ti solo, en nuestro sitio web hay una gran variedad de recursos, cursos de cuatro (<a href=\"\/aprende\/cursos\">\/aprende\/cursos<\/a>), lecciones y material disponible para ayudarte en el aprendizaje. Nuestro grupo de cuatristas asociados a logrado ensamblar todo un programa de aprendizaje que puede seguir en l\u00ednea, y estamos seguros que te podr\u00e1s convertir en un buen m\u00fasico, s\u00f3lo siguiendo nuestros lineamientos.<\/p>\n\n\n\n<p>En uno u otro caso te invitamos a comenzar inmediatamente, agarra tu cuatro y prep\u00e1rate para comenzar a aprender tus primeros acordes. <\/p>\n\n\n\n<h2 class=\"wp-block-heading\">Aprender los primeros acordes del instrumento cuatro<\/h2>\n\n\n\n<p>De acuerdo a nuestra experiencia ense\u00f1ando el cuatro, sabemos que la mayor\u00eda de los estudiantes aprenden a realizar tres acordes de primero. \u00c9stos acordes son el re mayor, el sol mayor y la s\u00e9ptima. Los tres acordes b\u00e1sicos que deber\u00e1s aprender de primer y que te permitir\u00e1n tocar una cierta cantidad de canciones. <\/p>\n\n\n\n<p>Puedes ver como se hacen estos tres acordes b\u00e1sicos entrando a la lecci\u00f3n de los acordes b\u00e1sicos del cuatro. Te recomendamos tomar aproximadamente unas seis horas en total para aprenderlos, memorizar las posiciones de la mano izquierda, y dominarlos al punto de que puedes cambiar entre uno y otro de manera autom\u00e1tica. <\/p>\n\n\n\n<h2 class=\"wp-block-heading\">Cu\u00e1l ritmo de cuatro aprender de primero<\/h2>\n\n\n\n<p>Una vez que hayas memorizado a la perfecci\u00f3n los tres primeros acordes es hora de escoger el ritmo con el cual prefieres aprender a tocar. <\/p>\n\n\n\n<p>Las personas que aprenden dentro de Venezuela o Colombia, normalmente aprenden el vals de primero. Esto, consideramos, es porque el mayor prop\u00f3sito de tocar el cuatro aprender a tocar joropo. Entonces tiene sentido Aprender un ritmo como el Vals Pasaje, que se cuenta a tres.<\/p>\n\n\n\n<p>Sin embargo, si te encuentras fuera de estos pa\u00edses o si t\u00fa inter\u00e9s es tocar canciones de pop, rock o de m\u00fasica m\u00e1s internacional, entonces te recomendamos escoger el ritmo de Orqu\u00eddea, que se toca a Cuatro golpes por comp\u00e1s.<\/p>\n\n\n\n<h2 class=\"wp-block-heading\">Cu\u00e1nto tiempo dedicarle a la pr\u00e1ctica del instrumento <\/h2>\n\n\n\n<p>A lo largo de las d\u00e9cadas hemos podido compartir con estudiantes el progreso que van teniendo.  Seg\u00fan c\u00f3mo progresa la mayor\u00eda de nuestros estudiantes hemos podido determinar que los que practican por lo menos 30 minutos al d\u00eda, todos los d\u00edas, por un lapso m\u00ednimo de 6 meses son los que llegan a ver un avance considerable en corto tiempo.<\/p>\n\n\n\n<p>Te recomendamos intentar practicar por lo menos una vez al d\u00eda, as\u00ed podr\u00e1s ver y disfrutar de tu progreso m\u00e1s r\u00e1pido.<\/p>\n\n\n\n<h2 class=\"wp-block-heading\">Qu\u00e9 accesorios hay que comprar para poder aprender <\/h2>\n\n\n\n<p>El cuatro es un instrumento bastante noble para aprender. No necesitas comprar nada m\u00e1s que el instrumento. Nada de cables, ni afinador el\u00e9ctrico, ni parales o correas. <\/p>\n\n\n\n<p>Comienza con lo as b\u00e1sico, el instrumento. Luego, si te interesa convertirte en un m\u00fasico profesional, podr\u00e1s tener el chance de comprar accesorios y mejores instrumentos a lo largo de tu carrera.<\/p>\n\n\n\n<h2 class=\"wp-block-heading\">C\u00f3mo se puede aprender a tocar canciones <\/h2>\n\n\n\n<p>Para tocar canciones hay que saber tres areas: marcar los acordes, tocar el ritmo y tener conciencia de los cambios de comp\u00e1s.<\/p>\n\n\n\n<p>Si encuentras una canci\u00f3n que te gusta, para poder tocarla es necesario que primero repases y te aprendas todos los acordes que tiene la canci\u00f3n.  Asegura de ver la lista de acordes de la canci\u00f3n y practicar individualmente los que no sepas a\u00fan.<\/p>\n\n\n\n<p>Luego debes averiguar el ritmo con el que se toca la canci\u00f3n, y asegurar que sabes c\u00f3mo hacerlo en el cuatro. Mira la lista de ritmos de cuatro ac\u00e1.<\/p>\n\n\n\n<p>Finalmente, debes tener la noci\u00f3n de c\u00f3mo cambiar de un acorde a otro en el momento correcto. No hay nada m\u00e1s desanimado que un m\u00fasico que se tiene que parar a cambiar de un acorde a otro y hace esperar al cantante pasa poder continuar la canci\u00f3n.<\/p>\n\n\n\n<h2 class=\"wp-block-heading\">C\u00f3mo se canta y se toca a la misma vez <\/h2>\n\n\n\n<p>Cantar y tocar el cuatro es todo un arte. Debes aprender a sincronizar la voz con las manos sin perder el tempo de la canci\u00f3n<\/p>\n\n\n\n<p>Esto s\u00f3lo se logra con mucha pr\u00e1ctica y paciencia. Escoge tu canci\u00f3n favorita, aprende toda la letra y luego introduce los acordes con el cuatro poco a poco hasta que puedas cambiar de acordes y continuar cantando la letra sin problemas. <\/p>\n\n\n\n<p>Si comienzas de cero en el mundo del cuatro, consideramos normal que tardes entre un mes y dos meses en aprender a cantar y tocar tu primera canci\u00f3n, no te desanimes. <\/p>\n\n\n\n<h2 class=\"wp-block-heading\">D\u00f3nde se puede conseguir canciones para cuatro <\/h2>\n\n\n\n<figure class=\"wp-block-image aligncenter size-large\"><img decoding=\"async\" src=\"https:\/\/tucuatro.com\/es\/wp-content\/uploads\/sites\/11\/2019\/09\/canciones.jpg\" alt=\"Aprender el instrumento cuatro\" class=\"wp-image-21297\"\/><\/figure>\n\n\n\n<p>Antiguamente era dif\u00edcil encontrar canciones con acordes para cuatro, hab\u00eda que tener un manual de cuatro en casa. Ahora con la tecnolog\u00eda y gracias al trabajo de decenas de m\u00fasicos y profesores de cuatro, es posible encontrar un sinf\u00edn de canciones en internet.<\/p>\n\n\n\n<p>Para buscar una canci\u00f3n que te guste y comenzar a practicar entra <a href=\"\/es\/canciones\/\">a la secci\u00f3n de canciones<\/a> ahora. <\/p>\n\n\n\n<h2 class=\"wp-block-heading\">Como se aprenden en el cuatro los frenados del instrumento<\/h2>\n\n\n\n<p>Los frenados o chasquidos es, sin duda, la parte m\u00e1s dif\u00edcil de aprender para cualquier principiante que apenas comienza con el instrumento. Tenemos varias elecciones completas que puedes ver sobre frenados en el cuatro. Estudia cada una de ellas con calma para que veas c\u00f3mo se aprende esta t\u00e9cnica.<\/p>\n\n\n\n<h2 class=\"wp-block-heading\">Trucos para aprender repiques del cuatro <\/h2>\n\n\n\n<p>Si ya te encuentras a la altura del aprendizaje donde puedes hacer repicas, felicitaciones, seguramente has estado practicando bastante. <\/p>\n\n\n\n<p>En la pr\u00e1ctica los repiques se pueden introducir en cualquier golpe de cualquier comp\u00e1s, siempre y cuando no pierdas el tiempo. Sin embargo, para comenzar es recomendable que te concentres en hacer repicas s\u00f3lo en el primer golpe de cada comp\u00e1s. Aqu\u00ed podr\u00e1s ver varias lecciones sobre repiques que te ser\u00e1n \u00fatiles para aprender a introducir elementos nuevos con el instrumento. <\/p>\n\n\n\n<p>Para hacer repicas es importante que dominas muy bien el tema del tempo. Debes tener un dominio absoluto sobre cada golpe de los compases, para cuando introduzcas nuevos elementos no te pierdas. <\/p>\n\n\n\n<h2 class=\"wp-block-heading\">Ritmos con el cuatro de dificultad avanzada <\/h2>\n\n\n\n<p>Hay ciertos ritmos en el cuatro que no se recomiendan para principiantes. Ya llegado a un punto donde dominas la mayor\u00eda de los ritmos y te sabes todos los acordes en mayor y menor, seguramente podr\u00e1s comenzar a intentar alguno de estos ritmos avanzados.<\/p>\n\n\n\n<p>Uno de ellos es el calipso, ritmo que requiere bastante t\u00e9cnica y rapidez. Tambi\u00e9n est\u00e1 el bossa nova, o puedes intentar hacer el joropo central, y la onda nueva. <\/p>\n\n\n\n<h2 class=\"wp-block-heading\">Aprender melod\u00edas de cuatro con el instrumento <\/h2>\n\n\n\n<p>Una de las partes m\u00e1s avanzadas del aprendizaje del cuatro es la de las melod\u00edas y las escalas. Un m\u00fasico ya en el \u00e1mbito profesional dominan las escalas a la perfecci\u00f3n y puede hacer que el cuatro cante. <\/p>\n\n\n\n<p>Para llegar a este nivel es recomendable que comiences a conocer las escalas mayores y menores primeramente, y luego aprendas a armonizar cada nota de la escala con las notas correspondientes al acorde del comp\u00e1s que est\u00e1s ejecutando. <\/p>\n\n\n\n<p>En el sitio web tenemos algunas lecciones y tips que te ayudar\u00e1n con las escalas y las melod\u00edas en el cuatro. <\/p>\n\n\n\n<h2 class=\"wp-block-heading\">Interpretando canciones de cuatro solista <\/h2>\n\n\n\n<p>Una vez dominadas las melod\u00edas con el cuatro comenzar\u00e1s a ver las canciones de una manera distinta. Por ejemplo, al o\u00edr al cantante podr\u00e1s, sabiendo la tonalidad de la canci\u00f3n, seguir la voz con tu cuatro. Si ya sabes armonizar las escalas entonces no solo ser\u00e1s capaz de tocar la voz del cantante, sino tambi\u00e9n de hacer que el cuatro en la cante acompa\u00f1\u00e1ndose asimismo.<\/p>\n\n\n\n<p>Trabaja de manera concentrada y por mucho tiempo tu primera canci\u00f3n. Aprende todas las armonizaci\u00f3n de la melod\u00eda posibles y repite la canci\u00f3n una y otra vez hasta que te salga perfectamente. Una vez que est\u00e9s a gusto con tu interpretaci\u00f3n, felicitaciones, habr\u00e1s logrado ser un Cuatrista solista.<\/p>\n\n\n\n<h2 class=\"wp-block-heading\">Como convertirse en un Cuatrista profesional<\/h2>\n\n\n\n<p>El paso de Cuatrista solista a Cuatrista profesional requiere de dos fases: la primera es el pulir la t\u00e9cnica lo m\u00e1s posible, la segunda es de comenzar a trabajar la imagen p\u00fablica.<\/p>\n\n\n\n<p>La t\u00e9cnica por supuesto es la m\u00e1s importante, ya que debes llegar a un nivel donde tengas el m\u00ednimo posible de errores al ejecutar el cuatro. <\/p>\n\n\n\n<p>Sin embargo la imagen p\u00fablica ser\u00e1 vital para tu carrera. Deber\u00e1s comenzar a trabajar en tus redes sociales colocando Videos de tus interpretaciones regularmente cada mes. <\/p>\n\n\n\n<h2 class=\"wp-block-heading\">C\u00f3mo conseguir clases con m\u00fasicos profesionales <\/h2>\n\n\n\n<p>si requieres pulir tu t\u00e9cnica a un nivel superior o si sientes que ya est\u00e1s tocando techo y requieres ayuda, te sugerimos contactar a un m\u00fasico profesional.<\/p>\n\n\n\n<p>En TuCuatro tenemos una lista de Cuatristas profesionales que dan clases por Skype. Entra ahora y selecciona el m\u00fasico profesional de tu preferencia para que puedas comenzar las clases <\/p>\n\n\n\n<h2 class=\"wp-block-heading\">C\u00f3mo aprender t\u00e9cnicas avanzadas para el instrumento cuatro <\/h2>\n\n\n\n<p>El mundo de Cuatrista profesional puede ser un mundo muy solitario, en el sentido que menos personas puede darte nuevas ideas, ya que tu nivel ser\u00e1 superior al del promedio, sin embargo el aprendizaje nunca para.<\/p>\n\n\n\n<p>Para poder continuar con el aprendizaje, te recomendamos buscar ampliar tu repertorio de t\u00e9cnicas avanzadas mirando a otros instrumentos.<\/p>\n\n\n\n<p>Revisa qu\u00e9 est\u00e1n haciendo guitarristas profesionales y trata de imitar sus t\u00e9cnicas, escucha a flautistas virtuosos e imita sus escalas. Captura ideas de pianistas, violinistas, etc. \u00a1El cielo es el l\u00edmite!<\/p>\n","protected":false},"excerpt":{"rendered":"<p>El cuatro, instrumento conocido en las latitudes bajas del continente americano, es un instrumento ciertamente dif\u00edcil de aprender. La parte dif\u00edcil no es el aprendizaje del instrumento como tal, si no el conseguir suficiente material e informaci\u00f3n para aprender a tocarlo de la manera correcta. aprender a tocar un instrumento como el cuatro requiere de [&hellip;]<\/p>\n","protected":false},"author":1,"featured_media":0,"parent":0,"menu_order":0,"comment_status":"closed","ping_status":"closed","template":"","meta":{"content-type":"","footnotes":""},"class_list":["post-21341","page","type-page","status-publish","hentry"],"yoast_head":"<!-- This site is optimized with the Yoast SEO plugin v27.2 - https:\/\/yoast.com\/product\/yoast-seo-wordpress\/ -->\n<title>El cuatro, una gu\u00eda completa para aprender a tocar el instrumento<\/title>\n<meta name=\"description\" content=\"Aprender a tocar el cuatro, un instrumento musical ex\u00f3tico. C\u00f3mo comenzar, la edad ideal y muchos otros detalles en TuCuatro.\" \/>\n<meta name=\"robots\" content=\"index, follow, max-snippet:-1, max-image-preview:large, max-video-preview:-1\" \/>\n<link rel=\"canonical\" href=\"https:\/\/tucuatro.com\/es\/aprender-cuatro-instrumento\/\" \/>\n<meta property=\"og:locale\" content=\"es_ES\" \/>\n<meta property=\"og:type\" content=\"article\" \/>\n<meta property=\"og:title\" content=\"El cuatro, una gu\u00eda completa para aprender a tocar el instrumento\" \/>\n<meta property=\"og:description\" content=\"Aprender a tocar el cuatro, un instrumento musical ex\u00f3tico. C\u00f3mo comenzar, la edad ideal y muchos otros detalles en TuCuatro.\" \/>\n<meta property=\"og:url\" content=\"https:\/\/tucuatro.com\/es\/aprender-cuatro-instrumento\/\" \/>\n<meta property=\"og:site_name\" content=\"TuCuatro - El Cuatro Venezolano\" \/>\n<meta property=\"article:publisher\" content=\"https:\/\/facebook.com\/tucuatrodigital\" \/>\n<meta property=\"article:modified_time\" content=\"2022-12-01T02:16:02+00:00\" \/>\n<meta property=\"og:image\" content=\"https:\/\/tucuatro.com\/es\/wp-content\/uploads\/sites\/11\/2019\/09\/canciones.jpg\" \/>\n<meta name=\"twitter:card\" content=\"summary_large_image\" \/>\n<meta name=\"twitter:site\" content=\"@tucuatro\" \/>\n<meta name=\"twitter:label1\" content=\"Tiempo de lectura\" \/>\n\t<meta name=\"twitter:data1\" content=\"11 minutos\" \/>\n<script type=\"application\/ld+json\" class=\"yoast-schema-graph\">{\"@context\":\"https:\/\/schema.org\",\"@graph\":[{\"@type\":\"WebPage\",\"@id\":\"https:\/\/tucuatro.com\/es\/aprender-cuatro-instrumento\/\",\"url\":\"https:\/\/tucuatro.com\/es\/aprender-cuatro-instrumento\/\",\"name\":\"El cuatro, una gu\u00eda completa para aprender a tocar el instrumento\",\"isPartOf\":{\"@id\":\"https:\/\/tucuatro.com\/es\/#website\"},\"primaryImageOfPage\":{\"@id\":\"https:\/\/tucuatro.com\/es\/aprender-cuatro-instrumento\/#primaryimage\"},\"image\":{\"@id\":\"https:\/\/tucuatro.com\/es\/aprender-cuatro-instrumento\/#primaryimage\"},\"thumbnailUrl\":\"https:\/\/tucuatro.com\/es\/wp-content\/uploads\/sites\/11\/2019\/09\/canciones.jpg\",\"datePublished\":\"2019-12-16T00:59:04+00:00\",\"dateModified\":\"2022-12-01T02:16:02+00:00\",\"description\":\"Aprender a tocar el cuatro, un instrumento musical ex\u00f3tico. C\u00f3mo comenzar, la edad ideal y muchos otros detalles en TuCuatro.\",\"breadcrumb\":{\"@id\":\"https:\/\/tucuatro.com\/es\/aprender-cuatro-instrumento\/#breadcrumb\"},\"inLanguage\":\"es\",\"potentialAction\":[{\"@type\":\"ReadAction\",\"target\":[\"https:\/\/tucuatro.com\/es\/aprender-cuatro-instrumento\/\"]}]},{\"@type\":\"ImageObject\",\"inLanguage\":\"es\",\"@id\":\"https:\/\/tucuatro.com\/es\/aprender-cuatro-instrumento\/#primaryimage\",\"url\":\"https:\/\/tucuatro.com\/es\/wp-content\/uploads\/sites\/11\/2019\/09\/canciones.jpg\",\"contentUrl\":\"https:\/\/tucuatro.com\/es\/wp-content\/uploads\/sites\/11\/2019\/09\/canciones.jpg\"},{\"@type\":\"BreadcrumbList\",\"@id\":\"https:\/\/tucuatro.com\/es\/aprender-cuatro-instrumento\/#breadcrumb\",\"itemListElement\":[{\"@type\":\"ListItem\",\"position\":1,\"name\":\"Portada\",\"item\":\"https:\/\/tucuatro.com\/es\/\"},{\"@type\":\"ListItem\",\"position\":2,\"name\":\"El cuatro, gu\u00eda para aprender a tocar el instrumento\"}]},{\"@type\":\"WebSite\",\"@id\":\"https:\/\/tucuatro.com\/es\/#website\",\"url\":\"https:\/\/tucuatro.com\/es\/\",\"name\":\"TuCuatro\",\"description\":\"TuCuatro\",\"publisher\":{\"@id\":\"https:\/\/tucuatro.com\/es\/#organization\"},\"potentialAction\":[{\"@type\":\"SearchAction\",\"target\":{\"@type\":\"EntryPoint\",\"urlTemplate\":\"https:\/\/tucuatro.com\/es\/?s={search_term_string}\"},\"query-input\":{\"@type\":\"PropertyValueSpecification\",\"valueRequired\":true,\"valueName\":\"search_term_string\"}}],\"inLanguage\":\"es\"},{\"@type\":\"Organization\",\"@id\":\"https:\/\/tucuatro.com\/es\/#organization\",\"name\":\"TuCuatro\",\"url\":\"https:\/\/tucuatro.com\/es\/\",\"logo\":{\"@type\":\"ImageObject\",\"inLanguage\":\"es\",\"@id\":\"https:\/\/tucuatro.com\/es\/#\/schema\/logo\/image\/\",\"url\":\"https:\/\/tucuatro.com\/es\/wp-content\/uploads\/sites\/3\/2020\/02\/fretboard_icon_black-64px.png\",\"contentUrl\":\"https:\/\/tucuatro.com\/es\/wp-content\/uploads\/sites\/3\/2020\/02\/fretboard_icon_black-64px.png\",\"width\":64,\"height\":107,\"caption\":\"TuCuatro\"},\"image\":{\"@id\":\"https:\/\/tucuatro.com\/es\/#\/schema\/logo\/image\/\"},\"sameAs\":[\"https:\/\/facebook.com\/tucuatrodigital\",\"https:\/\/x.com\/tucuatro\"]}]}<\/script>\n<!-- \/ Yoast SEO plugin. -->","yoast_head_json":{"title":"El cuatro, una gu\u00eda completa para aprender a tocar el instrumento","description":"Aprender a tocar el cuatro, un instrumento musical ex\u00f3tico. C\u00f3mo comenzar, la edad ideal y muchos otros detalles en TuCuatro.","robots":{"index":"index","follow":"follow","max-snippet":"max-snippet:-1","max-image-preview":"max-image-preview:large","max-video-preview":"max-video-preview:-1"},"canonical":"https:\/\/tucuatro.com\/es\/aprender-cuatro-instrumento\/","og_locale":"es_ES","og_type":"article","og_title":"El cuatro, una gu\u00eda completa para aprender a tocar el instrumento","og_description":"Aprender a tocar el cuatro, un instrumento musical ex\u00f3tico. C\u00f3mo comenzar, la edad ideal y muchos otros detalles en TuCuatro.","og_url":"https:\/\/tucuatro.com\/es\/aprender-cuatro-instrumento\/","og_site_name":"TuCuatro - El Cuatro Venezolano","article_publisher":"https:\/\/facebook.com\/tucuatrodigital","article_modified_time":"2022-12-01T02:16:02+00:00","og_image":[{"url":"https:\/\/tucuatro.com\/es\/wp-content\/uploads\/sites\/11\/2019\/09\/canciones.jpg","type":"","width":"","height":""}],"twitter_card":"summary_large_image","twitter_site":"@tucuatro","twitter_misc":{"Tiempo de lectura":"11 minutos"},"schema":{"@context":"https:\/\/schema.org","@graph":[{"@type":"WebPage","@id":"https:\/\/tucuatro.com\/es\/aprender-cuatro-instrumento\/","url":"https:\/\/tucuatro.com\/es\/aprender-cuatro-instrumento\/","name":"El cuatro, una gu\u00eda completa para aprender a tocar el instrumento","isPartOf":{"@id":"https:\/\/tucuatro.com\/es\/#website"},"primaryImageOfPage":{"@id":"https:\/\/tucuatro.com\/es\/aprender-cuatro-instrumento\/#primaryimage"},"image":{"@id":"https:\/\/tucuatro.com\/es\/aprender-cuatro-instrumento\/#primaryimage"},"thumbnailUrl":"https:\/\/tucuatro.com\/es\/wp-content\/uploads\/sites\/11\/2019\/09\/canciones.jpg","datePublished":"2019-12-16T00:59:04+00:00","dateModified":"2022-12-01T02:16:02+00:00","description":"Aprender a tocar el cuatro, un instrumento musical ex\u00f3tico. C\u00f3mo comenzar, la edad ideal y muchos otros detalles en TuCuatro.","breadcrumb":{"@id":"https:\/\/tucuatro.com\/es\/aprender-cuatro-instrumento\/#breadcrumb"},"inLanguage":"es","potentialAction":[{"@type":"ReadAction","target":["https:\/\/tucuatro.com\/es\/aprender-cuatro-instrumento\/"]}]},{"@type":"ImageObject","inLanguage":"es","@id":"https:\/\/tucuatro.com\/es\/aprender-cuatro-instrumento\/#primaryimage","url":"https:\/\/tucuatro.com\/es\/wp-content\/uploads\/sites\/11\/2019\/09\/canciones.jpg","contentUrl":"https:\/\/tucuatro.com\/es\/wp-content\/uploads\/sites\/11\/2019\/09\/canciones.jpg"},{"@type":"BreadcrumbList","@id":"https:\/\/tucuatro.com\/es\/aprender-cuatro-instrumento\/#breadcrumb","itemListElement":[{"@type":"ListItem","position":1,"name":"Portada","item":"https:\/\/tucuatro.com\/es\/"},{"@type":"ListItem","position":2,"name":"El cuatro, gu\u00eda para aprender a tocar el instrumento"}]},{"@type":"WebSite","@id":"https:\/\/tucuatro.com\/es\/#website","url":"https:\/\/tucuatro.com\/es\/","name":"TuCuatro","description":"TuCuatro","publisher":{"@id":"https:\/\/tucuatro.com\/es\/#organization"},"potentialAction":[{"@type":"SearchAction","target":{"@type":"EntryPoint","urlTemplate":"https:\/\/tucuatro.com\/es\/?s={search_term_string}"},"query-input":{"@type":"PropertyValueSpecification","valueRequired":true,"valueName":"search_term_string"}}],"inLanguage":"es"},{"@type":"Organization","@id":"https:\/\/tucuatro.com\/es\/#organization","name":"TuCuatro","url":"https:\/\/tucuatro.com\/es\/","logo":{"@type":"ImageObject","inLanguage":"es","@id":"https:\/\/tucuatro.com\/es\/#\/schema\/logo\/image\/","url":"https:\/\/tucuatro.com\/es\/wp-content\/uploads\/sites\/3\/2020\/02\/fretboard_icon_black-64px.png","contentUrl":"https:\/\/tucuatro.com\/es\/wp-content\/uploads\/sites\/3\/2020\/02\/fretboard_icon_black-64px.png","width":64,"height":107,"caption":"TuCuatro"},"image":{"@id":"https:\/\/tucuatro.com\/es\/#\/schema\/logo\/image\/"},"sameAs":["https:\/\/facebook.com\/tucuatrodigital","https:\/\/x.com\/tucuatro"]}]}},"_links":{"self":[{"href":"https:\/\/tucuatro.com\/es\/wp-json\/wp\/v2\/pages\/21341","targetHints":{"allow":["GET"]}}],"collection":[{"href":"https:\/\/tucuatro.com\/es\/wp-json\/wp\/v2\/pages"}],"about":[{"href":"https:\/\/tucuatro.com\/es\/wp-json\/wp\/v2\/types\/page"}],"author":[{"embeddable":true,"href":"https:\/\/tucuatro.com\/es\/wp-json\/wp\/v2\/users\/1"}],"replies":[{"embeddable":true,"href":"https:\/\/tucuatro.com\/es\/wp-json\/wp\/v2\/comments?post=21341"}],"version-history":[{"count":0,"href":"https:\/\/tucuatro.com\/es\/wp-json\/wp\/v2\/pages\/21341\/revisions"}],"wp:attachment":[{"href":"https:\/\/tucuatro.com\/es\/wp-json\/wp\/v2\/media?parent=21341"}],"curies":[{"name":"wp","href":"https:\/\/api.w.org\/{rel}","templated":true}]}}