{"id":25420,"date":"2020-03-28T11:58:17","date_gmt":"2020-03-28T15:58:17","guid":{"rendered":"https:\/\/tucuatro.com\/es\/?page_id=25420"},"modified":"2022-09-04T07:42:29","modified_gmt":"2022-09-04T11:42:29","slug":"hoja-de-referencia-de-acordes-de-cuatro","status":"publish","type":"page","link":"https:\/\/tucuatro.com\/es\/hoja-de-referencia-de-acordes-de-cuatro\/","title":{"rendered":"Hoja de referencia de Acordes de Cuatro"},"content":{"rendered":"\n<p>Una hoja de referencia de acordes de Cuatro, puesta a disposici\u00f3n de nuestros estudiantes y visitantes. Con esta hoja podr\u00e1s r\u00e1pidamente buscar un acorde de cuatro que no conoces y ver c\u00f3mo se hace en el instrumento.<\/p>\n\n\n\n<p>Impr\u00edmela o b\u00e1jala en tu computadora (descarga el PDF aqui abajo) para que la tengas disponibles cuando est\u00e9s practicando el cuatro o estudiando c\u00f3mo tocar una nueva canci\u00f3n con el instrumento.<\/p>\n\n\n\n<div class=\"wp-block-file\"><a id=\"wp-block-file--media-fae7b984-2d87-47ce-a51b-34bb315437c5\" href=\"https:\/\/tucuatro.com\/wp-content\/uploads\/sites\/3\/2022\/09\/Lista-completa-de-acordes-para-cuator-TuCuatro.pdf\">Lista-completa-de-acordes-para-cuator-TuCuatro<\/a><a href=\"https:\/\/tucuatro.com\/wp-content\/uploads\/sites\/3\/2022\/09\/Lista-completa-de-acordes-para-cuator-TuCuatro.pdf\" class=\"wp-block-file__button\" download aria-describedby=\"wp-block-file--media-fae7b984-2d87-47ce-a51b-34bb315437c5\">Descarga<\/a><\/div>\n\n\n\n<p><\/p>\n\n\n\n<h2 class=\"wp-block-heading\">Hoja completa de Acordes<\/h2>\n\n\n\n<p>La hoja se encuentra ordenada desde el Do hasta el Si, pasando por las doce notas de la escala. De arriba a abajo nos paseamos por todas las modalidades de acordes: acordes mayores, acordes menores, acordes s\u00e9ptima, acordes sexta, sexta mayor, sexta menor, s\u00e9ptima menor, s\u00e9ptima mayor, acordes aumentados y disminuidos.<\/p>\n\n\n\n<figure class=\"wp-block-table\"><table><tbody><tr><td><\/td><td>Do<\/td><td>Do#<\/td><td>Re<\/td><td>Re#<\/td><td>Mi<\/td><td>Fa<\/td><td>Fa#<\/td><td>Sol<\/td><td>Sol#<\/td><td>La<\/td><td>La#<\/td><td>Si<\/td><\/tr><tr><td>Mayor<\/td><td>3.2.1.1<\/td><td>4.3.2.2<\/td><td>0.0.0.3<\/td><td>1.1.1.2<\/td><td>2.2.2.0<\/td><td>3.3.3.1<\/td><td>4.4.4.2<\/td><td>2.0.1.0<\/td><td>3.1.2.1<\/td><td>0.2.3.2<\/td><td>1.3.4.3<\/td><td>2.1.0.0<\/td><\/tr><tr><td>Menor<\/td><td>3.1.1.1<\/td><td>4.2.2.2<\/td><td>0.3.3.3<\/td><td>6.4.4.4<\/td><td>2.2.1.0<\/td><td>3.3.2.1<\/td><td>4.4.3.2<\/td><td>1.0.1.3<\/td><td>2.1.2.0<\/td><td>0.2.3.1<\/td><td>1.3.4.2<\/td><td>2.0.0.0<\/td><\/tr><tr><td>S\u00e9ptima<\/td><td>1.2.1.1<\/td><td>2.3.2.2<\/td><td>0.0.0.1<\/td><td>1.1.1.2<\/td><td>2.2.2.3<\/td><td>3.3.3.4<\/td><td>4.4.4.5<\/td><td>2.3.1.3<\/td><td>3.4.2.4<\/td><td>0.2.1.2<\/td><td>1.3.2.3<\/td><td>0.1.0.0<\/td><\/tr><tr><td>Sexta<\/td><td>0.2.1.1<\/td><td>1.3.2.2<\/td><td>0.0.0.0<\/td><td>1.1.1.1<\/td><td>2.2.2.2<\/td><td>3.3.3.3<\/td><td>4.4.4.4<\/td><td>2.2.1.3<\/td><td>3.3.2.4<\/td><td>0.2.0.2<\/td><td>1.3.1.3<\/td><td>2.4.2.4<\/td><\/tr><tr><td>Sexta menor<\/td><td>0.1.1.1<\/td><td>1.2.2.2<\/td><td>2.3.3.3<\/td><td>3.4.4.4<\/td><td>2.2.1.2<\/td><td>3.3.2.3<\/td><td>4.4.3.4<\/td><td>1.2.1.3<\/td><td>2.4.2.3<\/td><td>0.2.0.1<\/td><td>1.3.1.2<\/td><td>2.4.2.3<\/td><\/tr><tr><td>S\u00e9ptima Menor<\/td><td>1.1.1.1<\/td><td>2.2.2.2<\/td><td>3.3.3.3<\/td><td>4.4.4.4<\/td><td>2.2.1.3<\/td><td>3.3.2.4<\/td><td>4.4.3.5<\/td><td>1.3.1.3<\/td><td>2.4.2.4<\/td><td>0.2.1.1<\/td><td>1.3.2.2<\/td><td>0.0.0.0<\/td><\/tr><tr><td>S\u00e9ptima  Mayor<\/td><td>3.2.1.0<\/td><td>4.3.2.1<\/td><td>0.0.0.2<\/td><td>1.1.1.3<\/td><td>2.2.2.4<\/td><td>3.3.3.5<\/td><td>4.4.4.6<\/td><td>2.4.1.3<\/td><td>3.5.2.4<\/td><td>0.2.2.2<\/td><td>1.3.3.3<\/td><td>2.4.4.4<\/td><\/tr><tr><td>Aumentado<\/td><td>3.2.2.1<\/td><td>0.3.3.2<\/td><td>1.0.0.2<\/td><td>2.1.1.0<\/td><td>3.2.2.1<\/td><td>0.3.3.2<\/td><td>1.0.0.2<\/td><td>2.1.1.0<\/td><td>3.2.2.1<\/td><td>0.3.3.2<\/td><td>1.0.0.2<\/td><td>2.1.1.0<\/td><\/tr><tr><td>Disminuido<\/td><td>3.1.0.1<\/td><td>4.2.1.3<\/td><td>5.3.2.3<\/td><td>0.1.0.4<\/td><td>7.5.4.5<\/td><td>2.3.2.0<\/td><td>0.4.3.1<\/td><td>4.5.4.2<\/td><td>2.0.2.0<\/td><td>0.1.3.1<\/td><td>1.2.4.2<\/td><td>1.3.5.3<\/td><\/tr><\/tbody><\/table><\/figure>\n\n\n\n<div style=\"height:40px\" aria-hidden=\"true\" class=\"wp-block-spacer\"><\/div>\n\n\n\n<h2 class=\"wp-block-heading\">Cu\u00e1ntas modalidades de acordes hay<\/h2>\n\n\n\n<p>Hay muchas otras modalidades de acordes, por ejemplo, acordes s\u00e9ptima con bemol quinta, o acordes con la tercera aumentada, ect. Mientras m\u00e1s vayas creciendo en tu altura como m\u00fasico, ir\u00e1s aprendiendo muchas variedades. Lo realmente importante es aprender las modalidades para cada una de las 12 notas, por ejemplo, si te quieres aprender los acordes s\u00e9ptima menor, hazlo para todas las notas de una vez, para que as\u00ed ya te los sepas cuando te enfrentes a una canci\u00f3n, no importa si se encuentra traspuesta a otra tonalidad.<\/p>\n\n\n\n<p>Esta lista est\u00e1 bastante extensiva como para que puedas tocar el 90% de las canciones que tienen acordes escritos junto con las letras.<\/p>\n\n\n\n<h2 class=\"wp-block-heading\">Cu\u00e1l es el siguiente paso<\/h2>\n\n\n\n<p>Con esta Hoja de referencia de Acordes de Cuatro, ya puedes dar el paso de aprender canciones con el cuatro. Aqu\u00ed encontrar\u00e1s una <a href=\"\/es\/acordes\/\">lista extensa de canciones para aprender a tocar con sus acordes y letras<\/a>. Ve practicando varias canciones, escoge las que m\u00e1s te gustan primero, y as\u00ed ir\u00e1s aprendiendo c\u00f3mo aplicar estas figuras de acordes a las canciones.<\/p>\n\n\n\n<p>Si deseas aprender a calcular estos acordes tu mismo, te invitamos a revisar la <a href=\"https:\/\/tucuatro.com\/es\/acordes\">Calculadora de Acordes de Cuatro de TuCuatro<\/a>.<\/p>\n","protected":false},"excerpt":{"rendered":"<p>Una hoja de referencia de acordes de Cuatro, puesta a disposici\u00f3n de nuestros estudiantes y visitantes. Con esta hoja podr\u00e1s r\u00e1pidamente buscar un acorde de cuatro que no conoces y ver c\u00f3mo se hace en el instrumento. Impr\u00edmela o b\u00e1jala en tu computadora (descarga el PDF aqui abajo) para que la tengas disponibles cuando est\u00e9s [&hellip;]<\/p>\n","protected":false},"author":1,"featured_media":25427,"parent":0,"menu_order":0,"comment_status":"closed","ping_status":"closed","template":"","meta":{"content-type":"","footnotes":""},"class_list":["post-25420","page","type-page","status-publish","has-post-thumbnail","hentry"],"yoast_head":"<!-- This site is optimized with the Yoast SEO plugin v27.2 - https:\/\/yoast.com\/product\/yoast-seo-wordpress\/ -->\n<title>Hoja de referencia de Acordes de Cuatro - TuCuatro - El Cuatro Venezolano<\/title>\n<meta name=\"description\" content=\"Hoja de referencia de Acordes de Cuatro para imprimir o descargar en la computadora y poder practicar canciones con el Cuatro. Por TuCuatro.\" \/>\n<meta name=\"robots\" content=\"index, follow, max-snippet:-1, max-image-preview:large, max-video-preview:-1\" \/>\n<link rel=\"canonical\" href=\"https:\/\/tucuatro.com\/es\/hoja-de-referencia-de-acordes-de-cuatro\/\" \/>\n<meta property=\"og:locale\" content=\"es_ES\" \/>\n<meta property=\"og:type\" content=\"article\" \/>\n<meta property=\"og:title\" content=\"Hoja de referencia de Acordes de Cuatro - TuCuatro - El Cuatro Venezolano\" \/>\n<meta property=\"og:description\" content=\"Hoja de referencia de Acordes de Cuatro para imprimir o descargar en la computadora y poder practicar canciones con el Cuatro. Por TuCuatro.\" \/>\n<meta property=\"og:url\" content=\"https:\/\/tucuatro.com\/es\/hoja-de-referencia-de-acordes-de-cuatro\/\" \/>\n<meta property=\"og:site_name\" content=\"TuCuatro - El Cuatro Venezolano\" \/>\n<meta property=\"article:publisher\" content=\"https:\/\/facebook.com\/tucuatrodigital\" \/>\n<meta property=\"article:modified_time\" content=\"2022-09-04T11:42:29+00:00\" \/>\n<meta property=\"og:image\" content=\"https:\/\/tucuatro.com\/es\/wp-content\/uploads\/sites\/3\/2020\/03\/tucuatro-acordes-cuatro-hero.jpg\" \/>\n\t<meta property=\"og:image:width\" content=\"1200\" \/>\n\t<meta property=\"og:image:height\" content=\"628\" \/>\n\t<meta property=\"og:image:type\" content=\"image\/jpeg\" \/>\n<meta name=\"twitter:card\" content=\"summary_large_image\" \/>\n<meta name=\"twitter:site\" content=\"@tucuatro\" \/>\n<meta name=\"twitter:label1\" content=\"Tiempo de lectura\" \/>\n\t<meta name=\"twitter:data1\" content=\"3 minutos\" \/>\n<script type=\"application\/ld+json\" class=\"yoast-schema-graph\">{\"@context\":\"https:\/\/schema.org\",\"@graph\":[{\"@type\":\"WebPage\",\"@id\":\"https:\/\/tucuatro.com\/es\/hoja-de-referencia-de-acordes-de-cuatro\/\",\"url\":\"https:\/\/tucuatro.com\/es\/hoja-de-referencia-de-acordes-de-cuatro\/\",\"name\":\"Hoja de referencia de Acordes de Cuatro - TuCuatro - El Cuatro Venezolano\",\"isPartOf\":{\"@id\":\"https:\/\/tucuatro.com\/es\/#website\"},\"primaryImageOfPage\":{\"@id\":\"https:\/\/tucuatro.com\/es\/hoja-de-referencia-de-acordes-de-cuatro\/#primaryimage\"},\"image\":{\"@id\":\"https:\/\/tucuatro.com\/es\/hoja-de-referencia-de-acordes-de-cuatro\/#primaryimage\"},\"thumbnailUrl\":\"https:\/\/tucuatro.com\/es\/wp-content\/uploads\/sites\/3\/2020\/03\/tucuatro-acordes-cuatro-hero.jpg\",\"datePublished\":\"2020-03-28T15:58:17+00:00\",\"dateModified\":\"2022-09-04T11:42:29+00:00\",\"description\":\"Hoja de referencia de Acordes de Cuatro para imprimir o descargar en la computadora y poder practicar canciones con el Cuatro. Por TuCuatro.\",\"breadcrumb\":{\"@id\":\"https:\/\/tucuatro.com\/es\/hoja-de-referencia-de-acordes-de-cuatro\/#breadcrumb\"},\"inLanguage\":\"es\",\"potentialAction\":[{\"@type\":\"ReadAction\",\"target\":[\"https:\/\/tucuatro.com\/es\/hoja-de-referencia-de-acordes-de-cuatro\/\"]}]},{\"@type\":\"ImageObject\",\"inLanguage\":\"es\",\"@id\":\"https:\/\/tucuatro.com\/es\/hoja-de-referencia-de-acordes-de-cuatro\/#primaryimage\",\"url\":\"https:\/\/tucuatro.com\/es\/wp-content\/uploads\/sites\/3\/2020\/03\/tucuatro-acordes-cuatro-hero.jpg\",\"contentUrl\":\"https:\/\/tucuatro.com\/es\/wp-content\/uploads\/sites\/3\/2020\/03\/tucuatro-acordes-cuatro-hero.jpg\",\"width\":1200,\"height\":628},{\"@type\":\"BreadcrumbList\",\"@id\":\"https:\/\/tucuatro.com\/es\/hoja-de-referencia-de-acordes-de-cuatro\/#breadcrumb\",\"itemListElement\":[{\"@type\":\"ListItem\",\"position\":1,\"name\":\"Portada\",\"item\":\"https:\/\/tucuatro.com\/es\/\"},{\"@type\":\"ListItem\",\"position\":2,\"name\":\"Hoja de referencia de Acordes de Cuatro\"}]},{\"@type\":\"WebSite\",\"@id\":\"https:\/\/tucuatro.com\/es\/#website\",\"url\":\"https:\/\/tucuatro.com\/es\/\",\"name\":\"TuCuatro\",\"description\":\"TuCuatro\",\"publisher\":{\"@id\":\"https:\/\/tucuatro.com\/es\/#organization\"},\"potentialAction\":[{\"@type\":\"SearchAction\",\"target\":{\"@type\":\"EntryPoint\",\"urlTemplate\":\"https:\/\/tucuatro.com\/es\/?s={search_term_string}\"},\"query-input\":{\"@type\":\"PropertyValueSpecification\",\"valueRequired\":true,\"valueName\":\"search_term_string\"}}],\"inLanguage\":\"es\"},{\"@type\":\"Organization\",\"@id\":\"https:\/\/tucuatro.com\/es\/#organization\",\"name\":\"TuCuatro\",\"url\":\"https:\/\/tucuatro.com\/es\/\",\"logo\":{\"@type\":\"ImageObject\",\"inLanguage\":\"es\",\"@id\":\"https:\/\/tucuatro.com\/es\/#\/schema\/logo\/image\/\",\"url\":\"https:\/\/tucuatro.com\/es\/wp-content\/uploads\/sites\/3\/2020\/02\/fretboard_icon_black-64px.png\",\"contentUrl\":\"https:\/\/tucuatro.com\/es\/wp-content\/uploads\/sites\/3\/2020\/02\/fretboard_icon_black-64px.png\",\"width\":64,\"height\":107,\"caption\":\"TuCuatro\"},\"image\":{\"@id\":\"https:\/\/tucuatro.com\/es\/#\/schema\/logo\/image\/\"},\"sameAs\":[\"https:\/\/facebook.com\/tucuatrodigital\",\"https:\/\/x.com\/tucuatro\"]}]}<\/script>\n<!-- \/ Yoast SEO plugin. -->","yoast_head_json":{"title":"Hoja de referencia de Acordes de Cuatro - TuCuatro - El Cuatro Venezolano","description":"Hoja de referencia de Acordes de Cuatro para imprimir o descargar en la computadora y poder practicar canciones con el Cuatro. Por TuCuatro.","robots":{"index":"index","follow":"follow","max-snippet":"max-snippet:-1","max-image-preview":"max-image-preview:large","max-video-preview":"max-video-preview:-1"},"canonical":"https:\/\/tucuatro.com\/es\/hoja-de-referencia-de-acordes-de-cuatro\/","og_locale":"es_ES","og_type":"article","og_title":"Hoja de referencia de Acordes de Cuatro - TuCuatro - El Cuatro Venezolano","og_description":"Hoja de referencia de Acordes de Cuatro para imprimir o descargar en la computadora y poder practicar canciones con el Cuatro. Por TuCuatro.","og_url":"https:\/\/tucuatro.com\/es\/hoja-de-referencia-de-acordes-de-cuatro\/","og_site_name":"TuCuatro - El Cuatro Venezolano","article_publisher":"https:\/\/facebook.com\/tucuatrodigital","article_modified_time":"2022-09-04T11:42:29+00:00","og_image":[{"width":1200,"height":628,"url":"https:\/\/tucuatro.com\/es\/wp-content\/uploads\/sites\/3\/2020\/03\/tucuatro-acordes-cuatro-hero.jpg","type":"image\/jpeg"}],"twitter_card":"summary_large_image","twitter_site":"@tucuatro","twitter_misc":{"Tiempo de lectura":"3 minutos"},"schema":{"@context":"https:\/\/schema.org","@graph":[{"@type":"WebPage","@id":"https:\/\/tucuatro.com\/es\/hoja-de-referencia-de-acordes-de-cuatro\/","url":"https:\/\/tucuatro.com\/es\/hoja-de-referencia-de-acordes-de-cuatro\/","name":"Hoja de referencia de Acordes de Cuatro - TuCuatro - El Cuatro Venezolano","isPartOf":{"@id":"https:\/\/tucuatro.com\/es\/#website"},"primaryImageOfPage":{"@id":"https:\/\/tucuatro.com\/es\/hoja-de-referencia-de-acordes-de-cuatro\/#primaryimage"},"image":{"@id":"https:\/\/tucuatro.com\/es\/hoja-de-referencia-de-acordes-de-cuatro\/#primaryimage"},"thumbnailUrl":"https:\/\/tucuatro.com\/es\/wp-content\/uploads\/sites\/3\/2020\/03\/tucuatro-acordes-cuatro-hero.jpg","datePublished":"2020-03-28T15:58:17+00:00","dateModified":"2022-09-04T11:42:29+00:00","description":"Hoja de referencia de Acordes de Cuatro para imprimir o descargar en la computadora y poder practicar canciones con el Cuatro. Por TuCuatro.","breadcrumb":{"@id":"https:\/\/tucuatro.com\/es\/hoja-de-referencia-de-acordes-de-cuatro\/#breadcrumb"},"inLanguage":"es","potentialAction":[{"@type":"ReadAction","target":["https:\/\/tucuatro.com\/es\/hoja-de-referencia-de-acordes-de-cuatro\/"]}]},{"@type":"ImageObject","inLanguage":"es","@id":"https:\/\/tucuatro.com\/es\/hoja-de-referencia-de-acordes-de-cuatro\/#primaryimage","url":"https:\/\/tucuatro.com\/es\/wp-content\/uploads\/sites\/3\/2020\/03\/tucuatro-acordes-cuatro-hero.jpg","contentUrl":"https:\/\/tucuatro.com\/es\/wp-content\/uploads\/sites\/3\/2020\/03\/tucuatro-acordes-cuatro-hero.jpg","width":1200,"height":628},{"@type":"BreadcrumbList","@id":"https:\/\/tucuatro.com\/es\/hoja-de-referencia-de-acordes-de-cuatro\/#breadcrumb","itemListElement":[{"@type":"ListItem","position":1,"name":"Portada","item":"https:\/\/tucuatro.com\/es\/"},{"@type":"ListItem","position":2,"name":"Hoja de referencia de Acordes de Cuatro"}]},{"@type":"WebSite","@id":"https:\/\/tucuatro.com\/es\/#website","url":"https:\/\/tucuatro.com\/es\/","name":"TuCuatro","description":"TuCuatro","publisher":{"@id":"https:\/\/tucuatro.com\/es\/#organization"},"potentialAction":[{"@type":"SearchAction","target":{"@type":"EntryPoint","urlTemplate":"https:\/\/tucuatro.com\/es\/?s={search_term_string}"},"query-input":{"@type":"PropertyValueSpecification","valueRequired":true,"valueName":"search_term_string"}}],"inLanguage":"es"},{"@type":"Organization","@id":"https:\/\/tucuatro.com\/es\/#organization","name":"TuCuatro","url":"https:\/\/tucuatro.com\/es\/","logo":{"@type":"ImageObject","inLanguage":"es","@id":"https:\/\/tucuatro.com\/es\/#\/schema\/logo\/image\/","url":"https:\/\/tucuatro.com\/es\/wp-content\/uploads\/sites\/3\/2020\/02\/fretboard_icon_black-64px.png","contentUrl":"https:\/\/tucuatro.com\/es\/wp-content\/uploads\/sites\/3\/2020\/02\/fretboard_icon_black-64px.png","width":64,"height":107,"caption":"TuCuatro"},"image":{"@id":"https:\/\/tucuatro.com\/es\/#\/schema\/logo\/image\/"},"sameAs":["https:\/\/facebook.com\/tucuatrodigital","https:\/\/x.com\/tucuatro"]}]}},"_links":{"self":[{"href":"https:\/\/tucuatro.com\/es\/wp-json\/wp\/v2\/pages\/25420","targetHints":{"allow":["GET"]}}],"collection":[{"href":"https:\/\/tucuatro.com\/es\/wp-json\/wp\/v2\/pages"}],"about":[{"href":"https:\/\/tucuatro.com\/es\/wp-json\/wp\/v2\/types\/page"}],"author":[{"embeddable":true,"href":"https:\/\/tucuatro.com\/es\/wp-json\/wp\/v2\/users\/1"}],"replies":[{"embeddable":true,"href":"https:\/\/tucuatro.com\/es\/wp-json\/wp\/v2\/comments?post=25420"}],"version-history":[{"count":0,"href":"https:\/\/tucuatro.com\/es\/wp-json\/wp\/v2\/pages\/25420\/revisions"}],"wp:featuredmedia":[{"embeddable":true,"href":"https:\/\/tucuatro.com\/es\/wp-json\/wp\/v2\/media\/25427"}],"wp:attachment":[{"href":"https:\/\/tucuatro.com\/es\/wp-json\/wp\/v2\/media?parent=25420"}],"curies":[{"name":"wp","href":"https:\/\/api.w.org\/{rel}","templated":true}]}}