{"id":25789,"date":"2020-05-20T19:57:51","date_gmt":"2020-05-20T23:57:51","guid":{"rendered":"https:\/\/tucuatro.com\/es\/?page_id=25789"},"modified":"2022-11-26T18:52:27","modified_gmt":"2022-11-26T23:52:27","slug":"buscador-letras-canciones","status":"publish","type":"page","link":"https:\/\/tucuatro.com\/es\/buscador-letras-canciones\/","title":{"rendered":"Buscador de Letras de Canciones"},"content":{"rendered":"\t\t<div data-elementor-type=\"wp-page\" data-elementor-id=\"25789\" class=\"elementor elementor-25789\" data-elementor-post-type=\"page\">\n\t\t\t\t\t\t<section class=\"elementor-section elementor-top-section elementor-element elementor-element-4d388da elementor-section-full_width elementor-section-height-min-height elementor-section-content-middle elementor-section-height-default elementor-section-items-middle\" data-id=\"4d388da\" data-element_type=\"section\" data-e-type=\"section\" data-settings=\"{&quot;background_background&quot;:&quot;classic&quot;}\">\n\t\t\t\t\t\t\t<div class=\"elementor-background-overlay\"><\/div>\n\t\t\t\t\t\t\t<div class=\"elementor-container elementor-column-gap-no\">\n\t\t\t\t\t<div class=\"elementor-column elementor-col-100 elementor-top-column elementor-element elementor-element-64563d2\" data-id=\"64563d2\" data-element_type=\"column\" data-e-type=\"column\">\n\t\t\t<div class=\"elementor-widget-wrap elementor-element-populated\">\n\t\t\t\t\t\t<div class=\"elementor-element elementor-element-52727ef elementor-widget elementor-widget-heading\" data-id=\"52727ef\" data-element_type=\"widget\" data-e-type=\"widget\" data-widget_type=\"heading.default\">\n\t\t\t\t<div class=\"elementor-widget-container\">\n\t\t\t\t\t<h1 class=\"elementor-heading-title elementor-size-default\">Buscador de letras de canciones\n<\/h1>\t\t\t\t<\/div>\n\t\t\t\t<\/div>\n\t\t\t\t<div class=\"elementor-element elementor-element-c2bcfd4 elementor-widget elementor-widget-html\" data-id=\"c2bcfd4\" data-element_type=\"widget\" data-e-type=\"widget\" data-widget_type=\"html.default\">\n\t\t\t\t<div class=\"elementor-widget-container\">\n\t\t\t\t\t<div class=\"searchsites\" style=\"color:white;text-align:center;margin:12px;\">\n    <input type=\"checkbox\" checked id=\"tucuatro\" name=\"tucuatro\" value=\"tucuatro\">\n    <label for=\"tucuatro\"> TuCuatro<\/label> &nbsp; &nbsp;\n    <input type=\"checkbox\" checked id=\"tucuatroEN\" name=\"tucuatroEN\" value=\"tucuatroEN\">\n    <label for=\"tucuatroEN\"> TuCuatro (Ingl\u00e9s)<\/label> &nbsp; &nbsp; &nbsp;\n    <input type=\"checkbox\" checked id=\"micuatro\" name=\"micuatro\" value=\"micuatro\">\n    <label for=\"micuatro\"> MiCuatro<\/label>\n<\/div>\t\t\t\t<\/div>\n\t\t\t\t<\/div>\n\t\t\t\t<div class=\"elementor-element elementor-element-8a66ff7 center elementor-widget__width-inherit elementor-widget elementor-widget-shortcode\" data-id=\"8a66ff7\" data-element_type=\"widget\" data-e-type=\"widget\" data-widget_type=\"shortcode.default\">\n\t\t\t\t<div class=\"elementor-widget-container\">\n\t\t\t\t\t\t\t<div class=\"elementor-shortcode\">\t<div id=\"search-lyrics\" class=\"center\" data-site=\"\" >\n\t\t\t\t\t\t\t\t\t<form id=\"form-search-lyrics\">\n\t\t\t\t\t\t\t\t\t\t<input type=\"text\" name=\"search\" class=\"\" title=\"Buscar una Canci\u00f3n\" value=\"\" id=\"search\">\n\t\t\t\t\t\t\t\t\t\t<input class=\"\" type=\"submit\" value=\"Buscar\">\n\t\t\t\t\t\t\t\t\t<\/form>\n\t\t\t\t\t\t\t\t<\/div>\n\n\t\t\t\t\t\t\t\t<div id=\"search-results\" class=\"list_container list\" style=\"display:none;\">\n\t\t\t\t\t\t\t\t\t<h3>Resultados<\/h3>\n\t\t\t\t\t\t\t\t\t<div class=\"noresults\" style=\"display:none;\">No Results<\/div>\n\t\t\t\t\t\t\t\t\t<div class=\"spinner\">\n\t\t\t\t\t\t\t\t\t\t<img decoding=\"async\" src=\"https:\/\/tucuatro.com\/es\/wp-content\/plugins\/tucuatro-songs\/inc\/..\/img\/loading_white.gif\" alt=\"loading\" \/>\n\t\t\t\t\t\t\t\t\t<\/div>\n\t\t\t\t\t\t\t\t\t<div class=\"songboxes songs list\"><\/div>\n\t\t\t\t\t\t\t\t<\/div><\/div>\n\t\t\t\t\t\t<\/div>\n\t\t\t\t<\/div>\n\t\t\t\t<div class=\"elementor-element elementor-element-975f2be elementor-widget elementor-widget-text-editor\" data-id=\"975f2be\" data-element_type=\"widget\" data-e-type=\"widget\" data-widget_type=\"text-editor.default\">\n\t\t\t\t<div class=\"elementor-widget-container\">\n\t\t\t\t\t\t\t\t\t<p>Busca las letras de tus canciones favoritas, inserta la palabra en el buscador y mira los resultados en tiempo real. Cada cancion tiene sus letras, acordes para guitarra, ukulele, cuatro o cavaquinho y tambi\u00e9n un video con la m\u00fasica de la canci\u00f3n.<\/p><p>Simplemente coloca una o dos palabras del nombre de la canci\u00f3n que quieras buscar:<\/p>\t\t\t\t\t\t\t\t<\/div>\n\t\t\t\t<\/div>\n\t\t\t\t\t<\/div>\n\t\t<\/div>\n\t\t\t\t\t<\/div>\n\t\t<\/section>\n\t\t\t\t<\/div>\n\t\t","protected":false},"excerpt":{"rendered":"<p>Buscador de letras de canciones TuCuatro &nbsp; &nbsp; TuCuatro (Ingl\u00e9s) &nbsp; &nbsp; &nbsp; MiCuatro Busca las letras de tus canciones favoritas, inserta la palabra en el buscador y mira los resultados en tiempo real. Cada cancion tiene sus letras, acordes para guitarra, ukulele, cuatro o cavaquinho y tambi\u00e9n un video con la m\u00fasica de la [&hellip;]<\/p>\n","protected":false},"author":1,"featured_media":25787,"parent":0,"menu_order":0,"comment_status":"closed","ping_status":"closed","template":"elementor_canvas","meta":{"content-type":"","footnotes":""},"class_list":["post-25789","page","type-page","status-publish","has-post-thumbnail","hentry"],"yoast_head":"<!-- This site is optimized with the Yoast SEO plugin v27.2 - https:\/\/yoast.com\/product\/yoast-seo-wordpress\/ -->\n<title>Buscador de Letras de Canciones - Videos y Acordes<\/title>\n<meta name=\"description\" content=\"Busca las letras y acordes de tus canciones favoritas, introduce una parte de la letra o el t\u00edtulo de la canci\u00f3n para obtener resultados de canciones.\" \/>\n<meta name=\"robots\" content=\"index, follow, max-snippet:-1, max-image-preview:large, max-video-preview:-1\" \/>\n<link rel=\"canonical\" href=\"https:\/\/tucuatro.com\/es\/buscador-letras-canciones\/\" \/>\n<meta property=\"og:locale\" content=\"es_ES\" \/>\n<meta property=\"og:type\" content=\"article\" \/>\n<meta property=\"og:title\" content=\"Buscador de Letras de Canciones - Videos y Acordes\" \/>\n<meta property=\"og:description\" content=\"Busca las letras y acordes de tus canciones favoritas, introduce una parte de la letra o el t\u00edtulo de la canci\u00f3n para obtener resultados de canciones.\" \/>\n<meta property=\"og:url\" content=\"https:\/\/tucuatro.com\/es\/buscador-letras-canciones\/\" \/>\n<meta property=\"og:site_name\" content=\"TuCuatro - El Cuatro Venezolano\" \/>\n<meta property=\"article:publisher\" content=\"https:\/\/facebook.com\/tucuatrodigital\" \/>\n<meta property=\"article:modified_time\" content=\"2022-11-26T23:52:27+00:00\" \/>\n<meta property=\"og:image\" content=\"https:\/\/tucuatro.com\/es\/wp-content\/uploads\/sites\/3\/2020\/05\/tucuatro-buscador.jpg\" \/>\n\t<meta property=\"og:image:width\" content=\"1640\" \/>\n\t<meta property=\"og:image:height\" content=\"857\" \/>\n\t<meta property=\"og:image:type\" content=\"image\/jpeg\" \/>\n<meta name=\"twitter:card\" content=\"summary_large_image\" \/>\n<meta name=\"twitter:site\" content=\"@tucuatro\" \/>\n<meta name=\"twitter:label1\" content=\"Tiempo de lectura\" \/>\n\t<meta name=\"twitter:data1\" content=\"1 minuto\" \/>\n<script type=\"application\/ld+json\" class=\"yoast-schema-graph\">{\"@context\":\"https:\/\/schema.org\",\"@graph\":[{\"@type\":\"WebPage\",\"@id\":\"https:\/\/tucuatro.com\/es\/buscador-letras-canciones\/\",\"url\":\"https:\/\/tucuatro.com\/es\/buscador-letras-canciones\/\",\"name\":\"Buscador de Letras de Canciones - Videos y Acordes\",\"isPartOf\":{\"@id\":\"https:\/\/tucuatro.com\/es\/#website\"},\"primaryImageOfPage\":{\"@id\":\"https:\/\/tucuatro.com\/es\/buscador-letras-canciones\/#primaryimage\"},\"image\":{\"@id\":\"https:\/\/tucuatro.com\/es\/buscador-letras-canciones\/#primaryimage\"},\"thumbnailUrl\":\"https:\/\/tucuatro.com\/es\/wp-content\/uploads\/sites\/3\/2020\/05\/tucuatro-buscador.jpg\",\"datePublished\":\"2020-05-20T23:57:51+00:00\",\"dateModified\":\"2022-11-26T23:52:27+00:00\",\"description\":\"Busca las letras y acordes de tus canciones favoritas, introduce una parte de la letra o el t\u00edtulo de la canci\u00f3n para obtener resultados de canciones.\",\"breadcrumb\":{\"@id\":\"https:\/\/tucuatro.com\/es\/buscador-letras-canciones\/#breadcrumb\"},\"inLanguage\":\"es\",\"potentialAction\":[{\"@type\":\"ReadAction\",\"target\":[\"https:\/\/tucuatro.com\/es\/buscador-letras-canciones\/\"]}]},{\"@type\":\"ImageObject\",\"inLanguage\":\"es\",\"@id\":\"https:\/\/tucuatro.com\/es\/buscador-letras-canciones\/#primaryimage\",\"url\":\"https:\/\/tucuatro.com\/es\/wp-content\/uploads\/sites\/3\/2020\/05\/tucuatro-buscador.jpg\",\"contentUrl\":\"https:\/\/tucuatro.com\/es\/wp-content\/uploads\/sites\/3\/2020\/05\/tucuatro-buscador.jpg\",\"width\":1640,\"height\":857},{\"@type\":\"BreadcrumbList\",\"@id\":\"https:\/\/tucuatro.com\/es\/buscador-letras-canciones\/#breadcrumb\",\"itemListElement\":[{\"@type\":\"ListItem\",\"position\":1,\"name\":\"Portada\",\"item\":\"https:\/\/tucuatro.com\/es\/\"},{\"@type\":\"ListItem\",\"position\":2,\"name\":\"Buscador de Letras de Canciones\"}]},{\"@type\":\"WebSite\",\"@id\":\"https:\/\/tucuatro.com\/es\/#website\",\"url\":\"https:\/\/tucuatro.com\/es\/\",\"name\":\"TuCuatro\",\"description\":\"TuCuatro\",\"publisher\":{\"@id\":\"https:\/\/tucuatro.com\/es\/#organization\"},\"potentialAction\":[{\"@type\":\"SearchAction\",\"target\":{\"@type\":\"EntryPoint\",\"urlTemplate\":\"https:\/\/tucuatro.com\/es\/?s={search_term_string}\"},\"query-input\":{\"@type\":\"PropertyValueSpecification\",\"valueRequired\":true,\"valueName\":\"search_term_string\"}}],\"inLanguage\":\"es\"},{\"@type\":\"Organization\",\"@id\":\"https:\/\/tucuatro.com\/es\/#organization\",\"name\":\"TuCuatro\",\"url\":\"https:\/\/tucuatro.com\/es\/\",\"logo\":{\"@type\":\"ImageObject\",\"inLanguage\":\"es\",\"@id\":\"https:\/\/tucuatro.com\/es\/#\/schema\/logo\/image\/\",\"url\":\"https:\/\/tucuatro.com\/es\/wp-content\/uploads\/sites\/3\/2020\/02\/fretboard_icon_black-64px.png\",\"contentUrl\":\"https:\/\/tucuatro.com\/es\/wp-content\/uploads\/sites\/3\/2020\/02\/fretboard_icon_black-64px.png\",\"width\":64,\"height\":107,\"caption\":\"TuCuatro\"},\"image\":{\"@id\":\"https:\/\/tucuatro.com\/es\/#\/schema\/logo\/image\/\"},\"sameAs\":[\"https:\/\/facebook.com\/tucuatrodigital\",\"https:\/\/x.com\/tucuatro\"]}]}<\/script>\n<!-- \/ Yoast SEO plugin. -->","yoast_head_json":{"title":"Buscador de Letras de Canciones - Videos y Acordes","description":"Busca las letras y acordes de tus canciones favoritas, introduce una parte de la letra o el t\u00edtulo de la canci\u00f3n para obtener resultados de canciones.","robots":{"index":"index","follow":"follow","max-snippet":"max-snippet:-1","max-image-preview":"max-image-preview:large","max-video-preview":"max-video-preview:-1"},"canonical":"https:\/\/tucuatro.com\/es\/buscador-letras-canciones\/","og_locale":"es_ES","og_type":"article","og_title":"Buscador de Letras de Canciones - Videos y Acordes","og_description":"Busca las letras y acordes de tus canciones favoritas, introduce una parte de la letra o el t\u00edtulo de la canci\u00f3n para obtener resultados de canciones.","og_url":"https:\/\/tucuatro.com\/es\/buscador-letras-canciones\/","og_site_name":"TuCuatro - El Cuatro Venezolano","article_publisher":"https:\/\/facebook.com\/tucuatrodigital","article_modified_time":"2022-11-26T23:52:27+00:00","og_image":[{"width":1640,"height":857,"url":"https:\/\/tucuatro.com\/es\/wp-content\/uploads\/sites\/3\/2020\/05\/tucuatro-buscador.jpg","type":"image\/jpeg"}],"twitter_card":"summary_large_image","twitter_site":"@tucuatro","twitter_misc":{"Tiempo de lectura":"1 minuto"},"schema":{"@context":"https:\/\/schema.org","@graph":[{"@type":"WebPage","@id":"https:\/\/tucuatro.com\/es\/buscador-letras-canciones\/","url":"https:\/\/tucuatro.com\/es\/buscador-letras-canciones\/","name":"Buscador de Letras de Canciones - Videos y Acordes","isPartOf":{"@id":"https:\/\/tucuatro.com\/es\/#website"},"primaryImageOfPage":{"@id":"https:\/\/tucuatro.com\/es\/buscador-letras-canciones\/#primaryimage"},"image":{"@id":"https:\/\/tucuatro.com\/es\/buscador-letras-canciones\/#primaryimage"},"thumbnailUrl":"https:\/\/tucuatro.com\/es\/wp-content\/uploads\/sites\/3\/2020\/05\/tucuatro-buscador.jpg","datePublished":"2020-05-20T23:57:51+00:00","dateModified":"2022-11-26T23:52:27+00:00","description":"Busca las letras y acordes de tus canciones favoritas, introduce una parte de la letra o el t\u00edtulo de la canci\u00f3n para obtener resultados de canciones.","breadcrumb":{"@id":"https:\/\/tucuatro.com\/es\/buscador-letras-canciones\/#breadcrumb"},"inLanguage":"es","potentialAction":[{"@type":"ReadAction","target":["https:\/\/tucuatro.com\/es\/buscador-letras-canciones\/"]}]},{"@type":"ImageObject","inLanguage":"es","@id":"https:\/\/tucuatro.com\/es\/buscador-letras-canciones\/#primaryimage","url":"https:\/\/tucuatro.com\/es\/wp-content\/uploads\/sites\/3\/2020\/05\/tucuatro-buscador.jpg","contentUrl":"https:\/\/tucuatro.com\/es\/wp-content\/uploads\/sites\/3\/2020\/05\/tucuatro-buscador.jpg","width":1640,"height":857},{"@type":"BreadcrumbList","@id":"https:\/\/tucuatro.com\/es\/buscador-letras-canciones\/#breadcrumb","itemListElement":[{"@type":"ListItem","position":1,"name":"Portada","item":"https:\/\/tucuatro.com\/es\/"},{"@type":"ListItem","position":2,"name":"Buscador de Letras de Canciones"}]},{"@type":"WebSite","@id":"https:\/\/tucuatro.com\/es\/#website","url":"https:\/\/tucuatro.com\/es\/","name":"TuCuatro","description":"TuCuatro","publisher":{"@id":"https:\/\/tucuatro.com\/es\/#organization"},"potentialAction":[{"@type":"SearchAction","target":{"@type":"EntryPoint","urlTemplate":"https:\/\/tucuatro.com\/es\/?s={search_term_string}"},"query-input":{"@type":"PropertyValueSpecification","valueRequired":true,"valueName":"search_term_string"}}],"inLanguage":"es"},{"@type":"Organization","@id":"https:\/\/tucuatro.com\/es\/#organization","name":"TuCuatro","url":"https:\/\/tucuatro.com\/es\/","logo":{"@type":"ImageObject","inLanguage":"es","@id":"https:\/\/tucuatro.com\/es\/#\/schema\/logo\/image\/","url":"https:\/\/tucuatro.com\/es\/wp-content\/uploads\/sites\/3\/2020\/02\/fretboard_icon_black-64px.png","contentUrl":"https:\/\/tucuatro.com\/es\/wp-content\/uploads\/sites\/3\/2020\/02\/fretboard_icon_black-64px.png","width":64,"height":107,"caption":"TuCuatro"},"image":{"@id":"https:\/\/tucuatro.com\/es\/#\/schema\/logo\/image\/"},"sameAs":["https:\/\/facebook.com\/tucuatrodigital","https:\/\/x.com\/tucuatro"]}]}},"_links":{"self":[{"href":"https:\/\/tucuatro.com\/es\/wp-json\/wp\/v2\/pages\/25789","targetHints":{"allow":["GET"]}}],"collection":[{"href":"https:\/\/tucuatro.com\/es\/wp-json\/wp\/v2\/pages"}],"about":[{"href":"https:\/\/tucuatro.com\/es\/wp-json\/wp\/v2\/types\/page"}],"author":[{"embeddable":true,"href":"https:\/\/tucuatro.com\/es\/wp-json\/wp\/v2\/users\/1"}],"replies":[{"embeddable":true,"href":"https:\/\/tucuatro.com\/es\/wp-json\/wp\/v2\/comments?post=25789"}],"version-history":[{"count":0,"href":"https:\/\/tucuatro.com\/es\/wp-json\/wp\/v2\/pages\/25789\/revisions"}],"wp:featuredmedia":[{"embeddable":true,"href":"https:\/\/tucuatro.com\/es\/wp-json\/wp\/v2\/media\/25787"}],"wp:attachment":[{"href":"https:\/\/tucuatro.com\/es\/wp-json\/wp\/v2\/media?parent=25789"}],"curies":[{"name":"wp","href":"https:\/\/api.w.org\/{rel}","templated":true}]}}