{"id":28867,"date":"2022-11-30T18:13:00","date_gmt":"2022-11-30T23:13:00","guid":{"rendered":"https:\/\/tucuatro.com\/es\/?page_id=28867"},"modified":"2022-11-30T18:13:00","modified_gmt":"2022-11-30T23:13:00","slug":"calculadora-de-acordes-para-ukulele","status":"publish","type":"page","link":"https:\/\/tucuatro.com\/es\/calculadora-de-acordes-para-ukulele\/","title":{"rendered":"Calculadora de Acordes para Ukulele"},"content":{"rendered":"\n<p>Usa esta calculadora de acordes para encontrar los acordes y tonos del cuatro que necesitas. La calculadora de acordes funciona al hacer click en un tono principal (do, re, mi, fa, sol, la, si) y luego escoger la variaci\u00f3n de ese tono (ej. menor, mayor, s\u00e9ptima, aumentado, disminuido s\u00e9ptima, etc)<\/p>\n\n\n<h3 class=\"error\">El plugin no est\u00e1 instalado<\/h3>\n\n\n\n<p>Recuerda que esta calculadora est\u00e1 en sistema americano, la conversi\u00f3n es la siguiente:<\/p>\n\n\n\n<p>A igual a la nota La <\/p>\n\n\n\n<p>B igual a la nota Si <\/p>\n\n\n\n<p>C igual a la nota Do<\/p>\n\n\n\n<p>D igual a la nota Re <\/p>\n\n\n\n<p>E igual a la nota Mi <\/p>\n\n\n\n<p>F igual a la nota Fa<\/p>\n\n\n\n<p>G igual a la nota Sol<\/p>\n","protected":false},"excerpt":{"rendered":"<p>Usa esta calculadora de acordes para encontrar los acordes y tonos del cuatro que necesitas. La calculadora de acordes funciona al hacer click en un tono principal (do, re, mi, fa, sol, la, si) y luego escoger la variaci\u00f3n de ese tono (ej. menor, mayor, s\u00e9ptima, aumentado, disminuido s\u00e9ptima, etc) Recuerda que esta calculadora est\u00e1 [&hellip;]<\/p>\n","protected":false},"author":1,"featured_media":0,"parent":0,"menu_order":0,"comment_status":"closed","ping_status":"closed","template":"","meta":{"content-type":"","footnotes":""},"class_list":["post-28867","page","type-page","status-publish","hentry"],"yoast_head":"<!-- This site is optimized with the Yoast SEO plugin v27.2 - https:\/\/yoast.com\/product\/yoast-seo-wordpress\/ -->\n<title>Calculadora de Acordes para Ukulele - TuCuatro - El Cuatro Venezolano<\/title>\n<meta name=\"description\" content=\"Usa esta calculadora de acordes para encontrar los acordes y tonos del cuatro que necesitas. La calculadora de acordes funciona al hacer click en un tono\" \/>\n<meta name=\"robots\" content=\"index, follow, max-snippet:-1, max-image-preview:large, max-video-preview:-1\" \/>\n<link rel=\"canonical\" href=\"https:\/\/tucuatro.com\/es\/calculadora-de-acordes-para-ukulele\/\" \/>\n<meta property=\"og:locale\" content=\"es_ES\" \/>\n<meta property=\"og:type\" content=\"article\" \/>\n<meta property=\"og:title\" content=\"Calculadora de Acordes para Ukulele - TuCuatro - El Cuatro Venezolano\" \/>\n<meta property=\"og:description\" content=\"Usa esta calculadora de acordes para encontrar los acordes y tonos del cuatro que necesitas. La calculadora de acordes funciona al hacer click en un tono\" \/>\n<meta property=\"og:url\" content=\"https:\/\/tucuatro.com\/es\/calculadora-de-acordes-para-ukulele\/\" \/>\n<meta property=\"og:site_name\" content=\"TuCuatro - El Cuatro Venezolano\" \/>\n<meta property=\"article:publisher\" content=\"https:\/\/facebook.com\/tucuatrodigital\" \/>\n<meta property=\"og:image\" content=\"https:\/\/tucuatro.com\/es\/wp-content\/uploads\/sites\/3\/2020\/02\/tucuatro-featured-image.jpg\" \/>\n\t<meta property=\"og:image:width\" content=\"1200\" \/>\n\t<meta property=\"og:image:height\" content=\"628\" \/>\n\t<meta property=\"og:image:type\" content=\"image\/jpeg\" \/>\n<meta name=\"twitter:card\" content=\"summary_large_image\" \/>\n<meta name=\"twitter:site\" content=\"@tucuatro\" \/>\n<meta name=\"twitter:label1\" content=\"Tiempo de lectura\" \/>\n\t<meta name=\"twitter:data1\" content=\"1 minuto\" \/>\n<script type=\"application\/ld+json\" class=\"yoast-schema-graph\">{\"@context\":\"https:\/\/schema.org\",\"@graph\":[{\"@type\":\"WebPage\",\"@id\":\"https:\/\/tucuatro.com\/es\/calculadora-de-acordes-para-ukulele\/\",\"url\":\"https:\/\/tucuatro.com\/es\/calculadora-de-acordes-para-ukulele\/\",\"name\":\"Calculadora de Acordes para Ukulele - TuCuatro - El Cuatro Venezolano\",\"isPartOf\":{\"@id\":\"https:\/\/tucuatro.com\/es\/#website\"},\"datePublished\":\"2022-11-30T23:13:00+00:00\",\"description\":\"Usa esta calculadora de acordes para encontrar los acordes y tonos del cuatro que necesitas. La calculadora de acordes funciona al hacer click en un tono\",\"breadcrumb\":{\"@id\":\"https:\/\/tucuatro.com\/es\/calculadora-de-acordes-para-ukulele\/#breadcrumb\"},\"inLanguage\":\"es\",\"potentialAction\":[{\"@type\":\"ReadAction\",\"target\":[\"https:\/\/tucuatro.com\/es\/calculadora-de-acordes-para-ukulele\/\"]}]},{\"@type\":\"BreadcrumbList\",\"@id\":\"https:\/\/tucuatro.com\/es\/calculadora-de-acordes-para-ukulele\/#breadcrumb\",\"itemListElement\":[{\"@type\":\"ListItem\",\"position\":1,\"name\":\"Portada\",\"item\":\"https:\/\/tucuatro.com\/es\/\"},{\"@type\":\"ListItem\",\"position\":2,\"name\":\"Calculadora de Acordes para Ukulele\"}]},{\"@type\":\"WebSite\",\"@id\":\"https:\/\/tucuatro.com\/es\/#website\",\"url\":\"https:\/\/tucuatro.com\/es\/\",\"name\":\"TuCuatro\",\"description\":\"TuCuatro\",\"publisher\":{\"@id\":\"https:\/\/tucuatro.com\/es\/#organization\"},\"potentialAction\":[{\"@type\":\"SearchAction\",\"target\":{\"@type\":\"EntryPoint\",\"urlTemplate\":\"https:\/\/tucuatro.com\/es\/?s={search_term_string}\"},\"query-input\":{\"@type\":\"PropertyValueSpecification\",\"valueRequired\":true,\"valueName\":\"search_term_string\"}}],\"inLanguage\":\"es\"},{\"@type\":\"Organization\",\"@id\":\"https:\/\/tucuatro.com\/es\/#organization\",\"name\":\"TuCuatro\",\"url\":\"https:\/\/tucuatro.com\/es\/\",\"logo\":{\"@type\":\"ImageObject\",\"inLanguage\":\"es\",\"@id\":\"https:\/\/tucuatro.com\/es\/#\/schema\/logo\/image\/\",\"url\":\"https:\/\/tucuatro.com\/es\/wp-content\/uploads\/sites\/3\/2020\/02\/fretboard_icon_black-64px.png\",\"contentUrl\":\"https:\/\/tucuatro.com\/es\/wp-content\/uploads\/sites\/3\/2020\/02\/fretboard_icon_black-64px.png\",\"width\":64,\"height\":107,\"caption\":\"TuCuatro\"},\"image\":{\"@id\":\"https:\/\/tucuatro.com\/es\/#\/schema\/logo\/image\/\"},\"sameAs\":[\"https:\/\/facebook.com\/tucuatrodigital\",\"https:\/\/x.com\/tucuatro\"]}]}<\/script>\n<!-- \/ Yoast SEO plugin. -->","yoast_head_json":{"title":"Calculadora de Acordes para Ukulele - TuCuatro - El Cuatro Venezolano","description":"Usa esta calculadora de acordes para encontrar los acordes y tonos del cuatro que necesitas. La calculadora de acordes funciona al hacer click en un tono","robots":{"index":"index","follow":"follow","max-snippet":"max-snippet:-1","max-image-preview":"max-image-preview:large","max-video-preview":"max-video-preview:-1"},"canonical":"https:\/\/tucuatro.com\/es\/calculadora-de-acordes-para-ukulele\/","og_locale":"es_ES","og_type":"article","og_title":"Calculadora de Acordes para Ukulele - TuCuatro - El Cuatro Venezolano","og_description":"Usa esta calculadora de acordes para encontrar los acordes y tonos del cuatro que necesitas. La calculadora de acordes funciona al hacer click en un tono","og_url":"https:\/\/tucuatro.com\/es\/calculadora-de-acordes-para-ukulele\/","og_site_name":"TuCuatro - El Cuatro Venezolano","article_publisher":"https:\/\/facebook.com\/tucuatrodigital","og_image":[{"width":1200,"height":628,"url":"https:\/\/tucuatro.com\/es\/wp-content\/uploads\/sites\/3\/2020\/02\/tucuatro-featured-image.jpg","type":"image\/jpeg"}],"twitter_card":"summary_large_image","twitter_site":"@tucuatro","twitter_misc":{"Tiempo de lectura":"1 minuto"},"schema":{"@context":"https:\/\/schema.org","@graph":[{"@type":"WebPage","@id":"https:\/\/tucuatro.com\/es\/calculadora-de-acordes-para-ukulele\/","url":"https:\/\/tucuatro.com\/es\/calculadora-de-acordes-para-ukulele\/","name":"Calculadora de Acordes para Ukulele - TuCuatro - El Cuatro Venezolano","isPartOf":{"@id":"https:\/\/tucuatro.com\/es\/#website"},"datePublished":"2022-11-30T23:13:00+00:00","description":"Usa esta calculadora de acordes para encontrar los acordes y tonos del cuatro que necesitas. La calculadora de acordes funciona al hacer click en un tono","breadcrumb":{"@id":"https:\/\/tucuatro.com\/es\/calculadora-de-acordes-para-ukulele\/#breadcrumb"},"inLanguage":"es","potentialAction":[{"@type":"ReadAction","target":["https:\/\/tucuatro.com\/es\/calculadora-de-acordes-para-ukulele\/"]}]},{"@type":"BreadcrumbList","@id":"https:\/\/tucuatro.com\/es\/calculadora-de-acordes-para-ukulele\/#breadcrumb","itemListElement":[{"@type":"ListItem","position":1,"name":"Portada","item":"https:\/\/tucuatro.com\/es\/"},{"@type":"ListItem","position":2,"name":"Calculadora de Acordes para Ukulele"}]},{"@type":"WebSite","@id":"https:\/\/tucuatro.com\/es\/#website","url":"https:\/\/tucuatro.com\/es\/","name":"TuCuatro","description":"TuCuatro","publisher":{"@id":"https:\/\/tucuatro.com\/es\/#organization"},"potentialAction":[{"@type":"SearchAction","target":{"@type":"EntryPoint","urlTemplate":"https:\/\/tucuatro.com\/es\/?s={search_term_string}"},"query-input":{"@type":"PropertyValueSpecification","valueRequired":true,"valueName":"search_term_string"}}],"inLanguage":"es"},{"@type":"Organization","@id":"https:\/\/tucuatro.com\/es\/#organization","name":"TuCuatro","url":"https:\/\/tucuatro.com\/es\/","logo":{"@type":"ImageObject","inLanguage":"es","@id":"https:\/\/tucuatro.com\/es\/#\/schema\/logo\/image\/","url":"https:\/\/tucuatro.com\/es\/wp-content\/uploads\/sites\/3\/2020\/02\/fretboard_icon_black-64px.png","contentUrl":"https:\/\/tucuatro.com\/es\/wp-content\/uploads\/sites\/3\/2020\/02\/fretboard_icon_black-64px.png","width":64,"height":107,"caption":"TuCuatro"},"image":{"@id":"https:\/\/tucuatro.com\/es\/#\/schema\/logo\/image\/"},"sameAs":["https:\/\/facebook.com\/tucuatrodigital","https:\/\/x.com\/tucuatro"]}]}},"_links":{"self":[{"href":"https:\/\/tucuatro.com\/es\/wp-json\/wp\/v2\/pages\/28867","targetHints":{"allow":["GET"]}}],"collection":[{"href":"https:\/\/tucuatro.com\/es\/wp-json\/wp\/v2\/pages"}],"about":[{"href":"https:\/\/tucuatro.com\/es\/wp-json\/wp\/v2\/types\/page"}],"author":[{"embeddable":true,"href":"https:\/\/tucuatro.com\/es\/wp-json\/wp\/v2\/users\/1"}],"replies":[{"embeddable":true,"href":"https:\/\/tucuatro.com\/es\/wp-json\/wp\/v2\/comments?post=28867"}],"version-history":[{"count":0,"href":"https:\/\/tucuatro.com\/es\/wp-json\/wp\/v2\/pages\/28867\/revisions"}],"wp:attachment":[{"href":"https:\/\/tucuatro.com\/es\/wp-json\/wp\/v2\/media?parent=28867"}],"curies":[{"name":"wp","href":"https:\/\/api.w.org\/{rel}","templated":true}]}}