{"id":3852,"date":"2015-10-01T11:01:31","date_gmt":"2015-10-01T15:31:31","guid":{"rendered":"https:\/\/tucuatro.com\/es\/?page_id=3852"},"modified":"2015-10-01T11:01:31","modified_gmt":"2015-10-01T15:31:31","slug":"gana-entradas-para-curso-con-pablo-camacaro-en-cabudare","status":"publish","type":"page","link":"https:\/\/tucuatro.com\/es\/plus\/gana-entradas-para-curso-con-pablo-camacaro-en-cabudare\/","title":{"rendered":"Gana entradas para Curso con Pablo Camacaro en Cabudare"},"content":{"rendered":"<p><img fetchpriority=\"high\" decoding=\"async\" class=\"size-full wp-image-3854 alignleft\" src=\"\/\/tucuatro.com\/wp-content\/uploads\/sites\/2\/2015\/10\/Pablo-Camacaro-Creditos-MiCuatro.jpg\" alt=\"Pablo Camacaro Creditos MiCuatro\" width=\"300\" height=\"199\" \/>TuCuatro te invita al\u00a0curso con Maestro <strong>Pablo\u00a0Camacaro<\/strong>\u00a0en la pr\u00f3xima C\u00e1tedra de M\u00fasica Venezolana dictada en las sedes de Fundaescucharte, Cabudare<br \/>\nEl curso se realizar\u00e1 el\u00a0pr\u00f3ximo 17 y 18 de octubre de 2015 en Fundaescucharte, Cabudare. \u00a0Puedes inscribir tu candidatura para recibir una entrada gratuita llenando el formulario m\u00e1s abajo descrito. Escogeremos a dos personas de entre los\u00a0interesados.<br \/>\nUna oportunidad invaluable para conocer en persona y estudiar junto a Pablo Camacaro, el compositor de piezas como Sr. Jou, una pieza que es referencia indudable de nuestra cultura musical venezolana.<\/p>\n<hr \/>\n<p>&nbsp;<br \/>\nG\u00e1nate\u00a0tu cupo\u00a0llenando el\u00a0siguiente formulario y\u00a0podras ser seleccionado entre los concursantes:<br \/>\n<strong>CONCURSO FINALIZADO<\/strong><br \/>\nComparte este link con tus amigos y tendr\u00e1s m\u00e1s posibilidades\u00a0de ganar. \u00a0Adem\u00e1s, tal vez salga uno de tus amigos como el otro ganador y puedan ir juntos al curso.\u00a0Dile a tus amigos que pongan\u00a0tu nombre en la casilla de referidos cuando llenen sus datos.<br \/>\n<strong>Condiciones<\/strong>:<\/p>\n<ol>\n<li>Cada ganador debe sufragar los gastos de traslado a Cabudare en caso de no encontrarse en la misma ciudad.<\/li>\n<li>Es indispensable llevar su instrumento, preferiblemente un Cuatro Venezolano.<\/li>\n<li>Los dos ganadores ser\u00e1n escogidos al azar de entre los participantes.<\/li>\n<\/ol>\n<hr \/>\n<p>&nbsp;<br \/>\n<strong>ACTUALIZACI\u00d3N<\/strong><br \/>\nTuCuatro felicita a\u00a0<span data-sheets-value=\"[null,2,&quot;Karyn Freites&quot;]\" data-sheets-userformat=\"[null,null,2563,[null,0],[null,2,16776960],null,null,null,null,null,null,null,0,null,[null,2,3700253]]\"><a href=\"https:\/\/twitter.com\/KarynFreites\">Karyn Frentes<\/a> y\u00a0<span data-sheets-value=\"[null,2,&quot;German Palencia&quot;]\" data-sheets-userformat=\"[null,null,515,[null,0],[null,2,16776960],null,null,null,null,null,null,null,0]\">German Palencia quienes son los participantes elegidos para asistir a\u00a0la c\u00e1tedra de cuatro con el maestro Pablo Camacaro.<\/span><\/span><\/p>\n","protected":false},"excerpt":{"rendered":"<p>Estudia por 2 d\u00edas, s\u00e1bado y domingo, con el maestro del cuatro Pablo Camacaro. <\/p>\n","protected":false},"author":1,"featured_media":0,"parent":3850,"menu_order":0,"comment_status":"closed","ping_status":"closed","template":"","meta":{"content-type":"","footnotes":""},"class_list":["post-3852","page","type-page","status-publish","hentry"],"yoast_head":"<!-- This site is optimized with the Yoast SEO plugin v27.2 - https:\/\/yoast.com\/product\/yoast-seo-wordpress\/ -->\n<title>Gana entradas para Curso con Pablo Camacaro en Cabudare - TuCuatro - El Cuatro Venezolano<\/title>\n<meta name=\"description\" content=\"Estudia por 2 d\u00edas, s\u00e1bado y domingo, con el maestro del cuatro Pablo Camacaro.\" \/>\n<meta name=\"robots\" content=\"index, follow, max-snippet:-1, max-image-preview:large, max-video-preview:-1\" \/>\n<link rel=\"canonical\" href=\"https:\/\/tucuatro.com\/es\/plus\/gana-entradas-para-curso-con-pablo-camacaro-en-cabudare\/\" \/>\n<meta property=\"og:locale\" content=\"es_ES\" \/>\n<meta property=\"og:type\" content=\"article\" \/>\n<meta property=\"og:title\" content=\"Gana entradas para Curso con Pablo Camacaro en Cabudare - TuCuatro - El Cuatro Venezolano\" \/>\n<meta property=\"og:description\" content=\"Estudia por 2 d\u00edas, s\u00e1bado y domingo, con el maestro del cuatro Pablo Camacaro.\" \/>\n<meta property=\"og:url\" content=\"https:\/\/tucuatro.com\/es\/plus\/gana-entradas-para-curso-con-pablo-camacaro-en-cabudare\/\" \/>\n<meta property=\"og:site_name\" content=\"TuCuatro - El Cuatro Venezolano\" \/>\n<meta property=\"article:publisher\" content=\"https:\/\/facebook.com\/tucuatrodigital\" \/>\n<meta property=\"og:image\" content=\"https:\/\/tucuatro.com\/es\/wp-content\/uploads\/sites\/3\/2020\/02\/tucuatro-featured-image.jpg\" \/>\n\t<meta property=\"og:image:width\" content=\"1200\" \/>\n\t<meta property=\"og:image:height\" content=\"628\" \/>\n\t<meta property=\"og:image:type\" content=\"image\/jpeg\" \/>\n<meta name=\"twitter:card\" content=\"summary_large_image\" \/>\n<meta name=\"twitter:site\" content=\"@tucuatro\" \/>\n<meta name=\"twitter:label1\" content=\"Tiempo de lectura\" \/>\n\t<meta name=\"twitter:data1\" content=\"1 minuto\" \/>\n<script type=\"application\/ld+json\" class=\"yoast-schema-graph\">{\"@context\":\"https:\/\/schema.org\",\"@graph\":[{\"@type\":\"WebPage\",\"@id\":\"https:\/\/tucuatro.com\/es\/plus\/gana-entradas-para-curso-con-pablo-camacaro-en-cabudare\/\",\"url\":\"https:\/\/tucuatro.com\/es\/plus\/gana-entradas-para-curso-con-pablo-camacaro-en-cabudare\/\",\"name\":\"Gana entradas para Curso con Pablo Camacaro en Cabudare - TuCuatro - El Cuatro Venezolano\",\"isPartOf\":{\"@id\":\"https:\/\/tucuatro.com\/es\/#website\"},\"datePublished\":\"2015-10-01T15:31:31+00:00\",\"description\":\"Estudia por 2 d\u00edas, s\u00e1bado y domingo, con el maestro del cuatro Pablo Camacaro.\",\"breadcrumb\":{\"@id\":\"https:\/\/tucuatro.com\/es\/plus\/gana-entradas-para-curso-con-pablo-camacaro-en-cabudare\/#breadcrumb\"},\"inLanguage\":\"es\",\"potentialAction\":[{\"@type\":\"ReadAction\",\"target\":[\"https:\/\/tucuatro.com\/es\/plus\/gana-entradas-para-curso-con-pablo-camacaro-en-cabudare\/\"]}]},{\"@type\":\"BreadcrumbList\",\"@id\":\"https:\/\/tucuatro.com\/es\/plus\/gana-entradas-para-curso-con-pablo-camacaro-en-cabudare\/#breadcrumb\",\"itemListElement\":[{\"@type\":\"ListItem\",\"position\":1,\"name\":\"Portada\",\"item\":\"https:\/\/tucuatro.com\/es\/\"},{\"@type\":\"ListItem\",\"position\":2,\"name\":\"Plus\",\"item\":\"https:\/\/tucuatro.com\/es\/plus\/\"},{\"@type\":\"ListItem\",\"position\":3,\"name\":\"Gana entradas para Curso con Pablo Camacaro en Cabudare\"}]},{\"@type\":\"WebSite\",\"@id\":\"https:\/\/tucuatro.com\/es\/#website\",\"url\":\"https:\/\/tucuatro.com\/es\/\",\"name\":\"TuCuatro\",\"description\":\"TuCuatro\",\"publisher\":{\"@id\":\"https:\/\/tucuatro.com\/es\/#organization\"},\"potentialAction\":[{\"@type\":\"SearchAction\",\"target\":{\"@type\":\"EntryPoint\",\"urlTemplate\":\"https:\/\/tucuatro.com\/es\/?s={search_term_string}\"},\"query-input\":{\"@type\":\"PropertyValueSpecification\",\"valueRequired\":true,\"valueName\":\"search_term_string\"}}],\"inLanguage\":\"es\"},{\"@type\":\"Organization\",\"@id\":\"https:\/\/tucuatro.com\/es\/#organization\",\"name\":\"TuCuatro\",\"url\":\"https:\/\/tucuatro.com\/es\/\",\"logo\":{\"@type\":\"ImageObject\",\"inLanguage\":\"es\",\"@id\":\"https:\/\/tucuatro.com\/es\/#\/schema\/logo\/image\/\",\"url\":\"https:\/\/tucuatro.com\/es\/wp-content\/uploads\/sites\/3\/2020\/02\/fretboard_icon_black-64px.png\",\"contentUrl\":\"https:\/\/tucuatro.com\/es\/wp-content\/uploads\/sites\/3\/2020\/02\/fretboard_icon_black-64px.png\",\"width\":64,\"height\":107,\"caption\":\"TuCuatro\"},\"image\":{\"@id\":\"https:\/\/tucuatro.com\/es\/#\/schema\/logo\/image\/\"},\"sameAs\":[\"https:\/\/facebook.com\/tucuatrodigital\",\"https:\/\/x.com\/tucuatro\"]}]}<\/script>\n<!-- \/ Yoast SEO plugin. -->","yoast_head_json":{"title":"Gana entradas para Curso con Pablo Camacaro en Cabudare - TuCuatro - El Cuatro Venezolano","description":"Estudia por 2 d\u00edas, s\u00e1bado y domingo, con el maestro del cuatro Pablo Camacaro.","robots":{"index":"index","follow":"follow","max-snippet":"max-snippet:-1","max-image-preview":"max-image-preview:large","max-video-preview":"max-video-preview:-1"},"canonical":"https:\/\/tucuatro.com\/es\/plus\/gana-entradas-para-curso-con-pablo-camacaro-en-cabudare\/","og_locale":"es_ES","og_type":"article","og_title":"Gana entradas para Curso con Pablo Camacaro en Cabudare - TuCuatro - El Cuatro Venezolano","og_description":"Estudia por 2 d\u00edas, s\u00e1bado y domingo, con el maestro del cuatro Pablo Camacaro.","og_url":"https:\/\/tucuatro.com\/es\/plus\/gana-entradas-para-curso-con-pablo-camacaro-en-cabudare\/","og_site_name":"TuCuatro - El Cuatro Venezolano","article_publisher":"https:\/\/facebook.com\/tucuatrodigital","og_image":[{"width":1200,"height":628,"url":"https:\/\/tucuatro.com\/es\/wp-content\/uploads\/sites\/3\/2020\/02\/tucuatro-featured-image.jpg","type":"image\/jpeg"}],"twitter_card":"summary_large_image","twitter_site":"@tucuatro","twitter_misc":{"Tiempo de lectura":"1 minuto"},"schema":{"@context":"https:\/\/schema.org","@graph":[{"@type":"WebPage","@id":"https:\/\/tucuatro.com\/es\/plus\/gana-entradas-para-curso-con-pablo-camacaro-en-cabudare\/","url":"https:\/\/tucuatro.com\/es\/plus\/gana-entradas-para-curso-con-pablo-camacaro-en-cabudare\/","name":"Gana entradas para Curso con Pablo Camacaro en Cabudare - TuCuatro - El Cuatro Venezolano","isPartOf":{"@id":"https:\/\/tucuatro.com\/es\/#website"},"datePublished":"2015-10-01T15:31:31+00:00","description":"Estudia por 2 d\u00edas, s\u00e1bado y domingo, con el maestro del cuatro Pablo Camacaro.","breadcrumb":{"@id":"https:\/\/tucuatro.com\/es\/plus\/gana-entradas-para-curso-con-pablo-camacaro-en-cabudare\/#breadcrumb"},"inLanguage":"es","potentialAction":[{"@type":"ReadAction","target":["https:\/\/tucuatro.com\/es\/plus\/gana-entradas-para-curso-con-pablo-camacaro-en-cabudare\/"]}]},{"@type":"BreadcrumbList","@id":"https:\/\/tucuatro.com\/es\/plus\/gana-entradas-para-curso-con-pablo-camacaro-en-cabudare\/#breadcrumb","itemListElement":[{"@type":"ListItem","position":1,"name":"Portada","item":"https:\/\/tucuatro.com\/es\/"},{"@type":"ListItem","position":2,"name":"Plus","item":"https:\/\/tucuatro.com\/es\/plus\/"},{"@type":"ListItem","position":3,"name":"Gana entradas para Curso con Pablo Camacaro en Cabudare"}]},{"@type":"WebSite","@id":"https:\/\/tucuatro.com\/es\/#website","url":"https:\/\/tucuatro.com\/es\/","name":"TuCuatro","description":"TuCuatro","publisher":{"@id":"https:\/\/tucuatro.com\/es\/#organization"},"potentialAction":[{"@type":"SearchAction","target":{"@type":"EntryPoint","urlTemplate":"https:\/\/tucuatro.com\/es\/?s={search_term_string}"},"query-input":{"@type":"PropertyValueSpecification","valueRequired":true,"valueName":"search_term_string"}}],"inLanguage":"es"},{"@type":"Organization","@id":"https:\/\/tucuatro.com\/es\/#organization","name":"TuCuatro","url":"https:\/\/tucuatro.com\/es\/","logo":{"@type":"ImageObject","inLanguage":"es","@id":"https:\/\/tucuatro.com\/es\/#\/schema\/logo\/image\/","url":"https:\/\/tucuatro.com\/es\/wp-content\/uploads\/sites\/3\/2020\/02\/fretboard_icon_black-64px.png","contentUrl":"https:\/\/tucuatro.com\/es\/wp-content\/uploads\/sites\/3\/2020\/02\/fretboard_icon_black-64px.png","width":64,"height":107,"caption":"TuCuatro"},"image":{"@id":"https:\/\/tucuatro.com\/es\/#\/schema\/logo\/image\/"},"sameAs":["https:\/\/facebook.com\/tucuatrodigital","https:\/\/x.com\/tucuatro"]}]}},"_links":{"self":[{"href":"https:\/\/tucuatro.com\/es\/wp-json\/wp\/v2\/pages\/3852","targetHints":{"allow":["GET"]}}],"collection":[{"href":"https:\/\/tucuatro.com\/es\/wp-json\/wp\/v2\/pages"}],"about":[{"href":"https:\/\/tucuatro.com\/es\/wp-json\/wp\/v2\/types\/page"}],"author":[{"embeddable":true,"href":"https:\/\/tucuatro.com\/es\/wp-json\/wp\/v2\/users\/1"}],"replies":[{"embeddable":true,"href":"https:\/\/tucuatro.com\/es\/wp-json\/wp\/v2\/comments?post=3852"}],"version-history":[{"count":0,"href":"https:\/\/tucuatro.com\/es\/wp-json\/wp\/v2\/pages\/3852\/revisions"}],"up":[{"embeddable":true,"href":"https:\/\/tucuatro.com\/es\/wp-json\/wp\/v2\/pages\/3850"}],"wp:attachment":[{"href":"https:\/\/tucuatro.com\/es\/wp-json\/wp\/v2\/media?parent=3852"}],"curies":[{"name":"wp","href":"https:\/\/api.w.org\/{rel}","templated":true}]}}