{"id":4530,"date":"2015-11-01T09:29:53","date_gmt":"2015-11-01T13:59:53","guid":{"rendered":"https:\/\/tucuatro.com\/es\/?page_id=4530"},"modified":"2020-08-09T07:54:14","modified_gmt":"2020-08-09T11:54:14","slug":"diccionario-de-tonos-para-cuatro","status":"publish","type":"page","link":"https:\/\/tucuatro.com\/es\/acordes\/diccionario-de-tonos-para-cuatro\/","title":{"rendered":"Diccionario de Acordes para Cuatro"},"content":{"rendered":"\n<p>Un diccionario de tonos y acordes para el Cuatro que te permite calcular los acordes mayores, menores, s\u00e9ptima, disminuido, disminuido s\u00e9ptima, aumentado, aumentando s\u00e9ptima y mucho m\u00e1s para el Cuatro o Cuatro Venezolano.<\/p>\n\n\n\n<figure class=\"wp-block-table\"><table><tbody><tr><td><\/td><td>Do<\/td><td>Do#<\/td><td>Re<\/td><td>Re#<\/td><td>Mi<\/td><td>Fa<\/td><td>Fa#<\/td><td>Sol<\/td><td>Sol#<\/td><td>La<\/td><td>La#<\/td><td>Si<\/td><\/tr><tr><td>Mayor<\/td><td>3.2.1.1<\/td><td>4.3.2.2<\/td><td>0.0.0.1<\/td><td>1.1.1.2<\/td><td>2.2.2.0<\/td><td>3.3.3.1<\/td><td>4.4.4.2<\/td><td>2.0.1.0<\/td><td>3.1.2.1<\/td><td>0.2.3.2<\/td><td>1.3.4.3<\/td><td>2.1.0.0<\/td><\/tr><tr><td>Menor<\/td><td>3.1.1.1<\/td><td>4.2.2.2<\/td><td>0.3.3.3<\/td><td>6.4.4.4<\/td><td>2.2.1.0<\/td><td>3.3.2.1<\/td><td>4.4.3.2<\/td><td>1.0.1.3<\/td><td>2.1.2.0<\/td><td>0.2.3.1<\/td><td>1.3.4.2<\/td><td>2.0.0.0<\/td><\/tr><tr><td>S\u00e9ptima<\/td><td>1.2.1.1<\/td><td>2.3.2.2<\/td><td>0.0.0.1<\/td><td>1.1.1.2<\/td><td>2.2.2.3<\/td><td>3.3.3.4<\/td><td>4.4.4.5<\/td><td>2.3.1.3<\/td><td>3.4.2.4<\/td><td>0.2.1.2<\/td><td>1.3.2.3<\/td><td>0.1.0.0<\/td><\/tr><tr><td>Sexta<\/td><td>0.2.1.1<\/td><td>1.3.2.2<\/td><td>0.0.0.0<\/td><td>1.1.1.1<\/td><td>2.2.2.2<\/td><td>3.3.3.3<\/td><td>4.4.4.4<\/td><td>2.2.1.3<\/td><td>3.3.2.4<\/td><td>0.2.0.2<\/td><td>1.3.1.3<\/td><td>2.4.2.4<\/td><\/tr><tr><td>Sexta menor<\/td><td>0.1.1.1<\/td><td>1.2.2.2<\/td><td>2.3.3.3<\/td><td>3.4.4.4<\/td><td>2.2.1.2<\/td><td>3.3.2.3<\/td><td>4.4.3.4<\/td><td>1.2.1.3<\/td><td>2.4.2.3<\/td><td>0.2.0.1<\/td><td>1.3.1.2<\/td><td>2.4.2.3<\/td><\/tr><tr><td>S\u00e9ptima Menor<\/td><td>1.1.1.1<\/td><td>2.2.2.2<\/td><td>3.3.3.3<\/td><td>4.4.4.4<\/td><td>2.2.1.3<\/td><td>3.3.2.4<\/td><td>4.4.3.5<\/td><td>1.3.1.3<\/td><td>2.4.2.4<\/td><td>0.2.1.1<\/td><td>1.3.2.2<\/td><td>0.0.0.0<\/td><\/tr><tr><td>S\u00e9ptima  Mayor<\/td><td>3.2.1.0<\/td><td>4.3.2.1<\/td><td>0.0.0.2<\/td><td>1.1.1.3<\/td><td>2.2.2.4<\/td><td>3.3.3.5<\/td><td>4.4.4.6<\/td><td>2.4.1.3<\/td><td>3.5.2.4<\/td><td>0.2.2.2<\/td><td>1.3.3.3<\/td><td>2.4.4.4<\/td><\/tr><tr><td>Aumentado<\/td><td>3.2.2.1<\/td><td>0.3.3.2<\/td><td>1.0.0.2<\/td><td>2.1.1.0<\/td><td>3.2.2.1<\/td><td>0.3.3.2<\/td><td>1.0.0.2<\/td><td>2.1.1.0<\/td><td>3.2.2.1<\/td><td>0.3.3.2<\/td><td>1.0.0.2<\/td><td>2.1.1.0<\/td><\/tr><tr><td>Disminuido<\/td><td>3.1.0.1<\/td><td>4.2.1.3<\/td><td>5.3.2.3<\/td><td>0.1.0.4<\/td><td>7.5.4.5<\/td><td>2.3.2.0<\/td><td>0.4.3.1<\/td><td>4.5.4.2<\/td><td>2.0.2.0<\/td><td>0.1.3.1<\/td><td>1.2.4.2<\/td><td>1.3.5.3<\/td><\/tr><\/tbody><\/table><\/figure>\n\n\n\n<div style=\"height:100px\" aria-hidden=\"true\" class=\"wp-block-spacer\"><\/div>\n\n\n\n<p>\u00bfNo sabes utilizar los tonos del Cuatro? <\/p>\n\n\n\n<p>Este glosario de acordes est\u00e1 dirigido a personas que ya est\u00e1n aprendiendo a tocar el cuatro, pero si tu est\u00e1s de cero o no sabes muy bien a\u00fan <a href=\"https:\/\/tucuatro.com\/es\/instrumentos\/cuatro\/conociendo-el-cuatro\/\">qu\u00e9 es el cuatro y c\u00f3mo se usa en la m\u00fasica folkl\u00f3rica<\/a>, te recomendamos primero ir a ver estos <a href=\"https:\/\/tucuatro.com\/aprende\/cursos\/cuatro\/basico\">cursos b\u00e1sicos de Cuatro<\/a> en nuestra p\u00e1gina, donde explicamos las bases para aprender a tocar un cuatro.<\/p>\n\n\n\n<h2 class=\"wp-block-heading\">\u00bfQuieres calcular tus propios acordes?<\/h2>\n\n\n\n<p>Usa la calculadora de acordes de TuCuatro y puedes descubrir esos acordes raros que salen en ciertas canciones. Comienza ac\u00e1 abajo:<\/p>\n\n\n\n<p>Se usa el cifrado americano. La conversi\u00f3n de cifrado americano a cifrado latin es la siguiente:<br>La = A, Si = B, Do = C, Re = D, Mi = E, Fa = F, Sol = G<\/p>\n\n\n\n\t\t<div id=\"chordfinder\" class=\"chordfinder html5\">\n\t\t\t<span class=\"button_zoom\"><\/span>\n\t\t\t<div class=\"instrument cuatro\" data-instrument=\"cuatro\">\n\t\t\t\t<div class=\"fretboard_image\">\n\t\t\t\t\t<img decoding=\"async\" class=\"base\" src=\"https:\/\/tucuatro.com\/es\/wp-content\/plugins\/tucuatro-chords-addon-calculator\/inc\/..\/img\/instruments\/cuatro.png\">\n\t\t\t\t<\/div>\n\t\t\t\t<div class=\"fretboard\">\n\t\t\t\t\n\t\t\t\t\t\t\t\t<div class=\"string string0\" data-string=\"0\">\n\t\t\t\t\t\t\t\t\t<div class=\"fret fretx\" data-number=\"x\">X<\/div>\n\t\t\t\t\t\t\t\t\t<div class=\"fret fret0  \" data-number=\"0\" data-calculations=\"\">A<\/div>\n\t\t\t\t\t\t\t\t\t<div class=\"fret fret1  \" data-number=\"1\" data-calculations=\"\">A#<\/div>\n\t\t\t\t\t\t\t\t\t<div class=\"fret fret2  \" data-number=\"2\" data-calculations=\"\">B<\/div>\n\t\t\t\t\t\t\t\t\t<div class=\"fret fret3  \" data-number=\"3\" data-calculations=\"\">C<\/div>\n\t\t\t\t\t\t\t\t\t<div class=\"fret fret4  \" data-number=\"4\" data-calculations=\"\">C#<\/div>\n\t\t\t\t\t\t\t\t\t<div class=\"fret fret5  \" data-number=\"5\" data-calculations=\"\">D<\/div>\n\t\t\t\t\t\t\t\t\t<div class=\"fret fret6  \" data-number=\"6\" data-calculations=\"\">D#<\/div>\n\t\t\t\t\t\t\t\t\t<div class=\"fret fret7  \" data-number=\"7\" data-calculations=\"\">E<\/div>\n\t\t\t\t\t\t\t\t\t<div class=\"fret fret8  \" data-number=\"8\" data-calculations=\"\">F<\/div>\n\t\t\t\t\t\t\t\t\t<div class=\"fret fret9  \" data-number=\"9\" data-calculations=\"\">F#<\/div>\n\t\t\t\t\t\t\t\t\t<div class=\"fret fret10  \" data-number=\"10\" data-calculations=\"\">G<\/div>\n\t\t\t\t\t\t\t\t\t<div class=\"fret fret11  \" data-number=\"11\" data-calculations=\"\">G#<\/div>\n\t\t\t\t\t\t\t\t\t<div class=\"fret fret12  \" data-number=\"12\" data-calculations=\"\">A<\/div>\n\t\t\t\t\t\t\t\t\t<div class=\"fret fret13  \" data-number=\"13\" data-calculations=\"\">A#<\/div>\n\t\t\t\t\t\t\t\t\t<div class=\"fret fret14  \" data-number=\"14\" data-calculations=\"\">B<\/div>\n\t\t\t\t\t\t\t\t\t<div class=\"fret fret15  \" data-number=\"15\" data-calculations=\"\">C<\/div>\n\t\t\t\t\t\t\t\t\t<div class=\"fret fret16  \" data-number=\"16\" data-calculations=\"\">C#<\/div>\n\t\t\t\t\t\t\t\t\t<div class=\"fret fret17  \" data-number=\"17\" data-calculations=\"\">D<\/div>\n\t\t\t\t\t\t\t\t<\/div>\n\t\t\t\t\t\t\t\t<div class=\"string string1\" data-string=\"1\">\n\t\t\t\t\t\t\t\t\t<div class=\"fret fretx\" data-number=\"x\">X<\/div>\n\t\t\t\t\t\t\t\t\t<div class=\"fret fret0  \" data-number=\"0\" data-calculations=\"\">D<\/div>\n\t\t\t\t\t\t\t\t\t<div class=\"fret fret1  \" data-number=\"1\" data-calculations=\"\">D#<\/div>\n\t\t\t\t\t\t\t\t\t<div class=\"fret fret2  \" data-number=\"2\" data-calculations=\"\">E<\/div>\n\t\t\t\t\t\t\t\t\t<div class=\"fret fret3  \" data-number=\"3\" data-calculations=\"\">F<\/div>\n\t\t\t\t\t\t\t\t\t<div class=\"fret fret4  \" data-number=\"4\" data-calculations=\"\">F#<\/div>\n\t\t\t\t\t\t\t\t\t<div class=\"fret fret5  \" data-number=\"5\" data-calculations=\"\">G<\/div>\n\t\t\t\t\t\t\t\t\t<div class=\"fret fret6  \" data-number=\"6\" data-calculations=\"\">G#<\/div>\n\t\t\t\t\t\t\t\t\t<div class=\"fret fret7  \" data-number=\"7\" data-calculations=\"\">A<\/div>\n\t\t\t\t\t\t\t\t\t<div class=\"fret fret8  \" data-number=\"8\" data-calculations=\"\">A#<\/div>\n\t\t\t\t\t\t\t\t\t<div class=\"fret fret9  \" data-number=\"9\" data-calculations=\"\">B<\/div>\n\t\t\t\t\t\t\t\t\t<div class=\"fret fret10  \" data-number=\"10\" data-calculations=\"\">C<\/div>\n\t\t\t\t\t\t\t\t\t<div class=\"fret fret11  \" data-number=\"11\" data-calculations=\"\">C#<\/div>\n\t\t\t\t\t\t\t\t\t<div class=\"fret fret12  \" data-number=\"12\" data-calculations=\"\">D<\/div>\n\t\t\t\t\t\t\t\t\t<div class=\"fret fret13  \" data-number=\"13\" data-calculations=\"\">D#<\/div>\n\t\t\t\t\t\t\t\t\t<div class=\"fret fret14  \" data-number=\"14\" data-calculations=\"\">E<\/div>\n\t\t\t\t\t\t\t\t\t<div class=\"fret fret15  \" data-number=\"15\" data-calculations=\"\">F<\/div>\n\t\t\t\t\t\t\t\t\t<div class=\"fret fret16  \" data-number=\"16\" data-calculations=\"\">F#<\/div>\n\t\t\t\t\t\t\t\t\t<div class=\"fret fret17  \" data-number=\"17\" data-calculations=\"\">G<\/div>\n\t\t\t\t\t\t\t\t<\/div>\n\t\t\t\t\t\t\t\t<div class=\"string string2\" data-string=\"2\">\n\t\t\t\t\t\t\t\t\t<div class=\"fret fretx\" data-number=\"x\">X<\/div>\n\t\t\t\t\t\t\t\t\t<div class=\"fret fret0  \" data-number=\"0\" data-calculations=\"\">F#<\/div>\n\t\t\t\t\t\t\t\t\t<div class=\"fret fret1  \" data-number=\"1\" data-calculations=\"\">G<\/div>\n\t\t\t\t\t\t\t\t\t<div class=\"fret fret2  \" data-number=\"2\" data-calculations=\"\">G#<\/div>\n\t\t\t\t\t\t\t\t\t<div class=\"fret fret3  \" data-number=\"3\" data-calculations=\"\">A<\/div>\n\t\t\t\t\t\t\t\t\t<div class=\"fret fret4  \" data-number=\"4\" data-calculations=\"\">A#<\/div>\n\t\t\t\t\t\t\t\t\t<div class=\"fret fret5  \" data-number=\"5\" data-calculations=\"\">B<\/div>\n\t\t\t\t\t\t\t\t\t<div class=\"fret fret6  \" data-number=\"6\" data-calculations=\"\">C<\/div>\n\t\t\t\t\t\t\t\t\t<div class=\"fret fret7  \" data-number=\"7\" data-calculations=\"\">C#<\/div>\n\t\t\t\t\t\t\t\t\t<div class=\"fret fret8  \" data-number=\"8\" data-calculations=\"\">D<\/div>\n\t\t\t\t\t\t\t\t\t<div class=\"fret fret9  \" data-number=\"9\" data-calculations=\"\">D#<\/div>\n\t\t\t\t\t\t\t\t\t<div class=\"fret fret10  \" data-number=\"10\" data-calculations=\"\">E<\/div>\n\t\t\t\t\t\t\t\t\t<div class=\"fret fret11  \" data-number=\"11\" data-calculations=\"\">F<\/div>\n\t\t\t\t\t\t\t\t\t<div class=\"fret fret12  \" data-number=\"12\" data-calculations=\"\">F#<\/div>\n\t\t\t\t\t\t\t\t\t<div class=\"fret fret13  \" data-number=\"13\" data-calculations=\"\">G<\/div>\n\t\t\t\t\t\t\t\t\t<div class=\"fret fret14  \" data-number=\"14\" data-calculations=\"\">G#<\/div>\n\t\t\t\t\t\t\t\t\t<div class=\"fret fret15  \" data-number=\"15\" data-calculations=\"\">A<\/div>\n\t\t\t\t\t\t\t\t\t<div class=\"fret fret16  \" data-number=\"16\" data-calculations=\"\">A#<\/div>\n\t\t\t\t\t\t\t\t\t<div class=\"fret fret17  \" data-number=\"17\" data-calculations=\"\">B<\/div>\n\t\t\t\t\t\t\t\t<\/div>\n\t\t\t\t\t\t\t\t<div class=\"string string3\" data-string=\"3\">\n\t\t\t\t\t\t\t\t\t<div class=\"fret fretx\" data-number=\"x\">X<\/div>\n\t\t\t\t\t\t\t\t\t<div class=\"fret fret0  \" data-number=\"0\" data-calculations=\"\">B<\/div>\n\t\t\t\t\t\t\t\t\t<div class=\"fret fret1  \" data-number=\"1\" data-calculations=\"\">C<\/div>\n\t\t\t\t\t\t\t\t\t<div class=\"fret fret2  \" data-number=\"2\" data-calculations=\"\">C#<\/div>\n\t\t\t\t\t\t\t\t\t<div class=\"fret fret3  \" data-number=\"3\" data-calculations=\"\">D<\/div>\n\t\t\t\t\t\t\t\t\t<div class=\"fret fret4  \" data-number=\"4\" data-calculations=\"\">D#<\/div>\n\t\t\t\t\t\t\t\t\t<div class=\"fret fret5  \" data-number=\"5\" data-calculations=\"\">E<\/div>\n\t\t\t\t\t\t\t\t\t<div class=\"fret fret6  \" data-number=\"6\" data-calculations=\"\">F<\/div>\n\t\t\t\t\t\t\t\t\t<div class=\"fret fret7  \" data-number=\"7\" data-calculations=\"\">F#<\/div>\n\t\t\t\t\t\t\t\t\t<div class=\"fret fret8  \" data-number=\"8\" data-calculations=\"\">G<\/div>\n\t\t\t\t\t\t\t\t\t<div class=\"fret fret9  \" data-number=\"9\" data-calculations=\"\">G#<\/div>\n\t\t\t\t\t\t\t\t\t<div class=\"fret fret10  \" data-number=\"10\" data-calculations=\"\">A<\/div>\n\t\t\t\t\t\t\t\t\t<div class=\"fret fret11  \" data-number=\"11\" data-calculations=\"\">A#<\/div>\n\t\t\t\t\t\t\t\t\t<div class=\"fret fret12  \" data-number=\"12\" data-calculations=\"\">B<\/div>\n\t\t\t\t\t\t\t\t\t<div class=\"fret fret13  \" data-number=\"13\" data-calculations=\"\">C<\/div>\n\t\t\t\t\t\t\t\t\t<div class=\"fret fret14  \" data-number=\"14\" data-calculations=\"\">C#<\/div>\n\t\t\t\t\t\t\t\t\t<div class=\"fret fret15  \" data-number=\"15\" data-calculations=\"\">D<\/div>\n\t\t\t\t\t\t\t\t\t<div class=\"fret fret16  \" data-number=\"16\" data-calculations=\"\">D#<\/div>\n\t\t\t\t\t\t\t\t\t<div class=\"fret fret17  \" data-number=\"17\" data-calculations=\"\">E<\/div>\n\t\t\t\t\t\t\t\t<\/div>\n\t\t\t\t<\/div>\n\t\t\t<\/div>\n\t\t\t<div class=\"tuning\">\n\t\t\t\t(Afinaci\u00f3n: A - D - F# - B )\n\t\t\t<\/div>\n\t\t\t<div class=\"select_chord\">\n\t\t\t\t<div class=\"chord_name\">\n\t\t\t\t\t<h3>Selecciona:<\/h3>\n\t\t\t\t<\/div>\n\t\t\t\t<ul class=\"select_chord_base\">\n\t\t\t\t\t<li data-var=\"C\" class=\"selected\">C<\/li>\n\t\t\t\t\t<li data-var=\"Cs\">C#\/Db<\/li>\n\t\t\t\t\t<li data-var=\"D\">D<\/li>\n\t\t\t\t\t<li data-var=\"Ds\">D#\/Eb<\/li>\n\t\t\t\t\t<li data-var=\"E\">E<\/li>\n\t\t\t\t\t<li data-var=\"F\">F<\/li>\n\t\t\t\t\t<li data-var=\"Fs\">F#\/Gb<\/li>\n\t\t\t\t\t<li data-var=\"G\">G<\/li>\n\t\t\t\t\t<li data-var=\"Gs\">G#\/Ab<\/li>\n\t\t\t\t\t<li data-var=\"A\">A<\/li>\n\t\t\t\t\t<li data-var=\"As\">A#\/Bb<\/li>\n\t\t\t\t\t<li data-var=\"B\">B<\/li>\n\t\t\t\t<\/ul>\n\t\t\t\t<ul class=\"select_chord_variation\">\n\t\t\t\t\t<li data-var=\"\" class=\"selected\">maj<\/li>\n\t\t\t\t\t<li data-var=\"m\">min<\/li>\n\t\t\t\t\t<li data-var=\"7\">7<\/li>\n\t\t\t\t\t<li data-var=\"m7\">m7<\/li>\n\t\t\t\t\t<li data-var=\"maj6\">maj6<\/li>\n\t\t\t\t\t<li data-var=\"m6\">m6<\/li>\n\t\t\t\t\t<li data-var=\"maj7\">maj7<\/li>\n\t\t\t\t\t<li data-var=\"m7b5\">m7b5<\/li>\n\t\t\t\t\t<li data-var=\"aug\">aug<\/li>\n\t\t\t\t\t<li data-var=\"dim\">dim<\/li>\n\t\t\t\t\t<li data-var=\"aug7\">aug7<\/li>\n\t\t\t\t\t<li data-var=\"dim7\">dim7<\/li>\n\t\t\t\t\t<li data-var=\"add9\">add9<\/li>\n\t\t\t\t\t<li data-var=\"7sus4\">7sus4<\/li>\n\t\t\t\t<\/ul>\n\t\t\t<\/div>\n\t\t<\/div>\n\t\t<div class=\"app_badges\">\n\t\t\t<a href=\"http:\/\/tucuatro.info\/1ZxG7gJ\"><img decoding=\"async\" class=\"aligncenter\" src=\"\/\/tucuatro.com\/wp-content\/uploads\/2015\/12\/badge_itunes.png\" alt=\"Chords App in iTunes\" width=\"110\" \/><\/a>\n\t\t\t<a href=\"http:\/\/tucuatro.info\/1QWBbvx\"><img decoding=\"async\" class=\"aligncenter\" src=\"\/\/tucuatro.com\/wp-content\/uploads\/2015\/12\/badge_google_play.png\" alt=\"Chords App in Google Play\" width=\"110\" \/><\/a>\n\t\t<\/div>\n\n\n\n<p><\/p>\n","protected":false},"excerpt":{"rendered":"<p>El diccionario de acordes que te permitir\u00e1 encontrar y generar los acordes o tonos para cuatro.<\/p>\n","protected":false},"author":1,"featured_media":0,"parent":4517,"menu_order":0,"comment_status":"closed","ping_status":"closed","template":"","meta":{"content-type":"","footnotes":""},"class_list":["post-4530","page","type-page","status-publish","hentry"],"yoast_head":"<!-- This site is optimized with the Yoast SEO plugin v27.2 - https:\/\/yoast.com\/product\/yoast-seo-wordpress\/ -->\n<title>Diccionario de Acordes para Cuatro - TuCuatro - El Cuatro Venezolano<\/title>\n<meta name=\"description\" content=\"El diccionario de acordes que te permitir\u00e1 encontrar y generar los acordes o tonos para cuatro.\" \/>\n<meta name=\"robots\" content=\"index, follow, max-snippet:-1, max-image-preview:large, max-video-preview:-1\" \/>\n<link rel=\"canonical\" href=\"https:\/\/tucuatro.com\/es\/acordes\/diccionario-de-tonos-para-cuatro\/\" \/>\n<meta property=\"og:locale\" content=\"es_ES\" \/>\n<meta property=\"og:type\" content=\"article\" \/>\n<meta property=\"og:title\" content=\"Diccionario de Acordes para Cuatro - TuCuatro - El Cuatro Venezolano\" \/>\n<meta property=\"og:description\" content=\"El diccionario de acordes que te permitir\u00e1 encontrar y generar los acordes o tonos para cuatro.\" \/>\n<meta property=\"og:url\" content=\"https:\/\/tucuatro.com\/es\/acordes\/diccionario-de-tonos-para-cuatro\/\" \/>\n<meta property=\"og:site_name\" content=\"TuCuatro - El Cuatro Venezolano\" \/>\n<meta property=\"article:publisher\" content=\"https:\/\/facebook.com\/tucuatrodigital\" \/>\n<meta property=\"article:modified_time\" content=\"2020-08-09T11:54:14+00:00\" \/>\n<meta property=\"og:image\" content=\"https:\/\/tucuatro.com\/es\/wp-content\/uploads\/sites\/3\/2020\/02\/tucuatro-featured-image.jpg\" \/>\n\t<meta property=\"og:image:width\" content=\"1200\" \/>\n\t<meta property=\"og:image:height\" content=\"628\" \/>\n\t<meta property=\"og:image:type\" content=\"image\/jpeg\" \/>\n<meta name=\"twitter:card\" content=\"summary_large_image\" \/>\n<meta name=\"twitter:site\" content=\"@tucuatro\" \/>\n<meta name=\"twitter:label1\" content=\"Tiempo de lectura\" \/>\n\t<meta name=\"twitter:data1\" content=\"1 minuto\" \/>\n<script type=\"application\/ld+json\" class=\"yoast-schema-graph\">{\"@context\":\"https:\/\/schema.org\",\"@graph\":[{\"@type\":\"WebPage\",\"@id\":\"https:\/\/tucuatro.com\/es\/acordes\/diccionario-de-tonos-para-cuatro\/\",\"url\":\"https:\/\/tucuatro.com\/es\/acordes\/diccionario-de-tonos-para-cuatro\/\",\"name\":\"Diccionario de Acordes para Cuatro - TuCuatro - El Cuatro Venezolano\",\"isPartOf\":{\"@id\":\"https:\/\/tucuatro.com\/es\/#website\"},\"datePublished\":\"2015-11-01T13:59:53+00:00\",\"dateModified\":\"2020-08-09T11:54:14+00:00\",\"description\":\"El diccionario de acordes que te permitir\u00e1 encontrar y generar los acordes o tonos para cuatro.\",\"breadcrumb\":{\"@id\":\"https:\/\/tucuatro.com\/es\/acordes\/diccionario-de-tonos-para-cuatro\/#breadcrumb\"},\"inLanguage\":\"es\",\"potentialAction\":[{\"@type\":\"ReadAction\",\"target\":[\"https:\/\/tucuatro.com\/es\/acordes\/diccionario-de-tonos-para-cuatro\/\"]}]},{\"@type\":\"BreadcrumbList\",\"@id\":\"https:\/\/tucuatro.com\/es\/acordes\/diccionario-de-tonos-para-cuatro\/#breadcrumb\",\"itemListElement\":[{\"@type\":\"ListItem\",\"position\":1,\"name\":\"Portada\",\"item\":\"https:\/\/tucuatro.com\/es\/\"},{\"@type\":\"ListItem\",\"position\":2,\"name\":\"Herramientas para aprender acordes de Cuatro y lista de acordes\",\"item\":\"https:\/\/tucuatro.com\/es\/acordes\/\"},{\"@type\":\"ListItem\",\"position\":3,\"name\":\"Diccionario de Acordes para Cuatro\"}]},{\"@type\":\"WebSite\",\"@id\":\"https:\/\/tucuatro.com\/es\/#website\",\"url\":\"https:\/\/tucuatro.com\/es\/\",\"name\":\"TuCuatro\",\"description\":\"TuCuatro\",\"publisher\":{\"@id\":\"https:\/\/tucuatro.com\/es\/#organization\"},\"potentialAction\":[{\"@type\":\"SearchAction\",\"target\":{\"@type\":\"EntryPoint\",\"urlTemplate\":\"https:\/\/tucuatro.com\/es\/?s={search_term_string}\"},\"query-input\":{\"@type\":\"PropertyValueSpecification\",\"valueRequired\":true,\"valueName\":\"search_term_string\"}}],\"inLanguage\":\"es\"},{\"@type\":\"Organization\",\"@id\":\"https:\/\/tucuatro.com\/es\/#organization\",\"name\":\"TuCuatro\",\"url\":\"https:\/\/tucuatro.com\/es\/\",\"logo\":{\"@type\":\"ImageObject\",\"inLanguage\":\"es\",\"@id\":\"https:\/\/tucuatro.com\/es\/#\/schema\/logo\/image\/\",\"url\":\"https:\/\/tucuatro.com\/es\/wp-content\/uploads\/sites\/3\/2020\/02\/fretboard_icon_black-64px.png\",\"contentUrl\":\"https:\/\/tucuatro.com\/es\/wp-content\/uploads\/sites\/3\/2020\/02\/fretboard_icon_black-64px.png\",\"width\":64,\"height\":107,\"caption\":\"TuCuatro\"},\"image\":{\"@id\":\"https:\/\/tucuatro.com\/es\/#\/schema\/logo\/image\/\"},\"sameAs\":[\"https:\/\/facebook.com\/tucuatrodigital\",\"https:\/\/x.com\/tucuatro\"]}]}<\/script>\n<!-- \/ Yoast SEO plugin. -->","yoast_head_json":{"title":"Diccionario de Acordes para Cuatro - TuCuatro - El Cuatro Venezolano","description":"El diccionario de acordes que te permitir\u00e1 encontrar y generar los acordes o tonos para cuatro.","robots":{"index":"index","follow":"follow","max-snippet":"max-snippet:-1","max-image-preview":"max-image-preview:large","max-video-preview":"max-video-preview:-1"},"canonical":"https:\/\/tucuatro.com\/es\/acordes\/diccionario-de-tonos-para-cuatro\/","og_locale":"es_ES","og_type":"article","og_title":"Diccionario de Acordes para Cuatro - TuCuatro - El Cuatro Venezolano","og_description":"El diccionario de acordes que te permitir\u00e1 encontrar y generar los acordes o tonos para cuatro.","og_url":"https:\/\/tucuatro.com\/es\/acordes\/diccionario-de-tonos-para-cuatro\/","og_site_name":"TuCuatro - El Cuatro Venezolano","article_publisher":"https:\/\/facebook.com\/tucuatrodigital","article_modified_time":"2020-08-09T11:54:14+00:00","og_image":[{"width":1200,"height":628,"url":"https:\/\/tucuatro.com\/es\/wp-content\/uploads\/sites\/3\/2020\/02\/tucuatro-featured-image.jpg","type":"image\/jpeg"}],"twitter_card":"summary_large_image","twitter_site":"@tucuatro","twitter_misc":{"Tiempo de lectura":"1 minuto"},"schema":{"@context":"https:\/\/schema.org","@graph":[{"@type":"WebPage","@id":"https:\/\/tucuatro.com\/es\/acordes\/diccionario-de-tonos-para-cuatro\/","url":"https:\/\/tucuatro.com\/es\/acordes\/diccionario-de-tonos-para-cuatro\/","name":"Diccionario de Acordes para Cuatro - TuCuatro - El Cuatro Venezolano","isPartOf":{"@id":"https:\/\/tucuatro.com\/es\/#website"},"datePublished":"2015-11-01T13:59:53+00:00","dateModified":"2020-08-09T11:54:14+00:00","description":"El diccionario de acordes que te permitir\u00e1 encontrar y generar los acordes o tonos para cuatro.","breadcrumb":{"@id":"https:\/\/tucuatro.com\/es\/acordes\/diccionario-de-tonos-para-cuatro\/#breadcrumb"},"inLanguage":"es","potentialAction":[{"@type":"ReadAction","target":["https:\/\/tucuatro.com\/es\/acordes\/diccionario-de-tonos-para-cuatro\/"]}]},{"@type":"BreadcrumbList","@id":"https:\/\/tucuatro.com\/es\/acordes\/diccionario-de-tonos-para-cuatro\/#breadcrumb","itemListElement":[{"@type":"ListItem","position":1,"name":"Portada","item":"https:\/\/tucuatro.com\/es\/"},{"@type":"ListItem","position":2,"name":"Herramientas para aprender acordes de Cuatro y lista de acordes","item":"https:\/\/tucuatro.com\/es\/acordes\/"},{"@type":"ListItem","position":3,"name":"Diccionario de Acordes para Cuatro"}]},{"@type":"WebSite","@id":"https:\/\/tucuatro.com\/es\/#website","url":"https:\/\/tucuatro.com\/es\/","name":"TuCuatro","description":"TuCuatro","publisher":{"@id":"https:\/\/tucuatro.com\/es\/#organization"},"potentialAction":[{"@type":"SearchAction","target":{"@type":"EntryPoint","urlTemplate":"https:\/\/tucuatro.com\/es\/?s={search_term_string}"},"query-input":{"@type":"PropertyValueSpecification","valueRequired":true,"valueName":"search_term_string"}}],"inLanguage":"es"},{"@type":"Organization","@id":"https:\/\/tucuatro.com\/es\/#organization","name":"TuCuatro","url":"https:\/\/tucuatro.com\/es\/","logo":{"@type":"ImageObject","inLanguage":"es","@id":"https:\/\/tucuatro.com\/es\/#\/schema\/logo\/image\/","url":"https:\/\/tucuatro.com\/es\/wp-content\/uploads\/sites\/3\/2020\/02\/fretboard_icon_black-64px.png","contentUrl":"https:\/\/tucuatro.com\/es\/wp-content\/uploads\/sites\/3\/2020\/02\/fretboard_icon_black-64px.png","width":64,"height":107,"caption":"TuCuatro"},"image":{"@id":"https:\/\/tucuatro.com\/es\/#\/schema\/logo\/image\/"},"sameAs":["https:\/\/facebook.com\/tucuatrodigital","https:\/\/x.com\/tucuatro"]}]}},"_links":{"self":[{"href":"https:\/\/tucuatro.com\/es\/wp-json\/wp\/v2\/pages\/4530","targetHints":{"allow":["GET"]}}],"collection":[{"href":"https:\/\/tucuatro.com\/es\/wp-json\/wp\/v2\/pages"}],"about":[{"href":"https:\/\/tucuatro.com\/es\/wp-json\/wp\/v2\/types\/page"}],"author":[{"embeddable":true,"href":"https:\/\/tucuatro.com\/es\/wp-json\/wp\/v2\/users\/1"}],"replies":[{"embeddable":true,"href":"https:\/\/tucuatro.com\/es\/wp-json\/wp\/v2\/comments?post=4530"}],"version-history":[{"count":0,"href":"https:\/\/tucuatro.com\/es\/wp-json\/wp\/v2\/pages\/4530\/revisions"}],"up":[{"embeddable":true,"href":"https:\/\/tucuatro.com\/es\/wp-json\/wp\/v2\/pages\/4517"}],"wp:attachment":[{"href":"https:\/\/tucuatro.com\/es\/wp-json\/wp\/v2\/media?parent=4530"}],"curies":[{"name":"wp","href":"https:\/\/api.w.org\/{rel}","templated":true}]}}