{"id":4531,"date":"2015-11-01T09:34:03","date_gmt":"2015-11-01T14:04:03","guid":{"rendered":"https:\/\/tucuatro.com\/es\/?page_id=4531"},"modified":"2020-04-28T15:11:26","modified_gmt":"2020-04-28T19:11:26","slug":"calculadora-de-acordes-para-cuatro","status":"publish","type":"page","link":"https:\/\/tucuatro.com\/es\/acordes\/calculadora-de-acordes-para-cuatro\/","title":{"rendered":"Calculadora de Acordes para Cuatro"},"content":{"rendered":"\n<p>Usa esta calculadora de acordes para encontrar los acordes y tonos del cuatro que necesitas. La calculadora de acordes funciona al hacer click en un tono principal (do, re, mi, fa, sol, la, si) y luego escoger la variaci\u00f3n de ese tono (ej. menor, mayor, s\u00e9ptima, aumentado, disminuido s\u00e9ptima, etc)<\/p>\n\n\n\n\t\t<div id=\"chordfinder\" class=\"chordfinder html5\">\n\t\t\t<span class=\"button_zoom\"><\/span>\n\t\t\t<div class=\"instrument cuatro\" data-instrument=\"cuatro\">\n\t\t\t\t<div class=\"fretboard_image\">\n\t\t\t\t\t<img decoding=\"async\" class=\"base\" src=\"https:\/\/tucuatro.com\/es\/wp-content\/plugins\/tucuatro-chords-addon-calculator\/inc\/..\/img\/instruments\/cuatro.png\">\n\t\t\t\t<\/div>\n\t\t\t\t<div class=\"fretboard\">\n\t\t\t\t\n\t\t\t\t\t\t\t\t<div class=\"string string0\" data-string=\"0\">\n\t\t\t\t\t\t\t\t\t<div class=\"fret fretx\" data-number=\"x\">X<\/div>\n\t\t\t\t\t\t\t\t\t<div class=\"fret fret0  \" data-number=\"0\" data-calculations=\"\">A<\/div>\n\t\t\t\t\t\t\t\t\t<div class=\"fret fret1  \" data-number=\"1\" data-calculations=\"\">A#<\/div>\n\t\t\t\t\t\t\t\t\t<div class=\"fret fret2  \" data-number=\"2\" data-calculations=\"\">B<\/div>\n\t\t\t\t\t\t\t\t\t<div class=\"fret fret3  \" data-number=\"3\" data-calculations=\"\">C<\/div>\n\t\t\t\t\t\t\t\t\t<div class=\"fret fret4  \" data-number=\"4\" data-calculations=\"\">C#<\/div>\n\t\t\t\t\t\t\t\t\t<div class=\"fret fret5  \" data-number=\"5\" data-calculations=\"\">D<\/div>\n\t\t\t\t\t\t\t\t\t<div class=\"fret fret6  \" data-number=\"6\" data-calculations=\"\">D#<\/div>\n\t\t\t\t\t\t\t\t\t<div class=\"fret fret7  \" data-number=\"7\" data-calculations=\"\">E<\/div>\n\t\t\t\t\t\t\t\t\t<div class=\"fret fret8  \" data-number=\"8\" data-calculations=\"\">F<\/div>\n\t\t\t\t\t\t\t\t\t<div class=\"fret fret9  \" data-number=\"9\" data-calculations=\"\">F#<\/div>\n\t\t\t\t\t\t\t\t\t<div class=\"fret fret10  \" data-number=\"10\" data-calculations=\"\">G<\/div>\n\t\t\t\t\t\t\t\t\t<div class=\"fret fret11  \" data-number=\"11\" data-calculations=\"\">G#<\/div>\n\t\t\t\t\t\t\t\t\t<div class=\"fret fret12  \" data-number=\"12\" data-calculations=\"\">A<\/div>\n\t\t\t\t\t\t\t\t\t<div class=\"fret fret13  \" data-number=\"13\" data-calculations=\"\">A#<\/div>\n\t\t\t\t\t\t\t\t\t<div class=\"fret fret14  \" data-number=\"14\" data-calculations=\"\">B<\/div>\n\t\t\t\t\t\t\t\t\t<div class=\"fret fret15  \" data-number=\"15\" data-calculations=\"\">C<\/div>\n\t\t\t\t\t\t\t\t\t<div class=\"fret fret16  \" data-number=\"16\" data-calculations=\"\">C#<\/div>\n\t\t\t\t\t\t\t\t\t<div class=\"fret fret17  \" data-number=\"17\" data-calculations=\"\">D<\/div>\n\t\t\t\t\t\t\t\t<\/div>\n\t\t\t\t\t\t\t\t<div class=\"string string1\" data-string=\"1\">\n\t\t\t\t\t\t\t\t\t<div class=\"fret fretx\" data-number=\"x\">X<\/div>\n\t\t\t\t\t\t\t\t\t<div class=\"fret fret0  \" data-number=\"0\" data-calculations=\"\">D<\/div>\n\t\t\t\t\t\t\t\t\t<div class=\"fret fret1  \" data-number=\"1\" data-calculations=\"\">D#<\/div>\n\t\t\t\t\t\t\t\t\t<div class=\"fret fret2  \" data-number=\"2\" data-calculations=\"\">E<\/div>\n\t\t\t\t\t\t\t\t\t<div class=\"fret fret3  \" data-number=\"3\" data-calculations=\"\">F<\/div>\n\t\t\t\t\t\t\t\t\t<div class=\"fret fret4  \" data-number=\"4\" data-calculations=\"\">F#<\/div>\n\t\t\t\t\t\t\t\t\t<div class=\"fret fret5  \" data-number=\"5\" data-calculations=\"\">G<\/div>\n\t\t\t\t\t\t\t\t\t<div class=\"fret fret6  \" data-number=\"6\" data-calculations=\"\">G#<\/div>\n\t\t\t\t\t\t\t\t\t<div class=\"fret fret7  \" data-number=\"7\" data-calculations=\"\">A<\/div>\n\t\t\t\t\t\t\t\t\t<div class=\"fret fret8  \" data-number=\"8\" data-calculations=\"\">A#<\/div>\n\t\t\t\t\t\t\t\t\t<div class=\"fret fret9  \" data-number=\"9\" data-calculations=\"\">B<\/div>\n\t\t\t\t\t\t\t\t\t<div class=\"fret fret10  \" data-number=\"10\" data-calculations=\"\">C<\/div>\n\t\t\t\t\t\t\t\t\t<div class=\"fret fret11  \" data-number=\"11\" data-calculations=\"\">C#<\/div>\n\t\t\t\t\t\t\t\t\t<div class=\"fret fret12  \" data-number=\"12\" data-calculations=\"\">D<\/div>\n\t\t\t\t\t\t\t\t\t<div class=\"fret fret13  \" data-number=\"13\" data-calculations=\"\">D#<\/div>\n\t\t\t\t\t\t\t\t\t<div class=\"fret fret14  \" data-number=\"14\" data-calculations=\"\">E<\/div>\n\t\t\t\t\t\t\t\t\t<div class=\"fret fret15  \" data-number=\"15\" data-calculations=\"\">F<\/div>\n\t\t\t\t\t\t\t\t\t<div class=\"fret fret16  \" data-number=\"16\" data-calculations=\"\">F#<\/div>\n\t\t\t\t\t\t\t\t\t<div class=\"fret fret17  \" data-number=\"17\" data-calculations=\"\">G<\/div>\n\t\t\t\t\t\t\t\t<\/div>\n\t\t\t\t\t\t\t\t<div class=\"string string2\" data-string=\"2\">\n\t\t\t\t\t\t\t\t\t<div class=\"fret fretx\" data-number=\"x\">X<\/div>\n\t\t\t\t\t\t\t\t\t<div class=\"fret fret0  \" data-number=\"0\" data-calculations=\"\">F#<\/div>\n\t\t\t\t\t\t\t\t\t<div class=\"fret fret1  \" data-number=\"1\" data-calculations=\"\">G<\/div>\n\t\t\t\t\t\t\t\t\t<div class=\"fret fret2  \" data-number=\"2\" data-calculations=\"\">G#<\/div>\n\t\t\t\t\t\t\t\t\t<div class=\"fret fret3  \" data-number=\"3\" data-calculations=\"\">A<\/div>\n\t\t\t\t\t\t\t\t\t<div class=\"fret fret4  \" data-number=\"4\" data-calculations=\"\">A#<\/div>\n\t\t\t\t\t\t\t\t\t<div class=\"fret fret5  \" data-number=\"5\" data-calculations=\"\">B<\/div>\n\t\t\t\t\t\t\t\t\t<div class=\"fret fret6  \" data-number=\"6\" data-calculations=\"\">C<\/div>\n\t\t\t\t\t\t\t\t\t<div class=\"fret fret7  \" data-number=\"7\" data-calculations=\"\">C#<\/div>\n\t\t\t\t\t\t\t\t\t<div class=\"fret fret8  \" data-number=\"8\" data-calculations=\"\">D<\/div>\n\t\t\t\t\t\t\t\t\t<div class=\"fret fret9  \" data-number=\"9\" data-calculations=\"\">D#<\/div>\n\t\t\t\t\t\t\t\t\t<div class=\"fret fret10  \" data-number=\"10\" data-calculations=\"\">E<\/div>\n\t\t\t\t\t\t\t\t\t<div class=\"fret fret11  \" data-number=\"11\" data-calculations=\"\">F<\/div>\n\t\t\t\t\t\t\t\t\t<div class=\"fret fret12  \" data-number=\"12\" data-calculations=\"\">F#<\/div>\n\t\t\t\t\t\t\t\t\t<div class=\"fret fret13  \" data-number=\"13\" data-calculations=\"\">G<\/div>\n\t\t\t\t\t\t\t\t\t<div class=\"fret fret14  \" data-number=\"14\" data-calculations=\"\">G#<\/div>\n\t\t\t\t\t\t\t\t\t<div class=\"fret fret15  \" data-number=\"15\" data-calculations=\"\">A<\/div>\n\t\t\t\t\t\t\t\t\t<div class=\"fret fret16  \" data-number=\"16\" data-calculations=\"\">A#<\/div>\n\t\t\t\t\t\t\t\t\t<div class=\"fret fret17  \" data-number=\"17\" data-calculations=\"\">B<\/div>\n\t\t\t\t\t\t\t\t<\/div>\n\t\t\t\t\t\t\t\t<div class=\"string string3\" data-string=\"3\">\n\t\t\t\t\t\t\t\t\t<div class=\"fret fretx\" data-number=\"x\">X<\/div>\n\t\t\t\t\t\t\t\t\t<div class=\"fret fret0  \" data-number=\"0\" data-calculations=\"\">B<\/div>\n\t\t\t\t\t\t\t\t\t<div class=\"fret fret1  \" data-number=\"1\" data-calculations=\"\">C<\/div>\n\t\t\t\t\t\t\t\t\t<div class=\"fret fret2  \" data-number=\"2\" data-calculations=\"\">C#<\/div>\n\t\t\t\t\t\t\t\t\t<div class=\"fret fret3  \" data-number=\"3\" data-calculations=\"\">D<\/div>\n\t\t\t\t\t\t\t\t\t<div class=\"fret fret4  \" data-number=\"4\" data-calculations=\"\">D#<\/div>\n\t\t\t\t\t\t\t\t\t<div class=\"fret fret5  \" data-number=\"5\" data-calculations=\"\">E<\/div>\n\t\t\t\t\t\t\t\t\t<div class=\"fret fret6  \" data-number=\"6\" data-calculations=\"\">F<\/div>\n\t\t\t\t\t\t\t\t\t<div class=\"fret fret7  \" data-number=\"7\" data-calculations=\"\">F#<\/div>\n\t\t\t\t\t\t\t\t\t<div class=\"fret fret8  \" data-number=\"8\" data-calculations=\"\">G<\/div>\n\t\t\t\t\t\t\t\t\t<div class=\"fret fret9  \" data-number=\"9\" data-calculations=\"\">G#<\/div>\n\t\t\t\t\t\t\t\t\t<div class=\"fret fret10  \" data-number=\"10\" data-calculations=\"\">A<\/div>\n\t\t\t\t\t\t\t\t\t<div class=\"fret fret11  \" data-number=\"11\" data-calculations=\"\">A#<\/div>\n\t\t\t\t\t\t\t\t\t<div class=\"fret fret12  \" data-number=\"12\" data-calculations=\"\">B<\/div>\n\t\t\t\t\t\t\t\t\t<div class=\"fret fret13  \" data-number=\"13\" data-calculations=\"\">C<\/div>\n\t\t\t\t\t\t\t\t\t<div class=\"fret fret14  \" data-number=\"14\" data-calculations=\"\">C#<\/div>\n\t\t\t\t\t\t\t\t\t<div class=\"fret fret15  \" data-number=\"15\" data-calculations=\"\">D<\/div>\n\t\t\t\t\t\t\t\t\t<div class=\"fret fret16  \" data-number=\"16\" data-calculations=\"\">D#<\/div>\n\t\t\t\t\t\t\t\t\t<div class=\"fret fret17  \" data-number=\"17\" data-calculations=\"\">E<\/div>\n\t\t\t\t\t\t\t\t<\/div>\n\t\t\t\t<\/div>\n\t\t\t<\/div>\n\t\t\t<div class=\"tuning\">\n\t\t\t\t(Afinaci\u00f3n: A - D - F# - B )\n\t\t\t<\/div>\n\t\t\t<div class=\"select_chord\">\n\t\t\t\t<div class=\"chord_name\">\n\t\t\t\t\t<h3>Selecciona:<\/h3>\n\t\t\t\t<\/div>\n\t\t\t\t<ul class=\"select_chord_base\">\n\t\t\t\t\t<li data-var=\"C\" class=\"selected\">C<\/li>\n\t\t\t\t\t<li data-var=\"Cs\">C#\/Db<\/li>\n\t\t\t\t\t<li data-var=\"D\">D<\/li>\n\t\t\t\t\t<li data-var=\"Ds\">D#\/Eb<\/li>\n\t\t\t\t\t<li data-var=\"E\">E<\/li>\n\t\t\t\t\t<li data-var=\"F\">F<\/li>\n\t\t\t\t\t<li data-var=\"Fs\">F#\/Gb<\/li>\n\t\t\t\t\t<li data-var=\"G\">G<\/li>\n\t\t\t\t\t<li data-var=\"Gs\">G#\/Ab<\/li>\n\t\t\t\t\t<li data-var=\"A\">A<\/li>\n\t\t\t\t\t<li data-var=\"As\">A#\/Bb<\/li>\n\t\t\t\t\t<li data-var=\"B\">B<\/li>\n\t\t\t\t<\/ul>\n\t\t\t\t<ul class=\"select_chord_variation\">\n\t\t\t\t\t<li data-var=\"\" class=\"selected\">maj<\/li>\n\t\t\t\t\t<li data-var=\"m\">min<\/li>\n\t\t\t\t\t<li data-var=\"7\">7<\/li>\n\t\t\t\t\t<li data-var=\"m7\">m7<\/li>\n\t\t\t\t\t<li data-var=\"maj6\">maj6<\/li>\n\t\t\t\t\t<li data-var=\"m6\">m6<\/li>\n\t\t\t\t\t<li data-var=\"maj7\">maj7<\/li>\n\t\t\t\t\t<li data-var=\"m7b5\">m7b5<\/li>\n\t\t\t\t\t<li data-var=\"aug\">aug<\/li>\n\t\t\t\t\t<li data-var=\"dim\">dim<\/li>\n\t\t\t\t\t<li data-var=\"aug7\">aug7<\/li>\n\t\t\t\t\t<li data-var=\"dim7\">dim7<\/li>\n\t\t\t\t\t<li data-var=\"add9\">add9<\/li>\n\t\t\t\t\t<li data-var=\"7sus4\">7sus4<\/li>\n\t\t\t\t<\/ul>\n\t\t\t<\/div>\n\t\t<\/div>\n\t\t<div class=\"app_badges\">\n\t\t\t<a href=\"http:\/\/tucuatro.info\/1ZxG7gJ\"><img decoding=\"async\" class=\"aligncenter\" src=\"\/\/tucuatro.com\/wp-content\/uploads\/2015\/12\/badge_itunes.png\" alt=\"Chords App in iTunes\" width=\"110\" \/><\/a>\n\t\t\t<a href=\"http:\/\/tucuatro.info\/1QWBbvx\"><img decoding=\"async\" class=\"aligncenter\" src=\"\/\/tucuatro.com\/wp-content\/uploads\/2015\/12\/badge_google_play.png\" alt=\"Chords App in Google Play\" width=\"110\" \/><\/a>\n\t\t<\/div>\n\n\n\n<p>Recuerda que esta calculadora est\u00e1 en sistema americano, la conversi\u00f3n es la siguiente:<\/p>\n\n\n\n<p>A igual a la nota La <\/p>\n\n\n\n<p>B igual a la nota Si <\/p>\n\n\n\n<p>C igual a la nota Do<\/p>\n\n\n\n<p>D igual a la nota Re <\/p>\n\n\n\n<p>E igual a la nota Mi <\/p>\n\n\n\n<p>F igual a la nota Fa<\/p>\n\n\n\n<p>G igual a la nota Sol<\/p>\n","protected":false},"excerpt":{"rendered":"<p>Calculadora de Acordes y Tonos para canciones con Cuatro.<\/p>\n","protected":false},"author":1,"featured_media":0,"parent":4517,"menu_order":0,"comment_status":"closed","ping_status":"closed","template":"","meta":{"content-type":"","footnotes":""},"class_list":["post-4531","page","type-page","status-publish","hentry"],"yoast_head":"<!-- This site is optimized with the Yoast SEO plugin v27.2 - https:\/\/yoast.com\/product\/yoast-seo-wordpress\/ -->\n<title>Calculadora de Acordes para Cuatro - TuCuatro - El Cuatro Venezolano<\/title>\n<meta name=\"description\" content=\"Calculadora de Acordes y Tonos para canciones con Cuatro.\" \/>\n<meta name=\"robots\" content=\"index, follow, max-snippet:-1, max-image-preview:large, max-video-preview:-1\" \/>\n<link rel=\"canonical\" href=\"https:\/\/tucuatro.com\/es\/acordes\/calculadora-de-acordes-para-cuatro\/\" \/>\n<meta property=\"og:locale\" content=\"es_ES\" \/>\n<meta property=\"og:type\" content=\"article\" \/>\n<meta property=\"og:title\" content=\"Calculadora de Acordes para Cuatro - TuCuatro - El Cuatro Venezolano\" \/>\n<meta property=\"og:description\" content=\"Calculadora de Acordes y Tonos para canciones con Cuatro.\" \/>\n<meta property=\"og:url\" content=\"https:\/\/tucuatro.com\/es\/acordes\/calculadora-de-acordes-para-cuatro\/\" \/>\n<meta property=\"og:site_name\" content=\"TuCuatro - El Cuatro Venezolano\" \/>\n<meta property=\"article:publisher\" content=\"https:\/\/facebook.com\/tucuatrodigital\" \/>\n<meta property=\"article:modified_time\" content=\"2020-04-28T19:11:26+00:00\" \/>\n<meta property=\"og:image\" content=\"https:\/\/tucuatro.com\/es\/wp-content\/uploads\/sites\/3\/2020\/02\/tucuatro-featured-image.jpg\" \/>\n\t<meta property=\"og:image:width\" content=\"1200\" \/>\n\t<meta property=\"og:image:height\" content=\"628\" \/>\n\t<meta property=\"og:image:type\" content=\"image\/jpeg\" \/>\n<meta name=\"twitter:card\" content=\"summary_large_image\" \/>\n<meta name=\"twitter:site\" content=\"@tucuatro\" \/>\n<meta name=\"twitter:label1\" content=\"Tiempo de lectura\" \/>\n\t<meta name=\"twitter:data1\" content=\"1 minuto\" \/>\n<script type=\"application\/ld+json\" class=\"yoast-schema-graph\">{\"@context\":\"https:\/\/schema.org\",\"@graph\":[{\"@type\":\"WebPage\",\"@id\":\"https:\/\/tucuatro.com\/es\/acordes\/calculadora-de-acordes-para-cuatro\/\",\"url\":\"https:\/\/tucuatro.com\/es\/acordes\/calculadora-de-acordes-para-cuatro\/\",\"name\":\"Calculadora de Acordes para Cuatro - TuCuatro - El Cuatro Venezolano\",\"isPartOf\":{\"@id\":\"https:\/\/tucuatro.com\/es\/#website\"},\"datePublished\":\"2015-11-01T14:04:03+00:00\",\"dateModified\":\"2020-04-28T19:11:26+00:00\",\"description\":\"Calculadora de Acordes y Tonos para canciones con Cuatro.\",\"breadcrumb\":{\"@id\":\"https:\/\/tucuatro.com\/es\/acordes\/calculadora-de-acordes-para-cuatro\/#breadcrumb\"},\"inLanguage\":\"es\",\"potentialAction\":[{\"@type\":\"ReadAction\",\"target\":[\"https:\/\/tucuatro.com\/es\/acordes\/calculadora-de-acordes-para-cuatro\/\"]}]},{\"@type\":\"BreadcrumbList\",\"@id\":\"https:\/\/tucuatro.com\/es\/acordes\/calculadora-de-acordes-para-cuatro\/#breadcrumb\",\"itemListElement\":[{\"@type\":\"ListItem\",\"position\":1,\"name\":\"Portada\",\"item\":\"https:\/\/tucuatro.com\/es\/\"},{\"@type\":\"ListItem\",\"position\":2,\"name\":\"Herramientas para aprender acordes de Cuatro y lista de acordes\",\"item\":\"https:\/\/tucuatro.com\/es\/acordes\/\"},{\"@type\":\"ListItem\",\"position\":3,\"name\":\"Calculadora de Acordes para Cuatro\"}]},{\"@type\":\"WebSite\",\"@id\":\"https:\/\/tucuatro.com\/es\/#website\",\"url\":\"https:\/\/tucuatro.com\/es\/\",\"name\":\"TuCuatro\",\"description\":\"TuCuatro\",\"publisher\":{\"@id\":\"https:\/\/tucuatro.com\/es\/#organization\"},\"potentialAction\":[{\"@type\":\"SearchAction\",\"target\":{\"@type\":\"EntryPoint\",\"urlTemplate\":\"https:\/\/tucuatro.com\/es\/?s={search_term_string}\"},\"query-input\":{\"@type\":\"PropertyValueSpecification\",\"valueRequired\":true,\"valueName\":\"search_term_string\"}}],\"inLanguage\":\"es\"},{\"@type\":\"Organization\",\"@id\":\"https:\/\/tucuatro.com\/es\/#organization\",\"name\":\"TuCuatro\",\"url\":\"https:\/\/tucuatro.com\/es\/\",\"logo\":{\"@type\":\"ImageObject\",\"inLanguage\":\"es\",\"@id\":\"https:\/\/tucuatro.com\/es\/#\/schema\/logo\/image\/\",\"url\":\"https:\/\/tucuatro.com\/es\/wp-content\/uploads\/sites\/3\/2020\/02\/fretboard_icon_black-64px.png\",\"contentUrl\":\"https:\/\/tucuatro.com\/es\/wp-content\/uploads\/sites\/3\/2020\/02\/fretboard_icon_black-64px.png\",\"width\":64,\"height\":107,\"caption\":\"TuCuatro\"},\"image\":{\"@id\":\"https:\/\/tucuatro.com\/es\/#\/schema\/logo\/image\/\"},\"sameAs\":[\"https:\/\/facebook.com\/tucuatrodigital\",\"https:\/\/x.com\/tucuatro\"]}]}<\/script>\n<!-- \/ Yoast SEO plugin. -->","yoast_head_json":{"title":"Calculadora de Acordes para Cuatro - TuCuatro - El Cuatro Venezolano","description":"Calculadora de Acordes y Tonos para canciones con Cuatro.","robots":{"index":"index","follow":"follow","max-snippet":"max-snippet:-1","max-image-preview":"max-image-preview:large","max-video-preview":"max-video-preview:-1"},"canonical":"https:\/\/tucuatro.com\/es\/acordes\/calculadora-de-acordes-para-cuatro\/","og_locale":"es_ES","og_type":"article","og_title":"Calculadora de Acordes para Cuatro - TuCuatro - El Cuatro Venezolano","og_description":"Calculadora de Acordes y Tonos para canciones con Cuatro.","og_url":"https:\/\/tucuatro.com\/es\/acordes\/calculadora-de-acordes-para-cuatro\/","og_site_name":"TuCuatro - El Cuatro Venezolano","article_publisher":"https:\/\/facebook.com\/tucuatrodigital","article_modified_time":"2020-04-28T19:11:26+00:00","og_image":[{"width":1200,"height":628,"url":"https:\/\/tucuatro.com\/es\/wp-content\/uploads\/sites\/3\/2020\/02\/tucuatro-featured-image.jpg","type":"image\/jpeg"}],"twitter_card":"summary_large_image","twitter_site":"@tucuatro","twitter_misc":{"Tiempo de lectura":"1 minuto"},"schema":{"@context":"https:\/\/schema.org","@graph":[{"@type":"WebPage","@id":"https:\/\/tucuatro.com\/es\/acordes\/calculadora-de-acordes-para-cuatro\/","url":"https:\/\/tucuatro.com\/es\/acordes\/calculadora-de-acordes-para-cuatro\/","name":"Calculadora de Acordes para Cuatro - TuCuatro - El Cuatro Venezolano","isPartOf":{"@id":"https:\/\/tucuatro.com\/es\/#website"},"datePublished":"2015-11-01T14:04:03+00:00","dateModified":"2020-04-28T19:11:26+00:00","description":"Calculadora de Acordes y Tonos para canciones con Cuatro.","breadcrumb":{"@id":"https:\/\/tucuatro.com\/es\/acordes\/calculadora-de-acordes-para-cuatro\/#breadcrumb"},"inLanguage":"es","potentialAction":[{"@type":"ReadAction","target":["https:\/\/tucuatro.com\/es\/acordes\/calculadora-de-acordes-para-cuatro\/"]}]},{"@type":"BreadcrumbList","@id":"https:\/\/tucuatro.com\/es\/acordes\/calculadora-de-acordes-para-cuatro\/#breadcrumb","itemListElement":[{"@type":"ListItem","position":1,"name":"Portada","item":"https:\/\/tucuatro.com\/es\/"},{"@type":"ListItem","position":2,"name":"Herramientas para aprender acordes de Cuatro y lista de acordes","item":"https:\/\/tucuatro.com\/es\/acordes\/"},{"@type":"ListItem","position":3,"name":"Calculadora de Acordes para Cuatro"}]},{"@type":"WebSite","@id":"https:\/\/tucuatro.com\/es\/#website","url":"https:\/\/tucuatro.com\/es\/","name":"TuCuatro","description":"TuCuatro","publisher":{"@id":"https:\/\/tucuatro.com\/es\/#organization"},"potentialAction":[{"@type":"SearchAction","target":{"@type":"EntryPoint","urlTemplate":"https:\/\/tucuatro.com\/es\/?s={search_term_string}"},"query-input":{"@type":"PropertyValueSpecification","valueRequired":true,"valueName":"search_term_string"}}],"inLanguage":"es"},{"@type":"Organization","@id":"https:\/\/tucuatro.com\/es\/#organization","name":"TuCuatro","url":"https:\/\/tucuatro.com\/es\/","logo":{"@type":"ImageObject","inLanguage":"es","@id":"https:\/\/tucuatro.com\/es\/#\/schema\/logo\/image\/","url":"https:\/\/tucuatro.com\/es\/wp-content\/uploads\/sites\/3\/2020\/02\/fretboard_icon_black-64px.png","contentUrl":"https:\/\/tucuatro.com\/es\/wp-content\/uploads\/sites\/3\/2020\/02\/fretboard_icon_black-64px.png","width":64,"height":107,"caption":"TuCuatro"},"image":{"@id":"https:\/\/tucuatro.com\/es\/#\/schema\/logo\/image\/"},"sameAs":["https:\/\/facebook.com\/tucuatrodigital","https:\/\/x.com\/tucuatro"]}]}},"_links":{"self":[{"href":"https:\/\/tucuatro.com\/es\/wp-json\/wp\/v2\/pages\/4531","targetHints":{"allow":["GET"]}}],"collection":[{"href":"https:\/\/tucuatro.com\/es\/wp-json\/wp\/v2\/pages"}],"about":[{"href":"https:\/\/tucuatro.com\/es\/wp-json\/wp\/v2\/types\/page"}],"author":[{"embeddable":true,"href":"https:\/\/tucuatro.com\/es\/wp-json\/wp\/v2\/users\/1"}],"replies":[{"embeddable":true,"href":"https:\/\/tucuatro.com\/es\/wp-json\/wp\/v2\/comments?post=4531"}],"version-history":[{"count":0,"href":"https:\/\/tucuatro.com\/es\/wp-json\/wp\/v2\/pages\/4531\/revisions"}],"up":[{"embeddable":true,"href":"https:\/\/tucuatro.com\/es\/wp-json\/wp\/v2\/pages\/4517"}],"wp:attachment":[{"href":"https:\/\/tucuatro.com\/es\/wp-json\/wp\/v2\/media?parent=4531"}],"curies":[{"name":"wp","href":"https:\/\/api.w.org\/{rel}","templated":true}]}}