{"id":8206,"date":"2016-03-08T19:18:27","date_gmt":"2016-03-08T23:48:27","guid":{"rendered":"https:\/\/tucuatro.com\/es\/?page_id=8206"},"modified":"2020-05-05T21:01:39","modified_gmt":"2020-05-06T01:01:39","slug":"bandola-llanera","status":"publish","type":"page","link":"https:\/\/tucuatro.com\/es\/instrumentos\/bandola-llanera\/","title":{"rendered":"Aprende a tocar la Bandola Llanera por Internet"},"content":{"rendered":"\n<p>La<strong> Bandola Llanera<\/strong> es uno de los instrumentos principales de la m\u00fasica que se interpreta en el <strong>Llano Colombo-Venezolano<\/strong>.<\/p>\n\n\n\n<p>La Bandola Llanera es una variaci\u00f3n de la Bandola, un cord\u00f3fono <strong>compartido entre Venezuela y Colombia<\/strong> que est\u00e1 relacionado a la familia de la Mandolina. Esta variaci\u00f3n&nbsp;de la Bandola s\u00f3lo tiene 7 trastes y utiliza cuerdas de nylon.<\/p>\n\n\n\n<div class=\"wp-block-image\"><figure class=\"aligncenter\"><a href=\"https:\/\/tucuatro.com\/aprende\/cursos\/bandola\/\"><img decoding=\"async\" src=\"\/images\/instruments\/full\/bandola.png\" alt=\"\"\/><\/a><\/figure><\/div>\n\n\n\n<h3 class=\"wp-block-heading\">Int\u00e9rpretes de la Bandola Llanera<\/h3>\n\n\n\n<p>Sa\u00fal Vera y Moises Torrealba se conocen como los mejores int\u00e9rpretes y m\u00fasicos que utilizan este instrumento llanero.<\/p>\n\n\n\n<h3 class=\"wp-block-heading\">Programas de Aprendizaje de la Bandola Llanera<\/h3>\n\n\n\n<p>Revisa los programas de aprendizaje de la Bandola Llanera que est\u00e1n disponibles en TuCuatro. Entra ahora y escoge el programa que m\u00e1s se adapte a tu nivel para que comiences a realizar los cursos de manera secuencial. Cada curso tiene un costo seg\u00fan la cantidad de material y profesor que lo dicta y una vez que adquieres cada curso, \u00a1tienes acceso de por vida!.<\/p>\n\n\n\n<div class=\"wp-block-buttons aligncenter is-layout-flex wp-block-buttons-is-layout-flex\">\n<div class=\"wp-block-button\"><a class=\"wp-block-button__link\" href=\"https:\/\/tucuatro.com\/aprende\/cursos\/bandola\/\">Cursos para la Bandola<\/a><\/div>\n<\/div>\n","protected":false},"excerpt":{"rendered":"<p>Aprende acerca de la Bandola Llanera y los primeros pasos para comenzar a tocarla<\/p>\n","protected":false},"author":1,"featured_media":0,"parent":8196,"menu_order":0,"comment_status":"closed","ping_status":"closed","template":"","meta":{"content-type":"","footnotes":""},"class_list":["post-8206","page","type-page","status-publish","hentry"],"yoast_head":"<!-- This site is optimized with the Yoast SEO plugin v27.2 - https:\/\/yoast.com\/product\/yoast-seo-wordpress\/ -->\n<title>Aprende a tocar la Bandola Llanera por Internet - TuCuatro - El Cuatro Venezolano<\/title>\n<meta name=\"description\" content=\"Aprende acerca de la Bandola Llanera y los primeros pasos para comenzar a tocarla\" \/>\n<meta name=\"robots\" content=\"index, follow, max-snippet:-1, max-image-preview:large, max-video-preview:-1\" \/>\n<link rel=\"canonical\" href=\"https:\/\/tucuatro.com\/es\/instrumentos\/bandola-llanera\/\" \/>\n<meta property=\"og:locale\" content=\"es_ES\" \/>\n<meta property=\"og:type\" content=\"article\" \/>\n<meta property=\"og:title\" content=\"Aprende a tocar la Bandola Llanera por Internet - TuCuatro - El Cuatro Venezolano\" \/>\n<meta property=\"og:description\" content=\"Aprende acerca de la Bandola Llanera y los primeros pasos para comenzar a tocarla\" \/>\n<meta property=\"og:url\" content=\"https:\/\/tucuatro.com\/es\/instrumentos\/bandola-llanera\/\" \/>\n<meta property=\"og:site_name\" content=\"TuCuatro - El Cuatro Venezolano\" \/>\n<meta property=\"article:publisher\" content=\"https:\/\/facebook.com\/tucuatrodigital\" \/>\n<meta property=\"article:modified_time\" content=\"2020-05-06T01:01:39+00:00\" \/>\n<meta property=\"og:image\" content=\"https:\/\/tucuatro.com\/es\/wp-content\/uploads\/sites\/3\/2020\/02\/tucuatro-featured-image.jpg\" \/>\n\t<meta property=\"og:image:width\" content=\"1200\" \/>\n\t<meta property=\"og:image:height\" content=\"628\" \/>\n\t<meta property=\"og:image:type\" content=\"image\/jpeg\" \/>\n<meta name=\"twitter:card\" content=\"summary_large_image\" \/>\n<meta name=\"twitter:site\" content=\"@tucuatro\" \/>\n<meta name=\"twitter:label1\" content=\"Tiempo de lectura\" \/>\n\t<meta name=\"twitter:data1\" content=\"1 minuto\" \/>\n<script type=\"application\/ld+json\" class=\"yoast-schema-graph\">{\"@context\":\"https:\/\/schema.org\",\"@graph\":[{\"@type\":\"WebPage\",\"@id\":\"https:\/\/tucuatro.com\/es\/instrumentos\/bandola-llanera\/\",\"url\":\"https:\/\/tucuatro.com\/es\/instrumentos\/bandola-llanera\/\",\"name\":\"Aprende a tocar la Bandola Llanera por Internet - TuCuatro - El Cuatro Venezolano\",\"isPartOf\":{\"@id\":\"https:\/\/tucuatro.com\/es\/#website\"},\"datePublished\":\"2016-03-08T23:48:27+00:00\",\"dateModified\":\"2020-05-06T01:01:39+00:00\",\"description\":\"Aprende acerca de la Bandola Llanera y los primeros pasos para comenzar a tocarla\",\"breadcrumb\":{\"@id\":\"https:\/\/tucuatro.com\/es\/instrumentos\/bandola-llanera\/#breadcrumb\"},\"inLanguage\":\"es\",\"potentialAction\":[{\"@type\":\"ReadAction\",\"target\":[\"https:\/\/tucuatro.com\/es\/instrumentos\/bandola-llanera\/\"]}]},{\"@type\":\"BreadcrumbList\",\"@id\":\"https:\/\/tucuatro.com\/es\/instrumentos\/bandola-llanera\/#breadcrumb\",\"itemListElement\":[{\"@type\":\"ListItem\",\"position\":1,\"name\":\"Portada\",\"item\":\"https:\/\/tucuatro.com\/es\/\"},{\"@type\":\"ListItem\",\"position\":2,\"name\":\"C\u00f3mo tocar Cuatro y otros Instrumentos\",\"item\":\"https:\/\/tucuatro.com\/es\/instrumentos\/\"},{\"@type\":\"ListItem\",\"position\":3,\"name\":\"Aprende a tocar la Bandola Llanera por Internet\"}]},{\"@type\":\"WebSite\",\"@id\":\"https:\/\/tucuatro.com\/es\/#website\",\"url\":\"https:\/\/tucuatro.com\/es\/\",\"name\":\"TuCuatro\",\"description\":\"TuCuatro\",\"publisher\":{\"@id\":\"https:\/\/tucuatro.com\/es\/#organization\"},\"potentialAction\":[{\"@type\":\"SearchAction\",\"target\":{\"@type\":\"EntryPoint\",\"urlTemplate\":\"https:\/\/tucuatro.com\/es\/?s={search_term_string}\"},\"query-input\":{\"@type\":\"PropertyValueSpecification\",\"valueRequired\":true,\"valueName\":\"search_term_string\"}}],\"inLanguage\":\"es\"},{\"@type\":\"Organization\",\"@id\":\"https:\/\/tucuatro.com\/es\/#organization\",\"name\":\"TuCuatro\",\"url\":\"https:\/\/tucuatro.com\/es\/\",\"logo\":{\"@type\":\"ImageObject\",\"inLanguage\":\"es\",\"@id\":\"https:\/\/tucuatro.com\/es\/#\/schema\/logo\/image\/\",\"url\":\"https:\/\/tucuatro.com\/es\/wp-content\/uploads\/sites\/3\/2020\/02\/fretboard_icon_black-64px.png\",\"contentUrl\":\"https:\/\/tucuatro.com\/es\/wp-content\/uploads\/sites\/3\/2020\/02\/fretboard_icon_black-64px.png\",\"width\":64,\"height\":107,\"caption\":\"TuCuatro\"},\"image\":{\"@id\":\"https:\/\/tucuatro.com\/es\/#\/schema\/logo\/image\/\"},\"sameAs\":[\"https:\/\/facebook.com\/tucuatrodigital\",\"https:\/\/x.com\/tucuatro\"]}]}<\/script>\n<!-- \/ Yoast SEO plugin. -->","yoast_head_json":{"title":"Aprende a tocar la Bandola Llanera por Internet - TuCuatro - El Cuatro Venezolano","description":"Aprende acerca de la Bandola Llanera y los primeros pasos para comenzar a tocarla","robots":{"index":"index","follow":"follow","max-snippet":"max-snippet:-1","max-image-preview":"max-image-preview:large","max-video-preview":"max-video-preview:-1"},"canonical":"https:\/\/tucuatro.com\/es\/instrumentos\/bandola-llanera\/","og_locale":"es_ES","og_type":"article","og_title":"Aprende a tocar la Bandola Llanera por Internet - TuCuatro - El Cuatro Venezolano","og_description":"Aprende acerca de la Bandola Llanera y los primeros pasos para comenzar a tocarla","og_url":"https:\/\/tucuatro.com\/es\/instrumentos\/bandola-llanera\/","og_site_name":"TuCuatro - El Cuatro Venezolano","article_publisher":"https:\/\/facebook.com\/tucuatrodigital","article_modified_time":"2020-05-06T01:01:39+00:00","og_image":[{"width":1200,"height":628,"url":"https:\/\/tucuatro.com\/es\/wp-content\/uploads\/sites\/3\/2020\/02\/tucuatro-featured-image.jpg","type":"image\/jpeg"}],"twitter_card":"summary_large_image","twitter_site":"@tucuatro","twitter_misc":{"Tiempo de lectura":"1 minuto"},"schema":{"@context":"https:\/\/schema.org","@graph":[{"@type":"WebPage","@id":"https:\/\/tucuatro.com\/es\/instrumentos\/bandola-llanera\/","url":"https:\/\/tucuatro.com\/es\/instrumentos\/bandola-llanera\/","name":"Aprende a tocar la Bandola Llanera por Internet - TuCuatro - El Cuatro Venezolano","isPartOf":{"@id":"https:\/\/tucuatro.com\/es\/#website"},"datePublished":"2016-03-08T23:48:27+00:00","dateModified":"2020-05-06T01:01:39+00:00","description":"Aprende acerca de la Bandola Llanera y los primeros pasos para comenzar a tocarla","breadcrumb":{"@id":"https:\/\/tucuatro.com\/es\/instrumentos\/bandola-llanera\/#breadcrumb"},"inLanguage":"es","potentialAction":[{"@type":"ReadAction","target":["https:\/\/tucuatro.com\/es\/instrumentos\/bandola-llanera\/"]}]},{"@type":"BreadcrumbList","@id":"https:\/\/tucuatro.com\/es\/instrumentos\/bandola-llanera\/#breadcrumb","itemListElement":[{"@type":"ListItem","position":1,"name":"Portada","item":"https:\/\/tucuatro.com\/es\/"},{"@type":"ListItem","position":2,"name":"C\u00f3mo tocar Cuatro y otros Instrumentos","item":"https:\/\/tucuatro.com\/es\/instrumentos\/"},{"@type":"ListItem","position":3,"name":"Aprende a tocar la Bandola Llanera por Internet"}]},{"@type":"WebSite","@id":"https:\/\/tucuatro.com\/es\/#website","url":"https:\/\/tucuatro.com\/es\/","name":"TuCuatro","description":"TuCuatro","publisher":{"@id":"https:\/\/tucuatro.com\/es\/#organization"},"potentialAction":[{"@type":"SearchAction","target":{"@type":"EntryPoint","urlTemplate":"https:\/\/tucuatro.com\/es\/?s={search_term_string}"},"query-input":{"@type":"PropertyValueSpecification","valueRequired":true,"valueName":"search_term_string"}}],"inLanguage":"es"},{"@type":"Organization","@id":"https:\/\/tucuatro.com\/es\/#organization","name":"TuCuatro","url":"https:\/\/tucuatro.com\/es\/","logo":{"@type":"ImageObject","inLanguage":"es","@id":"https:\/\/tucuatro.com\/es\/#\/schema\/logo\/image\/","url":"https:\/\/tucuatro.com\/es\/wp-content\/uploads\/sites\/3\/2020\/02\/fretboard_icon_black-64px.png","contentUrl":"https:\/\/tucuatro.com\/es\/wp-content\/uploads\/sites\/3\/2020\/02\/fretboard_icon_black-64px.png","width":64,"height":107,"caption":"TuCuatro"},"image":{"@id":"https:\/\/tucuatro.com\/es\/#\/schema\/logo\/image\/"},"sameAs":["https:\/\/facebook.com\/tucuatrodigital","https:\/\/x.com\/tucuatro"]}]}},"_links":{"self":[{"href":"https:\/\/tucuatro.com\/es\/wp-json\/wp\/v2\/pages\/8206","targetHints":{"allow":["GET"]}}],"collection":[{"href":"https:\/\/tucuatro.com\/es\/wp-json\/wp\/v2\/pages"}],"about":[{"href":"https:\/\/tucuatro.com\/es\/wp-json\/wp\/v2\/types\/page"}],"author":[{"embeddable":true,"href":"https:\/\/tucuatro.com\/es\/wp-json\/wp\/v2\/users\/1"}],"replies":[{"embeddable":true,"href":"https:\/\/tucuatro.com\/es\/wp-json\/wp\/v2\/comments?post=8206"}],"version-history":[{"count":0,"href":"https:\/\/tucuatro.com\/es\/wp-json\/wp\/v2\/pages\/8206\/revisions"}],"up":[{"embeddable":true,"href":"https:\/\/tucuatro.com\/es\/wp-json\/wp\/v2\/pages\/8196"}],"wp:attachment":[{"href":"https:\/\/tucuatro.com\/es\/wp-json\/wp\/v2\/media?parent=8206"}],"curies":[{"name":"wp","href":"https:\/\/api.w.org\/{rel}","templated":true}]}}