{"id":8274,"date":"2016-03-09T16:46:28","date_gmt":"2016-03-09T21:16:28","guid":{"rendered":"https:\/\/tucuatro.com\/es\/?page_id=8274"},"modified":"2016-03-09T16:46:28","modified_gmt":"2016-03-09T21:16:28","slug":"unete-al-team-de-profesores-de-tucuatro-com","status":"publish","type":"page","link":"https:\/\/tucuatro.com\/es\/unete-al-team-de-profesores-de-tucuatro-com\/","title":{"rendered":"Dar clases en linea con TuCuatro.com!"},"content":{"rendered":"<p style=\"text-align: left\">Estimado m\u00fasico,<\/p>\n<p>Tienes algunos m\u00e9todos de aprendizaje o t\u00e9cnica particular que te gustar\u00eda compartir? Eres un especialista en alg\u00fan g\u00e9nero quien le encanta ense\u00f1ar a cuatristas perspectivos? Te gustar\u00eda tener acceso a la comunidad m\u00e1s extensiva de estudiantes y personas interesados en aprender como tocar instrumentos folkl\u00f3ricos?<\/p>\n<p class=\"box-borderwhite\" style=\"text-align: center\"><a href=\"https:\/\/tucuatro.com\/registrate\/\">\u00a1Crea tu cuenta ahora!<\/a><\/p>\n<table style=\"width: 1000px\" border=\"0\" cellspacing=\"1\" cellpadding=\"1\" align=\"center\">\n<tbody>\n<tr>\n<td style=\"width: 562px\">En TuCuatro.com te invitamos a compartir tu habilidad como cuatrista y instructor con el \u00fanico portal en la web 100% dedicado a los instrumentos folkl\u00f3ricos. Nuestro base de miembros es muy extensa y cada d\u00eda se registran m\u00e1s cuatristas perspectivos.<\/p>\n<ul>\n<li>Podr\u00e1s interactuar con los alumnos y alimentar tu base de datos para dar clases u ofrecer tu material.<\/li>\n<li>Podr\u00e1s darte a conocer como cuatrista subiendo tus videos y mostrando tus conocimientos<\/li>\n<\/ul>\n<p>&nbsp;<\/td>\n<td style=\"width: 431px;text-align: center\" rowspan=\"2\"><img decoding=\"async\" class=\"\" style=\"height: 237px;width: 368px\" src=\"\/vzla\/images\/home_screenshot.png\" alt=\"\"><\/td>\n<\/tr>\n<tr>\n<td style=\"width: 562px\">&nbsp;<\/p>\n<p>&nbsp;<\/td>\n<\/tr>\n<\/tbody>\n<\/table>\n<p>Con TuCuatro.com tendr\u00e1s tu propio pagina de perfil de profesores que contiene:<\/p>\n<table style=\"width: 1000px\" border=\"0\" cellspacing=\"1\" cellpadding=\"1\" align=\"center\">\n<tbody>\n<tr>\n<td style=\"text-align: center\"><img decoding=\"async\" class=\"\" style=\"height: 206px;width: 341px\" src=\"\/vzla\/images\/vimeo_screenshot.png\" alt=\"\"><\/td>\n<td>\n<p style=\"margin-left: 40px\"><img decoding=\"async\" style=\"height: 20px;width: 20px\" src=\"\/vzla\/images\/checkmark_small.png\" alt=\"\">&nbsp;Una bio profesional donde podr\u00e1s compartir tu experiencia y demostrar tu capacidad<\/p>\n<p style=\"margin-left: 40px\"><img decoding=\"async\" style=\"height: 20px;width: 20px\" src=\"\/vzla\/images\/checkmark_small.png\" alt=\"\">Los links directos a todas las clases que hayas escrito y publicado en TuCuatro.com<\/p>\n<p style=\"margin-left: 40px\"><img decoding=\"async\" style=\"height: 20px;width: 20px\" src=\"\/vzla\/images\/checkmark_small.png\" alt=\"\">Tus interpretaciones de canciones particulares<\/p>\n<p style=\"margin-left: 40px\"><img decoding=\"async\" style=\"height: 20px;width: 20px\" src=\"\/vzla\/images\/checkmark_small.png\" alt=\"\">La opci\u00f3n de interactuar directamente de estudiantes<\/p>\n<p style=\"margin-left: 40px\"><img decoding=\"async\" style=\"height: 20px;width: 20px\" src=\"\/vzla\/images\/checkmark_small.png\" alt=\"\">Hacer publicidad de eventos o seminarios particulares<\/p>\n<\/td>\n<\/tr>\n<\/tbody>\n<\/table>\n<p class=\"box-hint\" style=\"text-align: center\"><a href=\"https:\/\/tucuatro.com\/es\/member\/luisnatera\/\">Mira un ejemplo del perfil de un profesor<\/a><\/p>\n<p>TuCuatro.com te permitir\u00e1 tener tu propia cuenta de profesores donde tendr\u00e1s acceso a todas las herramientas necesarias para poder escribir y presentar lecciones con tu propio toque personal! Nuestras herramientas incluyen la habilidad de presentar acordes, tablaturas, imagenes u0026amp; videos.<\/p>\n<table style=\"width: 500px\" border=\"0\" cellspacing=\"1\" cellpadding=\"1\" align=\"center\">\n<tbody>\n<tr>\n<td style=\"text-align: center\"><span style=\"text-align: center\"><img decoding=\"async\" src=\"https:\/\/tucuatro.com\/images\/acordes\/large\/jpeg\/2.3.1.3.jpeg\" alt=\"\" width=\"400\"><\/span><\/td>\n<td style=\"text-align: center\"><\/td>\n<td style=\"text-align: center\"><span style=\"text-align: center\"><img decoding=\"async\" src=\"https:\/\/tucuatro.com\/images\/acordes\/large\/jpeg\/3.2.1.1.jpeg\" alt=\"\" width=\"400\"><\/span><\/td>\n<\/tr>\n<\/tbody>\n<\/table>\n<div id=\"tablature\">\n<div class=\"content\">\n<div class=\"string four\">1 &nbsp; &nbsp; &nbsp; &nbsp; &nbsp; &nbsp; &nbsp; &nbsp; &nbsp; &nbsp; &nbsp; &nbsp; &nbsp; &nbsp; &nbsp; &nbsp; &nbsp; &nbsp; &nbsp;1 &nbsp; &nbsp; &nbsp; &nbsp; &nbsp; &nbsp; &nbsp; &nbsp; &nbsp; &nbsp; &nbsp; &nbsp; &nbsp; &nbsp; &nbsp; &nbsp; &nbsp; &nbsp; &nbsp; &nbsp; &nbsp; &nbsp;1<\/div>\n<div class=\"string three\">&nbsp; &nbsp; 2 &nbsp; &nbsp; &nbsp; &nbsp; &nbsp; &nbsp; &nbsp; &nbsp; &nbsp; &nbsp; &nbsp; &nbsp; &nbsp;2 &nbsp; &nbsp; &nbsp; &nbsp; &nbsp; &nbsp; &nbsp;2 &nbsp; &nbsp; &nbsp; &nbsp; &nbsp; &nbsp; &nbsp; &nbsp; &nbsp; &nbsp; &nbsp; &nbsp; &nbsp; &nbsp; &nbsp;2<\/div>\n<div class=\"string two\">&nbsp; &nbsp; &nbsp; &nbsp; &nbsp;3 &nbsp; &nbsp; &nbsp; &nbsp; &nbsp; &nbsp; 3 &nbsp; &nbsp; &nbsp; &nbsp; &nbsp; &nbsp; &nbsp; &nbsp; &nbsp; &nbsp; &nbsp; &nbsp; &nbsp; &nbsp; &nbsp;3 &nbsp; &nbsp; &nbsp; &nbsp; &nbsp; &nbsp; &nbsp;3<\/div>\n<div class=\"string one\">&nbsp; &nbsp; &nbsp; &nbsp; &nbsp; &nbsp; &nbsp; &nbsp; 4 &nbsp; &nbsp; &nbsp; &nbsp; &nbsp; &nbsp; &nbsp; &nbsp; &nbsp; &nbsp; &nbsp; &nbsp; &nbsp; &nbsp; &nbsp; &nbsp; &nbsp; &nbsp; &nbsp; &nbsp; &nbsp; &nbsp; 4<\/div>\n<\/div>\n<\/div>\n<p>&nbsp;<\/p>\n<p>&nbsp;<\/p>\n<p class=\"box-borderwhite\">\u00bfInteresado? Crea tu cuenta en TuCuatro y escr\u00edbanos a <a href=\"mailto:contacto@tucuatro.com?subject=Cuenta%20Profesores\">contacto@tucuatro.com<\/a>&nbsp;para darte acceso como&nbsp;profesor.<\/p>\n<p>Atentamente,<\/p>\n<p>El Equipo de TuCuatro<\/p>\n<p><span style=\"font-style: normal\"><span style=\"background-color: #ffffff\"><span id=\"cke_bm_67E\">&nbsp;<\/span><\/span><\/span><\/p>\n<p><span>&nbsp;<\/span><\/p>\n","protected":false},"excerpt":{"rendered":"<p>En TuCuatro los profesores tienen una cuenta personalizada donde pueden escribir lecciones, darse a conocer y publicitar sus eventos y conciertos.<\/p>\n","protected":false},"author":1,"featured_media":0,"parent":0,"menu_order":0,"comment_status":"closed","ping_status":"closed","template":"","meta":{"content-type":"","footnotes":""},"class_list":["post-8274","page","type-page","status-publish","hentry"],"yoast_head":"<!-- This site is optimized with the Yoast SEO plugin v27.2 - https:\/\/yoast.com\/product\/yoast-seo-wordpress\/ -->\n<title>Dar clases en linea con TuCuatro.com! - TuCuatro - El Cuatro Venezolano<\/title>\n<meta name=\"description\" content=\"En TuCuatro los profesores tienen una cuenta personalizada donde pueden escribir lecciones, darse a conocer y publicitar sus eventos y conciertos.\" \/>\n<meta name=\"robots\" content=\"index, follow, max-snippet:-1, max-image-preview:large, max-video-preview:-1\" \/>\n<link rel=\"canonical\" href=\"https:\/\/tucuatro.com\/es\/unete-al-team-de-profesores-de-tucuatro-com\/\" \/>\n<meta property=\"og:locale\" content=\"es_ES\" \/>\n<meta property=\"og:type\" content=\"article\" \/>\n<meta property=\"og:title\" content=\"Dar clases en linea con TuCuatro.com! - TuCuatro - El Cuatro Venezolano\" \/>\n<meta property=\"og:description\" content=\"En TuCuatro los profesores tienen una cuenta personalizada donde pueden escribir lecciones, darse a conocer y publicitar sus eventos y conciertos.\" \/>\n<meta property=\"og:url\" content=\"https:\/\/tucuatro.com\/es\/unete-al-team-de-profesores-de-tucuatro-com\/\" \/>\n<meta property=\"og:site_name\" content=\"TuCuatro - El Cuatro Venezolano\" \/>\n<meta property=\"article:publisher\" content=\"https:\/\/facebook.com\/tucuatrodigital\" \/>\n<meta property=\"og:image\" content=\"https:\/\/tucuatro.com\/images\/acordes\/large\/jpeg\/2.3.1.3.jpeg\" \/>\n<meta name=\"twitter:card\" content=\"summary_large_image\" \/>\n<meta name=\"twitter:site\" content=\"@tucuatro\" \/>\n<meta name=\"twitter:label1\" content=\"Tiempo de lectura\" \/>\n\t<meta name=\"twitter:data1\" content=\"2 minutos\" \/>\n<script type=\"application\/ld+json\" class=\"yoast-schema-graph\">{\"@context\":\"https:\/\/schema.org\",\"@graph\":[{\"@type\":\"WebPage\",\"@id\":\"https:\/\/tucuatro.com\/es\/unete-al-team-de-profesores-de-tucuatro-com\/\",\"url\":\"https:\/\/tucuatro.com\/es\/unete-al-team-de-profesores-de-tucuatro-com\/\",\"name\":\"Dar clases en linea con TuCuatro.com! - TuCuatro - El Cuatro Venezolano\",\"isPartOf\":{\"@id\":\"https:\/\/tucuatro.com\/es\/#website\"},\"primaryImageOfPage\":{\"@id\":\"https:\/\/tucuatro.com\/es\/unete-al-team-de-profesores-de-tucuatro-com\/#primaryimage\"},\"image\":{\"@id\":\"https:\/\/tucuatro.com\/es\/unete-al-team-de-profesores-de-tucuatro-com\/#primaryimage\"},\"thumbnailUrl\":\"https:\/\/tucuatro.com\/images\/acordes\/large\/jpeg\/2.3.1.3.jpeg\",\"datePublished\":\"2016-03-09T21:16:28+00:00\",\"description\":\"En TuCuatro los profesores tienen una cuenta personalizada donde pueden escribir lecciones, darse a conocer y publicitar sus eventos y conciertos.\",\"breadcrumb\":{\"@id\":\"https:\/\/tucuatro.com\/es\/unete-al-team-de-profesores-de-tucuatro-com\/#breadcrumb\"},\"inLanguage\":\"es\",\"potentialAction\":[{\"@type\":\"ReadAction\",\"target\":[\"https:\/\/tucuatro.com\/es\/unete-al-team-de-profesores-de-tucuatro-com\/\"]}]},{\"@type\":\"ImageObject\",\"inLanguage\":\"es\",\"@id\":\"https:\/\/tucuatro.com\/es\/unete-al-team-de-profesores-de-tucuatro-com\/#primaryimage\",\"url\":\"https:\/\/tucuatro.com\/images\/acordes\/large\/jpeg\/2.3.1.3.jpeg\",\"contentUrl\":\"https:\/\/tucuatro.com\/images\/acordes\/large\/jpeg\/2.3.1.3.jpeg\"},{\"@type\":\"BreadcrumbList\",\"@id\":\"https:\/\/tucuatro.com\/es\/unete-al-team-de-profesores-de-tucuatro-com\/#breadcrumb\",\"itemListElement\":[{\"@type\":\"ListItem\",\"position\":1,\"name\":\"Portada\",\"item\":\"https:\/\/tucuatro.com\/es\/\"},{\"@type\":\"ListItem\",\"position\":2,\"name\":\"Dar clases en linea con TuCuatro.com!\"}]},{\"@type\":\"WebSite\",\"@id\":\"https:\/\/tucuatro.com\/es\/#website\",\"url\":\"https:\/\/tucuatro.com\/es\/\",\"name\":\"TuCuatro\",\"description\":\"TuCuatro\",\"publisher\":{\"@id\":\"https:\/\/tucuatro.com\/es\/#organization\"},\"potentialAction\":[{\"@type\":\"SearchAction\",\"target\":{\"@type\":\"EntryPoint\",\"urlTemplate\":\"https:\/\/tucuatro.com\/es\/?s={search_term_string}\"},\"query-input\":{\"@type\":\"PropertyValueSpecification\",\"valueRequired\":true,\"valueName\":\"search_term_string\"}}],\"inLanguage\":\"es\"},{\"@type\":\"Organization\",\"@id\":\"https:\/\/tucuatro.com\/es\/#organization\",\"name\":\"TuCuatro\",\"url\":\"https:\/\/tucuatro.com\/es\/\",\"logo\":{\"@type\":\"ImageObject\",\"inLanguage\":\"es\",\"@id\":\"https:\/\/tucuatro.com\/es\/#\/schema\/logo\/image\/\",\"url\":\"https:\/\/tucuatro.com\/es\/wp-content\/uploads\/sites\/3\/2020\/02\/fretboard_icon_black-64px.png\",\"contentUrl\":\"https:\/\/tucuatro.com\/es\/wp-content\/uploads\/sites\/3\/2020\/02\/fretboard_icon_black-64px.png\",\"width\":64,\"height\":107,\"caption\":\"TuCuatro\"},\"image\":{\"@id\":\"https:\/\/tucuatro.com\/es\/#\/schema\/logo\/image\/\"},\"sameAs\":[\"https:\/\/facebook.com\/tucuatrodigital\",\"https:\/\/x.com\/tucuatro\"]}]}<\/script>\n<!-- \/ Yoast SEO plugin. -->","yoast_head_json":{"title":"Dar clases en linea con TuCuatro.com! - TuCuatro - El Cuatro Venezolano","description":"En TuCuatro los profesores tienen una cuenta personalizada donde pueden escribir lecciones, darse a conocer y publicitar sus eventos y conciertos.","robots":{"index":"index","follow":"follow","max-snippet":"max-snippet:-1","max-image-preview":"max-image-preview:large","max-video-preview":"max-video-preview:-1"},"canonical":"https:\/\/tucuatro.com\/es\/unete-al-team-de-profesores-de-tucuatro-com\/","og_locale":"es_ES","og_type":"article","og_title":"Dar clases en linea con TuCuatro.com! - TuCuatro - El Cuatro Venezolano","og_description":"En TuCuatro los profesores tienen una cuenta personalizada donde pueden escribir lecciones, darse a conocer y publicitar sus eventos y conciertos.","og_url":"https:\/\/tucuatro.com\/es\/unete-al-team-de-profesores-de-tucuatro-com\/","og_site_name":"TuCuatro - El Cuatro Venezolano","article_publisher":"https:\/\/facebook.com\/tucuatrodigital","og_image":[{"url":"https:\/\/tucuatro.com\/images\/acordes\/large\/jpeg\/2.3.1.3.jpeg","type":"","width":"","height":""}],"twitter_card":"summary_large_image","twitter_site":"@tucuatro","twitter_misc":{"Tiempo de lectura":"2 minutos"},"schema":{"@context":"https:\/\/schema.org","@graph":[{"@type":"WebPage","@id":"https:\/\/tucuatro.com\/es\/unete-al-team-de-profesores-de-tucuatro-com\/","url":"https:\/\/tucuatro.com\/es\/unete-al-team-de-profesores-de-tucuatro-com\/","name":"Dar clases en linea con TuCuatro.com! - TuCuatro - El Cuatro Venezolano","isPartOf":{"@id":"https:\/\/tucuatro.com\/es\/#website"},"primaryImageOfPage":{"@id":"https:\/\/tucuatro.com\/es\/unete-al-team-de-profesores-de-tucuatro-com\/#primaryimage"},"image":{"@id":"https:\/\/tucuatro.com\/es\/unete-al-team-de-profesores-de-tucuatro-com\/#primaryimage"},"thumbnailUrl":"https:\/\/tucuatro.com\/images\/acordes\/large\/jpeg\/2.3.1.3.jpeg","datePublished":"2016-03-09T21:16:28+00:00","description":"En TuCuatro los profesores tienen una cuenta personalizada donde pueden escribir lecciones, darse a conocer y publicitar sus eventos y conciertos.","breadcrumb":{"@id":"https:\/\/tucuatro.com\/es\/unete-al-team-de-profesores-de-tucuatro-com\/#breadcrumb"},"inLanguage":"es","potentialAction":[{"@type":"ReadAction","target":["https:\/\/tucuatro.com\/es\/unete-al-team-de-profesores-de-tucuatro-com\/"]}]},{"@type":"ImageObject","inLanguage":"es","@id":"https:\/\/tucuatro.com\/es\/unete-al-team-de-profesores-de-tucuatro-com\/#primaryimage","url":"https:\/\/tucuatro.com\/images\/acordes\/large\/jpeg\/2.3.1.3.jpeg","contentUrl":"https:\/\/tucuatro.com\/images\/acordes\/large\/jpeg\/2.3.1.3.jpeg"},{"@type":"BreadcrumbList","@id":"https:\/\/tucuatro.com\/es\/unete-al-team-de-profesores-de-tucuatro-com\/#breadcrumb","itemListElement":[{"@type":"ListItem","position":1,"name":"Portada","item":"https:\/\/tucuatro.com\/es\/"},{"@type":"ListItem","position":2,"name":"Dar clases en linea con TuCuatro.com!"}]},{"@type":"WebSite","@id":"https:\/\/tucuatro.com\/es\/#website","url":"https:\/\/tucuatro.com\/es\/","name":"TuCuatro","description":"TuCuatro","publisher":{"@id":"https:\/\/tucuatro.com\/es\/#organization"},"potentialAction":[{"@type":"SearchAction","target":{"@type":"EntryPoint","urlTemplate":"https:\/\/tucuatro.com\/es\/?s={search_term_string}"},"query-input":{"@type":"PropertyValueSpecification","valueRequired":true,"valueName":"search_term_string"}}],"inLanguage":"es"},{"@type":"Organization","@id":"https:\/\/tucuatro.com\/es\/#organization","name":"TuCuatro","url":"https:\/\/tucuatro.com\/es\/","logo":{"@type":"ImageObject","inLanguage":"es","@id":"https:\/\/tucuatro.com\/es\/#\/schema\/logo\/image\/","url":"https:\/\/tucuatro.com\/es\/wp-content\/uploads\/sites\/3\/2020\/02\/fretboard_icon_black-64px.png","contentUrl":"https:\/\/tucuatro.com\/es\/wp-content\/uploads\/sites\/3\/2020\/02\/fretboard_icon_black-64px.png","width":64,"height":107,"caption":"TuCuatro"},"image":{"@id":"https:\/\/tucuatro.com\/es\/#\/schema\/logo\/image\/"},"sameAs":["https:\/\/facebook.com\/tucuatrodigital","https:\/\/x.com\/tucuatro"]}]}},"_links":{"self":[{"href":"https:\/\/tucuatro.com\/es\/wp-json\/wp\/v2\/pages\/8274","targetHints":{"allow":["GET"]}}],"collection":[{"href":"https:\/\/tucuatro.com\/es\/wp-json\/wp\/v2\/pages"}],"about":[{"href":"https:\/\/tucuatro.com\/es\/wp-json\/wp\/v2\/types\/page"}],"author":[{"embeddable":true,"href":"https:\/\/tucuatro.com\/es\/wp-json\/wp\/v2\/users\/1"}],"replies":[{"embeddable":true,"href":"https:\/\/tucuatro.com\/es\/wp-json\/wp\/v2\/comments?post=8274"}],"version-history":[{"count":0,"href":"https:\/\/tucuatro.com\/es\/wp-json\/wp\/v2\/pages\/8274\/revisions"}],"wp:attachment":[{"href":"https:\/\/tucuatro.com\/es\/wp-json\/wp\/v2\/media?parent=8274"}],"curies":[{"name":"wp","href":"https:\/\/api.w.org\/{rel}","templated":true}]}}