{"id":8581,"date":"2016-03-10T09:58:00","date_gmt":"2016-03-10T14:28:00","guid":{"rendered":"https:\/\/tucuatro.com\/es\/?page_id=8581"},"modified":"2020-05-02T19:14:13","modified_gmt":"2020-05-02T23:14:13","slug":"introduccion-al-cuatro-venezolano-o-cuatro-llanero","status":"publish","type":"page","link":"https:\/\/tucuatro.com\/es\/plus\/introduccion-al-cuatro-venezolano-o-cuatro-llanero\/","title":{"rendered":"Introduccion al Cuatro Venezolano o Cuatro Llanero"},"content":{"rendered":"\n<h2 class=\"wp-block-heading\">\u00a1Bienvenido a tu curso de Cuatro B\u00e1sico!<\/h2>\n\n\n\n<p>A continuaci\u00f3n algunos datos importantes relacionados al Cuatro Venezolano o Llanero&nbsp;que son importantes saber\u2026<\/p>\n\n\n\n<figure class=\"wp-block-table\"><table><tbody><tr><td><strong>\u2714<\/strong><img decoding=\"async\" src=\"\/vzla\/images\/icons\/Comic_Tiger\/32X32\/sound.png\" alt=\"\"><\/td><td>El cuatro es un instrumento de cuerda descendiente del cavaquinho portugu\u00e9s, familia directa de la guitarra de cuatro cuerdas del siglo XVI y probablemente hermano del ukelele hawaiano.<\/td><\/tr><tr><td><img decoding=\"async\" src=\"\/vzla\/images\/icons\/Comic_Tiger\/32X32\/sound.png\" alt=\"\"><strong>\u2714<\/strong><\/td><td>Te sorprender\u00e1s al saber que el tan popular \u201ccuatro venezolano\u201d es un instrumento conocido en el folklore de su pa\u00eds hermano Colombia, as\u00ed c\u00f3mo en islas caribe\u00f1as: Trinidad y Tobago, Aruba, Curazao y Bonaire.<\/td><\/tr><tr><td><img decoding=\"async\" src=\"\/vzla\/images\/icons\/Comic_Tiger\/32X32\/sound.png\" alt=\"\"><strong>\u2714<\/strong><\/td><td>Su afinaci\u00f3n popular es la del cam-bur-pin-t\u00f3n, a saber, La-Re-Fa#-Si<\/td><\/tr><tr><td><img decoding=\"async\" src=\"\/vzla\/images\/icons\/Comic_Tiger\/32X32\/sound.png\" alt=\"\"><strong>\u2714<\/strong><\/td><td>Sim\u00f3n D\u00edaz, Hern\u00e1n Gamboa, Cheo Hurtado y Freddy Reyna son algunos de los nombres de Grandes maestros que han marcado la ejecuci\u00f3n hist\u00f3rica de este instrumento.<\/td><\/tr><\/tbody><\/table><\/figure>\n\n\n\n<h2 class=\"wp-block-heading\">\u00bfC\u00f3mo voy a aprender a tocar cuatro en tucuatro.com?<\/h2>\n\n\n\n<p>El principal objetivo de TuCuatro&nbsp;es el de ense\u00f1arte a <strong>tocar cuatro venezolano<\/strong> <strong>seg\u00fan tu ritmo, a trav\u00e9s de un material sencillo, agradable e integral.&nbsp;<\/strong>La ense\u00f1anza se hace de manera virtual, con lecciones en l\u00ednea, cursos&nbsp;revisados por profesores y cientos de videos y audios para que tu aprendizaje sea lo m\u00e1s eficiente posible.<\/p>\n\n\n\n<p>Con alrededor de 1.000 <strong>horas de material de aprendizaje multimedia<\/strong> en la web, a trav\u00e9s de<strong> tres bloques de ense\u00f1anza<\/strong> inicial m\u00e1s <strong>secciones de especializaci\u00f3n<\/strong>, TuCuatro es el \u00fanico sitio web que ense\u00f1a a plenitud c\u00f3mo tocar este instrumento.<\/p>\n\n\n\n<p>Con un programa cuidadosamente dise\u00f1ado:<strong> Aprende, Afina tu Oido, Observa la T\u00e9cnica, Fundamentos Te\u00f3ricos, Toca y Comparte.<\/strong><\/p>\n\n\n\n<div class=\"wp-block-buttons aligncenter is-layout-flex wp-block-buttons-is-layout-flex\">\n<div class=\"wp-block-button\"><a class=\"wp-block-button__link\" href=\"\/aprende\/cursos\">Mira los cursos en TuCuatro<\/a><\/div>\n<\/div>\n\n\n\n<p>Dentro de cada lecci\u00f3n pondr\u00e1s en pr\u00e1ctica las competencias claves de un buen m\u00fasico: <strong>teor\u00eda, o\u00eddo y ejecuci\u00f3n.<\/strong><\/p>\n\n\n\n<p>Cada vez que finalices una lecci\u00f3n podr\u00e1s evaluar lo aprendido. As\u00ed mismo, TuCuatro&nbsp;te da la oportunidad de compartir tus avances en las <strong>redes sociales de tu preferencia.<\/strong><\/p>\n","protected":false},"excerpt":{"rendered":"<p>\u00a1Bienvenido a tu curso de Cuatro B\u00e1sico!<\/p>\n","protected":false},"author":1,"featured_media":0,"parent":3850,"menu_order":0,"comment_status":"closed","ping_status":"closed","template":"","meta":{"content-type":"","footnotes":""},"class_list":["post-8581","page","type-page","status-publish","hentry"],"yoast_head":"<!-- This site is optimized with the Yoast SEO plugin v27.2 - https:\/\/yoast.com\/product\/yoast-seo-wordpress\/ -->\n<title>Introduccion al Cuatro Venezolano o Cuatro Llanero - TuCuatro - El Cuatro Venezolano<\/title>\n<meta name=\"description\" content=\"\u00a1Bienvenido a tu curso de Cuatro B\u00e1sico!\" \/>\n<meta name=\"robots\" content=\"index, follow, max-snippet:-1, max-image-preview:large, max-video-preview:-1\" \/>\n<link rel=\"canonical\" href=\"https:\/\/tucuatro.com\/es\/plus\/introduccion-al-cuatro-venezolano-o-cuatro-llanero\/\" \/>\n<meta property=\"og:locale\" content=\"es_ES\" \/>\n<meta property=\"og:type\" content=\"article\" \/>\n<meta property=\"og:title\" content=\"Introduccion al Cuatro Venezolano o Cuatro Llanero - TuCuatro - El Cuatro Venezolano\" \/>\n<meta property=\"og:description\" content=\"\u00a1Bienvenido a tu curso de Cuatro B\u00e1sico!\" \/>\n<meta property=\"og:url\" content=\"https:\/\/tucuatro.com\/es\/plus\/introduccion-al-cuatro-venezolano-o-cuatro-llanero\/\" \/>\n<meta property=\"og:site_name\" content=\"TuCuatro - El Cuatro Venezolano\" \/>\n<meta property=\"article:publisher\" content=\"https:\/\/facebook.com\/tucuatrodigital\" \/>\n<meta property=\"article:modified_time\" content=\"2020-05-02T23:14:13+00:00\" \/>\n<meta property=\"og:image\" content=\"https:\/\/tucuatro.com\/es\/wp-content\/uploads\/sites\/3\/2020\/02\/tucuatro-featured-image.jpg\" \/>\n\t<meta property=\"og:image:width\" content=\"1200\" \/>\n\t<meta property=\"og:image:height\" content=\"628\" \/>\n\t<meta property=\"og:image:type\" content=\"image\/jpeg\" \/>\n<meta name=\"twitter:card\" content=\"summary_large_image\" \/>\n<meta name=\"twitter:site\" content=\"@tucuatro\" \/>\n<meta name=\"twitter:label1\" content=\"Tiempo de lectura\" \/>\n\t<meta name=\"twitter:data1\" content=\"2 minutos\" \/>\n<script type=\"application\/ld+json\" class=\"yoast-schema-graph\">{\"@context\":\"https:\/\/schema.org\",\"@graph\":[{\"@type\":\"WebPage\",\"@id\":\"https:\/\/tucuatro.com\/es\/plus\/introduccion-al-cuatro-venezolano-o-cuatro-llanero\/\",\"url\":\"https:\/\/tucuatro.com\/es\/plus\/introduccion-al-cuatro-venezolano-o-cuatro-llanero\/\",\"name\":\"Introduccion al Cuatro Venezolano o Cuatro Llanero - TuCuatro - El Cuatro Venezolano\",\"isPartOf\":{\"@id\":\"https:\/\/tucuatro.com\/es\/#website\"},\"datePublished\":\"2016-03-10T14:28:00+00:00\",\"dateModified\":\"2020-05-02T23:14:13+00:00\",\"description\":\"\u00a1Bienvenido a tu curso de Cuatro B\u00e1sico!\",\"breadcrumb\":{\"@id\":\"https:\/\/tucuatro.com\/es\/plus\/introduccion-al-cuatro-venezolano-o-cuatro-llanero\/#breadcrumb\"},\"inLanguage\":\"es\",\"potentialAction\":[{\"@type\":\"ReadAction\",\"target\":[\"https:\/\/tucuatro.com\/es\/plus\/introduccion-al-cuatro-venezolano-o-cuatro-llanero\/\"]}]},{\"@type\":\"BreadcrumbList\",\"@id\":\"https:\/\/tucuatro.com\/es\/plus\/introduccion-al-cuatro-venezolano-o-cuatro-llanero\/#breadcrumb\",\"itemListElement\":[{\"@type\":\"ListItem\",\"position\":1,\"name\":\"Portada\",\"item\":\"https:\/\/tucuatro.com\/es\/\"},{\"@type\":\"ListItem\",\"position\":2,\"name\":\"Plus\",\"item\":\"https:\/\/tucuatro.com\/es\/plus\/\"},{\"@type\":\"ListItem\",\"position\":3,\"name\":\"Introduccion al Cuatro Venezolano o Cuatro Llanero\"}]},{\"@type\":\"WebSite\",\"@id\":\"https:\/\/tucuatro.com\/es\/#website\",\"url\":\"https:\/\/tucuatro.com\/es\/\",\"name\":\"TuCuatro\",\"description\":\"TuCuatro\",\"publisher\":{\"@id\":\"https:\/\/tucuatro.com\/es\/#organization\"},\"potentialAction\":[{\"@type\":\"SearchAction\",\"target\":{\"@type\":\"EntryPoint\",\"urlTemplate\":\"https:\/\/tucuatro.com\/es\/?s={search_term_string}\"},\"query-input\":{\"@type\":\"PropertyValueSpecification\",\"valueRequired\":true,\"valueName\":\"search_term_string\"}}],\"inLanguage\":\"es\"},{\"@type\":\"Organization\",\"@id\":\"https:\/\/tucuatro.com\/es\/#organization\",\"name\":\"TuCuatro\",\"url\":\"https:\/\/tucuatro.com\/es\/\",\"logo\":{\"@type\":\"ImageObject\",\"inLanguage\":\"es\",\"@id\":\"https:\/\/tucuatro.com\/es\/#\/schema\/logo\/image\/\",\"url\":\"https:\/\/tucuatro.com\/es\/wp-content\/uploads\/sites\/3\/2020\/02\/fretboard_icon_black-64px.png\",\"contentUrl\":\"https:\/\/tucuatro.com\/es\/wp-content\/uploads\/sites\/3\/2020\/02\/fretboard_icon_black-64px.png\",\"width\":64,\"height\":107,\"caption\":\"TuCuatro\"},\"image\":{\"@id\":\"https:\/\/tucuatro.com\/es\/#\/schema\/logo\/image\/\"},\"sameAs\":[\"https:\/\/facebook.com\/tucuatrodigital\",\"https:\/\/x.com\/tucuatro\"]}]}<\/script>\n<!-- \/ Yoast SEO plugin. -->","yoast_head_json":{"title":"Introduccion al Cuatro Venezolano o Cuatro Llanero - TuCuatro - El Cuatro Venezolano","description":"\u00a1Bienvenido a tu curso de Cuatro B\u00e1sico!","robots":{"index":"index","follow":"follow","max-snippet":"max-snippet:-1","max-image-preview":"max-image-preview:large","max-video-preview":"max-video-preview:-1"},"canonical":"https:\/\/tucuatro.com\/es\/plus\/introduccion-al-cuatro-venezolano-o-cuatro-llanero\/","og_locale":"es_ES","og_type":"article","og_title":"Introduccion al Cuatro Venezolano o Cuatro Llanero - TuCuatro - El Cuatro Venezolano","og_description":"\u00a1Bienvenido a tu curso de Cuatro B\u00e1sico!","og_url":"https:\/\/tucuatro.com\/es\/plus\/introduccion-al-cuatro-venezolano-o-cuatro-llanero\/","og_site_name":"TuCuatro - El Cuatro Venezolano","article_publisher":"https:\/\/facebook.com\/tucuatrodigital","article_modified_time":"2020-05-02T23:14:13+00:00","og_image":[{"width":1200,"height":628,"url":"https:\/\/tucuatro.com\/es\/wp-content\/uploads\/sites\/3\/2020\/02\/tucuatro-featured-image.jpg","type":"image\/jpeg"}],"twitter_card":"summary_large_image","twitter_site":"@tucuatro","twitter_misc":{"Tiempo de lectura":"2 minutos"},"schema":{"@context":"https:\/\/schema.org","@graph":[{"@type":"WebPage","@id":"https:\/\/tucuatro.com\/es\/plus\/introduccion-al-cuatro-venezolano-o-cuatro-llanero\/","url":"https:\/\/tucuatro.com\/es\/plus\/introduccion-al-cuatro-venezolano-o-cuatro-llanero\/","name":"Introduccion al Cuatro Venezolano o Cuatro Llanero - TuCuatro - El Cuatro Venezolano","isPartOf":{"@id":"https:\/\/tucuatro.com\/es\/#website"},"datePublished":"2016-03-10T14:28:00+00:00","dateModified":"2020-05-02T23:14:13+00:00","description":"\u00a1Bienvenido a tu curso de Cuatro B\u00e1sico!","breadcrumb":{"@id":"https:\/\/tucuatro.com\/es\/plus\/introduccion-al-cuatro-venezolano-o-cuatro-llanero\/#breadcrumb"},"inLanguage":"es","potentialAction":[{"@type":"ReadAction","target":["https:\/\/tucuatro.com\/es\/plus\/introduccion-al-cuatro-venezolano-o-cuatro-llanero\/"]}]},{"@type":"BreadcrumbList","@id":"https:\/\/tucuatro.com\/es\/plus\/introduccion-al-cuatro-venezolano-o-cuatro-llanero\/#breadcrumb","itemListElement":[{"@type":"ListItem","position":1,"name":"Portada","item":"https:\/\/tucuatro.com\/es\/"},{"@type":"ListItem","position":2,"name":"Plus","item":"https:\/\/tucuatro.com\/es\/plus\/"},{"@type":"ListItem","position":3,"name":"Introduccion al Cuatro Venezolano o Cuatro Llanero"}]},{"@type":"WebSite","@id":"https:\/\/tucuatro.com\/es\/#website","url":"https:\/\/tucuatro.com\/es\/","name":"TuCuatro","description":"TuCuatro","publisher":{"@id":"https:\/\/tucuatro.com\/es\/#organization"},"potentialAction":[{"@type":"SearchAction","target":{"@type":"EntryPoint","urlTemplate":"https:\/\/tucuatro.com\/es\/?s={search_term_string}"},"query-input":{"@type":"PropertyValueSpecification","valueRequired":true,"valueName":"search_term_string"}}],"inLanguage":"es"},{"@type":"Organization","@id":"https:\/\/tucuatro.com\/es\/#organization","name":"TuCuatro","url":"https:\/\/tucuatro.com\/es\/","logo":{"@type":"ImageObject","inLanguage":"es","@id":"https:\/\/tucuatro.com\/es\/#\/schema\/logo\/image\/","url":"https:\/\/tucuatro.com\/es\/wp-content\/uploads\/sites\/3\/2020\/02\/fretboard_icon_black-64px.png","contentUrl":"https:\/\/tucuatro.com\/es\/wp-content\/uploads\/sites\/3\/2020\/02\/fretboard_icon_black-64px.png","width":64,"height":107,"caption":"TuCuatro"},"image":{"@id":"https:\/\/tucuatro.com\/es\/#\/schema\/logo\/image\/"},"sameAs":["https:\/\/facebook.com\/tucuatrodigital","https:\/\/x.com\/tucuatro"]}]}},"_links":{"self":[{"href":"https:\/\/tucuatro.com\/es\/wp-json\/wp\/v2\/pages\/8581","targetHints":{"allow":["GET"]}}],"collection":[{"href":"https:\/\/tucuatro.com\/es\/wp-json\/wp\/v2\/pages"}],"about":[{"href":"https:\/\/tucuatro.com\/es\/wp-json\/wp\/v2\/types\/page"}],"author":[{"embeddable":true,"href":"https:\/\/tucuatro.com\/es\/wp-json\/wp\/v2\/users\/1"}],"replies":[{"embeddable":true,"href":"https:\/\/tucuatro.com\/es\/wp-json\/wp\/v2\/comments?post=8581"}],"version-history":[{"count":0,"href":"https:\/\/tucuatro.com\/es\/wp-json\/wp\/v2\/pages\/8581\/revisions"}],"up":[{"embeddable":true,"href":"https:\/\/tucuatro.com\/es\/wp-json\/wp\/v2\/pages\/3850"}],"wp:attachment":[{"href":"https:\/\/tucuatro.com\/es\/wp-json\/wp\/v2\/media?parent=8581"}],"curies":[{"name":"wp","href":"https:\/\/api.w.org\/{rel}","templated":true}]}}