{"id":8698,"date":"2016-03-10T12:19:30","date_gmt":"2016-03-10T16:49:30","guid":{"rendered":"https:\/\/tucuatro.com\/es\/?page_id=8698"},"modified":"2016-03-10T12:19:30","modified_gmt":"2016-03-10T16:49:30","slug":"mira-lo-que-tenemos-para-ti","status":"publish","type":"page","link":"https:\/\/tucuatro.com\/es\/plus\/mira-lo-que-tenemos-para-ti\/","title":{"rendered":"Aprender a afinar y tocar el Cuatro"},"content":{"rendered":"<p>El programa del curso b\u00e1sico de cuatro consta de secciones que te ayudar\u00e1n en cada lecci\u00f3n que te encuentres. Las secciones son las siguientes:<\/p>\n<h2><img decoding=\"async\" src=\"\/vzla\/images\/icons\/childish\/32x32\/childish_Music.png\" alt=\"\" \/>Afina tu o\u00eddo:<\/h2>\n<p>\u00bfTe has preguntado c\u00f3mo hacen algunos m\u00fasicos para saber r\u00e1pidamente el nombre de una nota o un acorde que suena? En esta secci\u00f3n podr\u00e1s escuchar detenidamente los sonidos respectivos a la lecci\u00f3n en que te encuentres.<\/p>\n<p>Es importante que te tomes tu tiempo para escuchar cada nota, acorde o ritmo y dejar que tu o\u00eddo se vaya familiarizando con los sonidos. Al pasar el tiempo, tu o\u00eddo aprender\u00e1 a detectar los sonidos y podr\u00e1s identificar las notas y los acordes, al igual que los ritmos, simplemente con o\u00edrlos.<\/p>\n<p>ATENCI\u00d3N: Si practicas por mucho tiempo en esta secci\u00f3n podr\u00edas desarrollar o\u00eddo absoluto, seg\u00fan comentan <a href=\"http:\/\/es.wikipedia.org\/wiki\/O%C3%ADdo_absoluto\">algunos expertos<\/a>.<\/p>\n<h2><img decoding=\"async\" src=\"\/vzla\/images\/icons\/childish\/32x32\/childish_Monitor.png\" alt=\"\" \/>Observa la t\u00e9cnica:<\/h2>\n<p>En esta secci\u00f3n podr\u00e1s observar a cuatristas profesionales realizando los ejercicios dispuestos, de este modo podr\u00e1s imitar sus posiciones y su forma de tocar. Recuerda que cada cuatrista tiene su propio estilo por lo tanto lo que un cuatrista hace de una forma, no implica que tu necesariamente lo debas hacer de la misma forma, pero sirve como patr\u00f3n para que no agarres malas costumbres o h\u00e1bitos.<\/p>\n<h2><img decoding=\"async\" src=\"\/vzla\/images\/icons\/Comic_Tiger\/32X32\/folder_edit.png\" alt=\"\" \/>Fundamentos te\u00f3ricos:<\/h2>\n<p>En esta secci\u00f3n podr\u00e1s encontrar l teor\u00eda correspondiente a las lecciones, cada lecci\u00f3n maneja un c\u00famulo de teor\u00edas que no es necesario aprenderse para poder tocar el cuatro, sin embargo, si eres de los que desean saber bien de donde salen las cosas, entonces te puedes apoyar ac\u00e1 para encontrar las respuestas que buscas.<\/p>\n<h2><img decoding=\"async\" src=\"\/vzla\/images\/icons\/music\/32\/Hardware-Video-Camera-record-icon.png\" alt=\"\" \/>Toca y Comparte:<\/h2>\n<p>Toca y comparte es una secci\u00f3n que te permitir\u00e1 compartir tu avance con otros estudiantes o profesores, aqu\u00ed dispondr\u00e1s de una plataforma para enviar tus avances en audio o video y dejar que los dem\u00e1s te escuchen y te hagan sugerencias.<\/p>\n","protected":false},"excerpt":{"rendered":"<p>Mira todas las funcionalidades que tenemos dentro de TuCuatro para que puedas aprender a tocar el cuatro venezolano.<\/p>\n","protected":false},"author":1,"featured_media":0,"parent":3850,"menu_order":0,"comment_status":"closed","ping_status":"closed","template":"","meta":{"content-type":"","footnotes":""},"class_list":["post-8698","page","type-page","status-publish","hentry"],"yoast_head":"<!-- This site is optimized with the Yoast SEO plugin v27.2 - https:\/\/yoast.com\/product\/yoast-seo-wordpress\/ -->\n<title>Aprender a afinar y tocar el Cuatro - TuCuatro - El Cuatro Venezolano<\/title>\n<meta name=\"description\" content=\"Mira todas las funcionalidades que tenemos dentro de TuCuatro para que puedas aprender a tocar el cuatro venezolano.\" \/>\n<meta name=\"robots\" content=\"index, follow, max-snippet:-1, max-image-preview:large, max-video-preview:-1\" \/>\n<link rel=\"canonical\" href=\"https:\/\/tucuatro.com\/es\/plus\/mira-lo-que-tenemos-para-ti\/\" \/>\n<meta property=\"og:locale\" content=\"es_ES\" \/>\n<meta property=\"og:type\" content=\"article\" \/>\n<meta property=\"og:title\" content=\"Aprender a afinar y tocar el Cuatro - TuCuatro - El Cuatro Venezolano\" \/>\n<meta property=\"og:description\" content=\"Mira todas las funcionalidades que tenemos dentro de TuCuatro para que puedas aprender a tocar el cuatro venezolano.\" \/>\n<meta property=\"og:url\" content=\"https:\/\/tucuatro.com\/es\/plus\/mira-lo-que-tenemos-para-ti\/\" \/>\n<meta property=\"og:site_name\" content=\"TuCuatro - El Cuatro Venezolano\" \/>\n<meta property=\"article:publisher\" content=\"https:\/\/facebook.com\/tucuatrodigital\" \/>\n<meta property=\"og:image\" content=\"https:\/\/tucuatro.com\/es\/wp-content\/uploads\/sites\/3\/2020\/02\/tucuatro-featured-image.jpg\" \/>\n\t<meta property=\"og:image:width\" content=\"1200\" \/>\n\t<meta property=\"og:image:height\" content=\"628\" \/>\n\t<meta property=\"og:image:type\" content=\"image\/jpeg\" \/>\n<meta name=\"twitter:card\" content=\"summary_large_image\" \/>\n<meta name=\"twitter:site\" content=\"@tucuatro\" \/>\n<meta name=\"twitter:label1\" content=\"Tiempo de lectura\" \/>\n\t<meta name=\"twitter:data1\" content=\"2 minutos\" \/>\n<script type=\"application\/ld+json\" class=\"yoast-schema-graph\">{\"@context\":\"https:\/\/schema.org\",\"@graph\":[{\"@type\":\"WebPage\",\"@id\":\"https:\/\/tucuatro.com\/es\/plus\/mira-lo-que-tenemos-para-ti\/\",\"url\":\"https:\/\/tucuatro.com\/es\/plus\/mira-lo-que-tenemos-para-ti\/\",\"name\":\"Aprender a afinar y tocar el Cuatro - TuCuatro - El Cuatro Venezolano\",\"isPartOf\":{\"@id\":\"https:\/\/tucuatro.com\/es\/#website\"},\"datePublished\":\"2016-03-10T16:49:30+00:00\",\"description\":\"Mira todas las funcionalidades que tenemos dentro de TuCuatro para que puedas aprender a tocar el cuatro venezolano.\",\"breadcrumb\":{\"@id\":\"https:\/\/tucuatro.com\/es\/plus\/mira-lo-que-tenemos-para-ti\/#breadcrumb\"},\"inLanguage\":\"es\",\"potentialAction\":[{\"@type\":\"ReadAction\",\"target\":[\"https:\/\/tucuatro.com\/es\/plus\/mira-lo-que-tenemos-para-ti\/\"]}]},{\"@type\":\"BreadcrumbList\",\"@id\":\"https:\/\/tucuatro.com\/es\/plus\/mira-lo-que-tenemos-para-ti\/#breadcrumb\",\"itemListElement\":[{\"@type\":\"ListItem\",\"position\":1,\"name\":\"Portada\",\"item\":\"https:\/\/tucuatro.com\/es\/\"},{\"@type\":\"ListItem\",\"position\":2,\"name\":\"Plus\",\"item\":\"https:\/\/tucuatro.com\/es\/plus\/\"},{\"@type\":\"ListItem\",\"position\":3,\"name\":\"Aprender a afinar y tocar el Cuatro\"}]},{\"@type\":\"WebSite\",\"@id\":\"https:\/\/tucuatro.com\/es\/#website\",\"url\":\"https:\/\/tucuatro.com\/es\/\",\"name\":\"TuCuatro\",\"description\":\"TuCuatro\",\"publisher\":{\"@id\":\"https:\/\/tucuatro.com\/es\/#organization\"},\"potentialAction\":[{\"@type\":\"SearchAction\",\"target\":{\"@type\":\"EntryPoint\",\"urlTemplate\":\"https:\/\/tucuatro.com\/es\/?s={search_term_string}\"},\"query-input\":{\"@type\":\"PropertyValueSpecification\",\"valueRequired\":true,\"valueName\":\"search_term_string\"}}],\"inLanguage\":\"es\"},{\"@type\":\"Organization\",\"@id\":\"https:\/\/tucuatro.com\/es\/#organization\",\"name\":\"TuCuatro\",\"url\":\"https:\/\/tucuatro.com\/es\/\",\"logo\":{\"@type\":\"ImageObject\",\"inLanguage\":\"es\",\"@id\":\"https:\/\/tucuatro.com\/es\/#\/schema\/logo\/image\/\",\"url\":\"https:\/\/tucuatro.com\/es\/wp-content\/uploads\/sites\/3\/2020\/02\/fretboard_icon_black-64px.png\",\"contentUrl\":\"https:\/\/tucuatro.com\/es\/wp-content\/uploads\/sites\/3\/2020\/02\/fretboard_icon_black-64px.png\",\"width\":64,\"height\":107,\"caption\":\"TuCuatro\"},\"image\":{\"@id\":\"https:\/\/tucuatro.com\/es\/#\/schema\/logo\/image\/\"},\"sameAs\":[\"https:\/\/facebook.com\/tucuatrodigital\",\"https:\/\/x.com\/tucuatro\"]}]}<\/script>\n<!-- \/ Yoast SEO plugin. -->","yoast_head_json":{"title":"Aprender a afinar y tocar el Cuatro - TuCuatro - El Cuatro Venezolano","description":"Mira todas las funcionalidades que tenemos dentro de TuCuatro para que puedas aprender a tocar el cuatro venezolano.","robots":{"index":"index","follow":"follow","max-snippet":"max-snippet:-1","max-image-preview":"max-image-preview:large","max-video-preview":"max-video-preview:-1"},"canonical":"https:\/\/tucuatro.com\/es\/plus\/mira-lo-que-tenemos-para-ti\/","og_locale":"es_ES","og_type":"article","og_title":"Aprender a afinar y tocar el Cuatro - TuCuatro - El Cuatro Venezolano","og_description":"Mira todas las funcionalidades que tenemos dentro de TuCuatro para que puedas aprender a tocar el cuatro venezolano.","og_url":"https:\/\/tucuatro.com\/es\/plus\/mira-lo-que-tenemos-para-ti\/","og_site_name":"TuCuatro - El Cuatro Venezolano","article_publisher":"https:\/\/facebook.com\/tucuatrodigital","og_image":[{"width":1200,"height":628,"url":"https:\/\/tucuatro.com\/es\/wp-content\/uploads\/sites\/3\/2020\/02\/tucuatro-featured-image.jpg","type":"image\/jpeg"}],"twitter_card":"summary_large_image","twitter_site":"@tucuatro","twitter_misc":{"Tiempo de lectura":"2 minutos"},"schema":{"@context":"https:\/\/schema.org","@graph":[{"@type":"WebPage","@id":"https:\/\/tucuatro.com\/es\/plus\/mira-lo-que-tenemos-para-ti\/","url":"https:\/\/tucuatro.com\/es\/plus\/mira-lo-que-tenemos-para-ti\/","name":"Aprender a afinar y tocar el Cuatro - TuCuatro - El Cuatro Venezolano","isPartOf":{"@id":"https:\/\/tucuatro.com\/es\/#website"},"datePublished":"2016-03-10T16:49:30+00:00","description":"Mira todas las funcionalidades que tenemos dentro de TuCuatro para que puedas aprender a tocar el cuatro venezolano.","breadcrumb":{"@id":"https:\/\/tucuatro.com\/es\/plus\/mira-lo-que-tenemos-para-ti\/#breadcrumb"},"inLanguage":"es","potentialAction":[{"@type":"ReadAction","target":["https:\/\/tucuatro.com\/es\/plus\/mira-lo-que-tenemos-para-ti\/"]}]},{"@type":"BreadcrumbList","@id":"https:\/\/tucuatro.com\/es\/plus\/mira-lo-que-tenemos-para-ti\/#breadcrumb","itemListElement":[{"@type":"ListItem","position":1,"name":"Portada","item":"https:\/\/tucuatro.com\/es\/"},{"@type":"ListItem","position":2,"name":"Plus","item":"https:\/\/tucuatro.com\/es\/plus\/"},{"@type":"ListItem","position":3,"name":"Aprender a afinar y tocar el Cuatro"}]},{"@type":"WebSite","@id":"https:\/\/tucuatro.com\/es\/#website","url":"https:\/\/tucuatro.com\/es\/","name":"TuCuatro","description":"TuCuatro","publisher":{"@id":"https:\/\/tucuatro.com\/es\/#organization"},"potentialAction":[{"@type":"SearchAction","target":{"@type":"EntryPoint","urlTemplate":"https:\/\/tucuatro.com\/es\/?s={search_term_string}"},"query-input":{"@type":"PropertyValueSpecification","valueRequired":true,"valueName":"search_term_string"}}],"inLanguage":"es"},{"@type":"Organization","@id":"https:\/\/tucuatro.com\/es\/#organization","name":"TuCuatro","url":"https:\/\/tucuatro.com\/es\/","logo":{"@type":"ImageObject","inLanguage":"es","@id":"https:\/\/tucuatro.com\/es\/#\/schema\/logo\/image\/","url":"https:\/\/tucuatro.com\/es\/wp-content\/uploads\/sites\/3\/2020\/02\/fretboard_icon_black-64px.png","contentUrl":"https:\/\/tucuatro.com\/es\/wp-content\/uploads\/sites\/3\/2020\/02\/fretboard_icon_black-64px.png","width":64,"height":107,"caption":"TuCuatro"},"image":{"@id":"https:\/\/tucuatro.com\/es\/#\/schema\/logo\/image\/"},"sameAs":["https:\/\/facebook.com\/tucuatrodigital","https:\/\/x.com\/tucuatro"]}]}},"_links":{"self":[{"href":"https:\/\/tucuatro.com\/es\/wp-json\/wp\/v2\/pages\/8698","targetHints":{"allow":["GET"]}}],"collection":[{"href":"https:\/\/tucuatro.com\/es\/wp-json\/wp\/v2\/pages"}],"about":[{"href":"https:\/\/tucuatro.com\/es\/wp-json\/wp\/v2\/types\/page"}],"author":[{"embeddable":true,"href":"https:\/\/tucuatro.com\/es\/wp-json\/wp\/v2\/users\/1"}],"replies":[{"embeddable":true,"href":"https:\/\/tucuatro.com\/es\/wp-json\/wp\/v2\/comments?post=8698"}],"version-history":[{"count":0,"href":"https:\/\/tucuatro.com\/es\/wp-json\/wp\/v2\/pages\/8698\/revisions"}],"up":[{"embeddable":true,"href":"https:\/\/tucuatro.com\/es\/wp-json\/wp\/v2\/pages\/3850"}],"wp:attachment":[{"href":"https:\/\/tucuatro.com\/es\/wp-json\/wp\/v2\/media?parent=8698"}],"curies":[{"name":"wp","href":"https:\/\/api.w.org\/{rel}","templated":true}]}}