{"id":9316,"date":"2016-03-12T14:08:27","date_gmt":"2016-03-12T18:38:27","guid":{"rendered":"https:\/\/tucuatro.com\/es\/?page_id=9316"},"modified":"2016-03-12T14:08:27","modified_gmt":"2016-03-12T18:38:27","slug":"promocion-twitter","status":"publish","type":"page","link":"https:\/\/tucuatro.com\/es\/plus\/promocion-twitter\/","title":{"rendered":"\u00a1S\u00edguenos en Twitter y disfruta de esta tremenda promoci\u00f3n!"},"content":{"rendered":"\n<h2 class=\"wp-block-heading\">\u00bfQuieres aprender a tocar el tu instrumento favorito?<\/h2>\n\n\n\n<div class=\"wp-block-image\"><figure class=\"aligncenter\"><img decoding=\"async\" src=\"https:\/\/tucuatro.com\/es\/wp-content\/uploads\/sites\/11\/2015\/07\/diagonal-wood-background_1024x1024-940x528.jpg\" alt=\"\" class=\"wp-image-14095\" \/><\/figure><\/div>\n\n\n\n<p>Si eres usuario de Twitter,\u00a0TuCuatro tiene para ti\u00a0un regalo muy especial:\u00a0Para celebrar el aprendizaje de la m\u00fasica junto a t\u00ed, te queremos dar la oportunidad de contactar uno de nuestros m\u00fasicos para ver c\u00f3mo va tu progreso con los cursos de TuCuatro. Dentro de TuCuatro puedes ver tus lecciones favoritas, cursos realizados por profesores y m\u00fasicos expertos, y much\u00edsimo m\u00e1s material.<\/p>\n\n\n\n<h2 class=\"wp-block-heading\">Como obtener&nbsp;el cupon<\/h2>\n\n\n\n<p>Son s\u00f3lamente dos sencillos pasos:<\/p>\n\n\n\n<p><strong>1. &#8211; Agrega a&nbsp;<a href=\"http:\/\/twitter.com\/tucuatro\">@tucuatro<\/a>&nbsp;en Twitter si a\u00fan no lo has hecho<\/strong><\/p>\n\n\n\n<p><strong>2. &#8211; Comun\u00edcate por el formulario m\u00e1s abajo y escribe tu usuario de Twitter.<\/strong><\/p>\n\n\n\n<p><a href=\"https:\/\/twitter.com\/tucuatro\">Seguir a @tucuatro<\/a><\/p>\n\n\n\n<p>Apenas te comuniques con nosotros, te contactaremos para preguntarte qu\u00e9 curso est\u00e1s haciendo y qu\u00e9 deseas que te aclaremos en el cuatro venezolano.<\/p>\n\n\n<p>[contact-form-7 id=\u00bb17176&#8243; title=\u00bbFormulario de contacto TuCuatro\u00bb]<\/p>\n\n\n\n<h3 class=\"wp-block-heading\">Condiciones:<\/h3>\n\n\n\n<ol class=\"wp-block-list\"><li>El profesor s\u00f3lo est\u00e1 disponible para una pregunta y una respuesta por email.<\/li><li>Puedes aplicar la pregunta a cualquiera de los cursos gratuitos que se ofrecen en TuCuatro.<\/li><\/ol>\n\n\n\n<h3 class=\"wp-block-heading\">\u00a1Es hora de aprender a tocar el instrumento que amas!<\/h3>\n","protected":false},"excerpt":{"rendered":"<p>\u00a1Recibe 30% de descuento y estudia el instrumento que m\u00e1s amas con TuCuatro!<\/p>\n","protected":false},"author":1,"featured_media":0,"parent":3850,"menu_order":0,"comment_status":"closed","ping_status":"closed","template":"","meta":{"content-type":"","footnotes":""},"class_list":["post-9316","page","type-page","status-publish","hentry"],"yoast_head":"<!-- This site is optimized with the Yoast SEO plugin v27.2 - https:\/\/yoast.com\/product\/yoast-seo-wordpress\/ -->\n<title>\u00a1S\u00edguenos en Twitter y disfruta de esta tremenda promoci\u00f3n! - TuCuatro - El Cuatro Venezolano<\/title>\n<meta name=\"description\" content=\"\u00a1Recibe 30% de descuento y estudia el instrumento que m\u00e1s amas con TuCuatro!\" \/>\n<meta name=\"robots\" content=\"index, follow, max-snippet:-1, max-image-preview:large, max-video-preview:-1\" \/>\n<link rel=\"canonical\" href=\"https:\/\/tucuatro.com\/es\/plus\/promocion-twitter\/\" \/>\n<meta property=\"og:locale\" content=\"es_ES\" \/>\n<meta property=\"og:type\" content=\"article\" \/>\n<meta property=\"og:title\" content=\"\u00a1S\u00edguenos en Twitter y disfruta de esta tremenda promoci\u00f3n! - TuCuatro - El Cuatro Venezolano\" \/>\n<meta property=\"og:description\" content=\"\u00a1Recibe 30% de descuento y estudia el instrumento que m\u00e1s amas con TuCuatro!\" \/>\n<meta property=\"og:url\" content=\"https:\/\/tucuatro.com\/es\/plus\/promocion-twitter\/\" \/>\n<meta property=\"og:site_name\" content=\"TuCuatro - El Cuatro Venezolano\" \/>\n<meta property=\"article:publisher\" content=\"https:\/\/facebook.com\/tucuatrodigital\" \/>\n<meta property=\"og:image\" content=\"https:\/\/tucuatro.com\/es\/wp-content\/uploads\/sites\/11\/2015\/07\/diagonal-wood-background_1024x1024-940x528.jpg\" \/>\n<meta name=\"twitter:card\" content=\"summary_large_image\" \/>\n<meta name=\"twitter:site\" content=\"@tucuatro\" \/>\n<meta name=\"twitter:label1\" content=\"Tiempo de lectura\" \/>\n\t<meta name=\"twitter:data1\" content=\"1 minuto\" \/>\n<script type=\"application\/ld+json\" class=\"yoast-schema-graph\">{\"@context\":\"https:\/\/schema.org\",\"@graph\":[{\"@type\":\"WebPage\",\"@id\":\"https:\/\/tucuatro.com\/es\/plus\/promocion-twitter\/\",\"url\":\"https:\/\/tucuatro.com\/es\/plus\/promocion-twitter\/\",\"name\":\"\u00a1S\u00edguenos en Twitter y disfruta de esta tremenda promoci\u00f3n! - TuCuatro - El Cuatro Venezolano\",\"isPartOf\":{\"@id\":\"https:\/\/tucuatro.com\/es\/#website\"},\"primaryImageOfPage\":{\"@id\":\"https:\/\/tucuatro.com\/es\/plus\/promocion-twitter\/#primaryimage\"},\"image\":{\"@id\":\"https:\/\/tucuatro.com\/es\/plus\/promocion-twitter\/#primaryimage\"},\"thumbnailUrl\":\"https:\/\/tucuatro.com\/es\/wp-content\/uploads\/sites\/11\/2015\/07\/diagonal-wood-background_1024x1024-940x528.jpg\",\"datePublished\":\"2016-03-12T18:38:27+00:00\",\"description\":\"\u00a1Recibe 30% de descuento y estudia el instrumento que m\u00e1s amas con TuCuatro!\",\"breadcrumb\":{\"@id\":\"https:\/\/tucuatro.com\/es\/plus\/promocion-twitter\/#breadcrumb\"},\"inLanguage\":\"es\",\"potentialAction\":[{\"@type\":\"ReadAction\",\"target\":[\"https:\/\/tucuatro.com\/es\/plus\/promocion-twitter\/\"]}]},{\"@type\":\"ImageObject\",\"inLanguage\":\"es\",\"@id\":\"https:\/\/tucuatro.com\/es\/plus\/promocion-twitter\/#primaryimage\",\"url\":\"https:\/\/tucuatro.com\/es\/wp-content\/uploads\/sites\/11\/2015\/07\/diagonal-wood-background_1024x1024-940x528.jpg\",\"contentUrl\":\"https:\/\/tucuatro.com\/es\/wp-content\/uploads\/sites\/11\/2015\/07\/diagonal-wood-background_1024x1024-940x528.jpg\"},{\"@type\":\"BreadcrumbList\",\"@id\":\"https:\/\/tucuatro.com\/es\/plus\/promocion-twitter\/#breadcrumb\",\"itemListElement\":[{\"@type\":\"ListItem\",\"position\":1,\"name\":\"Portada\",\"item\":\"https:\/\/tucuatro.com\/es\/\"},{\"@type\":\"ListItem\",\"position\":2,\"name\":\"Plus\",\"item\":\"https:\/\/tucuatro.com\/es\/plus\/\"},{\"@type\":\"ListItem\",\"position\":3,\"name\":\"\u00a1S\u00edguenos en Twitter y disfruta de esta tremenda promoci\u00f3n!\"}]},{\"@type\":\"WebSite\",\"@id\":\"https:\/\/tucuatro.com\/es\/#website\",\"url\":\"https:\/\/tucuatro.com\/es\/\",\"name\":\"TuCuatro\",\"description\":\"TuCuatro\",\"publisher\":{\"@id\":\"https:\/\/tucuatro.com\/es\/#organization\"},\"potentialAction\":[{\"@type\":\"SearchAction\",\"target\":{\"@type\":\"EntryPoint\",\"urlTemplate\":\"https:\/\/tucuatro.com\/es\/?s={search_term_string}\"},\"query-input\":{\"@type\":\"PropertyValueSpecification\",\"valueRequired\":true,\"valueName\":\"search_term_string\"}}],\"inLanguage\":\"es\"},{\"@type\":\"Organization\",\"@id\":\"https:\/\/tucuatro.com\/es\/#organization\",\"name\":\"TuCuatro\",\"url\":\"https:\/\/tucuatro.com\/es\/\",\"logo\":{\"@type\":\"ImageObject\",\"inLanguage\":\"es\",\"@id\":\"https:\/\/tucuatro.com\/es\/#\/schema\/logo\/image\/\",\"url\":\"https:\/\/tucuatro.com\/es\/wp-content\/uploads\/sites\/3\/2020\/02\/fretboard_icon_black-64px.png\",\"contentUrl\":\"https:\/\/tucuatro.com\/es\/wp-content\/uploads\/sites\/3\/2020\/02\/fretboard_icon_black-64px.png\",\"width\":64,\"height\":107,\"caption\":\"TuCuatro\"},\"image\":{\"@id\":\"https:\/\/tucuatro.com\/es\/#\/schema\/logo\/image\/\"},\"sameAs\":[\"https:\/\/facebook.com\/tucuatrodigital\",\"https:\/\/x.com\/tucuatro\"]}]}<\/script>\n<!-- \/ Yoast SEO plugin. -->","yoast_head_json":{"title":"\u00a1S\u00edguenos en Twitter y disfruta de esta tremenda promoci\u00f3n! - TuCuatro - El Cuatro Venezolano","description":"\u00a1Recibe 30% de descuento y estudia el instrumento que m\u00e1s amas con TuCuatro!","robots":{"index":"index","follow":"follow","max-snippet":"max-snippet:-1","max-image-preview":"max-image-preview:large","max-video-preview":"max-video-preview:-1"},"canonical":"https:\/\/tucuatro.com\/es\/plus\/promocion-twitter\/","og_locale":"es_ES","og_type":"article","og_title":"\u00a1S\u00edguenos en Twitter y disfruta de esta tremenda promoci\u00f3n! - TuCuatro - El Cuatro Venezolano","og_description":"\u00a1Recibe 30% de descuento y estudia el instrumento que m\u00e1s amas con TuCuatro!","og_url":"https:\/\/tucuatro.com\/es\/plus\/promocion-twitter\/","og_site_name":"TuCuatro - El Cuatro Venezolano","article_publisher":"https:\/\/facebook.com\/tucuatrodigital","og_image":[{"url":"https:\/\/tucuatro.com\/es\/wp-content\/uploads\/sites\/11\/2015\/07\/diagonal-wood-background_1024x1024-940x528.jpg","type":"","width":"","height":""}],"twitter_card":"summary_large_image","twitter_site":"@tucuatro","twitter_misc":{"Tiempo de lectura":"1 minuto"},"schema":{"@context":"https:\/\/schema.org","@graph":[{"@type":"WebPage","@id":"https:\/\/tucuatro.com\/es\/plus\/promocion-twitter\/","url":"https:\/\/tucuatro.com\/es\/plus\/promocion-twitter\/","name":"\u00a1S\u00edguenos en Twitter y disfruta de esta tremenda promoci\u00f3n! - TuCuatro - El Cuatro Venezolano","isPartOf":{"@id":"https:\/\/tucuatro.com\/es\/#website"},"primaryImageOfPage":{"@id":"https:\/\/tucuatro.com\/es\/plus\/promocion-twitter\/#primaryimage"},"image":{"@id":"https:\/\/tucuatro.com\/es\/plus\/promocion-twitter\/#primaryimage"},"thumbnailUrl":"https:\/\/tucuatro.com\/es\/wp-content\/uploads\/sites\/11\/2015\/07\/diagonal-wood-background_1024x1024-940x528.jpg","datePublished":"2016-03-12T18:38:27+00:00","description":"\u00a1Recibe 30% de descuento y estudia el instrumento que m\u00e1s amas con TuCuatro!","breadcrumb":{"@id":"https:\/\/tucuatro.com\/es\/plus\/promocion-twitter\/#breadcrumb"},"inLanguage":"es","potentialAction":[{"@type":"ReadAction","target":["https:\/\/tucuatro.com\/es\/plus\/promocion-twitter\/"]}]},{"@type":"ImageObject","inLanguage":"es","@id":"https:\/\/tucuatro.com\/es\/plus\/promocion-twitter\/#primaryimage","url":"https:\/\/tucuatro.com\/es\/wp-content\/uploads\/sites\/11\/2015\/07\/diagonal-wood-background_1024x1024-940x528.jpg","contentUrl":"https:\/\/tucuatro.com\/es\/wp-content\/uploads\/sites\/11\/2015\/07\/diagonal-wood-background_1024x1024-940x528.jpg"},{"@type":"BreadcrumbList","@id":"https:\/\/tucuatro.com\/es\/plus\/promocion-twitter\/#breadcrumb","itemListElement":[{"@type":"ListItem","position":1,"name":"Portada","item":"https:\/\/tucuatro.com\/es\/"},{"@type":"ListItem","position":2,"name":"Plus","item":"https:\/\/tucuatro.com\/es\/plus\/"},{"@type":"ListItem","position":3,"name":"\u00a1S\u00edguenos en Twitter y disfruta de esta tremenda promoci\u00f3n!"}]},{"@type":"WebSite","@id":"https:\/\/tucuatro.com\/es\/#website","url":"https:\/\/tucuatro.com\/es\/","name":"TuCuatro","description":"TuCuatro","publisher":{"@id":"https:\/\/tucuatro.com\/es\/#organization"},"potentialAction":[{"@type":"SearchAction","target":{"@type":"EntryPoint","urlTemplate":"https:\/\/tucuatro.com\/es\/?s={search_term_string}"},"query-input":{"@type":"PropertyValueSpecification","valueRequired":true,"valueName":"search_term_string"}}],"inLanguage":"es"},{"@type":"Organization","@id":"https:\/\/tucuatro.com\/es\/#organization","name":"TuCuatro","url":"https:\/\/tucuatro.com\/es\/","logo":{"@type":"ImageObject","inLanguage":"es","@id":"https:\/\/tucuatro.com\/es\/#\/schema\/logo\/image\/","url":"https:\/\/tucuatro.com\/es\/wp-content\/uploads\/sites\/3\/2020\/02\/fretboard_icon_black-64px.png","contentUrl":"https:\/\/tucuatro.com\/es\/wp-content\/uploads\/sites\/3\/2020\/02\/fretboard_icon_black-64px.png","width":64,"height":107,"caption":"TuCuatro"},"image":{"@id":"https:\/\/tucuatro.com\/es\/#\/schema\/logo\/image\/"},"sameAs":["https:\/\/facebook.com\/tucuatrodigital","https:\/\/x.com\/tucuatro"]}]}},"_links":{"self":[{"href":"https:\/\/tucuatro.com\/es\/wp-json\/wp\/v2\/pages\/9316","targetHints":{"allow":["GET"]}}],"collection":[{"href":"https:\/\/tucuatro.com\/es\/wp-json\/wp\/v2\/pages"}],"about":[{"href":"https:\/\/tucuatro.com\/es\/wp-json\/wp\/v2\/types\/page"}],"author":[{"embeddable":true,"href":"https:\/\/tucuatro.com\/es\/wp-json\/wp\/v2\/users\/1"}],"replies":[{"embeddable":true,"href":"https:\/\/tucuatro.com\/es\/wp-json\/wp\/v2\/comments?post=9316"}],"version-history":[{"count":0,"href":"https:\/\/tucuatro.com\/es\/wp-json\/wp\/v2\/pages\/9316\/revisions"}],"up":[{"embeddable":true,"href":"https:\/\/tucuatro.com\/es\/wp-json\/wp\/v2\/pages\/3850"}],"wp:attachment":[{"href":"https:\/\/tucuatro.com\/es\/wp-json\/wp\/v2\/media?parent=9316"}],"curies":[{"name":"wp","href":"https:\/\/api.w.org\/{rel}","templated":true}]}}