{"id":9420,"date":"2016-03-12T15:12:32","date_gmt":"2016-03-12T19:42:32","guid":{"rendered":"https:\/\/tucuatro.com\/es\/?page_id=9420"},"modified":"2016-03-12T15:12:32","modified_gmt":"2016-03-12T19:42:32","slug":"tipos-de-cuatro","status":"publish","type":"page","link":"https:\/\/tucuatro.com\/es\/tipos-de-cuatro\/","title":{"rendered":"Tipos de Cuatro"},"content":{"rendered":"<p>&nbsp;<\/p>\n<p><strong>Tipos de cuatro: <\/strong><\/p>\n<p>A diferencia de la mayor\u00eda de los instrumentos de la familia de la guitarra, el cuatro viene en varias versiones y se clasifica seg\u00fan su afinaci\u00f3n y numero de cuerdas:<\/p>\n<p>&#8211; &nbsp;El cuatro y medio: actualmente en desuso, se trata de un cuatro con una cuerda complementaria sujetada por una clavija en la parte inferior del mango.<\/p>\n<p>&#8211; El cinco: Es un poco m\u00e1s grande que el cuatro y tiene 5 afinaciones.<\/p>\n<p>&#8211; El cinco y medio: al igual que el cuatro y medio cuenta con una quinta cuerda, la cual aporta una resonancia permanente.<\/p>\n<p>&#8211; El seis: tiene seis cuerdas pero cinco ordenes.<\/p>\n<p>&#8211; El octavo: cuenta con ocho cuerdas distribuidas en cuatro \u00f3rdenes dobles,<\/p>\n<p>&#8211; Existe tambi\u00e9n un tipo de cuatro de caja peque\u00f1a con cinco cuerdas conocido como cuatro monterola que se emplea en el estado Lara para animar el tamunangue.<\/p>\n<p>&nbsp;<\/p>\n<p>Visita nuestra tienda para que veas los tipos de cuatros que est\u00e1n disponibles para t\u00ed:<\/p>\n<p><a href=\"https:\/\/store.tucuatro.com\/\" target=\"_blank\" rel=\"noopener noreferrer\">https:\/\/store.tucuatro.com<\/a><\/p>\n","protected":false},"excerpt":{"rendered":"<p>&nbsp; Tipos de cuatro: A diferencia de la mayor\u00eda de los instrumentos de la familia de la guitarra, el cuatro viene en varias versiones y se clasifica seg\u00fan su afinaci\u00f3n y numero de cuerdas: &#8211; &nbsp;El cuatro y medio: actualmente en desuso, se trata de un cuatro con una cuerda complementaria sujetada por una clavija [&hellip;]<\/p>\n","protected":false},"author":1,"featured_media":0,"parent":0,"menu_order":0,"comment_status":"closed","ping_status":"closed","template":"","meta":{"content-type":"","footnotes":""},"class_list":["post-9420","page","type-page","status-publish","hentry"],"yoast_head":"<!-- This site is optimized with the Yoast SEO plugin v27.2 - https:\/\/yoast.com\/product\/yoast-seo-wordpress\/ -->\n<title>Tipos de Cuatro - TuCuatro - El Cuatro Venezolano<\/title>\n<meta name=\"description\" content=\"&nbsp; Tipos de cuatro: A diferencia de la mayor\u00eda de los instrumentos de la familia de la guitarra, el cuatro viene en varias versiones y se clasifica\" \/>\n<meta name=\"robots\" content=\"index, follow, max-snippet:-1, max-image-preview:large, max-video-preview:-1\" \/>\n<link rel=\"canonical\" href=\"https:\/\/tucuatro.com\/es\/tipos-de-cuatro\/\" \/>\n<meta property=\"og:locale\" content=\"es_ES\" \/>\n<meta property=\"og:type\" content=\"article\" \/>\n<meta property=\"og:title\" content=\"Tipos de Cuatro - TuCuatro - El Cuatro Venezolano\" \/>\n<meta property=\"og:description\" content=\"&nbsp; Tipos de cuatro: A diferencia de la mayor\u00eda de los instrumentos de la familia de la guitarra, el cuatro viene en varias versiones y se clasifica\" \/>\n<meta property=\"og:url\" content=\"https:\/\/tucuatro.com\/es\/tipos-de-cuatro\/\" \/>\n<meta property=\"og:site_name\" content=\"TuCuatro - El Cuatro Venezolano\" \/>\n<meta property=\"article:publisher\" content=\"https:\/\/facebook.com\/tucuatrodigital\" \/>\n<meta property=\"og:image\" content=\"https:\/\/tucuatro.com\/es\/wp-content\/uploads\/sites\/3\/2020\/02\/tucuatro-featured-image.jpg\" \/>\n\t<meta property=\"og:image:width\" content=\"1200\" \/>\n\t<meta property=\"og:image:height\" content=\"628\" \/>\n\t<meta property=\"og:image:type\" content=\"image\/jpeg\" \/>\n<meta name=\"twitter:card\" content=\"summary_large_image\" \/>\n<meta name=\"twitter:site\" content=\"@tucuatro\" \/>\n<meta name=\"twitter:label1\" content=\"Tiempo de lectura\" \/>\n\t<meta name=\"twitter:data1\" content=\"1 minuto\" \/>\n<script type=\"application\/ld+json\" class=\"yoast-schema-graph\">{\"@context\":\"https:\/\/schema.org\",\"@graph\":[{\"@type\":\"WebPage\",\"@id\":\"https:\/\/tucuatro.com\/es\/tipos-de-cuatro\/\",\"url\":\"https:\/\/tucuatro.com\/es\/tipos-de-cuatro\/\",\"name\":\"Tipos de Cuatro - TuCuatro - El Cuatro Venezolano\",\"isPartOf\":{\"@id\":\"https:\/\/tucuatro.com\/es\/#website\"},\"datePublished\":\"2016-03-12T19:42:32+00:00\",\"description\":\"&nbsp; Tipos de cuatro: A diferencia de la mayor\u00eda de los instrumentos de la familia de la guitarra, el cuatro viene en varias versiones y se clasifica\",\"breadcrumb\":{\"@id\":\"https:\/\/tucuatro.com\/es\/tipos-de-cuatro\/#breadcrumb\"},\"inLanguage\":\"es\",\"potentialAction\":[{\"@type\":\"ReadAction\",\"target\":[\"https:\/\/tucuatro.com\/es\/tipos-de-cuatro\/\"]}]},{\"@type\":\"BreadcrumbList\",\"@id\":\"https:\/\/tucuatro.com\/es\/tipos-de-cuatro\/#breadcrumb\",\"itemListElement\":[{\"@type\":\"ListItem\",\"position\":1,\"name\":\"Portada\",\"item\":\"https:\/\/tucuatro.com\/es\/\"},{\"@type\":\"ListItem\",\"position\":2,\"name\":\"Tipos de Cuatro\"}]},{\"@type\":\"WebSite\",\"@id\":\"https:\/\/tucuatro.com\/es\/#website\",\"url\":\"https:\/\/tucuatro.com\/es\/\",\"name\":\"TuCuatro\",\"description\":\"TuCuatro\",\"publisher\":{\"@id\":\"https:\/\/tucuatro.com\/es\/#organization\"},\"potentialAction\":[{\"@type\":\"SearchAction\",\"target\":{\"@type\":\"EntryPoint\",\"urlTemplate\":\"https:\/\/tucuatro.com\/es\/?s={search_term_string}\"},\"query-input\":{\"@type\":\"PropertyValueSpecification\",\"valueRequired\":true,\"valueName\":\"search_term_string\"}}],\"inLanguage\":\"es\"},{\"@type\":\"Organization\",\"@id\":\"https:\/\/tucuatro.com\/es\/#organization\",\"name\":\"TuCuatro\",\"url\":\"https:\/\/tucuatro.com\/es\/\",\"logo\":{\"@type\":\"ImageObject\",\"inLanguage\":\"es\",\"@id\":\"https:\/\/tucuatro.com\/es\/#\/schema\/logo\/image\/\",\"url\":\"https:\/\/tucuatro.com\/es\/wp-content\/uploads\/sites\/3\/2020\/02\/fretboard_icon_black-64px.png\",\"contentUrl\":\"https:\/\/tucuatro.com\/es\/wp-content\/uploads\/sites\/3\/2020\/02\/fretboard_icon_black-64px.png\",\"width\":64,\"height\":107,\"caption\":\"TuCuatro\"},\"image\":{\"@id\":\"https:\/\/tucuatro.com\/es\/#\/schema\/logo\/image\/\"},\"sameAs\":[\"https:\/\/facebook.com\/tucuatrodigital\",\"https:\/\/x.com\/tucuatro\"]}]}<\/script>\n<!-- \/ Yoast SEO plugin. -->","yoast_head_json":{"title":"Tipos de Cuatro - TuCuatro - El Cuatro Venezolano","description":"&nbsp; Tipos de cuatro: A diferencia de la mayor\u00eda de los instrumentos de la familia de la guitarra, el cuatro viene en varias versiones y se clasifica","robots":{"index":"index","follow":"follow","max-snippet":"max-snippet:-1","max-image-preview":"max-image-preview:large","max-video-preview":"max-video-preview:-1"},"canonical":"https:\/\/tucuatro.com\/es\/tipos-de-cuatro\/","og_locale":"es_ES","og_type":"article","og_title":"Tipos de Cuatro - TuCuatro - El Cuatro Venezolano","og_description":"&nbsp; Tipos de cuatro: A diferencia de la mayor\u00eda de los instrumentos de la familia de la guitarra, el cuatro viene en varias versiones y se clasifica","og_url":"https:\/\/tucuatro.com\/es\/tipos-de-cuatro\/","og_site_name":"TuCuatro - El Cuatro Venezolano","article_publisher":"https:\/\/facebook.com\/tucuatrodigital","og_image":[{"width":1200,"height":628,"url":"https:\/\/tucuatro.com\/es\/wp-content\/uploads\/sites\/3\/2020\/02\/tucuatro-featured-image.jpg","type":"image\/jpeg"}],"twitter_card":"summary_large_image","twitter_site":"@tucuatro","twitter_misc":{"Tiempo de lectura":"1 minuto"},"schema":{"@context":"https:\/\/schema.org","@graph":[{"@type":"WebPage","@id":"https:\/\/tucuatro.com\/es\/tipos-de-cuatro\/","url":"https:\/\/tucuatro.com\/es\/tipos-de-cuatro\/","name":"Tipos de Cuatro - TuCuatro - El Cuatro Venezolano","isPartOf":{"@id":"https:\/\/tucuatro.com\/es\/#website"},"datePublished":"2016-03-12T19:42:32+00:00","description":"&nbsp; Tipos de cuatro: A diferencia de la mayor\u00eda de los instrumentos de la familia de la guitarra, el cuatro viene en varias versiones y se clasifica","breadcrumb":{"@id":"https:\/\/tucuatro.com\/es\/tipos-de-cuatro\/#breadcrumb"},"inLanguage":"es","potentialAction":[{"@type":"ReadAction","target":["https:\/\/tucuatro.com\/es\/tipos-de-cuatro\/"]}]},{"@type":"BreadcrumbList","@id":"https:\/\/tucuatro.com\/es\/tipos-de-cuatro\/#breadcrumb","itemListElement":[{"@type":"ListItem","position":1,"name":"Portada","item":"https:\/\/tucuatro.com\/es\/"},{"@type":"ListItem","position":2,"name":"Tipos de Cuatro"}]},{"@type":"WebSite","@id":"https:\/\/tucuatro.com\/es\/#website","url":"https:\/\/tucuatro.com\/es\/","name":"TuCuatro","description":"TuCuatro","publisher":{"@id":"https:\/\/tucuatro.com\/es\/#organization"},"potentialAction":[{"@type":"SearchAction","target":{"@type":"EntryPoint","urlTemplate":"https:\/\/tucuatro.com\/es\/?s={search_term_string}"},"query-input":{"@type":"PropertyValueSpecification","valueRequired":true,"valueName":"search_term_string"}}],"inLanguage":"es"},{"@type":"Organization","@id":"https:\/\/tucuatro.com\/es\/#organization","name":"TuCuatro","url":"https:\/\/tucuatro.com\/es\/","logo":{"@type":"ImageObject","inLanguage":"es","@id":"https:\/\/tucuatro.com\/es\/#\/schema\/logo\/image\/","url":"https:\/\/tucuatro.com\/es\/wp-content\/uploads\/sites\/3\/2020\/02\/fretboard_icon_black-64px.png","contentUrl":"https:\/\/tucuatro.com\/es\/wp-content\/uploads\/sites\/3\/2020\/02\/fretboard_icon_black-64px.png","width":64,"height":107,"caption":"TuCuatro"},"image":{"@id":"https:\/\/tucuatro.com\/es\/#\/schema\/logo\/image\/"},"sameAs":["https:\/\/facebook.com\/tucuatrodigital","https:\/\/x.com\/tucuatro"]}]}},"_links":{"self":[{"href":"https:\/\/tucuatro.com\/es\/wp-json\/wp\/v2\/pages\/9420","targetHints":{"allow":["GET"]}}],"collection":[{"href":"https:\/\/tucuatro.com\/es\/wp-json\/wp\/v2\/pages"}],"about":[{"href":"https:\/\/tucuatro.com\/es\/wp-json\/wp\/v2\/types\/page"}],"author":[{"embeddable":true,"href":"https:\/\/tucuatro.com\/es\/wp-json\/wp\/v2\/users\/1"}],"replies":[{"embeddable":true,"href":"https:\/\/tucuatro.com\/es\/wp-json\/wp\/v2\/comments?post=9420"}],"version-history":[{"count":0,"href":"https:\/\/tucuatro.com\/es\/wp-json\/wp\/v2\/pages\/9420\/revisions"}],"wp:attachment":[{"href":"https:\/\/tucuatro.com\/es\/wp-json\/wp\/v2\/media?parent=9420"}],"curies":[{"name":"wp","href":"https:\/\/api.w.org\/{rel}","templated":true}]}}