{"id":9914,"date":"2016-03-12T23:37:19","date_gmt":"2016-03-13T04:07:19","guid":{"rendered":"https:\/\/tucuatro.com\/es\/?page_id=9914"},"modified":"2016-03-12T23:37:19","modified_gmt":"2016-03-13T04:07:19","slug":"genero","status":"publish","type":"page","link":"https:\/\/tucuatro.com\/es\/indice\/genero\/","title":{"rendered":"Genero"},"content":{"rendered":"<div class=\"categories-list\">\n<div class=\"category-desc\">\n\t\t\t\t\t<!-- category-header: hidden on lessons page (class hide-category-header on layout.css to avoid multiple images--><\/p>\n<div class=\"category-header\">\n\t<img decoding=\"async\" alt=\"\" src=\"\/vzla\/images\/lecciones\/header_basic.jpg\" style=\"width: 940px;height: 415px;margin: 5px 0px\"><\/p>\n<h2 style=\"color:#FFF\">\n\t\tCuatro Venezolano<\/h2>\n<h3 style=\"color: #AAA;width: 230px;text-align: right\">\n\t\tG\u00e9neros<\/h3>\n<\/div>\n<p><span>Estudia los distintos g\u00e9neros musicales adaptados para el Cuatro Venezolano<\/span><\/p>\n<\/div>\n<ul>\n<li class=\"first\">\n\t\t\t<span class=\"item-title\"><a href=\"\/vzla\/lecciones\/genero\/61-vals\"><\/p>\n<h3>Vals<\/h3>\n<p><\/a><a href=\"\/vzla\/lecciones\/genero\/61-vals\"><\/a><\/p>\n<div class=\"category-desc\">\n<p>\tEl Vals es uno de los Ritmos base de todo cuatrista. &nbsp;Es tan importante que priva el aprendizaje de otros ritmos como el pasaje o el joropo.&nbsp;<\/p>\n<\/div>\n<p><\/span><\/li>\n<li>\n\t\t\t<span class=\"item-title\"><a href=\"\/vzla\/lecciones\/genero\/62-salsa\"><\/p>\n<h3>Salsa<\/h3>\n<p><\/a><a href=\"\/vzla\/lecciones\/genero\/62-salsa\"><\/a><\/p>\n<div class=\"category-desc\">\n<p>\tEn esta secci\u00f3n estudiar\u00e1s los pormenores acerca de c\u00f3mo tocar el ritmo de Salsa y sus variaciones en el Cuatro Venezolano.<\/p>\n<\/div>\n<p><\/span><\/li>\n<li>\n\t\t\t<span class=\"item-title\"><a href=\"\/vzla\/lecciones\/genero\/91-polo\"><\/p>\n<h3>Polo<\/h3>\n<p><\/a><a href=\"\/vzla\/lecciones\/genero\/91-polo\"><\/a><\/p>\n<div class=\"category-desc\">\n<p>\tAprende todo acerca de la forma musical llamada Polo, t\u00edpica de la region de las costas orientales venezolanas<\/p>\n<\/div>\n<p><\/span><\/li>\n<li>\n\t\t\t<span class=\"item-title\"><a href=\"\/vzla\/lecciones\/genero\/joropo\"><\/p>\n<h3>Joropo<\/h3>\n<p><\/a><a href=\"\/vzla\/lecciones\/genero\/joropo\"><\/a><\/p>\n<div class=\"category-desc\">\n<p>\tEl joropo es sin duda el g\u00e9nero que define la cultura venezolana y al Cuatro Venezolano. Sin embargo hay much\u00edsimos distintos tipos de Joropo, aprende cu\u00e1les son estos tipos.<\/p>\n<p>&nbsp;<\/p>\n<\/div>\n<ul>\n<li class=\"first\">\n\t\t\t<span class=\"item-title\"><a href=\"\/vzla\/lecciones\/genero\/joropo\/96-gaban\"><\/p>\n<h3>Gab\u00e1n<\/h3>\n<p><\/a><a href=\"\/vzla\/lecciones\/genero\/joropo\/96-gaban\"><\/a><\/p>\n<div class=\"category-desc\">\n<p>\tAprende todo acerca de esta subdivision de Joropo llamado Gab\u00e1n para el Cuatro Venezolano<\/p>\n<\/div>\n<p><\/span><\/li>\n<li>\n\t\t\t<span class=\"item-title\"><a href=\"\/vzla\/lecciones\/genero\/joropo\/98-san-rafael\"><\/p>\n<h3>San Rafael<\/h3>\n<p><\/a><a href=\"\/vzla\/lecciones\/genero\/joropo\/98-san-rafael\"><\/a><\/p>\n<div class=\"category-desc\">\n<p>\tAprende todo acerca de esta subdivision de Joropo llamado San Rafael para el Cuatro Venezolano.<\/p>\n<\/div>\n<p><\/span><\/li>\n<li>\n\t\t\t<span class=\"item-title\"><a href=\"\/vzla\/lecciones\/genero\/joropo\/93-periquera\"><\/p>\n<h3>Periquera<\/h3>\n<p><\/a><a href=\"\/vzla\/lecciones\/genero\/joropo\/93-periquera\"><\/a><\/p>\n<div class=\"category-desc\">\n<p>\tAprende todo acerca de esta subdivision de Joropo llamado Periquera para el Cuatro Venezolano.<\/p>\n<\/div>\n<p><\/span><\/li>\n<li>\n\t\t\t<span class=\"item-title\"><a href=\"\/vzla\/lecciones\/genero\/joropo\/94-quirpa\"><\/p>\n<h3>Quirpa<\/h3>\n<p><\/a><a href=\"\/vzla\/lecciones\/genero\/joropo\/94-quirpa\"><\/a><\/p>\n<div class=\"category-desc\">\n<p>\tAprende todo acerca de esta subdivision de Joropo llamado Quirpa para el Cuatro Venezolano.<\/p>\n<\/div>\n<p><\/span><\/li>\n<li>\n\t\t\t<span class=\"item-title\"><a href=\"\/vzla\/lecciones\/genero\/joropo\/95-zumba-que-zumba\"><\/p>\n<h3>Zumba que Zumba<\/h3>\n<p><\/a><a href=\"\/vzla\/lecciones\/genero\/joropo\/95-zumba-que-zumba\"><\/a><\/p>\n<div class=\"category-desc\">\n<p>\tAprende todo acerca de esta subdivision de Joropo llamado Zumba que Zumba para el Cuatro Venezolano.<\/p>\n<\/div>\n<p><\/span><\/li>\n<li>\n\t\t\t<span class=\"item-title\"><a href=\"\/vzla\/lecciones\/genero\/joropo\/99-chipola\"><\/p>\n<h3>Chipola<\/h3>\n<p><\/a><a href=\"\/vzla\/lecciones\/genero\/joropo\/99-chipola\"><\/a><\/p>\n<div class=\"category-desc\">\n<p>\tAprende todo acerca de esta subdivision de Joropo llamado Chipola para el Cuatro Venezolano.<\/p>\n<\/div>\n<p><\/span><\/li>\n<li>\n\t\t\t<span class=\"item-title\"><a href=\"\/vzla\/lecciones\/genero\/joropo\/100-pajarillo\"><\/p>\n<h3>Pajarillo<\/h3>\n<p><\/a><a href=\"\/vzla\/lecciones\/genero\/joropo\/100-pajarillo\"><\/a><\/p>\n<div class=\"category-desc\">\n<p>\tAprende todo acerca de esta subdivision de Joropo llamado Pajarillo para el Cuatro Venezolano.<\/p>\n<\/div>\n<p><\/span><\/li>\n<li>\n\t\t\t<span class=\"item-title\"><a href=\"\/vzla\/lecciones\/genero\/joropo\/101-seis-por-derecho\"><\/p>\n<h3>Seis por Derecho<\/h3>\n<p><\/a><a href=\"\/vzla\/lecciones\/genero\/joropo\/101-seis-por-derecho\"><\/a><\/p>\n<div class=\"category-desc\">\n<p>\tAprende todo acerca de esta subdivision de Joropo llamado Seis por Derecho para el Cuatro Venezolano.<\/p>\n<\/div>\n<p><\/span><\/li>\n<li>\n\t\t\t<span class=\"item-title\"><a href=\"\/vzla\/lecciones\/genero\/joropo\/146-sabana-blanca\"><\/p>\n<h3>Sabana Blanca<\/h3>\n<p><\/a><a href=\"\/vzla\/lecciones\/genero\/joropo\/146-sabana-blanca\"><\/a><\/p>\n<div class=\"category-desc\">\n<p>\tAprende todo lo relacionado a esta figura del Joropo Oriental llamada Sabana Blanca.<\/p>\n<\/div>\n<p><\/span><\/li>\n<li>\n\t\t\t<span class=\"item-title\"><a href=\"\/vzla\/lecciones\/genero\/joropo\/160-gavilan\"><\/p>\n<h3>Gavilan<\/h3>\n<p><\/a><a href=\"\/vzla\/lecciones\/genero\/joropo\/160-gavilan\"><\/a><\/p>\n<div class=\"category-desc\">\n<p>\tAprende todo acerca de esta subdivision de Joropo llamado Gavilan para el Cuatro Venezolano<\/p>\n<\/div>\n<p><\/span><\/li>\n<li class=\"last\">\n\t\t\t<span class=\"item-title\"><a href=\"\/vzla\/lecciones\/genero\/joropo\/168-cunavichero\"><\/p>\n<h3>Cunavichero<\/h3>\n<p><\/a><a href=\"\/vzla\/lecciones\/genero\/joropo\/168-cunavichero\"><\/a><\/p>\n<div class=\"category-desc\">\n<p>\tAprende todo acerca de esta subdivision de Joropo llamado Cunavichero para el Cuatro Venezolano<\/p>\n<\/div>\n<p><\/span><\/li>\n<\/ul>\n<p><\/span><\/li>\n<li>\n\t\t\t<span class=\"item-title\"><a href=\"\/vzla\/lecciones\/genero\/121-bossanova\"><\/p>\n<h3>Bossanova<\/h3>\n<p><\/a><a href=\"\/vzla\/lecciones\/genero\/121-bossanova\"><\/a><\/p>\n<div class=\"category-desc\">\n<p style=\"text-align: justify\">\n\tEl Bossanova es un ritmo brasile\u00f1o que puede ser tocado en el Cuatro Venezolano. Esto es posible debido a la similitud con los instrumentos de cuerdas brasile\u00f1os utilizados en este ritmo.&nbsp;<\/p>\n<\/div>\n<p><\/span><\/li>\n<li>\n\t\t\t<span class=\"item-title\"><a href=\"\/vzla\/lecciones\/genero\/125-gaita\"><\/p>\n<h3>Gaita<\/h3>\n<p><\/a><a href=\"\/vzla\/lecciones\/genero\/125-gaita\"><\/a><\/p>\n<div class=\"category-desc\">\n<p>\tAprende c\u00f3mo hacer el genero de Gaita con el Cuatro Venezolano<\/p>\n<\/div>\n<p><\/span><\/li>\n<li>\n\t\t\t<span class=\"item-title\"><a href=\"\/vzla\/lecciones\/genero\/138-merengue-venezolano\"><\/p>\n<h3>Merengue Venezolano<\/h3>\n<p><\/a><a href=\"\/vzla\/lecciones\/genero\/138-merengue-venezolano\"><\/a><\/p>\n<div class=\"category-desc\">\n<p>\tAprende las bases del Merengue Venezolano.<\/p>\n<\/div>\n<p><\/span><\/li>\n<li>\n\t\t\t<span class=\"item-title\"><a href=\"\/vzla\/lecciones\/genero\/143-punto-del-navegante\"><\/p>\n<h3>Punto del Navegante<\/h3>\n<p><\/a><a href=\"\/vzla\/lecciones\/genero\/143-punto-del-navegante\"><\/a><\/p>\n<div class=\"category-desc\">\n<p>\tAprende todo lo relacionado con este g\u00e9nero del Estado Nueva Esparta.<\/p>\n<\/div>\n<p><\/span><\/li>\n<li>\n\t\t\t<span class=\"item-title\"><a href=\"\/vzla\/lecciones\/genero\/158-aguinaldo\"><\/p>\n<h3>Aguinaldo<\/h3>\n<p><\/a><a href=\"\/vzla\/lecciones\/genero\/158-aguinaldo\"><\/a><\/p>\n<div class=\"category-desc\">\n<p>\tAprende a tocar los aguinaldos y mira ejemplos de canciones conocidas.<\/p>\n<\/div>\n<p><\/span><\/li>\n<li>\n\t\t\t<span class=\"item-title\"><a href=\"\/vzla\/lecciones\/genero\/161-otros\"><\/p>\n<h3>Otros<\/h3>\n<p><\/a><a href=\"\/vzla\/lecciones\/genero\/161-otros\"><\/a><\/p>\n<div class=\"category-desc\">\n<p>\tAqui podras ver diversos generos de la musica venezolana que se pueden tocar con el Cuatro Venezolano.<\/p>\n<\/div>\n<p><\/span><\/li>\n<li class=\"last\">\n\t\t\t<span class=\"item-title\"><a href=\"\/vzla\/lecciones\/genero\/169-decima-zuliana\"><\/p>\n<h3>Decima Zuliana<\/h3>\n<p><\/a><a href=\"\/vzla\/lecciones\/genero\/169-decima-zuliana\"><\/a><\/p>\n<div class=\"category-desc\">\n<p>\tAprende a tocar el genero Decima Zuliana con tu Cuatro Venezolano.<\/p>\n<\/div>\n<p><\/span><\/li>\n<\/ul>\n<\/div>\n","protected":false},"excerpt":{"rendered":"<p>Cuatro Venezolano G\u00e9neros Estudia los distintos g\u00e9neros musicales adaptados para el Cuatro Venezolano Vals El Vals es uno de los Ritmos base de todo cuatrista. &nbsp;Es tan importante que priva el aprendizaje de otros ritmos como el pasaje o el joropo.&nbsp; Salsa En esta secci\u00f3n estudiar\u00e1s los pormenores acerca de c\u00f3mo tocar el ritmo de [&hellip;]<\/p>\n","protected":false},"author":1,"featured_media":0,"parent":9907,"menu_order":0,"comment_status":"closed","ping_status":"closed","template":"","meta":{"content-type":"","footnotes":""},"class_list":["post-9914","page","type-page","status-publish","hentry"],"yoast_head":"<!-- This site is optimized with the Yoast SEO plugin v27.2 - https:\/\/yoast.com\/product\/yoast-seo-wordpress\/ -->\n<title>Genero - TuCuatro - El Cuatro Venezolano<\/title>\n<meta name=\"description\" content=\"Cuatro Venezolano G\u00e9neros Estudia los distintos g\u00e9neros musicales adaptados para el Cuatro Venezolano Vals El Vals es uno de los Ritmos base de todo\" \/>\n<meta name=\"robots\" content=\"index, follow, max-snippet:-1, max-image-preview:large, max-video-preview:-1\" \/>\n<link rel=\"canonical\" href=\"https:\/\/tucuatro.com\/es\/indice\/genero\/\" \/>\n<meta property=\"og:locale\" content=\"es_ES\" \/>\n<meta property=\"og:type\" content=\"article\" \/>\n<meta property=\"og:title\" content=\"Genero - TuCuatro - El Cuatro Venezolano\" \/>\n<meta property=\"og:description\" content=\"Cuatro Venezolano G\u00e9neros Estudia los distintos g\u00e9neros musicales adaptados para el Cuatro Venezolano Vals El Vals es uno de los Ritmos base de todo\" \/>\n<meta property=\"og:url\" content=\"https:\/\/tucuatro.com\/es\/indice\/genero\/\" \/>\n<meta property=\"og:site_name\" content=\"TuCuatro - El Cuatro Venezolano\" \/>\n<meta property=\"article:publisher\" content=\"https:\/\/facebook.com\/tucuatrodigital\" \/>\n<meta property=\"og:image\" content=\"https:\/\/tucuatro.com\/es\/wp-content\/uploads\/sites\/3\/2020\/02\/tucuatro-featured-image.jpg\" \/>\n\t<meta property=\"og:image:width\" content=\"1200\" \/>\n\t<meta property=\"og:image:height\" content=\"628\" \/>\n\t<meta property=\"og:image:type\" content=\"image\/jpeg\" \/>\n<meta name=\"twitter:card\" content=\"summary_large_image\" \/>\n<meta name=\"twitter:site\" content=\"@tucuatro\" \/>\n<meta name=\"twitter:label1\" content=\"Tiempo de lectura\" \/>\n\t<meta name=\"twitter:data1\" content=\"2 minutos\" \/>\n<script type=\"application\/ld+json\" class=\"yoast-schema-graph\">{\"@context\":\"https:\/\/schema.org\",\"@graph\":[{\"@type\":\"WebPage\",\"@id\":\"https:\/\/tucuatro.com\/es\/indice\/genero\/\",\"url\":\"https:\/\/tucuatro.com\/es\/indice\/genero\/\",\"name\":\"Genero - TuCuatro - El Cuatro Venezolano\",\"isPartOf\":{\"@id\":\"https:\/\/tucuatro.com\/es\/#website\"},\"datePublished\":\"2016-03-13T04:07:19+00:00\",\"description\":\"Cuatro Venezolano G\u00e9neros Estudia los distintos g\u00e9neros musicales adaptados para el Cuatro Venezolano Vals El Vals es uno de los Ritmos base de todo\",\"breadcrumb\":{\"@id\":\"https:\/\/tucuatro.com\/es\/indice\/genero\/#breadcrumb\"},\"inLanguage\":\"es\",\"potentialAction\":[{\"@type\":\"ReadAction\",\"target\":[\"https:\/\/tucuatro.com\/es\/indice\/genero\/\"]}]},{\"@type\":\"BreadcrumbList\",\"@id\":\"https:\/\/tucuatro.com\/es\/indice\/genero\/#breadcrumb\",\"itemListElement\":[{\"@type\":\"ListItem\",\"position\":1,\"name\":\"Portada\",\"item\":\"https:\/\/tucuatro.com\/es\/\"},{\"@type\":\"ListItem\",\"position\":2,\"name\":\"Lecciones gratuitas para aprender a tocar Cuatro\",\"item\":\"https:\/\/tucuatro.com\/es\/indice\/\"},{\"@type\":\"ListItem\",\"position\":3,\"name\":\"Genero\"}]},{\"@type\":\"WebSite\",\"@id\":\"https:\/\/tucuatro.com\/es\/#website\",\"url\":\"https:\/\/tucuatro.com\/es\/\",\"name\":\"TuCuatro\",\"description\":\"TuCuatro\",\"publisher\":{\"@id\":\"https:\/\/tucuatro.com\/es\/#organization\"},\"potentialAction\":[{\"@type\":\"SearchAction\",\"target\":{\"@type\":\"EntryPoint\",\"urlTemplate\":\"https:\/\/tucuatro.com\/es\/?s={search_term_string}\"},\"query-input\":{\"@type\":\"PropertyValueSpecification\",\"valueRequired\":true,\"valueName\":\"search_term_string\"}}],\"inLanguage\":\"es\"},{\"@type\":\"Organization\",\"@id\":\"https:\/\/tucuatro.com\/es\/#organization\",\"name\":\"TuCuatro\",\"url\":\"https:\/\/tucuatro.com\/es\/\",\"logo\":{\"@type\":\"ImageObject\",\"inLanguage\":\"es\",\"@id\":\"https:\/\/tucuatro.com\/es\/#\/schema\/logo\/image\/\",\"url\":\"https:\/\/tucuatro.com\/es\/wp-content\/uploads\/sites\/3\/2020\/02\/fretboard_icon_black-64px.png\",\"contentUrl\":\"https:\/\/tucuatro.com\/es\/wp-content\/uploads\/sites\/3\/2020\/02\/fretboard_icon_black-64px.png\",\"width\":64,\"height\":107,\"caption\":\"TuCuatro\"},\"image\":{\"@id\":\"https:\/\/tucuatro.com\/es\/#\/schema\/logo\/image\/\"},\"sameAs\":[\"https:\/\/facebook.com\/tucuatrodigital\",\"https:\/\/x.com\/tucuatro\"]}]}<\/script>\n<!-- \/ Yoast SEO plugin. -->","yoast_head_json":{"title":"Genero - TuCuatro - El Cuatro Venezolano","description":"Cuatro Venezolano G\u00e9neros Estudia los distintos g\u00e9neros musicales adaptados para el Cuatro Venezolano Vals El Vals es uno de los Ritmos base de todo","robots":{"index":"index","follow":"follow","max-snippet":"max-snippet:-1","max-image-preview":"max-image-preview:large","max-video-preview":"max-video-preview:-1"},"canonical":"https:\/\/tucuatro.com\/es\/indice\/genero\/","og_locale":"es_ES","og_type":"article","og_title":"Genero - TuCuatro - El Cuatro Venezolano","og_description":"Cuatro Venezolano G\u00e9neros Estudia los distintos g\u00e9neros musicales adaptados para el Cuatro Venezolano Vals El Vals es uno de los Ritmos base de todo","og_url":"https:\/\/tucuatro.com\/es\/indice\/genero\/","og_site_name":"TuCuatro - El Cuatro Venezolano","article_publisher":"https:\/\/facebook.com\/tucuatrodigital","og_image":[{"width":1200,"height":628,"url":"https:\/\/tucuatro.com\/es\/wp-content\/uploads\/sites\/3\/2020\/02\/tucuatro-featured-image.jpg","type":"image\/jpeg"}],"twitter_card":"summary_large_image","twitter_site":"@tucuatro","twitter_misc":{"Tiempo de lectura":"2 minutos"},"schema":{"@context":"https:\/\/schema.org","@graph":[{"@type":"WebPage","@id":"https:\/\/tucuatro.com\/es\/indice\/genero\/","url":"https:\/\/tucuatro.com\/es\/indice\/genero\/","name":"Genero - TuCuatro - El Cuatro Venezolano","isPartOf":{"@id":"https:\/\/tucuatro.com\/es\/#website"},"datePublished":"2016-03-13T04:07:19+00:00","description":"Cuatro Venezolano G\u00e9neros Estudia los distintos g\u00e9neros musicales adaptados para el Cuatro Venezolano Vals El Vals es uno de los Ritmos base de todo","breadcrumb":{"@id":"https:\/\/tucuatro.com\/es\/indice\/genero\/#breadcrumb"},"inLanguage":"es","potentialAction":[{"@type":"ReadAction","target":["https:\/\/tucuatro.com\/es\/indice\/genero\/"]}]},{"@type":"BreadcrumbList","@id":"https:\/\/tucuatro.com\/es\/indice\/genero\/#breadcrumb","itemListElement":[{"@type":"ListItem","position":1,"name":"Portada","item":"https:\/\/tucuatro.com\/es\/"},{"@type":"ListItem","position":2,"name":"Lecciones gratuitas para aprender a tocar Cuatro","item":"https:\/\/tucuatro.com\/es\/indice\/"},{"@type":"ListItem","position":3,"name":"Genero"}]},{"@type":"WebSite","@id":"https:\/\/tucuatro.com\/es\/#website","url":"https:\/\/tucuatro.com\/es\/","name":"TuCuatro","description":"TuCuatro","publisher":{"@id":"https:\/\/tucuatro.com\/es\/#organization"},"potentialAction":[{"@type":"SearchAction","target":{"@type":"EntryPoint","urlTemplate":"https:\/\/tucuatro.com\/es\/?s={search_term_string}"},"query-input":{"@type":"PropertyValueSpecification","valueRequired":true,"valueName":"search_term_string"}}],"inLanguage":"es"},{"@type":"Organization","@id":"https:\/\/tucuatro.com\/es\/#organization","name":"TuCuatro","url":"https:\/\/tucuatro.com\/es\/","logo":{"@type":"ImageObject","inLanguage":"es","@id":"https:\/\/tucuatro.com\/es\/#\/schema\/logo\/image\/","url":"https:\/\/tucuatro.com\/es\/wp-content\/uploads\/sites\/3\/2020\/02\/fretboard_icon_black-64px.png","contentUrl":"https:\/\/tucuatro.com\/es\/wp-content\/uploads\/sites\/3\/2020\/02\/fretboard_icon_black-64px.png","width":64,"height":107,"caption":"TuCuatro"},"image":{"@id":"https:\/\/tucuatro.com\/es\/#\/schema\/logo\/image\/"},"sameAs":["https:\/\/facebook.com\/tucuatrodigital","https:\/\/x.com\/tucuatro"]}]}},"_links":{"self":[{"href":"https:\/\/tucuatro.com\/es\/wp-json\/wp\/v2\/pages\/9914","targetHints":{"allow":["GET"]}}],"collection":[{"href":"https:\/\/tucuatro.com\/es\/wp-json\/wp\/v2\/pages"}],"about":[{"href":"https:\/\/tucuatro.com\/es\/wp-json\/wp\/v2\/types\/page"}],"author":[{"embeddable":true,"href":"https:\/\/tucuatro.com\/es\/wp-json\/wp\/v2\/users\/1"}],"replies":[{"embeddable":true,"href":"https:\/\/tucuatro.com\/es\/wp-json\/wp\/v2\/comments?post=9914"}],"version-history":[{"count":0,"href":"https:\/\/tucuatro.com\/es\/wp-json\/wp\/v2\/pages\/9914\/revisions"}],"up":[{"embeddable":true,"href":"https:\/\/tucuatro.com\/es\/wp-json\/wp\/v2\/pages\/9907"}],"wp:attachment":[{"href":"https:\/\/tucuatro.com\/es\/wp-json\/wp\/v2\/media?parent=9914"}],"curies":[{"name":"wp","href":"https:\/\/api.w.org\/{rel}","templated":true}]}}