{"id":112,"date":"2016-06-16T11:51:24","date_gmt":"2016-06-16T15:51:24","guid":{"rendered":"https:\/\/tucuatro.com\/fr\/?page_id=112"},"modified":"2016-06-16T11:51:24","modified_gmt":"2016-06-16T15:51:24","slug":"a-propos","status":"publish","type":"page","link":"https:\/\/tucuatro.com\/fr\/a-propos\/","title":{"rendered":"\u00c0 Propos"},"content":{"rendered":"\n<p>TuCuatro est le seul syst\u00e8me en ligne pour apprendre comment jouer des instruments exotiques de la sud Am\u00e9rique.<\/p>\n","protected":false},"excerpt":{"rendered":"<p>Apprender \u00e0 jouer l&rsquo;instrument que vous aimez avec TuCuatro.<\/p>\n","protected":false},"author":1,"featured_media":0,"parent":0,"menu_order":0,"comment_status":"closed","ping_status":"closed","template":"","meta":{"content-type":"","footnotes":""},"class_list":["post-112","page","type-page","status-publish","hentry"],"yoast_head":"<!-- This site is optimized with the Yoast SEO plugin v27.2 - https:\/\/yoast.com\/product\/yoast-seo-wordpress\/ -->\n<title>\u00c0 Propos - TuCuatro (FR)<\/title>\n<meta name=\"description\" content=\"TuCuatro est le seul syst\u00e8me en ligne pour apprendre comment jouer des instruments exotiques de la sud Am\u00e9rique.\" \/>\n<meta name=\"robots\" content=\"index, follow, max-snippet:-1, max-image-preview:large, max-video-preview:-1\" \/>\n<link rel=\"canonical\" href=\"https:\/\/tucuatro.com\/fr\/a-propos\/\" \/>\n<meta property=\"og:locale\" content=\"fr_FR\" \/>\n<meta property=\"og:type\" content=\"article\" \/>\n<meta property=\"og:title\" content=\"\u00c0 Propos - TuCuatro (FR)\" \/>\n<meta property=\"og:description\" content=\"TuCuatro est le seul syst\u00e8me en ligne pour apprendre comment jouer des instruments exotiques de la sud Am\u00e9rique.\" \/>\n<meta property=\"og:url\" content=\"https:\/\/tucuatro.com\/fr\/a-propos\/\" \/>\n<meta property=\"og:site_name\" content=\"TuCuatro (FR)\" \/>\n<meta property=\"article:publisher\" content=\"https:\/\/www.facebook.com\/TuCuatroEN\/\" \/>\n<meta property=\"og:image\" content=\"https:\/\/tucuatro.com\/fr\/wp-content\/uploads\/sites\/7\/2020\/02\/tucuatro-featured-image.jpg\" \/>\n\t<meta property=\"og:image:width\" content=\"1200\" \/>\n\t<meta property=\"og:image:height\" content=\"628\" \/>\n\t<meta property=\"og:image:type\" content=\"image\/jpeg\" \/>\n<meta name=\"twitter:card\" content=\"summary_large_image\" \/>\n<meta name=\"twitter:site\" content=\"@TuCuatroEN\" \/>\n<script type=\"application\/ld+json\" class=\"yoast-schema-graph\">{\"@context\":\"https:\/\/schema.org\",\"@graph\":[{\"@type\":\"WebPage\",\"@id\":\"https:\/\/tucuatro.com\/fr\/a-propos\/\",\"url\":\"https:\/\/tucuatro.com\/fr\/a-propos\/\",\"name\":\"\u00c0 Propos - TuCuatro (FR)\",\"isPartOf\":{\"@id\":\"https:\/\/tucuatro.com\/fr\/#website\"},\"datePublished\":\"2016-06-16T15:51:24+00:00\",\"description\":\"TuCuatro est le seul syst\u00e8me en ligne pour apprendre comment jouer des instruments exotiques de la sud Am\u00e9rique.\",\"breadcrumb\":{\"@id\":\"https:\/\/tucuatro.com\/fr\/a-propos\/#breadcrumb\"},\"inLanguage\":\"fr-FR\",\"potentialAction\":[{\"@type\":\"ReadAction\",\"target\":[\"https:\/\/tucuatro.com\/fr\/a-propos\/\"]}]},{\"@type\":\"BreadcrumbList\",\"@id\":\"https:\/\/tucuatro.com\/fr\/a-propos\/#breadcrumb\",\"itemListElement\":[{\"@type\":\"ListItem\",\"position\":1,\"name\":\"Accueil\",\"item\":\"https:\/\/tucuatro.com\/fr\/\"},{\"@type\":\"ListItem\",\"position\":2,\"name\":\"\u00c0 Propos\"}]},{\"@type\":\"WebSite\",\"@id\":\"https:\/\/tucuatro.com\/fr\/#website\",\"url\":\"https:\/\/tucuatro.com\/fr\/\",\"name\":\"TuCuatro (FR)\",\"description\":\"Learn to play the cuatro. A venezuelan instrument similar to Ukulele\",\"publisher\":{\"@id\":\"https:\/\/tucuatro.com\/fr\/#organization\"},\"potentialAction\":[{\"@type\":\"SearchAction\",\"target\":{\"@type\":\"EntryPoint\",\"urlTemplate\":\"https:\/\/tucuatro.com\/fr\/?s={search_term_string}\"},\"query-input\":{\"@type\":\"PropertyValueSpecification\",\"valueRequired\":true,\"valueName\":\"search_term_string\"}}],\"inLanguage\":\"fr-FR\"},{\"@type\":\"Organization\",\"@id\":\"https:\/\/tucuatro.com\/fr\/#organization\",\"name\":\"TuCuatro\",\"url\":\"https:\/\/tucuatro.com\/fr\/\",\"logo\":{\"@type\":\"ImageObject\",\"inLanguage\":\"fr-FR\",\"@id\":\"https:\/\/tucuatro.com\/fr\/#\/schema\/logo\/image\/\",\"url\":\"https:\/\/tucuatro.com\/fr\/wp-content\/uploads\/sites\/7\/2020\/02\/fretboard_icon_black-64px.png\",\"contentUrl\":\"https:\/\/tucuatro.com\/fr\/wp-content\/uploads\/sites\/7\/2020\/02\/fretboard_icon_black-64px.png\",\"width\":64,\"height\":107,\"caption\":\"TuCuatro\"},\"image\":{\"@id\":\"https:\/\/tucuatro.com\/fr\/#\/schema\/logo\/image\/\"},\"sameAs\":[\"https:\/\/www.facebook.com\/TuCuatroEN\/\",\"https:\/\/x.com\/TuCuatroEN\"]}]}<\/script>\n<!-- \/ Yoast SEO plugin. -->","yoast_head_json":{"title":"\u00c0 Propos - TuCuatro (FR)","description":"TuCuatro est le seul syst\u00e8me en ligne pour apprendre comment jouer des instruments exotiques de la sud Am\u00e9rique.","robots":{"index":"index","follow":"follow","max-snippet":"max-snippet:-1","max-image-preview":"max-image-preview:large","max-video-preview":"max-video-preview:-1"},"canonical":"https:\/\/tucuatro.com\/fr\/a-propos\/","og_locale":"fr_FR","og_type":"article","og_title":"\u00c0 Propos - TuCuatro (FR)","og_description":"TuCuatro est le seul syst\u00e8me en ligne pour apprendre comment jouer des instruments exotiques de la sud Am\u00e9rique.","og_url":"https:\/\/tucuatro.com\/fr\/a-propos\/","og_site_name":"TuCuatro (FR)","article_publisher":"https:\/\/www.facebook.com\/TuCuatroEN\/","og_image":[{"width":1200,"height":628,"url":"https:\/\/tucuatro.com\/fr\/wp-content\/uploads\/sites\/7\/2020\/02\/tucuatro-featured-image.jpg","type":"image\/jpeg"}],"twitter_card":"summary_large_image","twitter_site":"@TuCuatroEN","schema":{"@context":"https:\/\/schema.org","@graph":[{"@type":"WebPage","@id":"https:\/\/tucuatro.com\/fr\/a-propos\/","url":"https:\/\/tucuatro.com\/fr\/a-propos\/","name":"\u00c0 Propos - TuCuatro (FR)","isPartOf":{"@id":"https:\/\/tucuatro.com\/fr\/#website"},"datePublished":"2016-06-16T15:51:24+00:00","description":"TuCuatro est le seul syst\u00e8me en ligne pour apprendre comment jouer des instruments exotiques de la sud Am\u00e9rique.","breadcrumb":{"@id":"https:\/\/tucuatro.com\/fr\/a-propos\/#breadcrumb"},"inLanguage":"fr-FR","potentialAction":[{"@type":"ReadAction","target":["https:\/\/tucuatro.com\/fr\/a-propos\/"]}]},{"@type":"BreadcrumbList","@id":"https:\/\/tucuatro.com\/fr\/a-propos\/#breadcrumb","itemListElement":[{"@type":"ListItem","position":1,"name":"Accueil","item":"https:\/\/tucuatro.com\/fr\/"},{"@type":"ListItem","position":2,"name":"\u00c0 Propos"}]},{"@type":"WebSite","@id":"https:\/\/tucuatro.com\/fr\/#website","url":"https:\/\/tucuatro.com\/fr\/","name":"TuCuatro (FR)","description":"Learn to play the cuatro. A venezuelan instrument similar to Ukulele","publisher":{"@id":"https:\/\/tucuatro.com\/fr\/#organization"},"potentialAction":[{"@type":"SearchAction","target":{"@type":"EntryPoint","urlTemplate":"https:\/\/tucuatro.com\/fr\/?s={search_term_string}"},"query-input":{"@type":"PropertyValueSpecification","valueRequired":true,"valueName":"search_term_string"}}],"inLanguage":"fr-FR"},{"@type":"Organization","@id":"https:\/\/tucuatro.com\/fr\/#organization","name":"TuCuatro","url":"https:\/\/tucuatro.com\/fr\/","logo":{"@type":"ImageObject","inLanguage":"fr-FR","@id":"https:\/\/tucuatro.com\/fr\/#\/schema\/logo\/image\/","url":"https:\/\/tucuatro.com\/fr\/wp-content\/uploads\/sites\/7\/2020\/02\/fretboard_icon_black-64px.png","contentUrl":"https:\/\/tucuatro.com\/fr\/wp-content\/uploads\/sites\/7\/2020\/02\/fretboard_icon_black-64px.png","width":64,"height":107,"caption":"TuCuatro"},"image":{"@id":"https:\/\/tucuatro.com\/fr\/#\/schema\/logo\/image\/"},"sameAs":["https:\/\/www.facebook.com\/TuCuatroEN\/","https:\/\/x.com\/TuCuatroEN"]}]}},"_links":{"self":[{"href":"https:\/\/tucuatro.com\/fr\/wp-json\/wp\/v2\/pages\/112","targetHints":{"allow":["GET"]}}],"collection":[{"href":"https:\/\/tucuatro.com\/fr\/wp-json\/wp\/v2\/pages"}],"about":[{"href":"https:\/\/tucuatro.com\/fr\/wp-json\/wp\/v2\/types\/page"}],"author":[{"embeddable":true,"href":"https:\/\/tucuatro.com\/fr\/wp-json\/wp\/v2\/users\/1"}],"replies":[{"embeddable":true,"href":"https:\/\/tucuatro.com\/fr\/wp-json\/wp\/v2\/comments?post=112"}],"version-history":[{"count":0,"href":"https:\/\/tucuatro.com\/fr\/wp-json\/wp\/v2\/pages\/112\/revisions"}],"wp:attachment":[{"href":"https:\/\/tucuatro.com\/fr\/wp-json\/wp\/v2\/media?parent=112"}],"curies":[{"name":"wp","href":"https:\/\/api.w.org\/{rel}","templated":true}]}}