{"id":25446,"date":"2013-07-28T14:05:35","date_gmt":"2013-07-28T18:35:35","guid":{"rendered":"https:\/\/tucuatro.com\/?page_id=8"},"modified":"2020-08-11T10:43:23","modified_gmt":"2020-08-11T14:43:23","slug":"about-us","status":"publish","type":"page","link":"https:\/\/tucuatro.com\/fr\/about-us\/","title":{"rendered":"Nous contacter"},"content":{"rendered":"\n<p>TuCuatro est un portail o\u00f9 les \u00e9tudiants peuvent apprendre \u00e0 jouer des instruments folkloriques et exotiques (Cuatro v\u00e9n\u00e9zu\u00e9lien, ukul\u00e9l\u00e9, Bandola Llanera, Cavaquinho, etc.). \u00c0 partir d&rsquo;une initiative des Cuatristas v\u00e9n\u00e9zu\u00e9liens, nous nous sommes consacr\u00e9s \u00e0 aider et \u00e0 faciliter les personnes de toutes nationalit\u00e9s avec un moyen d&rsquo;apprendre \u00e0 jouer de l&rsquo;instrument de musique qu&rsquo;elles aiment. En tant qu&rsquo;\u00e9quipe, nous sommes compos\u00e9s de musiciens, d&rsquo;innovateurs et de sp\u00e9cialistes du e-learning qui ont consacr\u00e9 les enseignements de tous les aspects de ces instruments exotiques.<\/p>\n\n\n\n<h2 class=\"wp-block-heading\">Mission<\/h2>\n\n\n\n<p>Chez TuCuatro, nous avons pour objectif exclusif de cr\u00e9er le plus grand manuel interactif d&rsquo;instruments exotiques \u00e0 ce jour. Ce faisant, nous entendons \u00e9tendre la popularit\u00e9 d&rsquo;instruments d&rsquo;exception, comme le Cuatro v\u00e9n\u00e9zu\u00e9lien et Bandola Llanera, \u00e0 toute personne int\u00e9ress\u00e9e par l&rsquo;apprentissage, dans le monde entier. Nous nous consacrons \u00e0 faciliter tous les enseignements de mani\u00e8re bilingue pour rendre possible l&rsquo;internationalisation des instruments.<\/p>\n\n\n\n<p>Nous souhaitons partager nos connaissances et \u00e9tendre la pr\u00e9sence d&rsquo;instruments folkloriques \u00e0 l&rsquo;\u00e9chelle mondiale. \u00catre extr\u00eamement fier de notre culture et de notre h\u00e9ritage cr\u00e9ole, et nous sommes honor\u00e9s de le faire \u00e0 tous les niveaux. L&rsquo;exp\u00e9rience de chacun de nos \u00e9tudiants est notre priorit\u00e9 et nous am\u00e9liorons constamment nos services et enrichissons le contenu.<\/p>\n\n\n\n<h3 class=\"wp-block-heading\">Un accueil chaleureux aux musiciens de demain!<\/h3>\n\n\n\n<div class=\"wp-block-image\"><figure class=\"aligncenter\"><a href=\"\/learn\/\"><img decoding=\"async\" src=\"\/\/tucuatro.com\/wp-content\/uploads\/2013\/10\/tucuatrologo.png\" alt=\"tucuatrologo\" class=\"wp-image-658\"\/><\/a><\/figure><\/div>\n\n\n\n<h2 class=\"wp-block-heading\">L&rsquo;\u00e9quipe<\/h2>\n\n\n\n<div class=\"wp-block-image\"><figure class=\"aligncenter\"><img decoding=\"async\" src=\"\/\/tucuatro.com\/wp-content\/uploads\/2013\/07\/Pide-4.jpg\" alt=\"\" class=\"wp-image-7544\"\/><\/figure><\/div>\n\n\n\n<h3 class=\"wp-block-heading\">How to Reach Us?<\/h3>\n\n\n\n<p>Nous sommes une \u00e9quipe internationale de professionnels et de musiciens qui partagent tous une chose en commun \u2026 notre amour pour les instruments folkloriques, comme le Cuatro. Notre objectif principal est de partager les joies que l&rsquo;instrument apporte \u00e0 ceux qui le jouent \u00e0 tous les nouveaux musiciens. Le Cuatro, ainsi que d&rsquo;autres instruments moins connus, est loin d&rsquo;\u00eatre un instrument clandestin et il est peut-\u00eatre encore assez nouveau pour beaucoup. N&rsquo;h\u00e9sitez pas \u00e0 nous contacter via nos diff\u00e9rents canaux de communication et nous serons plus qu&rsquo;heureux de r\u00e9pondre \u00e0 toutes vos questions.<\/p>\n\n\n\n<h3 class=\"wp-block-heading\">Contactez TuCuatro<\/h3>\n\n\n\n\n\t\t\t\t\t\t<script>\n\t\t\t\t\t\t\twindow.hsFormsOnReady = window.hsFormsOnReady || [];\n\t\t\t\t\t\t\twindow.hsFormsOnReady.push(()=>{\n\t\t\t\t\t\t\t\thbspt.forms.create({\n\t\t\t\t\t\t\t\t\tportalId: 1680233,\n\t\t\t\t\t\t\t\t\tformId: \"0309ab81-5c0f-4e2b-9bdb-b66073b737bf\",\n\t\t\t\t\t\t\t\t\ttarget: \"#hbspt-form-1776310357000-0018334426\",\n\t\t\t\t\t\t\t\t\tregion: \"\",\n\t\t\t\t\t\t\t\t\t\n\t\t\t\t\t\t\t})});\n\t\t\t\t\t\t<\/script>\n\t\t\t\t\t\t<div class=\"hbspt-form\" id=\"hbspt-form-1776310357000-0018334426\"><\/div>\n","protected":false},"excerpt":{"rendered":"<p>Contact TuCuatro if you have any question on regarding our instruments.<\/p>\n","protected":false},"author":1,"featured_media":0,"parent":0,"menu_order":3,"comment_status":"open","ping_status":"open","template":"","meta":{"content-type":"","footnotes":""},"class_list":["post-25446","page","type-page","status-publish","hentry"],"yoast_head":"<!-- This site is optimized with the Yoast SEO plugin v27.2 - https:\/\/yoast.com\/product\/yoast-seo-wordpress\/ -->\n<title>Nous contacter - TuCuatro (FR)<\/title>\n<meta name=\"description\" content=\"Contact TuCuatro if you have any question on regarding our instruments.\" \/>\n<meta name=\"robots\" content=\"index, follow, max-snippet:-1, max-image-preview:large, max-video-preview:-1\" \/>\n<link rel=\"canonical\" href=\"https:\/\/tucuatro.com\/fr\/about-us\/\" \/>\n<meta property=\"og:locale\" content=\"fr_FR\" \/>\n<meta property=\"og:type\" content=\"article\" \/>\n<meta property=\"og:title\" content=\"Nous contacter - TuCuatro (FR)\" \/>\n<meta property=\"og:description\" content=\"Contact TuCuatro if you have any question on regarding our instruments.\" \/>\n<meta property=\"og:url\" content=\"https:\/\/tucuatro.com\/fr\/about-us\/\" \/>\n<meta property=\"og:site_name\" content=\"TuCuatro (FR)\" \/>\n<meta property=\"article:publisher\" content=\"https:\/\/www.facebook.com\/TuCuatroEN\/\" \/>\n<meta property=\"article:modified_time\" content=\"2020-08-11T14:43:23+00:00\" \/>\n<meta property=\"og:image\" content=\"https:\/\/tucuatro.com\/fr\/wp-content\/uploads\/sites\/7\/2020\/02\/tucuatro-featured-image.jpg\" \/>\n\t<meta property=\"og:image:width\" content=\"1200\" \/>\n\t<meta property=\"og:image:height\" content=\"628\" \/>\n\t<meta property=\"og:image:type\" content=\"image\/jpeg\" \/>\n<meta name=\"twitter:card\" content=\"summary_large_image\" \/>\n<meta name=\"twitter:site\" content=\"@TuCuatroEN\" \/>\n<meta name=\"twitter:label1\" content=\"Dur\u00e9e de lecture estim\u00e9e\" \/>\n\t<meta name=\"twitter:data1\" content=\"2 minutes\" \/>\n<script type=\"application\/ld+json\" class=\"yoast-schema-graph\">{\"@context\":\"https:\/\/schema.org\",\"@graph\":[{\"@type\":\"WebPage\",\"@id\":\"https:\/\/tucuatro.com\/fr\/about-us\/\",\"url\":\"https:\/\/tucuatro.com\/fr\/about-us\/\",\"name\":\"Nous contacter - TuCuatro (FR)\",\"isPartOf\":{\"@id\":\"https:\/\/tucuatro.com\/fr\/#website\"},\"datePublished\":\"2013-07-28T18:35:35+00:00\",\"dateModified\":\"2020-08-11T14:43:23+00:00\",\"description\":\"Contact TuCuatro if you have any question on regarding our instruments.\",\"breadcrumb\":{\"@id\":\"https:\/\/tucuatro.com\/fr\/about-us\/#breadcrumb\"},\"inLanguage\":\"fr-FR\",\"potentialAction\":[{\"@type\":\"ReadAction\",\"target\":[\"https:\/\/tucuatro.com\/fr\/about-us\/\"]}]},{\"@type\":\"BreadcrumbList\",\"@id\":\"https:\/\/tucuatro.com\/fr\/about-us\/#breadcrumb\",\"itemListElement\":[{\"@type\":\"ListItem\",\"position\":1,\"name\":\"Accueil\",\"item\":\"https:\/\/tucuatro.com\/fr\/\"},{\"@type\":\"ListItem\",\"position\":2,\"name\":\"Nous contacter\"}]},{\"@type\":\"WebSite\",\"@id\":\"https:\/\/tucuatro.com\/fr\/#website\",\"url\":\"https:\/\/tucuatro.com\/fr\/\",\"name\":\"TuCuatro (FR)\",\"description\":\"Learn to play the cuatro. A venezuelan instrument similar to Ukulele\",\"publisher\":{\"@id\":\"https:\/\/tucuatro.com\/fr\/#organization\"},\"potentialAction\":[{\"@type\":\"SearchAction\",\"target\":{\"@type\":\"EntryPoint\",\"urlTemplate\":\"https:\/\/tucuatro.com\/fr\/?s={search_term_string}\"},\"query-input\":{\"@type\":\"PropertyValueSpecification\",\"valueRequired\":true,\"valueName\":\"search_term_string\"}}],\"inLanguage\":\"fr-FR\"},{\"@type\":\"Organization\",\"@id\":\"https:\/\/tucuatro.com\/fr\/#organization\",\"name\":\"TuCuatro\",\"url\":\"https:\/\/tucuatro.com\/fr\/\",\"logo\":{\"@type\":\"ImageObject\",\"inLanguage\":\"fr-FR\",\"@id\":\"https:\/\/tucuatro.com\/fr\/#\/schema\/logo\/image\/\",\"url\":\"https:\/\/tucuatro.com\/fr\/wp-content\/uploads\/sites\/7\/2020\/02\/fretboard_icon_black-64px.png\",\"contentUrl\":\"https:\/\/tucuatro.com\/fr\/wp-content\/uploads\/sites\/7\/2020\/02\/fretboard_icon_black-64px.png\",\"width\":64,\"height\":107,\"caption\":\"TuCuatro\"},\"image\":{\"@id\":\"https:\/\/tucuatro.com\/fr\/#\/schema\/logo\/image\/\"},\"sameAs\":[\"https:\/\/www.facebook.com\/TuCuatroEN\/\",\"https:\/\/x.com\/TuCuatroEN\"]}]}<\/script>\n<!-- \/ Yoast SEO plugin. -->","yoast_head_json":{"title":"Nous contacter - TuCuatro (FR)","description":"Contact TuCuatro if you have any question on regarding our instruments.","robots":{"index":"index","follow":"follow","max-snippet":"max-snippet:-1","max-image-preview":"max-image-preview:large","max-video-preview":"max-video-preview:-1"},"canonical":"https:\/\/tucuatro.com\/fr\/about-us\/","og_locale":"fr_FR","og_type":"article","og_title":"Nous contacter - TuCuatro (FR)","og_description":"Contact TuCuatro if you have any question on regarding our instruments.","og_url":"https:\/\/tucuatro.com\/fr\/about-us\/","og_site_name":"TuCuatro (FR)","article_publisher":"https:\/\/www.facebook.com\/TuCuatroEN\/","article_modified_time":"2020-08-11T14:43:23+00:00","og_image":[{"width":1200,"height":628,"url":"https:\/\/tucuatro.com\/fr\/wp-content\/uploads\/sites\/7\/2020\/02\/tucuatro-featured-image.jpg","type":"image\/jpeg"}],"twitter_card":"summary_large_image","twitter_site":"@TuCuatroEN","twitter_misc":{"Dur\u00e9e de lecture estim\u00e9e":"2 minutes"},"schema":{"@context":"https:\/\/schema.org","@graph":[{"@type":"WebPage","@id":"https:\/\/tucuatro.com\/fr\/about-us\/","url":"https:\/\/tucuatro.com\/fr\/about-us\/","name":"Nous contacter - TuCuatro (FR)","isPartOf":{"@id":"https:\/\/tucuatro.com\/fr\/#website"},"datePublished":"2013-07-28T18:35:35+00:00","dateModified":"2020-08-11T14:43:23+00:00","description":"Contact TuCuatro if you have any question on regarding our instruments.","breadcrumb":{"@id":"https:\/\/tucuatro.com\/fr\/about-us\/#breadcrumb"},"inLanguage":"fr-FR","potentialAction":[{"@type":"ReadAction","target":["https:\/\/tucuatro.com\/fr\/about-us\/"]}]},{"@type":"BreadcrumbList","@id":"https:\/\/tucuatro.com\/fr\/about-us\/#breadcrumb","itemListElement":[{"@type":"ListItem","position":1,"name":"Accueil","item":"https:\/\/tucuatro.com\/fr\/"},{"@type":"ListItem","position":2,"name":"Nous contacter"}]},{"@type":"WebSite","@id":"https:\/\/tucuatro.com\/fr\/#website","url":"https:\/\/tucuatro.com\/fr\/","name":"TuCuatro (FR)","description":"Learn to play the cuatro. A venezuelan instrument similar to Ukulele","publisher":{"@id":"https:\/\/tucuatro.com\/fr\/#organization"},"potentialAction":[{"@type":"SearchAction","target":{"@type":"EntryPoint","urlTemplate":"https:\/\/tucuatro.com\/fr\/?s={search_term_string}"},"query-input":{"@type":"PropertyValueSpecification","valueRequired":true,"valueName":"search_term_string"}}],"inLanguage":"fr-FR"},{"@type":"Organization","@id":"https:\/\/tucuatro.com\/fr\/#organization","name":"TuCuatro","url":"https:\/\/tucuatro.com\/fr\/","logo":{"@type":"ImageObject","inLanguage":"fr-FR","@id":"https:\/\/tucuatro.com\/fr\/#\/schema\/logo\/image\/","url":"https:\/\/tucuatro.com\/fr\/wp-content\/uploads\/sites\/7\/2020\/02\/fretboard_icon_black-64px.png","contentUrl":"https:\/\/tucuatro.com\/fr\/wp-content\/uploads\/sites\/7\/2020\/02\/fretboard_icon_black-64px.png","width":64,"height":107,"caption":"TuCuatro"},"image":{"@id":"https:\/\/tucuatro.com\/fr\/#\/schema\/logo\/image\/"},"sameAs":["https:\/\/www.facebook.com\/TuCuatroEN\/","https:\/\/x.com\/TuCuatroEN"]}]}},"_links":{"self":[{"href":"https:\/\/tucuatro.com\/fr\/wp-json\/wp\/v2\/pages\/25446","targetHints":{"allow":["GET"]}}],"collection":[{"href":"https:\/\/tucuatro.com\/fr\/wp-json\/wp\/v2\/pages"}],"about":[{"href":"https:\/\/tucuatro.com\/fr\/wp-json\/wp\/v2\/types\/page"}],"author":[{"embeddable":true,"href":"https:\/\/tucuatro.com\/fr\/wp-json\/wp\/v2\/users\/1"}],"replies":[{"embeddable":true,"href":"https:\/\/tucuatro.com\/fr\/wp-json\/wp\/v2\/comments?post=25446"}],"version-history":[{"count":0,"href":"https:\/\/tucuatro.com\/fr\/wp-json\/wp\/v2\/pages\/25446\/revisions"}],"wp:attachment":[{"href":"https:\/\/tucuatro.com\/fr\/wp-json\/wp\/v2\/media?parent=25446"}],"curies":[{"name":"wp","href":"https:\/\/api.w.org\/{rel}","templated":true}]}}