{"id":7126,"date":"2016-09-11T10:02:39","date_gmt":"2016-09-11T14:32:39","guid":{"rendered":"https:\/\/tucuatro.com\/?page_id=7126"},"modified":"2020-08-15T23:36:08","modified_gmt":"2020-08-16T03:36:08","slug":"teachers","status":"publish","type":"page","link":"https:\/\/tucuatro.com\/fr\/teachers\/","title":{"rendered":"Enseignants TuCuatro"},"content":{"rendered":"\n<p>TuCuatro a eu le privil\u00e8ge de travailler avec les artistes et \u00e9ducateurs suivants, qui ont cr\u00e9\u00e9 plus de 1 000 le\u00e7ons vid\u00e9o. Les le\u00e7ons cr\u00e9\u00e9es par ces musiciens font partie de quand nous consid\u00e9rons nos cours et cours en ligne. La plupart d&rsquo;entre eux sont faits pour le Cuatro v\u00e9n\u00e9zu\u00e9lien, mais certains pour des instruments comme le ukul\u00e9l\u00e9, la guitare et le bandola.<\/p>\n\n\n\n<p>Chaque professeur et musicien a collabor\u00e9 ou cr\u00e9\u00e9 des cours avec les plus hauts standards d&rsquo;\u00e9ducation musicale.<\/p>\n\n\n\n<h3 class=\"wp-block-heading\"><a href=\"https:\/\/tucuatro.com\/es\/musicos\/abraham-sarache\/\">Abraham Sarache<\/a><\/h3>\n\n\n\n<p><em>Amsterdam, Netherlands<\/em><\/p>\n\n\n\n<h3 class=\"wp-block-heading\"><a href=\"https:\/\/tucuatro.com\/es\/musicos\/adrian-toro\/\">Adrian Toro<\/a><\/h3>\n\n\n\n<p><em>Ottawa, Canada<\/em><\/p>\n\n\n\n<h3 class=\"wp-block-heading\"><a href=\"https:\/\/tucuatro.com\/es\/musicos\/yasuji-dgucci\/\">Yasuji D&rsquo;Gucci<\/a><\/h3>\n\n\n\n<p><em>Tokio, Japan<\/em><\/p>\n\n\n\n<h3 class=\"wp-block-heading\"><a href=\"https:\/\/tucuatro.com\/es\/musicos\/darwin-medina\/\">Darwin Medina<\/a><\/h3>\n\n\n\n<p><em>Pau, France<\/em><\/p>\n\n\n\n<h3 class=\"wp-block-heading\"><a href=\"https:\/\/tucuatro.com\/es\/musicos\/maurizio-fiore\/\">Maurizio Fiore<\/a><\/h3>\n\n\n\n<p><em>Alpharetta, United States<\/em><\/p>\n\n\n\n<h3 class=\"wp-block-heading\"><a href=\"https:\/\/tucuatro.com\/es\/musicos\/raul-landaeta\/\">Raul Landaeta<\/a><\/h3>\n\n\n\n<p><em>Trinidad &amp; Tobago<\/em><\/p>\n\n\n\n<p>Nous vous invitons \u00e0 en savoir plus sur nos collaborateurs et \u00e0 consulter leurs cours. si vous souhaitez devenir professeur TuCuatro, veuillez nous en informer.<\/p>\n\n\n\n<p>Si vous recherchez des cours de Cuatro v\u00e9n\u00e9zu\u00e9lien ou toute autre instruction d&rsquo;instruments de musique, vous pouvez contacter l&rsquo;un de ces professeurs et musiciens ou voir les cours qu&rsquo;ils ont publi\u00e9s sur notre site Web.<\/p>\n\n\n\n<p>Aussi, si vous connaissez un musicien qui pourrait contribuer en cr\u00e9ant ses propres cours sur des techniques sp\u00e9cifiques pour ses instruments de musique, n\u2019h\u00e9sitez pas \u00e0 nous contacter.<\/p>\n","protected":false},"excerpt":{"rendered":"<p>Professional musicians and teachers collaborate to our TuCuatro&rsquo;s courses<\/p>\n","protected":false},"author":1,"featured_media":0,"parent":0,"menu_order":0,"comment_status":"closed","ping_status":"closed","template":"","meta":{"content-type":"","footnotes":""},"class_list":["post-7126","page","type-page","status-publish","hentry"],"yoast_head":"<!-- This site is optimized with the Yoast SEO plugin v27.2 - https:\/\/yoast.com\/product\/yoast-seo-wordpress\/ -->\n<title>Enseignants TuCuatro - TuCuatro (FR)<\/title>\n<meta name=\"description\" content=\"TuCuatro a eu le privil\u00e8ge de travailler avec les artistes et \u00e9ducateurs suivants, qui ont cr\u00e9\u00e9 plus de 1 000 le\u00e7ons vid\u00e9o. Les le\u00e7ons cr\u00e9\u00e9es\" \/>\n<meta name=\"robots\" content=\"index, follow, max-snippet:-1, max-image-preview:large, max-video-preview:-1\" \/>\n<link rel=\"canonical\" href=\"https:\/\/tucuatro.com\/fr\/teachers\/\" \/>\n<meta property=\"og:locale\" content=\"fr_FR\" \/>\n<meta property=\"og:type\" content=\"article\" \/>\n<meta property=\"og:title\" content=\"Enseignants TuCuatro - TuCuatro (FR)\" \/>\n<meta property=\"og:description\" content=\"TuCuatro a eu le privil\u00e8ge de travailler avec les artistes et \u00e9ducateurs suivants, qui ont cr\u00e9\u00e9 plus de 1 000 le\u00e7ons vid\u00e9o. Les le\u00e7ons cr\u00e9\u00e9es\" \/>\n<meta property=\"og:url\" content=\"https:\/\/tucuatro.com\/fr\/teachers\/\" \/>\n<meta property=\"og:site_name\" content=\"TuCuatro (FR)\" \/>\n<meta property=\"article:publisher\" content=\"https:\/\/www.facebook.com\/TuCuatroEN\/\" \/>\n<meta property=\"article:modified_time\" content=\"2020-08-16T03:36:08+00:00\" \/>\n<meta property=\"og:image\" content=\"https:\/\/tucuatro.com\/fr\/wp-content\/uploads\/sites\/7\/2020\/02\/tucuatro-featured-image.jpg\" \/>\n\t<meta property=\"og:image:width\" content=\"1200\" \/>\n\t<meta property=\"og:image:height\" content=\"628\" \/>\n\t<meta property=\"og:image:type\" content=\"image\/jpeg\" \/>\n<meta name=\"twitter:card\" content=\"summary_large_image\" \/>\n<meta name=\"twitter:site\" content=\"@TuCuatroEN\" \/>\n<meta name=\"twitter:label1\" content=\"Dur\u00e9e de lecture estim\u00e9e\" \/>\n\t<meta name=\"twitter:data1\" content=\"1 minute\" \/>\n<script type=\"application\/ld+json\" class=\"yoast-schema-graph\">{\"@context\":\"https:\/\/schema.org\",\"@graph\":[{\"@type\":\"WebPage\",\"@id\":\"https:\/\/tucuatro.com\/fr\/teachers\/\",\"url\":\"https:\/\/tucuatro.com\/fr\/teachers\/\",\"name\":\"Enseignants TuCuatro - TuCuatro (FR)\",\"isPartOf\":{\"@id\":\"https:\/\/tucuatro.com\/fr\/#website\"},\"datePublished\":\"2016-09-11T14:32:39+00:00\",\"dateModified\":\"2020-08-16T03:36:08+00:00\",\"description\":\"TuCuatro a eu le privil\u00e8ge de travailler avec les artistes et \u00e9ducateurs suivants, qui ont cr\u00e9\u00e9 plus de 1 000 le\u00e7ons vid\u00e9o. Les le\u00e7ons cr\u00e9\u00e9es\",\"breadcrumb\":{\"@id\":\"https:\/\/tucuatro.com\/fr\/teachers\/#breadcrumb\"},\"inLanguage\":\"fr-FR\",\"potentialAction\":[{\"@type\":\"ReadAction\",\"target\":[\"https:\/\/tucuatro.com\/fr\/teachers\/\"]}]},{\"@type\":\"BreadcrumbList\",\"@id\":\"https:\/\/tucuatro.com\/fr\/teachers\/#breadcrumb\",\"itemListElement\":[{\"@type\":\"ListItem\",\"position\":1,\"name\":\"Accueil\",\"item\":\"https:\/\/tucuatro.com\/fr\/\"},{\"@type\":\"ListItem\",\"position\":2,\"name\":\"Enseignants TuCuatro\"}]},{\"@type\":\"WebSite\",\"@id\":\"https:\/\/tucuatro.com\/fr\/#website\",\"url\":\"https:\/\/tucuatro.com\/fr\/\",\"name\":\"TuCuatro (FR)\",\"description\":\"Learn to play the cuatro. A venezuelan instrument similar to Ukulele\",\"publisher\":{\"@id\":\"https:\/\/tucuatro.com\/fr\/#organization\"},\"potentialAction\":[{\"@type\":\"SearchAction\",\"target\":{\"@type\":\"EntryPoint\",\"urlTemplate\":\"https:\/\/tucuatro.com\/fr\/?s={search_term_string}\"},\"query-input\":{\"@type\":\"PropertyValueSpecification\",\"valueRequired\":true,\"valueName\":\"search_term_string\"}}],\"inLanguage\":\"fr-FR\"},{\"@type\":\"Organization\",\"@id\":\"https:\/\/tucuatro.com\/fr\/#organization\",\"name\":\"TuCuatro\",\"url\":\"https:\/\/tucuatro.com\/fr\/\",\"logo\":{\"@type\":\"ImageObject\",\"inLanguage\":\"fr-FR\",\"@id\":\"https:\/\/tucuatro.com\/fr\/#\/schema\/logo\/image\/\",\"url\":\"https:\/\/tucuatro.com\/fr\/wp-content\/uploads\/sites\/7\/2020\/02\/fretboard_icon_black-64px.png\",\"contentUrl\":\"https:\/\/tucuatro.com\/fr\/wp-content\/uploads\/sites\/7\/2020\/02\/fretboard_icon_black-64px.png\",\"width\":64,\"height\":107,\"caption\":\"TuCuatro\"},\"image\":{\"@id\":\"https:\/\/tucuatro.com\/fr\/#\/schema\/logo\/image\/\"},\"sameAs\":[\"https:\/\/www.facebook.com\/TuCuatroEN\/\",\"https:\/\/x.com\/TuCuatroEN\"]}]}<\/script>\n<!-- \/ Yoast SEO plugin. -->","yoast_head_json":{"title":"Enseignants TuCuatro - TuCuatro (FR)","description":"TuCuatro a eu le privil\u00e8ge de travailler avec les artistes et \u00e9ducateurs suivants, qui ont cr\u00e9\u00e9 plus de 1 000 le\u00e7ons vid\u00e9o. Les le\u00e7ons cr\u00e9\u00e9es","robots":{"index":"index","follow":"follow","max-snippet":"max-snippet:-1","max-image-preview":"max-image-preview:large","max-video-preview":"max-video-preview:-1"},"canonical":"https:\/\/tucuatro.com\/fr\/teachers\/","og_locale":"fr_FR","og_type":"article","og_title":"Enseignants TuCuatro - TuCuatro (FR)","og_description":"TuCuatro a eu le privil\u00e8ge de travailler avec les artistes et \u00e9ducateurs suivants, qui ont cr\u00e9\u00e9 plus de 1 000 le\u00e7ons vid\u00e9o. Les le\u00e7ons cr\u00e9\u00e9es","og_url":"https:\/\/tucuatro.com\/fr\/teachers\/","og_site_name":"TuCuatro (FR)","article_publisher":"https:\/\/www.facebook.com\/TuCuatroEN\/","article_modified_time":"2020-08-16T03:36:08+00:00","og_image":[{"width":1200,"height":628,"url":"https:\/\/tucuatro.com\/fr\/wp-content\/uploads\/sites\/7\/2020\/02\/tucuatro-featured-image.jpg","type":"image\/jpeg"}],"twitter_card":"summary_large_image","twitter_site":"@TuCuatroEN","twitter_misc":{"Dur\u00e9e de lecture estim\u00e9e":"1 minute"},"schema":{"@context":"https:\/\/schema.org","@graph":[{"@type":"WebPage","@id":"https:\/\/tucuatro.com\/fr\/teachers\/","url":"https:\/\/tucuatro.com\/fr\/teachers\/","name":"Enseignants TuCuatro - TuCuatro (FR)","isPartOf":{"@id":"https:\/\/tucuatro.com\/fr\/#website"},"datePublished":"2016-09-11T14:32:39+00:00","dateModified":"2020-08-16T03:36:08+00:00","description":"TuCuatro a eu le privil\u00e8ge de travailler avec les artistes et \u00e9ducateurs suivants, qui ont cr\u00e9\u00e9 plus de 1 000 le\u00e7ons vid\u00e9o. Les le\u00e7ons cr\u00e9\u00e9es","breadcrumb":{"@id":"https:\/\/tucuatro.com\/fr\/teachers\/#breadcrumb"},"inLanguage":"fr-FR","potentialAction":[{"@type":"ReadAction","target":["https:\/\/tucuatro.com\/fr\/teachers\/"]}]},{"@type":"BreadcrumbList","@id":"https:\/\/tucuatro.com\/fr\/teachers\/#breadcrumb","itemListElement":[{"@type":"ListItem","position":1,"name":"Accueil","item":"https:\/\/tucuatro.com\/fr\/"},{"@type":"ListItem","position":2,"name":"Enseignants TuCuatro"}]},{"@type":"WebSite","@id":"https:\/\/tucuatro.com\/fr\/#website","url":"https:\/\/tucuatro.com\/fr\/","name":"TuCuatro (FR)","description":"Learn to play the cuatro. A venezuelan instrument similar to Ukulele","publisher":{"@id":"https:\/\/tucuatro.com\/fr\/#organization"},"potentialAction":[{"@type":"SearchAction","target":{"@type":"EntryPoint","urlTemplate":"https:\/\/tucuatro.com\/fr\/?s={search_term_string}"},"query-input":{"@type":"PropertyValueSpecification","valueRequired":true,"valueName":"search_term_string"}}],"inLanguage":"fr-FR"},{"@type":"Organization","@id":"https:\/\/tucuatro.com\/fr\/#organization","name":"TuCuatro","url":"https:\/\/tucuatro.com\/fr\/","logo":{"@type":"ImageObject","inLanguage":"fr-FR","@id":"https:\/\/tucuatro.com\/fr\/#\/schema\/logo\/image\/","url":"https:\/\/tucuatro.com\/fr\/wp-content\/uploads\/sites\/7\/2020\/02\/fretboard_icon_black-64px.png","contentUrl":"https:\/\/tucuatro.com\/fr\/wp-content\/uploads\/sites\/7\/2020\/02\/fretboard_icon_black-64px.png","width":64,"height":107,"caption":"TuCuatro"},"image":{"@id":"https:\/\/tucuatro.com\/fr\/#\/schema\/logo\/image\/"},"sameAs":["https:\/\/www.facebook.com\/TuCuatroEN\/","https:\/\/x.com\/TuCuatroEN"]}]}},"_links":{"self":[{"href":"https:\/\/tucuatro.com\/fr\/wp-json\/wp\/v2\/pages\/7126","targetHints":{"allow":["GET"]}}],"collection":[{"href":"https:\/\/tucuatro.com\/fr\/wp-json\/wp\/v2\/pages"}],"about":[{"href":"https:\/\/tucuatro.com\/fr\/wp-json\/wp\/v2\/types\/page"}],"author":[{"embeddable":true,"href":"https:\/\/tucuatro.com\/fr\/wp-json\/wp\/v2\/users\/1"}],"replies":[{"embeddable":true,"href":"https:\/\/tucuatro.com\/fr\/wp-json\/wp\/v2\/comments?post=7126"}],"version-history":[{"count":0,"href":"https:\/\/tucuatro.com\/fr\/wp-json\/wp\/v2\/pages\/7126\/revisions"}],"wp:attachment":[{"href":"https:\/\/tucuatro.com\/fr\/wp-json\/wp\/v2\/media?parent=7126"}],"curies":[{"name":"wp","href":"https:\/\/api.w.org\/{rel}","templated":true}]}}