{"id":8618,"date":"2017-09-18T10:05:07","date_gmt":"2017-09-18T14:05:07","guid":{"rendered":"https:\/\/tucuatro.com\/?page_id=8618"},"modified":"2020-08-11T21:48:42","modified_gmt":"2020-08-12T01:48:42","slug":"scales","status":"publish","type":"page","link":"https:\/\/tucuatro.com\/fr\/scales\/","title":{"rendered":"Scales pour ukul\u00e9l\u00e9 et autres instruments"},"content":{"rendered":"\n<p>Apprenez les gammes majeures et mineures pour une vari\u00e9t\u00e9 d&rsquo;instruments exotiques.Il vous suffit de s\u00e9lectionner l&rsquo;instrument de votre choix, par exemple les gammes pour ukul\u00e9l\u00e9, qui vous aideront \u00e0 jouer des m\u00e9lodies et \u00e0 improviser avec votre ukul\u00e9l\u00e9.<\/p>\n\n\n\n<p>s\u00e9lectionnez simplement votre instrument dans la liste suivante et vous aurez acc\u00e8s \u00e0 toutes les gammes majeures et mineures pour chacune d&rsquo;elles:<\/p>\n\n\n\n<p><a href=\"\/scales\/cuatro\">Cuatro<\/a><\/p>\n\n\n\n<p><a href=\"\/scales\/ukulele\">Ukulele<\/a><\/p>\n\n\n\n<p>Le tableau des \u00e9chelles utilise le m\u00eame r\u00e9glage que vous utiliseriez normalement pour votre ukul\u00e9l\u00e9 ou votre Cuatro.<\/p>\n\n\n\n<p>Si vous avez besoin de plus d&rsquo;aide sur la fa\u00e7on de jouer des gammes sur votre instrument, vous \u00eates invit\u00e9s \u00e0 visiter notre section de cours et \u00e0 s\u00e9lectionner toute personne poss\u00e9dant des informations sur les gammes qui vous aideront \u00e0 en savoir plus sur le solf\u00e8ge.<\/p>\n\n\n\n<p>Comme toujours, nous vous recommandons fortement de v\u00e9rifier l&rsquo;accordage de votre instrument, alors assurez-vous de vous rendre sur la page d&rsquo;accordage du ukul\u00e9l\u00e9 ou sur l&rsquo;une des pages d&rsquo;accordage de l&rsquo;autre instrument afin de pouvoir v\u00e9rifier et \u00eatre s\u00fbr que votre instrument de musique est correctement accord\u00e9.<\/p>\n","protected":false},"excerpt":{"rendered":"<p>Apprenez les gammes majeures et mineures pour une vari\u00e9t\u00e9 d&rsquo;instruments exotiques.Il vous suffit de s\u00e9lectionner l&rsquo;instrument de votre choix, par exemple les gammes pour ukul\u00e9l\u00e9, qui vous aideront \u00e0 jouer des m\u00e9lodies et \u00e0 improviser avec votre ukul\u00e9l\u00e9. s\u00e9lectionnez simplement votre instrument dans la liste suivante et vous aurez acc\u00e8s \u00e0 toutes les gammes majeures [&hellip;]<\/p>\n","protected":false},"author":1,"featured_media":0,"parent":0,"menu_order":0,"comment_status":"closed","ping_status":"closed","template":"","meta":{"content-type":"","footnotes":""},"class_list":["post-8618","page","type-page","status-publish","hentry"],"yoast_head":"<!-- This site is optimized with the Yoast SEO plugin v27.2 - https:\/\/yoast.com\/product\/yoast-seo-wordpress\/ -->\n<title>Scales pour ukul\u00e9l\u00e9 et autres instruments - TuCuatro (FR)<\/title>\n<meta name=\"description\" content=\"s\u00e9lectionnez simplement votre instrument dans la liste suivante et vous aurez acc\u00e8s \u00e0 toutes les gammes majeures et mineures\" \/>\n<meta name=\"robots\" content=\"index, follow, max-snippet:-1, max-image-preview:large, max-video-preview:-1\" \/>\n<link rel=\"canonical\" href=\"https:\/\/tucuatro.com\/fr\/scales\/\" \/>\n<meta property=\"og:locale\" content=\"fr_FR\" \/>\n<meta property=\"og:type\" content=\"article\" \/>\n<meta property=\"og:title\" content=\"Scales pour ukul\u00e9l\u00e9 et autres instruments - TuCuatro (FR)\" \/>\n<meta property=\"og:description\" content=\"s\u00e9lectionnez simplement votre instrument dans la liste suivante et vous aurez acc\u00e8s \u00e0 toutes les gammes majeures et mineures\" \/>\n<meta property=\"og:url\" content=\"https:\/\/tucuatro.com\/fr\/scales\/\" \/>\n<meta property=\"og:site_name\" content=\"TuCuatro (FR)\" \/>\n<meta property=\"article:publisher\" content=\"https:\/\/www.facebook.com\/TuCuatroEN\/\" \/>\n<meta property=\"article:modified_time\" content=\"2020-08-12T01:48:42+00:00\" \/>\n<meta property=\"og:image\" content=\"https:\/\/tucuatro.com\/fr\/wp-content\/uploads\/sites\/7\/2020\/02\/tucuatro-featured-image.jpg\" \/>\n\t<meta property=\"og:image:width\" content=\"1200\" \/>\n\t<meta property=\"og:image:height\" content=\"628\" \/>\n\t<meta property=\"og:image:type\" content=\"image\/jpeg\" \/>\n<meta name=\"twitter:card\" content=\"summary_large_image\" \/>\n<meta name=\"twitter:site\" content=\"@TuCuatroEN\" \/>\n<meta name=\"twitter:label1\" content=\"Dur\u00e9e de lecture estim\u00e9e\" \/>\n\t<meta name=\"twitter:data1\" content=\"1 minute\" \/>\n<script type=\"application\/ld+json\" class=\"yoast-schema-graph\">{\"@context\":\"https:\/\/schema.org\",\"@graph\":[{\"@type\":\"WebPage\",\"@id\":\"https:\/\/tucuatro.com\/fr\/scales\/\",\"url\":\"https:\/\/tucuatro.com\/fr\/scales\/\",\"name\":\"Scales pour ukul\u00e9l\u00e9 et autres instruments - TuCuatro (FR)\",\"isPartOf\":{\"@id\":\"https:\/\/tucuatro.com\/fr\/#website\"},\"datePublished\":\"2017-09-18T14:05:07+00:00\",\"dateModified\":\"2020-08-12T01:48:42+00:00\",\"description\":\"s\u00e9lectionnez simplement votre instrument dans la liste suivante et vous aurez acc\u00e8s \u00e0 toutes les gammes majeures et mineures\",\"breadcrumb\":{\"@id\":\"https:\/\/tucuatro.com\/fr\/scales\/#breadcrumb\"},\"inLanguage\":\"fr-FR\",\"potentialAction\":[{\"@type\":\"ReadAction\",\"target\":[\"https:\/\/tucuatro.com\/fr\/scales\/\"]}]},{\"@type\":\"BreadcrumbList\",\"@id\":\"https:\/\/tucuatro.com\/fr\/scales\/#breadcrumb\",\"itemListElement\":[{\"@type\":\"ListItem\",\"position\":1,\"name\":\"Accueil\",\"item\":\"https:\/\/tucuatro.com\/fr\/\"},{\"@type\":\"ListItem\",\"position\":2,\"name\":\"Scales pour ukul\u00e9l\u00e9 et autres instruments\"}]},{\"@type\":\"WebSite\",\"@id\":\"https:\/\/tucuatro.com\/fr\/#website\",\"url\":\"https:\/\/tucuatro.com\/fr\/\",\"name\":\"TuCuatro (FR)\",\"description\":\"Learn to play the cuatro. A venezuelan instrument similar to Ukulele\",\"publisher\":{\"@id\":\"https:\/\/tucuatro.com\/fr\/#organization\"},\"potentialAction\":[{\"@type\":\"SearchAction\",\"target\":{\"@type\":\"EntryPoint\",\"urlTemplate\":\"https:\/\/tucuatro.com\/fr\/?s={search_term_string}\"},\"query-input\":{\"@type\":\"PropertyValueSpecification\",\"valueRequired\":true,\"valueName\":\"search_term_string\"}}],\"inLanguage\":\"fr-FR\"},{\"@type\":\"Organization\",\"@id\":\"https:\/\/tucuatro.com\/fr\/#organization\",\"name\":\"TuCuatro\",\"url\":\"https:\/\/tucuatro.com\/fr\/\",\"logo\":{\"@type\":\"ImageObject\",\"inLanguage\":\"fr-FR\",\"@id\":\"https:\/\/tucuatro.com\/fr\/#\/schema\/logo\/image\/\",\"url\":\"https:\/\/tucuatro.com\/fr\/wp-content\/uploads\/sites\/7\/2020\/02\/fretboard_icon_black-64px.png\",\"contentUrl\":\"https:\/\/tucuatro.com\/fr\/wp-content\/uploads\/sites\/7\/2020\/02\/fretboard_icon_black-64px.png\",\"width\":64,\"height\":107,\"caption\":\"TuCuatro\"},\"image\":{\"@id\":\"https:\/\/tucuatro.com\/fr\/#\/schema\/logo\/image\/\"},\"sameAs\":[\"https:\/\/www.facebook.com\/TuCuatroEN\/\",\"https:\/\/x.com\/TuCuatroEN\"]}]}<\/script>\n<!-- \/ Yoast SEO plugin. -->","yoast_head_json":{"title":"Scales pour ukul\u00e9l\u00e9 et autres instruments - TuCuatro (FR)","description":"s\u00e9lectionnez simplement votre instrument dans la liste suivante et vous aurez acc\u00e8s \u00e0 toutes les gammes majeures et mineures","robots":{"index":"index","follow":"follow","max-snippet":"max-snippet:-1","max-image-preview":"max-image-preview:large","max-video-preview":"max-video-preview:-1"},"canonical":"https:\/\/tucuatro.com\/fr\/scales\/","og_locale":"fr_FR","og_type":"article","og_title":"Scales pour ukul\u00e9l\u00e9 et autres instruments - TuCuatro (FR)","og_description":"s\u00e9lectionnez simplement votre instrument dans la liste suivante et vous aurez acc\u00e8s \u00e0 toutes les gammes majeures et mineures","og_url":"https:\/\/tucuatro.com\/fr\/scales\/","og_site_name":"TuCuatro (FR)","article_publisher":"https:\/\/www.facebook.com\/TuCuatroEN\/","article_modified_time":"2020-08-12T01:48:42+00:00","og_image":[{"width":1200,"height":628,"url":"https:\/\/tucuatro.com\/fr\/wp-content\/uploads\/sites\/7\/2020\/02\/tucuatro-featured-image.jpg","type":"image\/jpeg"}],"twitter_card":"summary_large_image","twitter_site":"@TuCuatroEN","twitter_misc":{"Dur\u00e9e de lecture estim\u00e9e":"1 minute"},"schema":{"@context":"https:\/\/schema.org","@graph":[{"@type":"WebPage","@id":"https:\/\/tucuatro.com\/fr\/scales\/","url":"https:\/\/tucuatro.com\/fr\/scales\/","name":"Scales pour ukul\u00e9l\u00e9 et autres instruments - TuCuatro (FR)","isPartOf":{"@id":"https:\/\/tucuatro.com\/fr\/#website"},"datePublished":"2017-09-18T14:05:07+00:00","dateModified":"2020-08-12T01:48:42+00:00","description":"s\u00e9lectionnez simplement votre instrument dans la liste suivante et vous aurez acc\u00e8s \u00e0 toutes les gammes majeures et mineures","breadcrumb":{"@id":"https:\/\/tucuatro.com\/fr\/scales\/#breadcrumb"},"inLanguage":"fr-FR","potentialAction":[{"@type":"ReadAction","target":["https:\/\/tucuatro.com\/fr\/scales\/"]}]},{"@type":"BreadcrumbList","@id":"https:\/\/tucuatro.com\/fr\/scales\/#breadcrumb","itemListElement":[{"@type":"ListItem","position":1,"name":"Accueil","item":"https:\/\/tucuatro.com\/fr\/"},{"@type":"ListItem","position":2,"name":"Scales pour ukul\u00e9l\u00e9 et autres instruments"}]},{"@type":"WebSite","@id":"https:\/\/tucuatro.com\/fr\/#website","url":"https:\/\/tucuatro.com\/fr\/","name":"TuCuatro (FR)","description":"Learn to play the cuatro. A venezuelan instrument similar to Ukulele","publisher":{"@id":"https:\/\/tucuatro.com\/fr\/#organization"},"potentialAction":[{"@type":"SearchAction","target":{"@type":"EntryPoint","urlTemplate":"https:\/\/tucuatro.com\/fr\/?s={search_term_string}"},"query-input":{"@type":"PropertyValueSpecification","valueRequired":true,"valueName":"search_term_string"}}],"inLanguage":"fr-FR"},{"@type":"Organization","@id":"https:\/\/tucuatro.com\/fr\/#organization","name":"TuCuatro","url":"https:\/\/tucuatro.com\/fr\/","logo":{"@type":"ImageObject","inLanguage":"fr-FR","@id":"https:\/\/tucuatro.com\/fr\/#\/schema\/logo\/image\/","url":"https:\/\/tucuatro.com\/fr\/wp-content\/uploads\/sites\/7\/2020\/02\/fretboard_icon_black-64px.png","contentUrl":"https:\/\/tucuatro.com\/fr\/wp-content\/uploads\/sites\/7\/2020\/02\/fretboard_icon_black-64px.png","width":64,"height":107,"caption":"TuCuatro"},"image":{"@id":"https:\/\/tucuatro.com\/fr\/#\/schema\/logo\/image\/"},"sameAs":["https:\/\/www.facebook.com\/TuCuatroEN\/","https:\/\/x.com\/TuCuatroEN"]}]}},"_links":{"self":[{"href":"https:\/\/tucuatro.com\/fr\/wp-json\/wp\/v2\/pages\/8618","targetHints":{"allow":["GET"]}}],"collection":[{"href":"https:\/\/tucuatro.com\/fr\/wp-json\/wp\/v2\/pages"}],"about":[{"href":"https:\/\/tucuatro.com\/fr\/wp-json\/wp\/v2\/types\/page"}],"author":[{"embeddable":true,"href":"https:\/\/tucuatro.com\/fr\/wp-json\/wp\/v2\/users\/1"}],"replies":[{"embeddable":true,"href":"https:\/\/tucuatro.com\/fr\/wp-json\/wp\/v2\/comments?post=8618"}],"version-history":[{"count":0,"href":"https:\/\/tucuatro.com\/fr\/wp-json\/wp\/v2\/pages\/8618\/revisions"}],"wp:attachment":[{"href":"https:\/\/tucuatro.com\/fr\/wp-json\/wp\/v2\/media?parent=8618"}],"curies":[{"name":"wp","href":"https:\/\/api.w.org\/{rel}","templated":true}]}}